{"id":30016,"date":"2020-08-21T12:54:12","date_gmt":"2020-08-21T12:54:12","guid":{"rendered":"http:\/\/tugraztestweb.asol.at\/gesamtverzeichnis\/unkategorisiert\/ueber-den-zusammenhang-von-qualitaet-vergabeart-und-verguetung-das-geschaeftsmodell-fuer-planung-objektueberwachung-und-bau\/"},"modified":"2020-08-21T14:55:12","modified_gmt":"2020-08-21T12:55:12","slug":"ueber-den-zusammenhang-von-qualitaet-vergabeart-und-verguetung-das-geschaeftsmodell-fuer-planung-objektueberwachung-und-bau","status":"publish","type":"product","link":"https:\/\/tugraztestweb.asol.at\/en\/gesamtverzeichnis\/bauingenieurwissenschaften\/ueber-den-zusammenhang-von-qualitaet-vergabeart-und-verguetung-das-geschaeftsmodell-fuer-planung-objektueberwachung-und-bau\/","title":{"rendered":"\u00dcber den Zusammenhang von Qualit\u00e4t, Vergabeart und Verg\u00fctung das Gesch\u00e4ftsmodell f\u00fcr Planung, Objekt\u00fcberwachung und Bau"},"content":{"rendered":"<p class=\"qtranxs-available-languages-message qtranxs-available-languages-message-en\">Sorry, this entry is only available in <a href=\"https:\/\/tugraztestweb.asol.at\/de\/wp-json\/wp\/v2\/product\/30016\" class=\"qtranxs-available-language-link qtranxs-available-language-link-de\" title=\"Deutsch\">Deutsch<\/a>.<\/p><p>Die Studie \u201e\u00dcber den Zusammenhang von Qualit\u00e4t, Vergabeart und Verg\u00fctung\u201c im Rahmen der Forschungsinitiative ZUKUNFT BAU untersucht, inwieweit Vergabeart (Preis- oder Leistungswettbewerb) und Verg\u00fctung (Anwendung HOAI, freie Vereinbarung) Einfluss auf die erzielbare Qualit\u00e4t von Geb\u00e4uden haben.<br \/>\nDie HOAI stellt ein seit 34 Jahren funktionierendes Gesch\u00e4ftsmodell dar, das es Planern wie Bauherren erm\u00f6glicht, gegen-seitiges Vertrauen in ihrer Beziehung aufzubauen. Sie gleicht die doppelte Informationsasymmetrie zwischen den Vertragspartnern aus, indem sie klare Vorgaben zu den Planungsleistungen (Leistungsbilder) macht.<br \/>\nPlanungsleistungen beziehen sich auf die \u201eIdee\u201c eines Projekts. Sie k\u00f6nnen daher bei Vertragsabschluss nie so eindeutig und ersch\u00f6pfend beschrieben werden, dass die Abhaltung eines Preiswettbewerbs sinnvolle Ergebnisse br\u00e4chte.<br \/>\nDie Erkl\u00e4rung des Zusammenspiels Auftraggeber, Planer, Bauaufsicht als Gesch\u00e4ftsmodell zeigt die Vorteile.<\/p>","protected":false},"excerpt":{"rendered":"<p class=\"qtranxs-available-languages-message qtranxs-available-languages-message-en\">Sorry, this entry is only available in <a href=\"https:\/\/tugraztestweb.asol.at\/de\/wp-json\/wp\/v2\/product\/30016\" class=\"qtranxs-available-language-link qtranxs-available-language-link-de\" title=\"Deutsch\">Deutsch<\/a>.<\/p>\n<p>Die Studie \u201e\u00dcber den Zusammenhang von Qualit\u00e4t, Vergabeart und Verg\u00fctung\u201c im Rahmen der Forschungsinitiative ZUKUNFT BAU untersucht, inwieweit Vergabeart (Preis- oder Leistungswettbewerb) und Verg\u00fctung (Anwendung HOAI, freie Vereinbarung) Einfluss auf die erzielbare Qualit\u00e4t von Geb\u00e4uden haben.<br \/>\nDie HOAI stellt ein seit 34 Jahren funktionierendes Gesch\u00e4ftsmodell dar, das es Planern wie Bauherren erm\u00f6glicht, gegen-seitiges Vertrauen in ihrer Beziehung aufzubauen. Sie gleicht die doppelte Informationsasymmetrie zwischen den Vertragspartnern aus, indem sie klare Vorgaben zu den Planungsleistungen (Leistungsbilder) macht.<br \/>\nPlanungsleistungen beziehen sich auf die \u201eIdee\u201c eines Projekts. Sie k\u00f6nnen daher bei Vertragsabschluss nie so eindeutig und ersch\u00f6pfend beschrieben werden, dass die Abhaltung eines Preiswettbewerbs sinnvolle Ergebnisse br\u00e4chte.<br \/>\nDie Erkl\u00e4rung des Zusammenspiels Auftraggeber, Planer, Bauaufsicht als Gesch\u00e4ftsmodell zeigt die Vorteile.<\/p>\n","protected":false},"featured_media":39736,"comment_status":"open","ping_status":"closed","template":"","meta":[],"yoast_head":"<!-- This site is optimized with the Yoast SEO plugin v16.1.1 - https:\/\/yoast.com\/wordpress\/plugins\/seo\/ -->\n<link rel=\"canonical\" href=\"https:\/\/tugraztestweb.asol.at\/en\/gesamtverzeichnis\/bauingenieurwissenschaften\/ueber-den-zusammenhang-von-qualitaet-vergabeart-und-verguetung-das-geschaeftsmodell-fuer-planung-objektueberwachung-und-bau\/\" \/>\n<meta property=\"og:locale\" content=\"en_US\" \/>\n<meta property=\"og:type\" content=\"article\" \/>\n<meta property=\"og:title\" content=\"\u00dcber den Zusammenhang von Qualit\u00e4t, Vergabeart und Verg\u00fctung das Gesch\u00e4ftsmodell f\u00fcr Planung, Objekt\u00fcberwachung und Bau - Verlag der TU Graz\" \/>\n<meta property=\"og:description\" content=\"Die Studie \u201e\u00dcber den Zusammenhang von Qualit\u00e4t, Vergabeart und Verg\u00fctung\u201c im Rahmen der Forschungsinitiative ZUKUNFT BAU untersucht, inwieweit Vergabeart (Preis- oder Leistungswettbewerb) und Verg\u00fctung (Anwendung HOAI, freie Vereinbarung) Einfluss auf die erzielbare Qualit\u00e4t von Geb\u00e4uden haben. Die HOAI stellt ein seit 34 Jahren funktionierendes Gesch\u00e4ftsmodell dar, das es Planern wie Bauherren erm\u00f6glicht, gegen-seitiges Vertrauen in ihrer Beziehung aufzubauen. Sie gleicht die doppelte Informationsasymmetrie zwischen den Vertragspartnern aus, indem sie klare Vorgaben zu den Planungsleistungen (Leistungsbilder) macht. Planungsleistungen beziehen sich auf die \u201eIdee\u201c eines Projekts. Sie k\u00f6nnen daher bei Vertragsabschluss nie so eindeutig und ersch\u00f6pfend beschrieben werden, dass die Abhaltung eines Preiswettbewerbs sinnvolle Ergebnisse br\u00e4chte. Die Erkl\u00e4rung des Zusammenspiels Auftraggeber, Planer, Bauaufsicht als Gesch\u00e4ftsmodell zeigt die Vorteile.\" \/>\n<meta property=\"og:url\" content=\"https:\/\/tugraztestweb.asol.at\/en\/gesamtverzeichnis\/bauingenieurwissenschaften\/ueber-den-zusammenhang-von-qualitaet-vergabeart-und-verguetung-das-geschaeftsmodell-fuer-planung-objektueberwachung-und-bau\/\" \/>\n<meta property=\"og:site_name\" content=\"Verlag der TU Graz\" \/>\n<meta property=\"article:modified_time\" content=\"2020-08-21T12:55:12+00:00\" \/>\n<meta property=\"og:image\" content=\"https:\/\/tugraztestweb.asol.at\/wp-content\/uploads\/2020\/08\/image-978-3-85125-013-8.jpg\" \/>\n\t<meta property=\"og:image:width\" content=\"454\" \/>\n\t<meta property=\"og:image:height\" content=\"643\" \/>\n<meta name=\"twitter:card\" content=\"summary_large_image\" \/>\n<meta name=\"twitter:label1\" content=\"Est. reading time\">\n\t<meta name=\"twitter:data1\" content=\"1 minute\">\n<script type=\"application\/ld+json\" class=\"yoast-schema-graph\">{\"@context\":\"https:\/\/schema.org\",\"@graph\":[{\"@type\":\"WebSite\",\"@id\":\"https:\/\/tugraztestweb.asol.at\/#website\",\"url\":\"https:\/\/tugraztestweb.asol.at\/\",\"name\":\"Verlag der TU Graz\",\"description\":\"Verlag der Technischen Universit\\u00e4t Graz\",\"potentialAction\":[{\"@type\":\"SearchAction\",\"target\":\"https:\/\/tugraztestweb.asol.at\/?s={search_term_string}\",\"query-input\":\"required name=search_term_string\"}],\"inLanguage\":\"en-US\"},{\"@type\":\"ImageObject\",\"@id\":\"https:\/\/tugraztestweb.asol.at\/en\/gesamtverzeichnis\/bauingenieurwissenschaften\/ueber-den-zusammenhang-von-qualitaet-vergabeart-und-verguetung-das-geschaeftsmodell-fuer-planung-objektueberwachung-und-bau\/#primaryimage\",\"inLanguage\":\"en-US\",\"url\":\"https:\/\/tugraztestweb.asol.at\/wp-content\/uploads\/2020\/08\/image-978-3-85125-013-8.jpg\",\"contentUrl\":\"https:\/\/tugraztestweb.asol.at\/wp-content\/uploads\/2020\/08\/image-978-3-85125-013-8.jpg\",\"width\":454,\"height\":643},{\"@type\":\"WebPage\",\"@id\":\"https:\/\/tugraztestweb.asol.at\/en\/gesamtverzeichnis\/bauingenieurwissenschaften\/ueber-den-zusammenhang-von-qualitaet-vergabeart-und-verguetung-das-geschaeftsmodell-fuer-planung-objektueberwachung-und-bau\/#webpage\",\"url\":\"https:\/\/tugraztestweb.asol.at\/en\/gesamtverzeichnis\/bauingenieurwissenschaften\/ueber-den-zusammenhang-von-qualitaet-vergabeart-und-verguetung-das-geschaeftsmodell-fuer-planung-objektueberwachung-und-bau\/\",\"name\":\"\\u00dcber den Zusammenhang von Qualit\\u00e4t, Vergabeart und Verg\\u00fctung das Gesch\\u00e4ftsmodell f\\u00fcr Planung, Objekt\\u00fcberwachung und Bau - Verlag der TU Graz\",\"isPartOf\":{\"@id\":\"https:\/\/tugraztestweb.asol.at\/#website\"},\"primaryImageOfPage\":{\"@id\":\"https:\/\/tugraztestweb.asol.at\/en\/gesamtverzeichnis\/bauingenieurwissenschaften\/ueber-den-zusammenhang-von-qualitaet-vergabeart-und-verguetung-das-geschaeftsmodell-fuer-planung-objektueberwachung-und-bau\/#primaryimage\"},\"datePublished\":\"2020-08-21T12:54:12+00:00\",\"dateModified\":\"2020-08-21T12:55:12+00:00\",\"breadcrumb\":{\"@id\":\"https:\/\/tugraztestweb.asol.at\/en\/gesamtverzeichnis\/bauingenieurwissenschaften\/ueber-den-zusammenhang-von-qualitaet-vergabeart-und-verguetung-das-geschaeftsmodell-fuer-planung-objektueberwachung-und-bau\/#breadcrumb\"},\"inLanguage\":\"en-US\",\"potentialAction\":[{\"@type\":\"ReadAction\",\"target\":[\"https:\/\/tugraztestweb.asol.at\/en\/gesamtverzeichnis\/bauingenieurwissenschaften\/ueber-den-zusammenhang-von-qualitaet-vergabeart-und-verguetung-das-geschaeftsmodell-fuer-planung-objektueberwachung-und-bau\/\"]}]},{\"@type\":\"BreadcrumbList\",\"@id\":\"https:\/\/tugraztestweb.asol.at\/en\/gesamtverzeichnis\/bauingenieurwissenschaften\/ueber-den-zusammenhang-von-qualitaet-vergabeart-und-verguetung-das-geschaeftsmodell-fuer-planung-objektueberwachung-und-bau\/#breadcrumb\",\"itemListElement\":[{\"@type\":\"ListItem\",\"position\":1,\"item\":{\"@type\":\"WebPage\",\"@id\":\"https:\/\/tugraztestweb.asol.at\/\",\"url\":\"https:\/\/tugraztestweb.asol.at\/\",\"name\":\"Home\"}},{\"@type\":\"ListItem\",\"position\":2,\"item\":{\"@type\":\"WebPage\",\"@id\":\"https:\/\/tugraztestweb.asol.at\/gesamtverzeichnis\/\",\"url\":\"https:\/\/tugraztestweb.asol.at\/gesamtverzeichnis\/\",\"name\":\"Gesamtverzeichnis\"}},{\"@type\":\"ListItem\",\"position\":3,\"item\":{\"@type\":\"WebPage\",\"@id\":\"https:\/\/tugraztestweb.asol.at\/en\/gesamtverzeichnis\/bauingenieurwissenschaften\/ueber-den-zusammenhang-von-qualitaet-vergabeart-und-verguetung-das-geschaeftsmodell-fuer-planung-objektueberwachung-und-bau\/\",\"url\":\"https:\/\/tugraztestweb.asol.at\/en\/gesamtverzeichnis\/bauingenieurwissenschaften\/ueber-den-zusammenhang-von-qualitaet-vergabeart-und-verguetung-das-geschaeftsmodell-fuer-planung-objektueberwachung-und-bau\/\",\"name\":\"\\u00dcber den Zusammenhang von Qualit\\u00e4t, Vergabeart und Verg\\u00fctung das Gesch\\u00e4ftsmodell f\\u00fcr Planung, Objekt\\u00fcberwachung und Bau\"}}]}]}<\/script>\n<!-- \/ Yoast SEO plugin. -->","_links":{"self":[{"href":"https:\/\/tugraztestweb.asol.at\/en\/wp-json\/wp\/v2\/product\/30016"}],"collection":[{"href":"https:\/\/tugraztestweb.asol.at\/en\/wp-json\/wp\/v2\/product"}],"about":[{"href":"https:\/\/tugraztestweb.asol.at\/en\/wp-json\/wp\/v2\/types\/product"}],"replies":[{"embeddable":true,"href":"https:\/\/tugraztestweb.asol.at\/en\/wp-json\/wp\/v2\/comments?post=30016"}],"wp:featuredmedia":[{"embeddable":true,"href":"https:\/\/tugraztestweb.asol.at\/en\/wp-json\/wp\/v2\/media\/39736"}],"wp:attachment":[{"href":"https:\/\/tugraztestweb.asol.at\/en\/wp-json\/wp\/v2\/media?parent=30016"}],"curies":[{"name":"wp","href":"https:\/\/api.w.org\/{rel}","templated":true}]}}