{"id":30022,"date":"2020-08-21T12:54:13","date_gmt":"2020-08-21T12:54:13","guid":{"rendered":"http:\/\/tugraztestweb.asol.at\/gesamtverzeichnis\/unkategorisiert\/universalgeodaesie-in-graz\/"},"modified":"2020-08-21T14:55:13","modified_gmt":"2020-08-21T12:55:13","slug":"universalgeodaesie-in-graz","status":"publish","type":"product","link":"https:\/\/tugraztestweb.asol.at\/en\/gesamtverzeichnis\/interdiszipinaeres\/universalgeodaesie-in-graz\/","title":{"rendered":"Universalgeodaesie in Graz"},"content":{"rendered":"<p class=\"qtranxs-available-languages-message qtranxs-available-languages-message-en\">Sorry, this entry is only available in <a href=\"https:\/\/tugraztestweb.asol.at\/de\/wp-json\/wp\/v2\/product\/30022\" class=\"qtranxs-available-language-link qtranxs-available-language-link-de\" title=\"Deutsch\">Deutsch<\/a>.<\/p><p>Die Grazer Geod\u00e4sie feiert!<br \/>Und sie hat im Jahr 2008 allen Anlass dazu, fallen doch in diesem Jahr folgende Jubil\u00e4en an: G\u00fcnther Schelling 85, Gerhard Brandst\u00e4tter 75, Helmut Moritz 75, Fritz K. Brunner 65, Hans S\u00fcnkel 60 Jahre. Die vorliegende Festschrift weicht von der \u00fcblichen Norm ab, denn die Hauptbeitr\u00e4ge stammen von den Jubilaren selbst.<\/p>","protected":false},"excerpt":{"rendered":"<p class=\"qtranxs-available-languages-message qtranxs-available-languages-message-en\">Sorry, this entry is only available in <a href=\"https:\/\/tugraztestweb.asol.at\/de\/wp-json\/wp\/v2\/product\/30022\" class=\"qtranxs-available-language-link qtranxs-available-language-link-de\" title=\"Deutsch\">Deutsch<\/a>.<\/p>\n<p>Die Grazer Geod\u00e4sie feiert!<br \/>Und sie hat im Jahr 2008 allen Anlass dazu, fallen doch in diesem Jahr folgende Jubil\u00e4en an: G\u00fcnther Schelling 85, Gerhard Brandst\u00e4tter 75, Helmut Moritz 75, Fritz K. Brunner 65, Hans S\u00fcnkel 60 Jahre. Die vorliegende Festschrift weicht von der \u00fcblichen Norm ab, denn die Hauptbeitr\u00e4ge stammen von den Jubilaren selbst.<\/p>\n","protected":false},"featured_media":39739,"comment_status":"open","ping_status":"closed","template":"","meta":[],"yoast_head":"<!-- This site is optimized with the Yoast SEO plugin v16.1.1 - https:\/\/yoast.com\/wordpress\/plugins\/seo\/ -->\n<link rel=\"canonical\" href=\"https:\/\/tugraztestweb.asol.at\/en\/gesamtverzeichnis\/interdiszipinaeres\/universalgeodaesie-in-graz\/\" \/>\n<meta property=\"og:locale\" content=\"en_US\" \/>\n<meta property=\"og:type\" content=\"article\" \/>\n<meta property=\"og:title\" content=\"Universalgeodaesie in Graz - Verlag der TU Graz\" \/>\n<meta property=\"og:description\" content=\"Die Grazer Geod\u00e4sie feiert!Und sie hat im Jahr 2008 allen Anlass dazu, fallen doch in diesem Jahr folgende Jubil\u00e4en an: G\u00fcnther Schelling 85, Gerhard Brandst\u00e4tter 75, Helmut Moritz 75, Fritz K. Brunner 65, Hans S\u00fcnkel 60 Jahre. Die vorliegende Festschrift weicht von der \u00fcblichen Norm ab, denn die Hauptbeitr\u00e4ge stammen von den Jubilaren selbst.\" \/>\n<meta property=\"og:url\" content=\"https:\/\/tugraztestweb.asol.at\/en\/gesamtverzeichnis\/interdiszipinaeres\/universalgeodaesie-in-graz\/\" \/>\n<meta property=\"og:site_name\" content=\"Verlag der TU Graz\" \/>\n<meta property=\"article:modified_time\" content=\"2020-08-21T12:55:13+00:00\" \/>\n<meta property=\"og:image\" content=\"https:\/\/tugraztestweb.asol.at\/wp-content\/uploads\/2020\/08\/image-978-3-85125-029-9.jpg\" \/>\n\t<meta property=\"og:image:width\" content=\"546\" \/>\n\t<meta property=\"og:image:height\" content=\"776\" \/>\n<meta name=\"twitter:card\" content=\"summary_large_image\" \/>\n<script type=\"application\/ld+json\" class=\"yoast-schema-graph\">{\"@context\":\"https:\/\/schema.org\",\"@graph\":[{\"@type\":\"WebSite\",\"@id\":\"https:\/\/tugraztestweb.asol.at\/#website\",\"url\":\"https:\/\/tugraztestweb.asol.at\/\",\"name\":\"Verlag der TU Graz\",\"description\":\"Verlag der Technischen Universit\\u00e4t Graz\",\"potentialAction\":[{\"@type\":\"SearchAction\",\"target\":\"https:\/\/tugraztestweb.asol.at\/?s={search_term_string}\",\"query-input\":\"required name=search_term_string\"}],\"inLanguage\":\"en-US\"},{\"@type\":\"ImageObject\",\"@id\":\"https:\/\/tugraztestweb.asol.at\/en\/gesamtverzeichnis\/interdiszipinaeres\/universalgeodaesie-in-graz\/#primaryimage\",\"inLanguage\":\"en-US\",\"url\":\"https:\/\/tugraztestweb.asol.at\/wp-content\/uploads\/2020\/08\/image-978-3-85125-029-9.jpg\",\"contentUrl\":\"https:\/\/tugraztestweb.asol.at\/wp-content\/uploads\/2020\/08\/image-978-3-85125-029-9.jpg\",\"width\":546,\"height\":776},{\"@type\":\"WebPage\",\"@id\":\"https:\/\/tugraztestweb.asol.at\/en\/gesamtverzeichnis\/interdiszipinaeres\/universalgeodaesie-in-graz\/#webpage\",\"url\":\"https:\/\/tugraztestweb.asol.at\/en\/gesamtverzeichnis\/interdiszipinaeres\/universalgeodaesie-in-graz\/\",\"name\":\"Universalgeodaesie in Graz - Verlag der TU Graz\",\"isPartOf\":{\"@id\":\"https:\/\/tugraztestweb.asol.at\/#website\"},\"primaryImageOfPage\":{\"@id\":\"https:\/\/tugraztestweb.asol.at\/en\/gesamtverzeichnis\/interdiszipinaeres\/universalgeodaesie-in-graz\/#primaryimage\"},\"datePublished\":\"2020-08-21T12:54:13+00:00\",\"dateModified\":\"2020-08-21T12:55:13+00:00\",\"breadcrumb\":{\"@id\":\"https:\/\/tugraztestweb.asol.at\/en\/gesamtverzeichnis\/interdiszipinaeres\/universalgeodaesie-in-graz\/#breadcrumb\"},\"inLanguage\":\"en-US\",\"potentialAction\":[{\"@type\":\"ReadAction\",\"target\":[\"https:\/\/tugraztestweb.asol.at\/en\/gesamtverzeichnis\/interdiszipinaeres\/universalgeodaesie-in-graz\/\"]}]},{\"@type\":\"BreadcrumbList\",\"@id\":\"https:\/\/tugraztestweb.asol.at\/en\/gesamtverzeichnis\/interdiszipinaeres\/universalgeodaesie-in-graz\/#breadcrumb\",\"itemListElement\":[{\"@type\":\"ListItem\",\"position\":1,\"item\":{\"@type\":\"WebPage\",\"@id\":\"https:\/\/tugraztestweb.asol.at\/\",\"url\":\"https:\/\/tugraztestweb.asol.at\/\",\"name\":\"Home\"}},{\"@type\":\"ListItem\",\"position\":2,\"item\":{\"@type\":\"WebPage\",\"@id\":\"https:\/\/tugraztestweb.asol.at\/gesamtverzeichnis\/\",\"url\":\"https:\/\/tugraztestweb.asol.at\/gesamtverzeichnis\/\",\"name\":\"Gesamtverzeichnis\"}},{\"@type\":\"ListItem\",\"position\":3,\"item\":{\"@type\":\"WebPage\",\"@id\":\"https:\/\/tugraztestweb.asol.at\/en\/gesamtverzeichnis\/interdiszipinaeres\/universalgeodaesie-in-graz\/\",\"url\":\"https:\/\/tugraztestweb.asol.at\/en\/gesamtverzeichnis\/interdiszipinaeres\/universalgeodaesie-in-graz\/\",\"name\":\"Universalgeodaesie in Graz\"}}]}]}<\/script>\n<!-- \/ Yoast SEO plugin. -->","_links":{"self":[{"href":"https:\/\/tugraztestweb.asol.at\/en\/wp-json\/wp\/v2\/product\/30022"}],"collection":[{"href":"https:\/\/tugraztestweb.asol.at\/en\/wp-json\/wp\/v2\/product"}],"about":[{"href":"https:\/\/tugraztestweb.asol.at\/en\/wp-json\/wp\/v2\/types\/product"}],"replies":[{"embeddable":true,"href":"https:\/\/tugraztestweb.asol.at\/en\/wp-json\/wp\/v2\/comments?post=30022"}],"wp:featuredmedia":[{"embeddable":true,"href":"https:\/\/tugraztestweb.asol.at\/en\/wp-json\/wp\/v2\/media\/39739"}],"wp:attachment":[{"href":"https:\/\/tugraztestweb.asol.at\/en\/wp-json\/wp\/v2\/media?parent=30022"}],"curies":[{"name":"wp","href":"https:\/\/api.w.org\/{rel}","templated":true}]}}