{"id":30037,"date":"2020-08-21T12:54:13","date_gmt":"2020-08-21T12:54:13","guid":{"rendered":"http:\/\/tugraztestweb.asol.at\/gesamtverzeichnis\/unkategorisiert\/vertragsbewirtschaftung-proaktiv-aktiv-reaktiv\/"},"modified":"2020-08-21T14:55:13","modified_gmt":"2020-08-21T12:55:13","slug":"vertragsbewirtschaftung-proaktiv-aktiv-reaktiv","status":"publish","type":"product","link":"https:\/\/tugraztestweb.asol.at\/en\/gesamtverzeichnis\/bauingenieurwissenschaften\/vertragsbewirtschaftung-proaktiv-aktiv-reaktiv\/","title":{"rendered":"Vertragsbewirtschaftung; proaktiv &#8211; aktiv &#8211; reaktiv"},"content":{"rendered":"<p class=\"qtranxs-available-languages-message qtranxs-available-languages-message-en\">Sorry, this entry is only available in <a href=\"https:\/\/tugraztestweb.asol.at\/de\/wp-json\/wp\/v2\/product\/30037\" class=\"qtranxs-available-language-link qtranxs-available-language-link-de\" title=\"Deutsch\">Deutsch<\/a>.<\/p><p>Mit dem 5. Symposium und dem vorliegenden Tagungsband wurde ein Beitrag geleistet, das Thema \u201eVertragsbewirtschaftung\u201c aus Sicht der Auftraggeber und Auftragnehmer zu diskutieren. Hierzu haben wir anerkannte Fachleute gewinnen k\u00f6nnen, die das Problem der Vertragsbewirtschaftung aus unterschiedlichen Blickwinkeln beleuchten. Die inhaltliche Ausgestaltung von Bauvertr\u00e4gen ist seit Jahren ein Streitthema in der Fachwelt. Ebenso h\u00e4ufig werden immer neue Modelle zur Konfliktvermeidung propagiert, ohne das eigentliche Wesen von Vertr\u00e4gen \u2013 das \u201eSich-Vertragen\u201c \u2013 zu reflektieren. Interessenkonflikte, aber auch die Zw\u00e4nge der Partikularinteressen, werden mit den vorgelegten Beitr\u00e4gen abgedeckt<\/p>","protected":false},"excerpt":{"rendered":"<p class=\"qtranxs-available-languages-message qtranxs-available-languages-message-en\">Sorry, this entry is only available in <a href=\"https:\/\/tugraztestweb.asol.at\/de\/wp-json\/wp\/v2\/product\/30037\" class=\"qtranxs-available-language-link qtranxs-available-language-link-de\" title=\"Deutsch\">Deutsch<\/a>.<\/p>\n<p>Mit dem 5. Symposium und dem vorliegenden Tagungsband wurde ein Beitrag geleistet, das Thema \u201eVertragsbewirtschaftung\u201c aus Sicht der Auftraggeber und Auftragnehmer zu diskutieren. Hierzu haben wir anerkannte Fachleute gewinnen k\u00f6nnen, die das Problem der Vertragsbewirtschaftung aus unterschiedlichen Blickwinkeln beleuchten. Die inhaltliche Ausgestaltung von Bauvertr\u00e4gen ist seit Jahren ein Streitthema in der Fachwelt. Ebenso h\u00e4ufig werden immer neue Modelle zur Konfliktvermeidung propagiert, ohne das eigentliche Wesen von Vertr\u00e4gen \u2013 das \u201eSich-Vertragen\u201c \u2013 zu reflektieren. Interessenkonflikte, aber auch die Zw\u00e4nge der Partikularinteressen, werden mit den vorgelegten Beitr\u00e4gen abgedeckt<\/p>\n","protected":false},"featured_media":39745,"comment_status":"open","ping_status":"closed","template":"","meta":[],"yoast_head":"<!-- This site is optimized with the Yoast SEO plugin v16.1.1 - https:\/\/yoast.com\/wordpress\/plugins\/seo\/ -->\n<link rel=\"canonical\" href=\"https:\/\/tugraztestweb.asol.at\/en\/gesamtverzeichnis\/bauingenieurwissenschaften\/vertragsbewirtschaftung-proaktiv-aktiv-reaktiv\/\" \/>\n<meta property=\"og:locale\" content=\"en_US\" \/>\n<meta property=\"og:type\" content=\"article\" \/>\n<meta property=\"og:title\" content=\"Vertragsbewirtschaftung; proaktiv - aktiv - reaktiv - Verlag der TU Graz\" \/>\n<meta property=\"og:description\" content=\"Mit dem 5. Symposium und dem vorliegenden Tagungsband wurde ein Beitrag geleistet, das Thema \u201eVertragsbewirtschaftung\u201c aus Sicht der Auftraggeber und Auftragnehmer zu diskutieren. Hierzu haben wir anerkannte Fachleute gewinnen k\u00f6nnen, die das Problem der Vertragsbewirtschaftung aus unterschiedlichen Blickwinkeln beleuchten. Die inhaltliche Ausgestaltung von Bauvertr\u00e4gen ist seit Jahren ein Streitthema in der Fachwelt. Ebenso h\u00e4ufig werden immer neue Modelle zur Konfliktvermeidung propagiert, ohne das eigentliche Wesen von Vertr\u00e4gen \u2013 das \u201eSich-Vertragen\u201c \u2013 zu reflektieren. Interessenkonflikte, aber auch die Zw\u00e4nge der Partikularinteressen, werden mit den vorgelegten Beitr\u00e4gen abgedeckt\" \/>\n<meta property=\"og:url\" content=\"https:\/\/tugraztestweb.asol.at\/en\/gesamtverzeichnis\/bauingenieurwissenschaften\/vertragsbewirtschaftung-proaktiv-aktiv-reaktiv\/\" \/>\n<meta property=\"og:site_name\" content=\"Verlag der TU Graz\" \/>\n<meta property=\"article:modified_time\" content=\"2020-08-21T12:55:13+00:00\" \/>\n<meta property=\"og:image\" content=\"https:\/\/tugraztestweb.asol.at\/wp-content\/uploads\/2020\/08\/image-978-3-902465-64-1.jpg\" \/>\n\t<meta property=\"og:image:width\" content=\"1789\" \/>\n\t<meta property=\"og:image:height\" content=\"2560\" \/>\n<meta name=\"twitter:card\" content=\"summary_large_image\" \/>\n<script type=\"application\/ld+json\" class=\"yoast-schema-graph\">{\"@context\":\"https:\/\/schema.org\",\"@graph\":[{\"@type\":\"WebSite\",\"@id\":\"https:\/\/tugraztestweb.asol.at\/#website\",\"url\":\"https:\/\/tugraztestweb.asol.at\/\",\"name\":\"Verlag der TU Graz\",\"description\":\"Verlag der Technischen Universit\\u00e4t Graz\",\"potentialAction\":[{\"@type\":\"SearchAction\",\"target\":\"https:\/\/tugraztestweb.asol.at\/?s={search_term_string}\",\"query-input\":\"required name=search_term_string\"}],\"inLanguage\":\"en-US\"},{\"@type\":\"ImageObject\",\"@id\":\"https:\/\/tugraztestweb.asol.at\/en\/gesamtverzeichnis\/bauingenieurwissenschaften\/vertragsbewirtschaftung-proaktiv-aktiv-reaktiv\/#primaryimage\",\"inLanguage\":\"en-US\",\"url\":\"https:\/\/tugraztestweb.asol.at\/wp-content\/uploads\/2020\/08\/image-978-3-902465-64-1.jpg\",\"contentUrl\":\"https:\/\/tugraztestweb.asol.at\/wp-content\/uploads\/2020\/08\/image-978-3-902465-64-1.jpg\",\"width\":1789,\"height\":2560},{\"@type\":\"WebPage\",\"@id\":\"https:\/\/tugraztestweb.asol.at\/en\/gesamtverzeichnis\/bauingenieurwissenschaften\/vertragsbewirtschaftung-proaktiv-aktiv-reaktiv\/#webpage\",\"url\":\"https:\/\/tugraztestweb.asol.at\/en\/gesamtverzeichnis\/bauingenieurwissenschaften\/vertragsbewirtschaftung-proaktiv-aktiv-reaktiv\/\",\"name\":\"Vertragsbewirtschaftung; proaktiv - aktiv - reaktiv - Verlag der TU Graz\",\"isPartOf\":{\"@id\":\"https:\/\/tugraztestweb.asol.at\/#website\"},\"primaryImageOfPage\":{\"@id\":\"https:\/\/tugraztestweb.asol.at\/en\/gesamtverzeichnis\/bauingenieurwissenschaften\/vertragsbewirtschaftung-proaktiv-aktiv-reaktiv\/#primaryimage\"},\"datePublished\":\"2020-08-21T12:54:13+00:00\",\"dateModified\":\"2020-08-21T12:55:13+00:00\",\"breadcrumb\":{\"@id\":\"https:\/\/tugraztestweb.asol.at\/en\/gesamtverzeichnis\/bauingenieurwissenschaften\/vertragsbewirtschaftung-proaktiv-aktiv-reaktiv\/#breadcrumb\"},\"inLanguage\":\"en-US\",\"potentialAction\":[{\"@type\":\"ReadAction\",\"target\":[\"https:\/\/tugraztestweb.asol.at\/en\/gesamtverzeichnis\/bauingenieurwissenschaften\/vertragsbewirtschaftung-proaktiv-aktiv-reaktiv\/\"]}]},{\"@type\":\"BreadcrumbList\",\"@id\":\"https:\/\/tugraztestweb.asol.at\/en\/gesamtverzeichnis\/bauingenieurwissenschaften\/vertragsbewirtschaftung-proaktiv-aktiv-reaktiv\/#breadcrumb\",\"itemListElement\":[{\"@type\":\"ListItem\",\"position\":1,\"item\":{\"@type\":\"WebPage\",\"@id\":\"https:\/\/tugraztestweb.asol.at\/\",\"url\":\"https:\/\/tugraztestweb.asol.at\/\",\"name\":\"Home\"}},{\"@type\":\"ListItem\",\"position\":2,\"item\":{\"@type\":\"WebPage\",\"@id\":\"https:\/\/tugraztestweb.asol.at\/gesamtverzeichnis\/\",\"url\":\"https:\/\/tugraztestweb.asol.at\/gesamtverzeichnis\/\",\"name\":\"Gesamtverzeichnis\"}},{\"@type\":\"ListItem\",\"position\":3,\"item\":{\"@type\":\"WebPage\",\"@id\":\"https:\/\/tugraztestweb.asol.at\/en\/gesamtverzeichnis\/bauingenieurwissenschaften\/vertragsbewirtschaftung-proaktiv-aktiv-reaktiv\/\",\"url\":\"https:\/\/tugraztestweb.asol.at\/en\/gesamtverzeichnis\/bauingenieurwissenschaften\/vertragsbewirtschaftung-proaktiv-aktiv-reaktiv\/\",\"name\":\"Vertragsbewirtschaftung; proaktiv &#8211; aktiv &#8211; reaktiv\"}}]}]}<\/script>\n<!-- \/ Yoast SEO plugin. -->","_links":{"self":[{"href":"https:\/\/tugraztestweb.asol.at\/en\/wp-json\/wp\/v2\/product\/30037"}],"collection":[{"href":"https:\/\/tugraztestweb.asol.at\/en\/wp-json\/wp\/v2\/product"}],"about":[{"href":"https:\/\/tugraztestweb.asol.at\/en\/wp-json\/wp\/v2\/types\/product"}],"replies":[{"embeddable":true,"href":"https:\/\/tugraztestweb.asol.at\/en\/wp-json\/wp\/v2\/comments?post=30037"}],"wp:featuredmedia":[{"embeddable":true,"href":"https:\/\/tugraztestweb.asol.at\/en\/wp-json\/wp\/v2\/media\/39745"}],"wp:attachment":[{"href":"https:\/\/tugraztestweb.asol.at\/en\/wp-json\/wp\/v2\/media?parent=30037"}],"curies":[{"name":"wp","href":"https:\/\/api.w.org\/{rel}","templated":true}]}}