{"id":30039,"date":"2020-10-06T08:44:28","date_gmt":"2020-10-06T08:44:28","guid":{"rendered":"http:\/\/tugraztestweb.asol.at\/gesamtverzeichnis\/unkategorisiert\/wakhan-talschaft-zwischen-pamir-und-hindukusch\/"},"modified":"2020-10-06T10:45:28","modified_gmt":"2020-10-06T08:45:28","slug":"wakhan-talschaft-zwischen-pamir-und-hindukusch","status":"publish","type":"product","link":"https:\/\/tugraztestweb.asol.at\/en\/gesamtverzeichnis\/technische-mathematik-und-technische-physik\/wakhan-talschaft-zwischen-pamir-und-hindukusch\/","title":{"rendered":"WAKHAN &#8211; Talschaft zwischen Pamir und Hindukusch"},"content":{"rendered":"<p class=\"qtranxs-available-languages-message qtranxs-available-languages-message-en\">Sorry, this entry is only available in <a href=\"https:\/\/tugraztestweb.asol.at\/de\/wp-json\/wp\/v2\/product\/30039\" class=\"qtranxs-available-language-link qtranxs-available-language-link-de\" title=\"Deutsch\">Deutsch<\/a>.<\/p><p>Durch Expeditionen in den Sechziger- und Siebziger Jahren des letzten Jahrhunderts wurde das Interesse am Nordosten Afghanistans (Badakhshan) mit dem Wakhankorridor zwischen Pamir und Hindukusch geweckt. Die Initiative Roger Senarclens de Grancys, 1970 und 1975 Leiter zweier Forschungsreisen, trug wesentlich zu dieser Entwicklung bei. Die Technische Hochschule (seit 1975 Universit\u00e4t) Graz, stellte dabei den Fokus dieser Aktivit\u00e4ten dar.<br \/>\nRoger Senarclens de Grancy starb allzu fr\u00fch im Jahr 2001. Aus Anlass seines 10. Todestages wird dieses Symposium durchgef\u00fchrt, um an die seinerzeitigen Leistungen zu erinnern und um auf weiterf\u00fchrende Entwicklungen in der Hochgebirgsforschung hinzuweisen. Die Ergebnisse der Forschungs-expeditionen dienen nach wie vor als Basisinformation f\u00fcr aktuelle Forschungsarbeiten. Im vorliegenden Symposium 2011 wird auf umwelt-bezogene Themen und kulturwissenschaftliche Ergebnisse hingewiesen und auf Probleme der lokalen Bev\u00f6lkerung aufmerksam gemacht.<\/p>","protected":false},"excerpt":{"rendered":"<p class=\"qtranxs-available-languages-message qtranxs-available-languages-message-en\">Sorry, this entry is only available in <a href=\"https:\/\/tugraztestweb.asol.at\/de\/wp-json\/wp\/v2\/product\/30039\" class=\"qtranxs-available-language-link qtranxs-available-language-link-de\" title=\"Deutsch\">Deutsch<\/a>.<\/p>\n<p>Durch Expeditionen in den Sechziger- und Siebziger Jahren des letzten Jahrhunderts wurde das Interesse am Nordosten Afghanistans (Badakhshan) mit dem Wakhankorridor zwischen Pamir und Hindukusch geweckt. Die Initiative Roger Senarclens de Grancys, 1970 und 1975 Leiter zweier Forschungsreisen, trug wesentlich zu dieser Entwicklung bei. Die Technische Hochschule (seit 1975 Universit\u00e4t) Graz, stellte dabei den Fokus dieser Aktivit\u00e4ten dar.<br \/>\nRoger Senarclens de Grancy starb allzu fr\u00fch im Jahr 2001. Aus Anlass seines 10. Todestages wird dieses Symposium durchgef\u00fchrt, um an die seinerzeitigen Leistungen zu erinnern und um auf weiterf\u00fchrende Entwicklungen in der Hochgebirgsforschung hinzuweisen. Die Ergebnisse der Forschungs-expeditionen dienen nach wie vor als Basisinformation f\u00fcr aktuelle Forschungsarbeiten. Im vorliegenden Symposium 2011 wird auf umwelt-bezogene Themen und kulturwissenschaftliche Ergebnisse hingewiesen und auf Probleme der lokalen Bev\u00f6lkerung aufmerksam gemacht.<\/p>\n","protected":false},"featured_media":39746,"comment_status":"open","ping_status":"closed","template":"","meta":[],"yoast_head":"<!-- This site is optimized with the Yoast SEO plugin v16.1.1 - https:\/\/yoast.com\/wordpress\/plugins\/seo\/ -->\n<link rel=\"canonical\" href=\"https:\/\/tugraztestweb.asol.at\/en\/gesamtverzeichnis\/technische-mathematik-und-technische-physik\/wakhan-talschaft-zwischen-pamir-und-hindukusch\/\" \/>\n<meta property=\"og:locale\" content=\"en_US\" \/>\n<meta property=\"og:type\" content=\"article\" \/>\n<meta property=\"og:title\" content=\"WAKHAN - Talschaft zwischen Pamir und Hindukusch - Verlag der TU Graz\" \/>\n<meta property=\"og:description\" content=\"Durch Expeditionen in den Sechziger- und Siebziger Jahren des letzten Jahrhunderts wurde das Interesse am Nordosten Afghanistans (Badakhshan) mit dem Wakhankorridor zwischen Pamir und Hindukusch geweckt. Die Initiative Roger Senarclens de Grancys, 1970 und 1975 Leiter zweier Forschungsreisen, trug wesentlich zu dieser Entwicklung bei. Die Technische Hochschule (seit 1975 Universit\u00e4t) Graz, stellte dabei den Fokus dieser Aktivit\u00e4ten dar. Roger Senarclens de Grancy starb allzu fr\u00fch im Jahr 2001. Aus Anlass seines 10. Todestages wird dieses Symposium durchgef\u00fchrt, um an die seinerzeitigen Leistungen zu erinnern und um auf weiterf\u00fchrende Entwicklungen in der Hochgebirgsforschung hinzuweisen. Die Ergebnisse der Forschungs-expeditionen dienen nach wie vor als Basisinformation f\u00fcr aktuelle Forschungsarbeiten. Im vorliegenden Symposium 2011 wird auf umwelt-bezogene Themen und kulturwissenschaftliche Ergebnisse hingewiesen und auf Probleme der lokalen Bev\u00f6lkerung aufmerksam gemacht.\" \/>\n<meta property=\"og:url\" content=\"https:\/\/tugraztestweb.asol.at\/en\/gesamtverzeichnis\/technische-mathematik-und-technische-physik\/wakhan-talschaft-zwischen-pamir-und-hindukusch\/\" \/>\n<meta property=\"og:site_name\" content=\"Verlag der TU Graz\" \/>\n<meta property=\"article:modified_time\" content=\"2020-10-06T08:45:28+00:00\" \/>\n<meta property=\"og:image\" content=\"https:\/\/tugraztestweb.asol.at\/wp-content\/uploads\/2020\/10\/image-978-3-85125-156-2.jpg\" \/>\n\t<meta property=\"og:image:width\" content=\"589\" \/>\n\t<meta property=\"og:image:height\" content=\"867\" \/>\n<meta name=\"twitter:card\" content=\"summary_large_image\" \/>\n<meta name=\"twitter:label1\" content=\"Est. reading time\">\n\t<meta name=\"twitter:data1\" content=\"1 minute\">\n<script type=\"application\/ld+json\" class=\"yoast-schema-graph\">{\"@context\":\"https:\/\/schema.org\",\"@graph\":[{\"@type\":\"WebSite\",\"@id\":\"https:\/\/tugraztestweb.asol.at\/#website\",\"url\":\"https:\/\/tugraztestweb.asol.at\/\",\"name\":\"Verlag der TU Graz\",\"description\":\"Verlag der Technischen Universit\\u00e4t Graz\",\"potentialAction\":[{\"@type\":\"SearchAction\",\"target\":\"https:\/\/tugraztestweb.asol.at\/?s={search_term_string}\",\"query-input\":\"required name=search_term_string\"}],\"inLanguage\":\"en-US\"},{\"@type\":\"ImageObject\",\"@id\":\"https:\/\/tugraztestweb.asol.at\/en\/gesamtverzeichnis\/technische-mathematik-und-technische-physik\/wakhan-talschaft-zwischen-pamir-und-hindukusch\/#primaryimage\",\"inLanguage\":\"en-US\",\"url\":\"https:\/\/tugraztestweb.asol.at\/wp-content\/uploads\/2020\/10\/image-978-3-85125-156-2.jpg\",\"contentUrl\":\"https:\/\/tugraztestweb.asol.at\/wp-content\/uploads\/2020\/10\/image-978-3-85125-156-2.jpg\",\"width\":589,\"height\":867},{\"@type\":\"WebPage\",\"@id\":\"https:\/\/tugraztestweb.asol.at\/en\/gesamtverzeichnis\/technische-mathematik-und-technische-physik\/wakhan-talschaft-zwischen-pamir-und-hindukusch\/#webpage\",\"url\":\"https:\/\/tugraztestweb.asol.at\/en\/gesamtverzeichnis\/technische-mathematik-und-technische-physik\/wakhan-talschaft-zwischen-pamir-und-hindukusch\/\",\"name\":\"WAKHAN - Talschaft zwischen Pamir und Hindukusch - Verlag der TU Graz\",\"isPartOf\":{\"@id\":\"https:\/\/tugraztestweb.asol.at\/#website\"},\"primaryImageOfPage\":{\"@id\":\"https:\/\/tugraztestweb.asol.at\/en\/gesamtverzeichnis\/technische-mathematik-und-technische-physik\/wakhan-talschaft-zwischen-pamir-und-hindukusch\/#primaryimage\"},\"datePublished\":\"2020-10-06T08:44:28+00:00\",\"dateModified\":\"2020-10-06T08:45:28+00:00\",\"breadcrumb\":{\"@id\":\"https:\/\/tugraztestweb.asol.at\/en\/gesamtverzeichnis\/technische-mathematik-und-technische-physik\/wakhan-talschaft-zwischen-pamir-und-hindukusch\/#breadcrumb\"},\"inLanguage\":\"en-US\",\"potentialAction\":[{\"@type\":\"ReadAction\",\"target\":[\"https:\/\/tugraztestweb.asol.at\/en\/gesamtverzeichnis\/technische-mathematik-und-technische-physik\/wakhan-talschaft-zwischen-pamir-und-hindukusch\/\"]}]},{\"@type\":\"BreadcrumbList\",\"@id\":\"https:\/\/tugraztestweb.asol.at\/en\/gesamtverzeichnis\/technische-mathematik-und-technische-physik\/wakhan-talschaft-zwischen-pamir-und-hindukusch\/#breadcrumb\",\"itemListElement\":[{\"@type\":\"ListItem\",\"position\":1,\"item\":{\"@type\":\"WebPage\",\"@id\":\"https:\/\/tugraztestweb.asol.at\/\",\"url\":\"https:\/\/tugraztestweb.asol.at\/\",\"name\":\"Home\"}},{\"@type\":\"ListItem\",\"position\":2,\"item\":{\"@type\":\"WebPage\",\"@id\":\"https:\/\/tugraztestweb.asol.at\/gesamtverzeichnis\/\",\"url\":\"https:\/\/tugraztestweb.asol.at\/gesamtverzeichnis\/\",\"name\":\"Gesamtverzeichnis\"}},{\"@type\":\"ListItem\",\"position\":3,\"item\":{\"@type\":\"WebPage\",\"@id\":\"https:\/\/tugraztestweb.asol.at\/en\/gesamtverzeichnis\/technische-mathematik-und-technische-physik\/wakhan-talschaft-zwischen-pamir-und-hindukusch\/\",\"url\":\"https:\/\/tugraztestweb.asol.at\/en\/gesamtverzeichnis\/technische-mathematik-und-technische-physik\/wakhan-talschaft-zwischen-pamir-und-hindukusch\/\",\"name\":\"WAKHAN &#8211; Talschaft zwischen Pamir und Hindukusch\"}}]}]}<\/script>\n<!-- \/ Yoast SEO plugin. -->","_links":{"self":[{"href":"https:\/\/tugraztestweb.asol.at\/en\/wp-json\/wp\/v2\/product\/30039"}],"collection":[{"href":"https:\/\/tugraztestweb.asol.at\/en\/wp-json\/wp\/v2\/product"}],"about":[{"href":"https:\/\/tugraztestweb.asol.at\/en\/wp-json\/wp\/v2\/types\/product"}],"replies":[{"embeddable":true,"href":"https:\/\/tugraztestweb.asol.at\/en\/wp-json\/wp\/v2\/comments?post=30039"}],"wp:featuredmedia":[{"embeddable":true,"href":"https:\/\/tugraztestweb.asol.at\/en\/wp-json\/wp\/v2\/media\/39746"}],"wp:attachment":[{"href":"https:\/\/tugraztestweb.asol.at\/en\/wp-json\/wp\/v2\/media?parent=30039"}],"curies":[{"name":"wp","href":"https:\/\/api.w.org\/{rel}","templated":true}]}}