{"id":30045,"date":"2020-08-21T12:54:13","date_gmt":"2020-08-21T12:54:13","guid":{"rendered":"http:\/\/tugraztestweb.asol.at\/gesamtverzeichnis\/unkategorisiert\/wettbewerbe\/"},"modified":"2020-08-21T14:55:13","modified_gmt":"2020-08-21T12:55:13","slug":"wettbewerbe","status":"publish","type":"product","link":"https:\/\/tugraztestweb.asol.at\/en\/gesamtverzeichnis\/bauingenieurwissenschaften\/wettbewerbe\/","title":{"rendered":"Wettbewerbe"},"content":{"rendered":"<p class=\"qtranxs-available-languages-message qtranxs-available-languages-message-en\">Sorry, this entry is only available in <a href=\"https:\/\/tugraztestweb.asol.at\/de\/wp-json\/wp\/v2\/product\/30045\" class=\"qtranxs-available-language-link qtranxs-available-language-link-de\" title=\"Deutsch\">Deutsch<\/a>.<\/p><p>Im Wettbewerb entsteht aus einem n\u00fcchternen Raum- und Funktionsprogramm endlich Architektur. Im Regelfall ist das Siegerprojekt der abschlie\u00dfende Beitrag zur Kl\u00e4rung der Projektziele.<br \/>\nDie vorliegende Publikation behandelt die Organisation von Wettbewerben und geht auf die Rolle des Verfahrensorganisators bzw. Wettbewerbsmanagers ein. W\u00e4hrend die meisten Publikationen Architektur- und Gestaltungsthemen in den Vordergrund stellen, soll hier anhand ausgew\u00e4hlter Prozessthemen den Erfolgsfaktoren f\u00fcr Architekturwettbewerbe nachgegangen werden.<br \/>\nDer Hauptteil der Publikation zeigt eine \u00dcbersicht \u00fcber 13 Jahre Verfahrensbetreuung und 50 Wettbewerbe, einen Quer-schnitt zur Entwicklung von Stadtbild und Einzelobjekten mit Plandarstellungen, Modellfotos, Kennwerten und Protokollausz\u00fcgen.<\/p>","protected":false},"excerpt":{"rendered":"<p class=\"qtranxs-available-languages-message qtranxs-available-languages-message-en\">Sorry, this entry is only available in <a href=\"https:\/\/tugraztestweb.asol.at\/de\/wp-json\/wp\/v2\/product\/30045\" class=\"qtranxs-available-language-link qtranxs-available-language-link-de\" title=\"Deutsch\">Deutsch<\/a>.<\/p>\n<p>Im Wettbewerb entsteht aus einem n\u00fcchternen Raum- und Funktionsprogramm endlich Architektur. Im Regelfall ist das Siegerprojekt der abschlie\u00dfende Beitrag zur Kl\u00e4rung der Projektziele.<br \/>\nDie vorliegende Publikation behandelt die Organisation von Wettbewerben und geht auf die Rolle des Verfahrensorganisators bzw. Wettbewerbsmanagers ein. W\u00e4hrend die meisten Publikationen Architektur- und Gestaltungsthemen in den Vordergrund stellen, soll hier anhand ausgew\u00e4hlter Prozessthemen den Erfolgsfaktoren f\u00fcr Architekturwettbewerbe nachgegangen werden.<br \/>\nDer Hauptteil der Publikation zeigt eine \u00dcbersicht \u00fcber 13 Jahre Verfahrensbetreuung und 50 Wettbewerbe, einen Quer-schnitt zur Entwicklung von Stadtbild und Einzelobjekten mit Plandarstellungen, Modellfotos, Kennwerten und Protokollausz\u00fcgen.<\/p>\n","protected":false},"featured_media":39749,"comment_status":"open","ping_status":"closed","template":"","meta":[],"yoast_head":"<!-- This site is optimized with the Yoast SEO plugin v16.1.1 - https:\/\/yoast.com\/wordpress\/plugins\/seo\/ -->\n<link rel=\"canonical\" href=\"https:\/\/tugraztestweb.asol.at\/gesamtverzeichnis\/bauingenieurwissenschaften\/wettbewerbe\/\" \/>\n<meta property=\"og:locale\" content=\"en_US\" \/>\n<meta property=\"og:type\" content=\"article\" \/>\n<meta property=\"og:title\" content=\"Wettbewerbe - Verlag der TU Graz\" \/>\n<meta property=\"og:description\" content=\"Im Wettbewerb entsteht aus einem n\u00fcchternen Raum- und Funktionsprogramm endlich Architektur. Im Regelfall ist das Siegerprojekt der abschlie\u00dfende Beitrag zur Kl\u00e4rung der Projektziele. Die vorliegende Publikation behandelt die Organisation von Wettbewerben und geht auf die Rolle des Verfahrensorganisators bzw. Wettbewerbsmanagers ein. W\u00e4hrend die meisten Publikationen Architektur- und Gestaltungsthemen in den Vordergrund stellen, soll hier anhand ausgew\u00e4hlter Prozessthemen den Erfolgsfaktoren f\u00fcr Architekturwettbewerbe nachgegangen werden. Der Hauptteil der Publikation zeigt eine \u00dcbersicht \u00fcber 13 Jahre Verfahrensbetreuung und 50 Wettbewerbe, einen Quer-schnitt zur Entwicklung von Stadtbild und Einzelobjekten mit Plandarstellungen, Modellfotos, Kennwerten und Protokollausz\u00fcgen.\" \/>\n<meta property=\"og:url\" content=\"https:\/\/tugraztestweb.asol.at\/gesamtverzeichnis\/bauingenieurwissenschaften\/wettbewerbe\/\" \/>\n<meta property=\"og:site_name\" content=\"Verlag der TU Graz\" \/>\n<meta property=\"article:modified_time\" content=\"2020-08-21T12:55:13+00:00\" \/>\n<meta property=\"og:image\" content=\"https:\/\/tugraztestweb.asol.at\/wp-content\/uploads\/2020\/08\/image-978-3-85125-112-8.jpg\" \/>\n\t<meta property=\"og:image:width\" content=\"579\" \/>\n\t<meta property=\"og:image:height\" content=\"840\" \/>\n<meta name=\"twitter:card\" content=\"summary_large_image\" \/>\n<script type=\"application\/ld+json\" class=\"yoast-schema-graph\">{\"@context\":\"https:\/\/schema.org\",\"@graph\":[{\"@type\":\"WebSite\",\"@id\":\"https:\/\/tugraztestweb.asol.at\/#website\",\"url\":\"https:\/\/tugraztestweb.asol.at\/\",\"name\":\"Verlag der TU Graz\",\"description\":\"Verlag der Technischen Universit\\u00e4t Graz\",\"potentialAction\":[{\"@type\":\"SearchAction\",\"target\":\"https:\/\/tugraztestweb.asol.at\/?s={search_term_string}\",\"query-input\":\"required name=search_term_string\"}],\"inLanguage\":\"en-US\"},{\"@type\":\"ImageObject\",\"@id\":\"https:\/\/tugraztestweb.asol.at\/gesamtverzeichnis\/bauingenieurwissenschaften\/wettbewerbe\/#primaryimage\",\"inLanguage\":\"en-US\",\"url\":\"https:\/\/tugraztestweb.asol.at\/wp-content\/uploads\/2020\/08\/image-978-3-85125-112-8.jpg\",\"contentUrl\":\"https:\/\/tugraztestweb.asol.at\/wp-content\/uploads\/2020\/08\/image-978-3-85125-112-8.jpg\",\"width\":579,\"height\":840},{\"@type\":\"WebPage\",\"@id\":\"https:\/\/tugraztestweb.asol.at\/gesamtverzeichnis\/bauingenieurwissenschaften\/wettbewerbe\/#webpage\",\"url\":\"https:\/\/tugraztestweb.asol.at\/gesamtverzeichnis\/bauingenieurwissenschaften\/wettbewerbe\/\",\"name\":\"Wettbewerbe - Verlag der TU Graz\",\"isPartOf\":{\"@id\":\"https:\/\/tugraztestweb.asol.at\/#website\"},\"primaryImageOfPage\":{\"@id\":\"https:\/\/tugraztestweb.asol.at\/gesamtverzeichnis\/bauingenieurwissenschaften\/wettbewerbe\/#primaryimage\"},\"datePublished\":\"2020-08-21T12:54:13+00:00\",\"dateModified\":\"2020-08-21T12:55:13+00:00\",\"breadcrumb\":{\"@id\":\"https:\/\/tugraztestweb.asol.at\/gesamtverzeichnis\/bauingenieurwissenschaften\/wettbewerbe\/#breadcrumb\"},\"inLanguage\":\"en-US\",\"potentialAction\":[{\"@type\":\"ReadAction\",\"target\":[\"https:\/\/tugraztestweb.asol.at\/gesamtverzeichnis\/bauingenieurwissenschaften\/wettbewerbe\/\"]}]},{\"@type\":\"BreadcrumbList\",\"@id\":\"https:\/\/tugraztestweb.asol.at\/gesamtverzeichnis\/bauingenieurwissenschaften\/wettbewerbe\/#breadcrumb\",\"itemListElement\":[{\"@type\":\"ListItem\",\"position\":1,\"item\":{\"@type\":\"WebPage\",\"@id\":\"https:\/\/tugraztestweb.asol.at\/\",\"url\":\"https:\/\/tugraztestweb.asol.at\/\",\"name\":\"Home\"}},{\"@type\":\"ListItem\",\"position\":2,\"item\":{\"@type\":\"WebPage\",\"@id\":\"https:\/\/tugraztestweb.asol.at\/gesamtverzeichnis\/\",\"url\":\"https:\/\/tugraztestweb.asol.at\/gesamtverzeichnis\/\",\"name\":\"Gesamtverzeichnis\"}},{\"@type\":\"ListItem\",\"position\":3,\"item\":{\"@type\":\"WebPage\",\"@id\":\"https:\/\/tugraztestweb.asol.at\/gesamtverzeichnis\/bauingenieurwissenschaften\/wettbewerbe\/\",\"url\":\"https:\/\/tugraztestweb.asol.at\/gesamtverzeichnis\/bauingenieurwissenschaften\/wettbewerbe\/\",\"name\":\"Wettbewerbe\"}}]}]}<\/script>\n<!-- \/ Yoast SEO plugin. -->","_links":{"self":[{"href":"https:\/\/tugraztestweb.asol.at\/en\/wp-json\/wp\/v2\/product\/30045"}],"collection":[{"href":"https:\/\/tugraztestweb.asol.at\/en\/wp-json\/wp\/v2\/product"}],"about":[{"href":"https:\/\/tugraztestweb.asol.at\/en\/wp-json\/wp\/v2\/types\/product"}],"replies":[{"embeddable":true,"href":"https:\/\/tugraztestweb.asol.at\/en\/wp-json\/wp\/v2\/comments?post=30045"}],"wp:featuredmedia":[{"embeddable":true,"href":"https:\/\/tugraztestweb.asol.at\/en\/wp-json\/wp\/v2\/media\/39749"}],"wp:attachment":[{"href":"https:\/\/tugraztestweb.asol.at\/en\/wp-json\/wp\/v2\/media?parent=30045"}],"curies":[{"name":"wp","href":"https:\/\/api.w.org\/{rel}","templated":true}]}}