{"id":30049,"date":"2020-08-21T12:54:13","date_gmt":"2020-08-21T12:54:13","guid":{"rendered":"http:\/\/tugraztestweb.asol.at\/gesamtverzeichnis\/unkategorisiert\/wissensmanagement\/"},"modified":"2020-08-21T14:55:13","modified_gmt":"2020-08-21T12:55:13","slug":"wissensmanagement","status":"publish","type":"product","link":"https:\/\/tugraztestweb.asol.at\/en\/gesamtverzeichnis\/bauingenieurwissenschaften\/wissensmanagement\/","title":{"rendered":"Wissensmanagement"},"content":{"rendered":"<p class=\"qtranxs-available-languages-message qtranxs-available-languages-message-en\">Sorry, this entry is only available in <a href=\"https:\/\/tugraztestweb.asol.at\/de\/wp-json\/wp\/v2\/product\/30049\" class=\"qtranxs-available-language-link qtranxs-available-language-link-de\" title=\"Deutsch\">Deutsch<\/a>.<\/p><p>Planer produzieren wissensbasierte Produktionsunterlagen. Interpretation und Prognose werden dabei als intuitive,<br \/>\nnicht aber strategische Methoden der Arbeit eingesetzt.<br \/>\n70% des Betriebsverm\u00f6gens eines Planungsb\u00fcros stecken im Wissen seiner Mitarbeiter, ziemlich riskant, wenn es nicht bewahrt werden kann. Fluktuation bedeutet Wissensverlust. Wie kann das Wissen des Einzelnen dem Projekt \/ B\u00fcro im allgemeinen zugef\u00fchrt werden?<br \/>\nWie wird erarbeitetes Wissen dokumentiert, aktualisiert und im st\u00e4ndigen Zugriff gehalten ?<br \/>\n&#8230; h\u00e4tte ich doch nur &#8230; Wissensmanagement kann auch als eine Versicherung gegen Fehler und Nachweis eines operativen QM betrachtet werden.<\/p>\n<p>ZIELE<br \/>\nStrukturen f\u00fcr Wissensdokumentation,<br \/>\nstrategische Bearbeitung<br \/>\nWissen im t\u00e4glichen Zugriff halten<br \/>\nWettbewerbsvorteil durch Wissensmanagement<\/p>\n<p>INHALTE<br \/>\nAnforderungen an das Wissen f\u00fcr<br \/>\nArchitektur und Bau<br \/>\nDokumentation von laufender Projektarbeit<br \/>\nArchivierung von Basis-Informationen<br \/>\ndebriefing<\/p>","protected":false},"excerpt":{"rendered":"<p class=\"qtranxs-available-languages-message qtranxs-available-languages-message-en\">Sorry, this entry is only available in <a href=\"https:\/\/tugraztestweb.asol.at\/de\/wp-json\/wp\/v2\/product\/30049\" class=\"qtranxs-available-language-link qtranxs-available-language-link-de\" title=\"Deutsch\">Deutsch<\/a>.<\/p>\n<p>Planer produzieren wissensbasierte Produktionsunterlagen. Interpretation und Prognose werden dabei als intuitive,<br \/>\nnicht aber strategische Methoden der Arbeit eingesetzt.<br \/>\n70% des Betriebsverm\u00f6gens eines Planungsb\u00fcros stecken im Wissen seiner Mitarbeiter, ziemlich riskant, wenn es nicht bewahrt werden kann. Fluktuation bedeutet Wissensverlust. Wie kann das Wissen des Einzelnen dem Projekt \/ B\u00fcro im allgemeinen zugef\u00fchrt werden?<br \/>\nWie wird erarbeitetes Wissen dokumentiert, aktualisiert und im st\u00e4ndigen Zugriff gehalten ?<br \/>\n&#8230; h\u00e4tte ich doch nur &#8230; Wissensmanagement kann auch als eine Versicherung gegen Fehler und Nachweis eines operativen QM betrachtet werden.<\/p>\n<p>ZIELE<br \/>\nStrukturen f\u00fcr Wissensdokumentation,<br \/>\nstrategische Bearbeitung<br \/>\nWissen im t\u00e4glichen Zugriff halten<br \/>\nWettbewerbsvorteil durch Wissensmanagement<\/p>\n<p>INHALTE<br \/>\nAnforderungen an das Wissen f\u00fcr<br \/>\nArchitektur und Bau<br \/>\nDokumentation von laufender Projektarbeit<br \/>\nArchivierung von Basis-Informationen<br \/>\ndebriefing<\/p>\n","protected":false},"featured_media":39751,"comment_status":"open","ping_status":"closed","template":"","meta":[],"yoast_head":"<!-- This site is optimized with the Yoast SEO plugin v16.1.1 - https:\/\/yoast.com\/wordpress\/plugins\/seo\/ -->\n<link rel=\"canonical\" href=\"https:\/\/tugraztestweb.asol.at\/en\/gesamtverzeichnis\/bauingenieurwissenschaften\/wissensmanagement\/\" \/>\n<meta property=\"og:locale\" content=\"en_US\" \/>\n<meta property=\"og:type\" content=\"article\" \/>\n<meta property=\"og:title\" content=\"Wissensmanagement - Verlag der TU Graz\" \/>\n<meta property=\"og:description\" content=\"Planer produzieren wissensbasierte Produktionsunterlagen. Interpretation und Prognose werden dabei als intuitive, nicht aber strategische Methoden der Arbeit eingesetzt. 70% des Betriebsverm\u00f6gens eines Planungsb\u00fcros stecken im Wissen seiner Mitarbeiter, ziemlich riskant, wenn es nicht bewahrt werden kann. Fluktuation bedeutet Wissensverlust. Wie kann das Wissen des Einzelnen dem Projekt \/ B\u00fcro im allgemeinen zugef\u00fchrt werden? Wie wird erarbeitetes Wissen dokumentiert, aktualisiert und im st\u00e4ndigen Zugriff gehalten ? ... h\u00e4tte ich doch nur ... Wissensmanagement kann auch als eine Versicherung gegen Fehler und Nachweis eines operativen QM betrachtet werden. ZIELE Strukturen f\u00fcr Wissensdokumentation, strategische Bearbeitung Wissen im t\u00e4glichen Zugriff halten Wettbewerbsvorteil durch Wissensmanagement INHALTE Anforderungen an das Wissen f\u00fcr Architektur und Bau Dokumentation von laufender Projektarbeit Archivierung von Basis-Informationen debriefing\" \/>\n<meta property=\"og:url\" content=\"https:\/\/tugraztestweb.asol.at\/en\/gesamtverzeichnis\/bauingenieurwissenschaften\/wissensmanagement\/\" \/>\n<meta property=\"og:site_name\" content=\"Verlag der TU Graz\" \/>\n<meta property=\"article:modified_time\" content=\"2020-08-21T12:55:13+00:00\" \/>\n<meta property=\"og:image\" content=\"https:\/\/tugraztestweb.asol.at\/wp-content\/uploads\/2020\/08\/image-978-3-85125-104-3.jpg\" \/>\n\t<meta property=\"og:image:width\" content=\"1193\" \/>\n\t<meta property=\"og:image:height\" content=\"843\" \/>\n<meta name=\"twitter:card\" content=\"summary_large_image\" \/>\n<meta name=\"twitter:label1\" content=\"Est. reading time\">\n\t<meta name=\"twitter:data1\" content=\"1 minute\">\n<script type=\"application\/ld+json\" class=\"yoast-schema-graph\">{\"@context\":\"https:\/\/schema.org\",\"@graph\":[{\"@type\":\"WebSite\",\"@id\":\"https:\/\/tugraztestweb.asol.at\/#website\",\"url\":\"https:\/\/tugraztestweb.asol.at\/\",\"name\":\"Verlag der TU Graz\",\"description\":\"Verlag der Technischen Universit\\u00e4t Graz\",\"potentialAction\":[{\"@type\":\"SearchAction\",\"target\":\"https:\/\/tugraztestweb.asol.at\/?s={search_term_string}\",\"query-input\":\"required name=search_term_string\"}],\"inLanguage\":\"en-US\"},{\"@type\":\"ImageObject\",\"@id\":\"https:\/\/tugraztestweb.asol.at\/en\/gesamtverzeichnis\/bauingenieurwissenschaften\/wissensmanagement\/#primaryimage\",\"inLanguage\":\"en-US\",\"url\":\"https:\/\/tugraztestweb.asol.at\/wp-content\/uploads\/2020\/08\/image-978-3-85125-104-3.jpg\",\"contentUrl\":\"https:\/\/tugraztestweb.asol.at\/wp-content\/uploads\/2020\/08\/image-978-3-85125-104-3.jpg\",\"width\":1193,\"height\":843},{\"@type\":\"WebPage\",\"@id\":\"https:\/\/tugraztestweb.asol.at\/en\/gesamtverzeichnis\/bauingenieurwissenschaften\/wissensmanagement\/#webpage\",\"url\":\"https:\/\/tugraztestweb.asol.at\/en\/gesamtverzeichnis\/bauingenieurwissenschaften\/wissensmanagement\/\",\"name\":\"Wissensmanagement - Verlag der TU Graz\",\"isPartOf\":{\"@id\":\"https:\/\/tugraztestweb.asol.at\/#website\"},\"primaryImageOfPage\":{\"@id\":\"https:\/\/tugraztestweb.asol.at\/en\/gesamtverzeichnis\/bauingenieurwissenschaften\/wissensmanagement\/#primaryimage\"},\"datePublished\":\"2020-08-21T12:54:13+00:00\",\"dateModified\":\"2020-08-21T12:55:13+00:00\",\"breadcrumb\":{\"@id\":\"https:\/\/tugraztestweb.asol.at\/en\/gesamtverzeichnis\/bauingenieurwissenschaften\/wissensmanagement\/#breadcrumb\"},\"inLanguage\":\"en-US\",\"potentialAction\":[{\"@type\":\"ReadAction\",\"target\":[\"https:\/\/tugraztestweb.asol.at\/en\/gesamtverzeichnis\/bauingenieurwissenschaften\/wissensmanagement\/\"]}]},{\"@type\":\"BreadcrumbList\",\"@id\":\"https:\/\/tugraztestweb.asol.at\/en\/gesamtverzeichnis\/bauingenieurwissenschaften\/wissensmanagement\/#breadcrumb\",\"itemListElement\":[{\"@type\":\"ListItem\",\"position\":1,\"item\":{\"@type\":\"WebPage\",\"@id\":\"https:\/\/tugraztestweb.asol.at\/\",\"url\":\"https:\/\/tugraztestweb.asol.at\/\",\"name\":\"Home\"}},{\"@type\":\"ListItem\",\"position\":2,\"item\":{\"@type\":\"WebPage\",\"@id\":\"https:\/\/tugraztestweb.asol.at\/gesamtverzeichnis\/\",\"url\":\"https:\/\/tugraztestweb.asol.at\/gesamtverzeichnis\/\",\"name\":\"Gesamtverzeichnis\"}},{\"@type\":\"ListItem\",\"position\":3,\"item\":{\"@type\":\"WebPage\",\"@id\":\"https:\/\/tugraztestweb.asol.at\/en\/gesamtverzeichnis\/bauingenieurwissenschaften\/wissensmanagement\/\",\"url\":\"https:\/\/tugraztestweb.asol.at\/en\/gesamtverzeichnis\/bauingenieurwissenschaften\/wissensmanagement\/\",\"name\":\"Wissensmanagement\"}}]}]}<\/script>\n<!-- \/ Yoast SEO plugin. -->","_links":{"self":[{"href":"https:\/\/tugraztestweb.asol.at\/en\/wp-json\/wp\/v2\/product\/30049"}],"collection":[{"href":"https:\/\/tugraztestweb.asol.at\/en\/wp-json\/wp\/v2\/product"}],"about":[{"href":"https:\/\/tugraztestweb.asol.at\/en\/wp-json\/wp\/v2\/types\/product"}],"replies":[{"embeddable":true,"href":"https:\/\/tugraztestweb.asol.at\/en\/wp-json\/wp\/v2\/comments?post=30049"}],"wp:featuredmedia":[{"embeddable":true,"href":"https:\/\/tugraztestweb.asol.at\/en\/wp-json\/wp\/v2\/media\/39751"}],"wp:attachment":[{"href":"https:\/\/tugraztestweb.asol.at\/en\/wp-json\/wp\/v2\/media?parent=30049"}],"curies":[{"name":"wp","href":"https:\/\/api.w.org\/{rel}","templated":true}]}}