{"id":30065,"date":"2020-08-21T12:54:14","date_gmt":"2020-08-21T12:54:14","guid":{"rendered":"http:\/\/tugraztestweb.asol.at\/gesamtverzeichnis\/unkategorisiert\/oesterreichisches-und-europaeisches-energierecht\/"},"modified":"2020-08-21T14:55:14","modified_gmt":"2020-08-21T12:55:14","slug":"oesterreichisches-und-europaeisches-energierecht","status":"publish","type":"product","link":"https:\/\/tugraztestweb.asol.at\/en\/gesamtverzeichnis\/elektrotechnik-und-informationstechnik\/oesterreichisches-und-europaeisches-energierecht\/","title":{"rendered":"\u00d6sterreichisches und Europ\u00e4isches Energierecht"},"content":{"rendered":"<p class=\"qtranxs-available-languages-message qtranxs-available-languages-message-en\">Sorry, this entry is only available in <a href=\"https:\/\/tugraztestweb.asol.at\/de\/wp-json\/wp\/v2\/product\/30065\" class=\"qtranxs-available-language-link qtranxs-available-language-link-de\" title=\"Deutsch\">Deutsch<\/a>.<\/p><p>Die zweite Auflage des Buches \u00d6sterreichisches und Europ\u00e4isches Energierecht enth\u00e4lt eine aktuelle Einf\u00fchrung (Stand der Gesetze: Ende 2011) in die Materie des gesamten Energierechts f\u00fcr Strom, f\u00fcr Gas und f\u00fcr Erneuerbare Energien. Neben der Einf\u00fchrung und dem Gesamt \u00dcberblick in die Thematik, liegt das Ziel des Buches darin, eine m\u00f6glichst vollst\u00e4ndige und chronologische Darstellung der F\u00fclle der Rechtsgrundlagen seit der Liberalisierung der Energiem\u00e4rkte bis heute zu bieten.<\/p>","protected":false},"excerpt":{"rendered":"<p class=\"qtranxs-available-languages-message qtranxs-available-languages-message-en\">Sorry, this entry is only available in <a href=\"https:\/\/tugraztestweb.asol.at\/de\/wp-json\/wp\/v2\/product\/30065\" class=\"qtranxs-available-language-link qtranxs-available-language-link-de\" title=\"Deutsch\">Deutsch<\/a>.<\/p>\n<p>Die zweite Auflage des Buches \u00d6sterreichisches und Europ\u00e4isches Energierecht enth\u00e4lt eine aktuelle Einf\u00fchrung (Stand der Gesetze: Ende 2011) in die Materie des gesamten Energierechts f\u00fcr Strom, f\u00fcr Gas und f\u00fcr Erneuerbare Energien. Neben der Einf\u00fchrung und dem Gesamt \u00dcberblick in die Thematik, liegt das Ziel des Buches darin, eine m\u00f6glichst vollst\u00e4ndige und chronologische Darstellung der F\u00fclle der Rechtsgrundlagen seit der Liberalisierung der Energiem\u00e4rkte bis heute zu bieten.<\/p>\n","protected":false},"featured_media":39757,"comment_status":"open","ping_status":"closed","template":"","meta":[],"yoast_head":"<!-- This site is optimized with the Yoast SEO plugin v16.1.1 - https:\/\/yoast.com\/wordpress\/plugins\/seo\/ -->\n<link rel=\"canonical\" href=\"https:\/\/tugraztestweb.asol.at\/gesamtverzeichnis\/elektrotechnik-und-informationstechnik\/oesterreichisches-und-europaeisches-energierecht\/\" \/>\n<meta property=\"og:locale\" content=\"en_US\" \/>\n<meta property=\"og:type\" content=\"article\" \/>\n<meta property=\"og:title\" content=\"\u00d6sterreichisches und Europ\u00e4isches Energierecht - Verlag der TU Graz\" \/>\n<meta property=\"og:description\" content=\"Die zweite Auflage des Buches \u00d6sterreichisches und Europ\u00e4isches Energierecht enth\u00e4lt eine aktuelle Einf\u00fchrung (Stand der Gesetze: Ende 2011) in die Materie des gesamten Energierechts f\u00fcr Strom, f\u00fcr Gas und f\u00fcr Erneuerbare Energien. Neben der Einf\u00fchrung und dem Gesamt \u00dcberblick in die Thematik, liegt das Ziel des Buches darin, eine m\u00f6glichst vollst\u00e4ndige und chronologische Darstellung der F\u00fclle der Rechtsgrundlagen seit der Liberalisierung der Energiem\u00e4rkte bis heute zu bieten.\" \/>\n<meta property=\"og:url\" content=\"https:\/\/tugraztestweb.asol.at\/gesamtverzeichnis\/elektrotechnik-und-informationstechnik\/oesterreichisches-und-europaeisches-energierecht\/\" \/>\n<meta property=\"og:site_name\" content=\"Verlag der TU Graz\" \/>\n<meta property=\"article:modified_time\" content=\"2020-08-21T12:55:14+00:00\" \/>\n<meta property=\"og:image\" content=\"https:\/\/tugraztestweb.asol.at\/wp-content\/uploads\/2020\/08\/image-978-3-85125-206-4.jpg\" \/>\n\t<meta property=\"og:image:width\" content=\"555\" \/>\n\t<meta property=\"og:image:height\" content=\"795\" \/>\n<meta name=\"twitter:card\" content=\"summary_large_image\" \/>\n<script type=\"application\/ld+json\" class=\"yoast-schema-graph\">{\"@context\":\"https:\/\/schema.org\",\"@graph\":[{\"@type\":\"WebSite\",\"@id\":\"https:\/\/tugraztestweb.asol.at\/#website\",\"url\":\"https:\/\/tugraztestweb.asol.at\/\",\"name\":\"Verlag der TU Graz\",\"description\":\"Verlag der Technischen Universit\\u00e4t Graz\",\"potentialAction\":[{\"@type\":\"SearchAction\",\"target\":\"https:\/\/tugraztestweb.asol.at\/?s={search_term_string}\",\"query-input\":\"required name=search_term_string\"}],\"inLanguage\":\"en-US\"},{\"@type\":\"ImageObject\",\"@id\":\"https:\/\/tugraztestweb.asol.at\/gesamtverzeichnis\/elektrotechnik-und-informationstechnik\/oesterreichisches-und-europaeisches-energierecht\/#primaryimage\",\"inLanguage\":\"en-US\",\"url\":\"https:\/\/tugraztestweb.asol.at\/wp-content\/uploads\/2020\/08\/image-978-3-85125-206-4.jpg\",\"contentUrl\":\"https:\/\/tugraztestweb.asol.at\/wp-content\/uploads\/2020\/08\/image-978-3-85125-206-4.jpg\",\"width\":555,\"height\":795},{\"@type\":\"WebPage\",\"@id\":\"https:\/\/tugraztestweb.asol.at\/gesamtverzeichnis\/elektrotechnik-und-informationstechnik\/oesterreichisches-und-europaeisches-energierecht\/#webpage\",\"url\":\"https:\/\/tugraztestweb.asol.at\/gesamtverzeichnis\/elektrotechnik-und-informationstechnik\/oesterreichisches-und-europaeisches-energierecht\/\",\"name\":\"\\u00d6sterreichisches und Europ\\u00e4isches Energierecht - Verlag der TU Graz\",\"isPartOf\":{\"@id\":\"https:\/\/tugraztestweb.asol.at\/#website\"},\"primaryImageOfPage\":{\"@id\":\"https:\/\/tugraztestweb.asol.at\/gesamtverzeichnis\/elektrotechnik-und-informationstechnik\/oesterreichisches-und-europaeisches-energierecht\/#primaryimage\"},\"datePublished\":\"2020-08-21T12:54:14+00:00\",\"dateModified\":\"2020-08-21T12:55:14+00:00\",\"breadcrumb\":{\"@id\":\"https:\/\/tugraztestweb.asol.at\/gesamtverzeichnis\/elektrotechnik-und-informationstechnik\/oesterreichisches-und-europaeisches-energierecht\/#breadcrumb\"},\"inLanguage\":\"en-US\",\"potentialAction\":[{\"@type\":\"ReadAction\",\"target\":[\"https:\/\/tugraztestweb.asol.at\/gesamtverzeichnis\/elektrotechnik-und-informationstechnik\/oesterreichisches-und-europaeisches-energierecht\/\"]}]},{\"@type\":\"BreadcrumbList\",\"@id\":\"https:\/\/tugraztestweb.asol.at\/gesamtverzeichnis\/elektrotechnik-und-informationstechnik\/oesterreichisches-und-europaeisches-energierecht\/#breadcrumb\",\"itemListElement\":[{\"@type\":\"ListItem\",\"position\":1,\"item\":{\"@type\":\"WebPage\",\"@id\":\"https:\/\/tugraztestweb.asol.at\/\",\"url\":\"https:\/\/tugraztestweb.asol.at\/\",\"name\":\"Home\"}},{\"@type\":\"ListItem\",\"position\":2,\"item\":{\"@type\":\"WebPage\",\"@id\":\"https:\/\/tugraztestweb.asol.at\/gesamtverzeichnis\/\",\"url\":\"https:\/\/tugraztestweb.asol.at\/gesamtverzeichnis\/\",\"name\":\"Gesamtverzeichnis\"}},{\"@type\":\"ListItem\",\"position\":3,\"item\":{\"@type\":\"WebPage\",\"@id\":\"https:\/\/tugraztestweb.asol.at\/gesamtverzeichnis\/elektrotechnik-und-informationstechnik\/oesterreichisches-und-europaeisches-energierecht\/\",\"url\":\"https:\/\/tugraztestweb.asol.at\/gesamtverzeichnis\/elektrotechnik-und-informationstechnik\/oesterreichisches-und-europaeisches-energierecht\/\",\"name\":\"\\u00d6sterreichisches und Europ\\u00e4isches Energierecht\"}}]}]}<\/script>\n<!-- \/ Yoast SEO plugin. -->","_links":{"self":[{"href":"https:\/\/tugraztestweb.asol.at\/en\/wp-json\/wp\/v2\/product\/30065"}],"collection":[{"href":"https:\/\/tugraztestweb.asol.at\/en\/wp-json\/wp\/v2\/product"}],"about":[{"href":"https:\/\/tugraztestweb.asol.at\/en\/wp-json\/wp\/v2\/types\/product"}],"replies":[{"embeddable":true,"href":"https:\/\/tugraztestweb.asol.at\/en\/wp-json\/wp\/v2\/comments?post=30065"}],"wp:featuredmedia":[{"embeddable":true,"href":"https:\/\/tugraztestweb.asol.at\/en\/wp-json\/wp\/v2\/media\/39757"}],"wp:attachment":[{"href":"https:\/\/tugraztestweb.asol.at\/en\/wp-json\/wp\/v2\/media?parent=30065"}],"curies":[{"name":"wp","href":"https:\/\/api.w.org\/{rel}","templated":true}]}}