{"id":30067,"date":"2020-08-21T12:54:14","date_gmt":"2020-08-21T12:54:14","guid":{"rendered":"http:\/\/tugraztestweb.asol.at\/gesamtverzeichnis\/unkategorisiert\/einfluss-der-bewehrungsfuehrung-im-lasteinleitungsbereich-von-flachdecken-auf-die-tragfaehigkeit-von-randstuetzen-decken-knoten\/"},"modified":"2020-08-21T14:55:14","modified_gmt":"2020-08-21T12:55:14","slug":"einfluss-der-bewehrungsfuehrung-im-lasteinleitungsbereich-von-flachdecken-auf-die-tragfaehigkeit-von-randstuetzen-decken-knoten","status":"publish","type":"product","link":"https:\/\/tugraztestweb.asol.at\/en\/gesamtverzeichnis\/bauingenieurwissenschaften\/einfluss-der-bewehrungsfuehrung-im-lasteinleitungsbereich-von-flachdecken-auf-die-tragfaehigkeit-von-randstuetzen-decken-knoten\/","title":{"rendered":"Einfluss der Bewehrungsf\u00fchrung im Lasteinleitungsbereich von Flachdecken auf die Tragf\u00e4higkeit von Randst\u00fctzen-Decken-Knoten"},"content":{"rendered":"<p class=\"qtranxs-available-languages-message qtranxs-available-languages-message-en\">Sorry, this entry is only available in <a href=\"https:\/\/tugraztestweb.asol.at\/de\/wp-json\/wp\/v2\/product\/30067\" class=\"qtranxs-available-language-link qtranxs-available-language-link-de\" title=\"Deutsch\">Deutsch<\/a>.<\/p><p>In der vorliegenden Arbeit wurde der Kraftverlauf von exzentrisch beanspruchten Durchstanzbereichen an Randst\u00fctzen-Decken-Knoten untersucht, da es in der Praxis durch hohe erforderliche Bewehrungsgrade immer wieder zu Problemen bei der konstruktiven Durchbildung kam. Zun\u00e4chst werden die bisherigen Erkenntnisse \u00fcber das Tragverhalten von Randst\u00fctzen-Decken-Knoten zusammengetragen. Zur Erforschung des komplexen Verhaltens im Knotenbereich der Randst\u00fctzen wurden 20 kleine und 3 gro\u00dfe Bauteilversuche an der Materialforschungs- und Pr\u00fcfungsanstalt f\u00fcr das Bauwesen Leipzig durchgef\u00fchrt. Besonderer Wert wurde dabei auf die Verteilung und Verankerung der Zugkr\u00e4fte in der oberen Bewehrungslage und die Untersuchung der Rissbildung gelegt.<br \/>\nIm Ergebnis der Versuchsauswertung, weiterf\u00fchrender theoretischer \u00dcberlegungen und einer Finite Elemente Analyse konnte geschlussfolgert werden, dass eine rahmenartige Bewehrungsf\u00fchrung im \u00fcblichen Hochbau nicht erforderlich ist. Zur Sicherstellung des Kraftflusses bei nicht \u00fcberdr\u00fcckten St\u00fctzen ist eine durchgehende St\u00fctzenbewehrung und der Nachweis der Verankerungsl\u00e4nge der Deckenbewehrung beginnend mit dem St\u00fctzenanschnitt erforderlich.<\/p>","protected":false},"excerpt":{"rendered":"<p class=\"qtranxs-available-languages-message qtranxs-available-languages-message-en\">Sorry, this entry is only available in <a href=\"https:\/\/tugraztestweb.asol.at\/de\/wp-json\/wp\/v2\/product\/30067\" class=\"qtranxs-available-language-link qtranxs-available-language-link-de\" title=\"Deutsch\">Deutsch<\/a>.<\/p>\n<p>In der vorliegenden Arbeit wurde der Kraftverlauf von exzentrisch beanspruchten Durchstanzbereichen an Randst\u00fctzen-Decken-Knoten untersucht, da es in der Praxis durch hohe erforderliche Bewehrungsgrade immer wieder zu Problemen bei der konstruktiven Durchbildung kam. Zun\u00e4chst werden die bisherigen Erkenntnisse \u00fcber das Tragverhalten von Randst\u00fctzen-Decken-Knoten zusammengetragen. Zur Erforschung des komplexen Verhaltens im Knotenbereich der Randst\u00fctzen wurden 20 kleine und 3 gro\u00dfe Bauteilversuche an der Materialforschungs- und Pr\u00fcfungsanstalt f\u00fcr das Bauwesen Leipzig durchgef\u00fchrt. Besonderer Wert wurde dabei auf die Verteilung und Verankerung der Zugkr\u00e4fte in der oberen Bewehrungslage und die Untersuchung der Rissbildung gelegt.<br \/>\nIm Ergebnis der Versuchsauswertung, weiterf\u00fchrender theoretischer \u00dcberlegungen und einer Finite Elemente Analyse konnte geschlussfolgert werden, dass eine rahmenartige Bewehrungsf\u00fchrung im \u00fcblichen Hochbau nicht erforderlich ist. Zur Sicherstellung des Kraftflusses bei nicht \u00fcberdr\u00fcckten St\u00fctzen ist eine durchgehende St\u00fctzenbewehrung und der Nachweis der Verankerungsl\u00e4nge der Deckenbewehrung beginnend mit dem St\u00fctzenanschnitt erforderlich.<\/p>\n","protected":false},"featured_media":39758,"comment_status":"open","ping_status":"closed","template":"","meta":[],"yoast_head":"<!-- This site is optimized with the Yoast SEO plugin v16.1.1 - https:\/\/yoast.com\/wordpress\/plugins\/seo\/ -->\n<link rel=\"canonical\" href=\"https:\/\/tugraztestweb.asol.at\/gesamtverzeichnis\/bauingenieurwissenschaften\/einfluss-der-bewehrungsfuehrung-im-lasteinleitungsbereich-von-flachdecken-auf-die-tragfaehigkeit-von-randstuetzen-decken-knoten\/\" \/>\n<meta property=\"og:locale\" content=\"en_US\" \/>\n<meta property=\"og:type\" content=\"article\" \/>\n<meta property=\"og:title\" content=\"Einfluss der Bewehrungsf\u00fchrung im Lasteinleitungsbereich von Flachdecken auf die Tragf\u00e4higkeit von Randst\u00fctzen-Decken-Knoten - Verlag der TU Graz\" \/>\n<meta property=\"og:description\" content=\"In der vorliegenden Arbeit wurde der Kraftverlauf von exzentrisch beanspruchten Durchstanzbereichen an Randst\u00fctzen-Decken-Knoten untersucht, da es in der Praxis durch hohe erforderliche Bewehrungsgrade immer wieder zu Problemen bei der konstruktiven Durchbildung kam. Zun\u00e4chst werden die bisherigen Erkenntnisse \u00fcber das Tragverhalten von Randst\u00fctzen-Decken-Knoten zusammengetragen. Zur Erforschung des komplexen Verhaltens im Knotenbereich der Randst\u00fctzen wurden 20 kleine und 3 gro\u00dfe Bauteilversuche an der Materialforschungs- und Pr\u00fcfungsanstalt f\u00fcr das Bauwesen Leipzig durchgef\u00fchrt. Besonderer Wert wurde dabei auf die Verteilung und Verankerung der Zugkr\u00e4fte in der oberen Bewehrungslage und die Untersuchung der Rissbildung gelegt. Im Ergebnis der Versuchsauswertung, weiterf\u00fchrender theoretischer \u00dcberlegungen und einer Finite Elemente Analyse konnte geschlussfolgert werden, dass eine rahmenartige Bewehrungsf\u00fchrung im \u00fcblichen Hochbau nicht erforderlich ist. Zur Sicherstellung des Kraftflusses bei nicht \u00fcberdr\u00fcckten St\u00fctzen ist eine durchgehende St\u00fctzenbewehrung und der Nachweis der Verankerungsl\u00e4nge der Deckenbewehrung beginnend mit dem St\u00fctzenanschnitt erforderlich.\" \/>\n<meta property=\"og:url\" content=\"https:\/\/tugraztestweb.asol.at\/gesamtverzeichnis\/bauingenieurwissenschaften\/einfluss-der-bewehrungsfuehrung-im-lasteinleitungsbereich-von-flachdecken-auf-die-tragfaehigkeit-von-randstuetzen-decken-knoten\/\" \/>\n<meta property=\"og:site_name\" content=\"Verlag der TU Graz\" \/>\n<meta property=\"article:modified_time\" content=\"2020-08-21T12:55:14+00:00\" \/>\n<meta property=\"og:image\" content=\"https:\/\/tugraztestweb.asol.at\/wp-content\/uploads\/2020\/08\/image-978-3-85125-205-7.jpg\" \/>\n\t<meta property=\"og:image:width\" content=\"461\" \/>\n\t<meta property=\"og:image:height\" content=\"678\" \/>\n<meta name=\"twitter:card\" content=\"summary_large_image\" \/>\n<meta name=\"twitter:label1\" content=\"Est. reading time\">\n\t<meta name=\"twitter:data1\" content=\"1 minute\">\n<script type=\"application\/ld+json\" class=\"yoast-schema-graph\">{\"@context\":\"https:\/\/schema.org\",\"@graph\":[{\"@type\":\"WebSite\",\"@id\":\"https:\/\/tugraztestweb.asol.at\/#website\",\"url\":\"https:\/\/tugraztestweb.asol.at\/\",\"name\":\"Verlag der TU Graz\",\"description\":\"Verlag der Technischen Universit\\u00e4t Graz\",\"potentialAction\":[{\"@type\":\"SearchAction\",\"target\":\"https:\/\/tugraztestweb.asol.at\/?s={search_term_string}\",\"query-input\":\"required name=search_term_string\"}],\"inLanguage\":\"en-US\"},{\"@type\":\"ImageObject\",\"@id\":\"https:\/\/tugraztestweb.asol.at\/gesamtverzeichnis\/bauingenieurwissenschaften\/einfluss-der-bewehrungsfuehrung-im-lasteinleitungsbereich-von-flachdecken-auf-die-tragfaehigkeit-von-randstuetzen-decken-knoten\/#primaryimage\",\"inLanguage\":\"en-US\",\"url\":\"https:\/\/tugraztestweb.asol.at\/wp-content\/uploads\/2020\/08\/image-978-3-85125-205-7.jpg\",\"contentUrl\":\"https:\/\/tugraztestweb.asol.at\/wp-content\/uploads\/2020\/08\/image-978-3-85125-205-7.jpg\",\"width\":461,\"height\":678},{\"@type\":\"WebPage\",\"@id\":\"https:\/\/tugraztestweb.asol.at\/gesamtverzeichnis\/bauingenieurwissenschaften\/einfluss-der-bewehrungsfuehrung-im-lasteinleitungsbereich-von-flachdecken-auf-die-tragfaehigkeit-von-randstuetzen-decken-knoten\/#webpage\",\"url\":\"https:\/\/tugraztestweb.asol.at\/gesamtverzeichnis\/bauingenieurwissenschaften\/einfluss-der-bewehrungsfuehrung-im-lasteinleitungsbereich-von-flachdecken-auf-die-tragfaehigkeit-von-randstuetzen-decken-knoten\/\",\"name\":\"Einfluss der Bewehrungsf\\u00fchrung im Lasteinleitungsbereich von Flachdecken auf die Tragf\\u00e4higkeit von Randst\\u00fctzen-Decken-Knoten - Verlag der TU Graz\",\"isPartOf\":{\"@id\":\"https:\/\/tugraztestweb.asol.at\/#website\"},\"primaryImageOfPage\":{\"@id\":\"https:\/\/tugraztestweb.asol.at\/gesamtverzeichnis\/bauingenieurwissenschaften\/einfluss-der-bewehrungsfuehrung-im-lasteinleitungsbereich-von-flachdecken-auf-die-tragfaehigkeit-von-randstuetzen-decken-knoten\/#primaryimage\"},\"datePublished\":\"2020-08-21T12:54:14+00:00\",\"dateModified\":\"2020-08-21T12:55:14+00:00\",\"breadcrumb\":{\"@id\":\"https:\/\/tugraztestweb.asol.at\/gesamtverzeichnis\/bauingenieurwissenschaften\/einfluss-der-bewehrungsfuehrung-im-lasteinleitungsbereich-von-flachdecken-auf-die-tragfaehigkeit-von-randstuetzen-decken-knoten\/#breadcrumb\"},\"inLanguage\":\"en-US\",\"potentialAction\":[{\"@type\":\"ReadAction\",\"target\":[\"https:\/\/tugraztestweb.asol.at\/gesamtverzeichnis\/bauingenieurwissenschaften\/einfluss-der-bewehrungsfuehrung-im-lasteinleitungsbereich-von-flachdecken-auf-die-tragfaehigkeit-von-randstuetzen-decken-knoten\/\"]}]},{\"@type\":\"BreadcrumbList\",\"@id\":\"https:\/\/tugraztestweb.asol.at\/gesamtverzeichnis\/bauingenieurwissenschaften\/einfluss-der-bewehrungsfuehrung-im-lasteinleitungsbereich-von-flachdecken-auf-die-tragfaehigkeit-von-randstuetzen-decken-knoten\/#breadcrumb\",\"itemListElement\":[{\"@type\":\"ListItem\",\"position\":1,\"item\":{\"@type\":\"WebPage\",\"@id\":\"https:\/\/tugraztestweb.asol.at\/\",\"url\":\"https:\/\/tugraztestweb.asol.at\/\",\"name\":\"Home\"}},{\"@type\":\"ListItem\",\"position\":2,\"item\":{\"@type\":\"WebPage\",\"@id\":\"https:\/\/tugraztestweb.asol.at\/gesamtverzeichnis\/\",\"url\":\"https:\/\/tugraztestweb.asol.at\/gesamtverzeichnis\/\",\"name\":\"Gesamtverzeichnis\"}},{\"@type\":\"ListItem\",\"position\":3,\"item\":{\"@type\":\"WebPage\",\"@id\":\"https:\/\/tugraztestweb.asol.at\/gesamtverzeichnis\/bauingenieurwissenschaften\/einfluss-der-bewehrungsfuehrung-im-lasteinleitungsbereich-von-flachdecken-auf-die-tragfaehigkeit-von-randstuetzen-decken-knoten\/\",\"url\":\"https:\/\/tugraztestweb.asol.at\/gesamtverzeichnis\/bauingenieurwissenschaften\/einfluss-der-bewehrungsfuehrung-im-lasteinleitungsbereich-von-flachdecken-auf-die-tragfaehigkeit-von-randstuetzen-decken-knoten\/\",\"name\":\"Einfluss der Bewehrungsf\\u00fchrung im Lasteinleitungsbereich von Flachdecken auf die Tragf\\u00e4higkeit von Randst\\u00fctzen-Decken-Knoten\"}}]}]}<\/script>\n<!-- \/ Yoast SEO plugin. -->","_links":{"self":[{"href":"https:\/\/tugraztestweb.asol.at\/en\/wp-json\/wp\/v2\/product\/30067"}],"collection":[{"href":"https:\/\/tugraztestweb.asol.at\/en\/wp-json\/wp\/v2\/product"}],"about":[{"href":"https:\/\/tugraztestweb.asol.at\/en\/wp-json\/wp\/v2\/types\/product"}],"replies":[{"embeddable":true,"href":"https:\/\/tugraztestweb.asol.at\/en\/wp-json\/wp\/v2\/comments?post=30067"}],"wp:featuredmedia":[{"embeddable":true,"href":"https:\/\/tugraztestweb.asol.at\/en\/wp-json\/wp\/v2\/media\/39758"}],"wp:attachment":[{"href":"https:\/\/tugraztestweb.asol.at\/en\/wp-json\/wp\/v2\/media?parent=30067"}],"curies":[{"name":"wp","href":"https:\/\/api.w.org\/{rel}","templated":true}]}}