{"id":30069,"date":"2020-10-23T10:57:12","date_gmt":"2020-10-23T10:57:12","guid":{"rendered":"http:\/\/tugraztestweb.asol.at\/gesamtverzeichnis\/unkategorisiert\/mediterranes-oekosystem\/"},"modified":"2020-10-23T12:58:13","modified_gmt":"2020-10-23T10:58:13","slug":"mediterranes-oekosystem","status":"publish","type":"product","link":"https:\/\/tugraztestweb.asol.at\/en\/gesamtverzeichnis\/architektur\/mediterranes-oekosystem\/","title":{"rendered":"Mediterranes \u00d6kosystem"},"content":{"rendered":"<p class=\"qtranxs-available-languages-message qtranxs-available-languages-message-en\">Sorry, this entry is only available in <a href=\"https:\/\/tugraztestweb.asol.at\/de\/wp-json\/wp\/v2\/product\/30069\" class=\"qtranxs-available-language-link qtranxs-available-language-link-de\" title=\"Deutsch\">Deutsch<\/a>.<\/p><p>Die Kykladeninsel Tinos ist f\u00fcr unz\u00e4hlige, pr\u00e4chtig gestaltete Taubenh\u00e4user bekannt und zugleich die heilige Insel der Griechisch-Orthodoxen Kirche. Die Publikation versucht das historische \u00d6kosystem der Insel darzustellen. Bauten und Baudetails werden nach einem architekturethnologischen Ansatz untersucht. Interessant sind die vielen zweischiffigen Kirchen, die mit der etwa zur H\u00e4lfte r\u00f6misch-katholischen Bev\u00f6lkerung zusammenh\u00e4ngen. Diese Sakralbauten wurden fast alle unter Verwendung von Kraggew\u00f6lben errichtet, das auch f\u00fcr Wohnh\u00e4user, Wind- und Wasserm\u00fchlen, Quellfassungen, Brunnen-, Wasch- und Wasserh\u00e4user, Stallungen und Bootsh\u00e4user verwendet wurde. Konstruktiv ist die Insel archaisch. Es gibt aber auch immer noch ganz eigenartige h\u00f6lzerne Fallenschl\u00f6sser f\u00fcr T\u00fcren und Bienenhaltung in Amphoren. Es konnte eine Architekturentwicklung skizziert werden, die oft auf \u00e4u\u00dfere Einfl\u00fcsse zur\u00fcckgeht. So brachten die Osmanen die Taubenh\u00e4user, obwohl heftig bestritten, auf die Insel und viele Stallbauten m\u00fcssen auf mehrere extrem kalte Winter in der Vergangenheit zur\u00fcckgehen. Es werden Beispiele von fast allen Bautypen in Photos und ma\u00dfst\u00e4blichen Pl\u00e4nen wiedergegeben sowie funktional und konstruktiv besprochen. Es wird den Kultur- und Naturlandschaften der Insel Raum gegeben. Die Arbeit ist ein Zeitdokument einer inzwischen auch auf Tinos dem Untergang geweihten kulturellen \u00d6konische, die im Schatten von Mykonos etwas zeitversetzt ihre Besonderheiten durch moderne Lebensformen und neue kommerzielle Rahmenbedingungen verliert.<\/p>","protected":false},"excerpt":{"rendered":"<p class=\"qtranxs-available-languages-message qtranxs-available-languages-message-en\">Sorry, this entry is only available in <a href=\"https:\/\/tugraztestweb.asol.at\/de\/wp-json\/wp\/v2\/product\/30069\" class=\"qtranxs-available-language-link qtranxs-available-language-link-de\" title=\"Deutsch\">Deutsch<\/a>.<\/p>\n<p>Die Kykladeninsel Tinos ist f\u00fcr unz\u00e4hlige, pr\u00e4chtig gestaltete Taubenh\u00e4user bekannt und zugleich die heilige Insel der Griechisch-Orthodoxen Kirche. Die Publikation versucht das historische \u00d6kosystem der Insel darzustellen. Bauten und Baudetails werden nach einem architekturethnologischen Ansatz untersucht. Interessant sind die vielen zweischiffigen Kirchen, die mit der etwa zur H\u00e4lfte r\u00f6misch-katholischen Bev\u00f6lkerung zusammenh\u00e4ngen. Diese Sakralbauten wurden fast alle unter Verwendung von Kraggew\u00f6lben errichtet, das auch f\u00fcr Wohnh\u00e4user, Wind- und Wasserm\u00fchlen, Quellfassungen, Brunnen-, Wasch- und Wasserh\u00e4user, Stallungen und Bootsh\u00e4user verwendet wurde. Konstruktiv ist die Insel archaisch. Es gibt aber auch immer noch ganz eigenartige h\u00f6lzerne Fallenschl\u00f6sser f\u00fcr T\u00fcren und Bienenhaltung in Amphoren. Es konnte eine Architekturentwicklung skizziert werden, die oft auf \u00e4u\u00dfere Einfl\u00fcsse zur\u00fcckgeht. So brachten die Osmanen die Taubenh\u00e4user, obwohl heftig bestritten, auf die Insel und viele Stallbauten m\u00fcssen auf mehrere extrem kalte Winter in der Vergangenheit zur\u00fcckgehen. Es werden Beispiele von fast allen Bautypen in Photos und ma\u00dfst\u00e4blichen Pl\u00e4nen wiedergegeben sowie funktional und konstruktiv besprochen. Es wird den Kultur- und Naturlandschaften der Insel Raum gegeben. Die Arbeit ist ein Zeitdokument einer inzwischen auch auf Tinos dem Untergang geweihten kulturellen \u00d6konische, die im Schatten von Mykonos etwas zeitversetzt ihre Besonderheiten durch moderne Lebensformen und neue kommerzielle Rahmenbedingungen verliert.<\/p>\n","protected":false},"featured_media":39759,"comment_status":"open","ping_status":"closed","template":"","meta":[],"yoast_head":"<!-- This site is optimized with the Yoast SEO plugin v16.1.1 - https:\/\/yoast.com\/wordpress\/plugins\/seo\/ -->\n<link rel=\"canonical\" href=\"https:\/\/tugraztestweb.asol.at\/gesamtverzeichnis\/architektur\/mediterranes-oekosystem\/\" \/>\n<meta property=\"og:locale\" content=\"en_US\" \/>\n<meta property=\"og:type\" content=\"article\" \/>\n<meta property=\"og:title\" content=\"Mediterranes \u00d6kosystem - Verlag der TU Graz\" \/>\n<meta property=\"og:description\" content=\"Die Kykladeninsel Tinos ist f\u00fcr unz\u00e4hlige, pr\u00e4chtig gestaltete Taubenh\u00e4user bekannt und zugleich die heilige Insel der Griechisch-Orthodoxen Kirche. Die Publikation versucht das historische \u00d6kosystem der Insel darzustellen. Bauten und Baudetails werden nach einem architekturethnologischen Ansatz untersucht. Interessant sind die vielen zweischiffigen Kirchen, die mit der etwa zur H\u00e4lfte r\u00f6misch-katholischen Bev\u00f6lkerung zusammenh\u00e4ngen. Diese Sakralbauten wurden fast alle unter Verwendung von Kraggew\u00f6lben errichtet, das auch f\u00fcr Wohnh\u00e4user, Wind- und Wasserm\u00fchlen, Quellfassungen, Brunnen-, Wasch- und Wasserh\u00e4user, Stallungen und Bootsh\u00e4user verwendet wurde. Konstruktiv ist die Insel archaisch. Es gibt aber auch immer noch ganz eigenartige h\u00f6lzerne Fallenschl\u00f6sser f\u00fcr T\u00fcren und Bienenhaltung in Amphoren. Es konnte eine Architekturentwicklung skizziert werden, die oft auf \u00e4u\u00dfere Einfl\u00fcsse zur\u00fcckgeht. So brachten die Osmanen die Taubenh\u00e4user, obwohl heftig bestritten, auf die Insel und viele Stallbauten m\u00fcssen auf mehrere extrem kalte Winter in der Vergangenheit zur\u00fcckgehen. Es werden Beispiele von fast allen Bautypen in Photos und ma\u00dfst\u00e4blichen Pl\u00e4nen wiedergegeben sowie funktional und konstruktiv besprochen. Es wird den Kultur- und Naturlandschaften der Insel Raum gegeben. Die Arbeit ist ein Zeitdokument einer inzwischen auch auf Tinos dem Untergang geweihten kulturellen \u00d6konische, die im Schatten von Mykonos etwas zeitversetzt ihre Besonderheiten durch moderne Lebensformen und neue kommerzielle Rahmenbedingungen verliert.\" \/>\n<meta property=\"og:url\" content=\"https:\/\/tugraztestweb.asol.at\/gesamtverzeichnis\/architektur\/mediterranes-oekosystem\/\" \/>\n<meta property=\"og:site_name\" content=\"Verlag der TU Graz\" \/>\n<meta property=\"article:modified_time\" content=\"2020-10-23T10:58:13+00:00\" \/>\n<meta property=\"og:image\" content=\"https:\/\/tugraztestweb.asol.at\/wp-content\/uploads\/2020\/10\/image-978-3-85125-204-0.jpg\" \/>\n\t<meta property=\"og:image:width\" content=\"582\" \/>\n\t<meta property=\"og:image:height\" content=\"806\" \/>\n<meta name=\"twitter:card\" content=\"summary_large_image\" \/>\n<meta name=\"twitter:label1\" content=\"Est. reading time\">\n\t<meta name=\"twitter:data1\" content=\"1 minute\">\n<script type=\"application\/ld+json\" class=\"yoast-schema-graph\">{\"@context\":\"https:\/\/schema.org\",\"@graph\":[{\"@type\":\"WebSite\",\"@id\":\"https:\/\/tugraztestweb.asol.at\/#website\",\"url\":\"https:\/\/tugraztestweb.asol.at\/\",\"name\":\"Verlag der TU Graz\",\"description\":\"Verlag der Technischen Universit\\u00e4t Graz\",\"potentialAction\":[{\"@type\":\"SearchAction\",\"target\":\"https:\/\/tugraztestweb.asol.at\/?s={search_term_string}\",\"query-input\":\"required name=search_term_string\"}],\"inLanguage\":\"en-US\"},{\"@type\":\"ImageObject\",\"@id\":\"https:\/\/tugraztestweb.asol.at\/gesamtverzeichnis\/architektur\/mediterranes-oekosystem\/#primaryimage\",\"inLanguage\":\"en-US\",\"url\":\"https:\/\/tugraztestweb.asol.at\/wp-content\/uploads\/2020\/10\/image-978-3-85125-204-0.jpg\",\"contentUrl\":\"https:\/\/tugraztestweb.asol.at\/wp-content\/uploads\/2020\/10\/image-978-3-85125-204-0.jpg\",\"width\":582,\"height\":806},{\"@type\":\"WebPage\",\"@id\":\"https:\/\/tugraztestweb.asol.at\/gesamtverzeichnis\/architektur\/mediterranes-oekosystem\/#webpage\",\"url\":\"https:\/\/tugraztestweb.asol.at\/gesamtverzeichnis\/architektur\/mediterranes-oekosystem\/\",\"name\":\"Mediterranes \\u00d6kosystem - Verlag der TU Graz\",\"isPartOf\":{\"@id\":\"https:\/\/tugraztestweb.asol.at\/#website\"},\"primaryImageOfPage\":{\"@id\":\"https:\/\/tugraztestweb.asol.at\/gesamtverzeichnis\/architektur\/mediterranes-oekosystem\/#primaryimage\"},\"datePublished\":\"2020-10-23T10:57:12+00:00\",\"dateModified\":\"2020-10-23T10:58:13+00:00\",\"breadcrumb\":{\"@id\":\"https:\/\/tugraztestweb.asol.at\/gesamtverzeichnis\/architektur\/mediterranes-oekosystem\/#breadcrumb\"},\"inLanguage\":\"en-US\",\"potentialAction\":[{\"@type\":\"ReadAction\",\"target\":[\"https:\/\/tugraztestweb.asol.at\/gesamtverzeichnis\/architektur\/mediterranes-oekosystem\/\"]}]},{\"@type\":\"BreadcrumbList\",\"@id\":\"https:\/\/tugraztestweb.asol.at\/gesamtverzeichnis\/architektur\/mediterranes-oekosystem\/#breadcrumb\",\"itemListElement\":[{\"@type\":\"ListItem\",\"position\":1,\"item\":{\"@type\":\"WebPage\",\"@id\":\"https:\/\/tugraztestweb.asol.at\/\",\"url\":\"https:\/\/tugraztestweb.asol.at\/\",\"name\":\"Home\"}},{\"@type\":\"ListItem\",\"position\":2,\"item\":{\"@type\":\"WebPage\",\"@id\":\"https:\/\/tugraztestweb.asol.at\/gesamtverzeichnis\/\",\"url\":\"https:\/\/tugraztestweb.asol.at\/gesamtverzeichnis\/\",\"name\":\"Gesamtverzeichnis\"}},{\"@type\":\"ListItem\",\"position\":3,\"item\":{\"@type\":\"WebPage\",\"@id\":\"https:\/\/tugraztestweb.asol.at\/gesamtverzeichnis\/architektur\/mediterranes-oekosystem\/\",\"url\":\"https:\/\/tugraztestweb.asol.at\/gesamtverzeichnis\/architektur\/mediterranes-oekosystem\/\",\"name\":\"Mediterranes \\u00d6kosystem\"}}]}]}<\/script>\n<!-- \/ Yoast SEO plugin. -->","_links":{"self":[{"href":"https:\/\/tugraztestweb.asol.at\/en\/wp-json\/wp\/v2\/product\/30069"}],"collection":[{"href":"https:\/\/tugraztestweb.asol.at\/en\/wp-json\/wp\/v2\/product"}],"about":[{"href":"https:\/\/tugraztestweb.asol.at\/en\/wp-json\/wp\/v2\/types\/product"}],"replies":[{"embeddable":true,"href":"https:\/\/tugraztestweb.asol.at\/en\/wp-json\/wp\/v2\/comments?post=30069"}],"wp:featuredmedia":[{"embeddable":true,"href":"https:\/\/tugraztestweb.asol.at\/en\/wp-json\/wp\/v2\/media\/39759"}],"wp:attachment":[{"href":"https:\/\/tugraztestweb.asol.at\/en\/wp-json\/wp\/v2\/media?parent=30069"}],"curies":[{"name":"wp","href":"https:\/\/api.w.org\/{rel}","templated":true}]}}