{"id":30075,"date":"2020-08-21T12:54:17","date_gmt":"2020-08-21T12:54:17","guid":{"rendered":"http:\/\/tugraztestweb.asol.at\/gesamtverzeichnis\/unkategorisiert\/tu-graz-art-guide\/"},"modified":"2020-08-21T14:55:17","modified_gmt":"2020-08-21T12:55:17","slug":"tu-graz-art-guide","status":"publish","type":"product","link":"https:\/\/tugraztestweb.asol.at\/en\/gesamtverzeichnis\/interdiszipinaeres\/tu-graz-art-guide\/","title":{"rendered":"TU Graz Art Guide"},"content":{"rendered":"<p class=\"qtranxs-available-languages-message qtranxs-available-languages-message-en\">Sorry, this entry is only available in <a href=\"https:\/\/tugraztestweb.asol.at\/de\/wp-json\/wp\/v2\/product\/30075\" class=\"qtranxs-available-language-link qtranxs-available-language-link-de\" title=\"Deutsch\">Deutsch<\/a>.<\/p><p>Die Kunstwerke an der Technischen Universit\u00e4t Graz zeugen davon, dass Kunst und Technik kein Widerspruch sind, sondern einander auf vielf\u00e4ltige Weise bereichern k\u00f6nnen. Die Geschichte des Hauses, die nun schon \u00fcber 200 Jahre w\u00e4hrt, ist nicht nur durch wissenschaftliche Erfolge gekr\u00f6nt, sondern auch durch ein reges k\u00fcnstlerisches Schaffen. Der mit zahlreichen Fotografien ausgestattete \u201eTU Graz Art Guide\u201c versteht sich als Wegweiser durch die Technische Universit\u00e4t, anhand welchem sich die Leserinnen und Leser zu den Kunstwerken am Campus informieren k\u00f6nnen. Im ersten Teil des Buches sind alle \u201eKunst-am-Bau\u201c-Projekte angef\u00fchrt, im zweiten Teil alle Kunstobjekte, die nicht in diese Initiative fallen und auf Veranlassung der Universit\u00e4t selbst angeschafft wurden. Neben den Beschreibungen der Kunstwerke werden ebenso die K\u00fcnstlerinnen und K\u00fcnstler hinter den Exponaten vorgestellt. \u201eDie Kunst erfreut, es n\u00fctzt die Wissenschaft. Wo aber ist ein Nutzen ohne Freude, wo eine Freude, die nicht n\u00fctzlich ist?\u201c (Ernst Raupach)<\/p>","protected":false},"excerpt":{"rendered":"<p class=\"qtranxs-available-languages-message qtranxs-available-languages-message-en\">Sorry, this entry is only available in <a href=\"https:\/\/tugraztestweb.asol.at\/de\/wp-json\/wp\/v2\/product\/30075\" class=\"qtranxs-available-language-link qtranxs-available-language-link-de\" title=\"Deutsch\">Deutsch<\/a>.<\/p>\n<p>Die Kunstwerke an der Technischen Universit\u00e4t Graz zeugen davon, dass Kunst und Technik kein Widerspruch sind, sondern einander auf vielf\u00e4ltige Weise bereichern k\u00f6nnen. Die Geschichte des Hauses, die nun schon \u00fcber 200 Jahre w\u00e4hrt, ist nicht nur durch wissenschaftliche Erfolge gekr\u00f6nt, sondern auch durch ein reges k\u00fcnstlerisches Schaffen. Der mit zahlreichen Fotografien ausgestattete \u201eTU Graz Art Guide\u201c versteht sich als Wegweiser durch die Technische Universit\u00e4t, anhand welchem sich die Leserinnen und Leser zu den Kunstwerken am Campus informieren k\u00f6nnen. Im ersten Teil des Buches sind alle \u201eKunst-am-Bau\u201c-Projekte angef\u00fchrt, im zweiten Teil alle Kunstobjekte, die nicht in diese Initiative fallen und auf Veranlassung der Universit\u00e4t selbst angeschafft wurden. Neben den Beschreibungen der Kunstwerke werden ebenso die K\u00fcnstlerinnen und K\u00fcnstler hinter den Exponaten vorgestellt. \u201eDie Kunst erfreut, es n\u00fctzt die Wissenschaft. Wo aber ist ein Nutzen ohne Freude, wo eine Freude, die nicht n\u00fctzlich ist?\u201c (Ernst Raupach)<\/p>\n","protected":false},"featured_media":39762,"comment_status":"open","ping_status":"closed","template":"","meta":[],"yoast_head":"<!-- This site is optimized with the Yoast SEO plugin v16.1.1 - https:\/\/yoast.com\/wordpress\/plugins\/seo\/ -->\n<link rel=\"canonical\" href=\"https:\/\/tugraztestweb.asol.at\/gesamtverzeichnis\/interdiszipinaeres\/tu-graz-art-guide\/\" \/>\n<meta property=\"og:locale\" content=\"en_US\" \/>\n<meta property=\"og:type\" content=\"article\" \/>\n<meta property=\"og:title\" content=\"TU Graz Art Guide - Verlag der TU Graz\" \/>\n<meta property=\"og:description\" content=\"Die Kunstwerke an der Technischen Universit\u00e4t Graz zeugen davon, dass Kunst und Technik kein Widerspruch sind, sondern einander auf vielf\u00e4ltige Weise bereichern k\u00f6nnen. Die Geschichte des Hauses, die nun schon \u00fcber 200 Jahre w\u00e4hrt, ist nicht nur durch wissenschaftliche Erfolge gekr\u00f6nt, sondern auch durch ein reges k\u00fcnstlerisches Schaffen. Der mit zahlreichen Fotografien ausgestattete \u201eTU Graz Art Guide\u201c versteht sich als Wegweiser durch die Technische Universit\u00e4t, anhand welchem sich die Leserinnen und Leser zu den Kunstwerken am Campus informieren k\u00f6nnen. Im ersten Teil des Buches sind alle \u201eKunst-am-Bau\u201c-Projekte angef\u00fchrt, im zweiten Teil alle Kunstobjekte, die nicht in diese Initiative fallen und auf Veranlassung der Universit\u00e4t selbst angeschafft wurden. Neben den Beschreibungen der Kunstwerke werden ebenso die K\u00fcnstlerinnen und K\u00fcnstler hinter den Exponaten vorgestellt. \u201eDie Kunst erfreut, es n\u00fctzt die Wissenschaft. Wo aber ist ein Nutzen ohne Freude, wo eine Freude, die nicht n\u00fctzlich ist?\u201c (Ernst Raupach)\" \/>\n<meta property=\"og:url\" content=\"https:\/\/tugraztestweb.asol.at\/gesamtverzeichnis\/interdiszipinaeres\/tu-graz-art-guide\/\" \/>\n<meta property=\"og:site_name\" content=\"Verlag der TU Graz\" \/>\n<meta property=\"article:modified_time\" content=\"2020-08-21T12:55:17+00:00\" \/>\n<meta property=\"og:image\" content=\"https:\/\/tugraztestweb.asol.at\/wp-content\/uploads\/2020\/08\/image-978-3-85125-169-2.jpg\" \/>\n\t<meta property=\"og:image:width\" content=\"654\" \/>\n\t<meta property=\"og:image:height\" content=\"812\" \/>\n<meta name=\"twitter:card\" content=\"summary_large_image\" \/>\n<meta name=\"twitter:label1\" content=\"Est. reading time\">\n\t<meta name=\"twitter:data1\" content=\"1 minute\">\n<script type=\"application\/ld+json\" class=\"yoast-schema-graph\">{\"@context\":\"https:\/\/schema.org\",\"@graph\":[{\"@type\":\"WebSite\",\"@id\":\"https:\/\/tugraztestweb.asol.at\/#website\",\"url\":\"https:\/\/tugraztestweb.asol.at\/\",\"name\":\"Verlag der TU Graz\",\"description\":\"Verlag der Technischen Universit\\u00e4t Graz\",\"potentialAction\":[{\"@type\":\"SearchAction\",\"target\":\"https:\/\/tugraztestweb.asol.at\/?s={search_term_string}\",\"query-input\":\"required name=search_term_string\"}],\"inLanguage\":\"en-US\"},{\"@type\":\"ImageObject\",\"@id\":\"https:\/\/tugraztestweb.asol.at\/gesamtverzeichnis\/interdiszipinaeres\/tu-graz-art-guide\/#primaryimage\",\"inLanguage\":\"en-US\",\"url\":\"https:\/\/tugraztestweb.asol.at\/wp-content\/uploads\/2020\/08\/image-978-3-85125-169-2.jpg\",\"contentUrl\":\"https:\/\/tugraztestweb.asol.at\/wp-content\/uploads\/2020\/08\/image-978-3-85125-169-2.jpg\",\"width\":654,\"height\":812},{\"@type\":\"WebPage\",\"@id\":\"https:\/\/tugraztestweb.asol.at\/gesamtverzeichnis\/interdiszipinaeres\/tu-graz-art-guide\/#webpage\",\"url\":\"https:\/\/tugraztestweb.asol.at\/gesamtverzeichnis\/interdiszipinaeres\/tu-graz-art-guide\/\",\"name\":\"TU Graz Art Guide - Verlag der TU Graz\",\"isPartOf\":{\"@id\":\"https:\/\/tugraztestweb.asol.at\/#website\"},\"primaryImageOfPage\":{\"@id\":\"https:\/\/tugraztestweb.asol.at\/gesamtverzeichnis\/interdiszipinaeres\/tu-graz-art-guide\/#primaryimage\"},\"datePublished\":\"2020-08-21T12:54:17+00:00\",\"dateModified\":\"2020-08-21T12:55:17+00:00\",\"breadcrumb\":{\"@id\":\"https:\/\/tugraztestweb.asol.at\/gesamtverzeichnis\/interdiszipinaeres\/tu-graz-art-guide\/#breadcrumb\"},\"inLanguage\":\"en-US\",\"potentialAction\":[{\"@type\":\"ReadAction\",\"target\":[\"https:\/\/tugraztestweb.asol.at\/gesamtverzeichnis\/interdiszipinaeres\/tu-graz-art-guide\/\"]}]},{\"@type\":\"BreadcrumbList\",\"@id\":\"https:\/\/tugraztestweb.asol.at\/gesamtverzeichnis\/interdiszipinaeres\/tu-graz-art-guide\/#breadcrumb\",\"itemListElement\":[{\"@type\":\"ListItem\",\"position\":1,\"item\":{\"@type\":\"WebPage\",\"@id\":\"https:\/\/tugraztestweb.asol.at\/\",\"url\":\"https:\/\/tugraztestweb.asol.at\/\",\"name\":\"Home\"}},{\"@type\":\"ListItem\",\"position\":2,\"item\":{\"@type\":\"WebPage\",\"@id\":\"https:\/\/tugraztestweb.asol.at\/gesamtverzeichnis\/\",\"url\":\"https:\/\/tugraztestweb.asol.at\/gesamtverzeichnis\/\",\"name\":\"Gesamtverzeichnis\"}},{\"@type\":\"ListItem\",\"position\":3,\"item\":{\"@type\":\"WebPage\",\"@id\":\"https:\/\/tugraztestweb.asol.at\/gesamtverzeichnis\/interdiszipinaeres\/tu-graz-art-guide\/\",\"url\":\"https:\/\/tugraztestweb.asol.at\/gesamtverzeichnis\/interdiszipinaeres\/tu-graz-art-guide\/\",\"name\":\"TU Graz Art Guide\"}}]}]}<\/script>\n<!-- \/ Yoast SEO plugin. -->","_links":{"self":[{"href":"https:\/\/tugraztestweb.asol.at\/en\/wp-json\/wp\/v2\/product\/30075"}],"collection":[{"href":"https:\/\/tugraztestweb.asol.at\/en\/wp-json\/wp\/v2\/product"}],"about":[{"href":"https:\/\/tugraztestweb.asol.at\/en\/wp-json\/wp\/v2\/types\/product"}],"replies":[{"embeddable":true,"href":"https:\/\/tugraztestweb.asol.at\/en\/wp-json\/wp\/v2\/comments?post=30075"}],"wp:featuredmedia":[{"embeddable":true,"href":"https:\/\/tugraztestweb.asol.at\/en\/wp-json\/wp\/v2\/media\/39762"}],"wp:attachment":[{"href":"https:\/\/tugraztestweb.asol.at\/en\/wp-json\/wp\/v2\/media?parent=30075"}],"curies":[{"name":"wp","href":"https:\/\/api.w.org\/{rel}","templated":true}]}}