{"id":30080,"date":"2020-08-21T12:54:17","date_gmt":"2020-08-21T12:54:17","guid":{"rendered":"http:\/\/tugraztestweb.asol.at\/gesamtverzeichnis\/unkategorisiert\/100-jahre-institut-fuer-baustatik\/"},"modified":"2020-08-21T14:55:17","modified_gmt":"2020-08-21T12:55:17","slug":"100-jahre-institut-fuer-baustatik","status":"publish","type":"product","link":"https:\/\/tugraztestweb.asol.at\/en\/gesamtverzeichnis\/bauingenieurwissenschaften\/100-jahre-institut-fuer-baustatik\/","title":{"rendered":"100 Jahre Institut f\u00fcr Baustatik"},"content":{"rendered":"<p class=\"qtranxs-available-languages-message qtranxs-available-languages-message-en\">Sorry, this entry is only available in <a href=\"https:\/\/tugraztestweb.asol.at\/de\/wp-json\/wp\/v2\/product\/30080\" class=\"qtranxs-available-language-link qtranxs-available-language-link-de\" title=\"Deutsch\">Deutsch<\/a>.<\/p><p>Im Jahr 2012 feiert das Institut f\u00fcr Baustatik sein 100-j\u00e4hriges Bestehen an der<br \/>\nTechnischen Universit\u00e4t Graz. Die Festschrift in Ihren H\u00e4nden ist zu diesem Anlass<br \/>\nentstanden. Sie zeigt die Entwicklung des Instituts, die Vorst\u00e4nde und deren<br \/>\nWirkungsbereiche im praktischen und universit\u00e4ren Bereich ab 1912 in einem historischen<br \/>\n\u00dcberblick. Die wissenschaftlichen Arbeiten, Forschungsschwerpunkte<br \/>\nund Projekte der 19-j\u00e4hrigen Amtszeit von O.Univ.-Prof. Dipl.-Ing. Dr.techn.<br \/>\nGernot Beer, der noch im selben Jahr emeritieren wird, werden dabei besonders<br \/>\nbeleuchtet.<\/p>","protected":false},"excerpt":{"rendered":"<p class=\"qtranxs-available-languages-message qtranxs-available-languages-message-en\">Sorry, this entry is only available in <a href=\"https:\/\/tugraztestweb.asol.at\/de\/wp-json\/wp\/v2\/product\/30080\" class=\"qtranxs-available-language-link qtranxs-available-language-link-de\" title=\"Deutsch\">Deutsch<\/a>.<\/p>\n<p>Im Jahr 2012 feiert das Institut f\u00fcr Baustatik sein 100-j\u00e4hriges Bestehen an der<br \/>\nTechnischen Universit\u00e4t Graz. Die Festschrift in Ihren H\u00e4nden ist zu diesem Anlass<br \/>\nentstanden. Sie zeigt die Entwicklung des Instituts, die Vorst\u00e4nde und deren<br \/>\nWirkungsbereiche im praktischen und universit\u00e4ren Bereich ab 1912 in einem historischen<br \/>\n\u00dcberblick. Die wissenschaftlichen Arbeiten, Forschungsschwerpunkte<br \/>\nund Projekte der 19-j\u00e4hrigen Amtszeit von O.Univ.-Prof. Dipl.-Ing. Dr.techn.<br \/>\nGernot Beer, der noch im selben Jahr emeritieren wird, werden dabei besonders<br \/>\nbeleuchtet.<\/p>\n","protected":false},"featured_media":39764,"comment_status":"open","ping_status":"closed","template":"","meta":[],"yoast_head":"<!-- This site is optimized with the Yoast SEO plugin v16.1.1 - https:\/\/yoast.com\/wordpress\/plugins\/seo\/ -->\n<link rel=\"canonical\" href=\"https:\/\/tugraztestweb.asol.at\/en\/gesamtverzeichnis\/bauingenieurwissenschaften\/100-jahre-institut-fuer-baustatik\/\" \/>\n<meta property=\"og:locale\" content=\"en_US\" \/>\n<meta property=\"og:type\" content=\"article\" \/>\n<meta property=\"og:title\" content=\"100 Jahre Institut f\u00fcr Baustatik - Verlag der TU Graz\" \/>\n<meta property=\"og:description\" content=\"Im Jahr 2012 feiert das Institut f\u00fcr Baustatik sein 100-j\u00e4hriges Bestehen an der Technischen Universit\u00e4t Graz. Die Festschrift in Ihren H\u00e4nden ist zu diesem Anlass entstanden. Sie zeigt die Entwicklung des Instituts, die Vorst\u00e4nde und deren Wirkungsbereiche im praktischen und universit\u00e4ren Bereich ab 1912 in einem historischen \u00dcberblick. Die wissenschaftlichen Arbeiten, Forschungsschwerpunkte und Projekte der 19-j\u00e4hrigen Amtszeit von O.Univ.-Prof. Dipl.-Ing. Dr.techn. Gernot Beer, der noch im selben Jahr emeritieren wird, werden dabei besonders beleuchtet.\" \/>\n<meta property=\"og:url\" content=\"https:\/\/tugraztestweb.asol.at\/en\/gesamtverzeichnis\/bauingenieurwissenschaften\/100-jahre-institut-fuer-baustatik\/\" \/>\n<meta property=\"og:site_name\" content=\"Verlag der TU Graz\" \/>\n<meta property=\"article:modified_time\" content=\"2020-08-21T12:55:17+00:00\" \/>\n<meta property=\"og:image\" content=\"https:\/\/tugraztestweb.asol.at\/wp-content\/uploads\/2020\/08\/image-978-3-85125-208-8.jpg\" \/>\n\t<meta property=\"og:image:width\" content=\"458\" \/>\n\t<meta property=\"og:image:height\" content=\"675\" \/>\n<meta name=\"twitter:card\" content=\"summary_large_image\" \/>\n<script type=\"application\/ld+json\" class=\"yoast-schema-graph\">{\"@context\":\"https:\/\/schema.org\",\"@graph\":[{\"@type\":\"WebSite\",\"@id\":\"https:\/\/tugraztestweb.asol.at\/#website\",\"url\":\"https:\/\/tugraztestweb.asol.at\/\",\"name\":\"Verlag der TU Graz\",\"description\":\"Verlag der Technischen Universit\\u00e4t Graz\",\"potentialAction\":[{\"@type\":\"SearchAction\",\"target\":\"https:\/\/tugraztestweb.asol.at\/?s={search_term_string}\",\"query-input\":\"required name=search_term_string\"}],\"inLanguage\":\"en-US\"},{\"@type\":\"ImageObject\",\"@id\":\"https:\/\/tugraztestweb.asol.at\/en\/gesamtverzeichnis\/bauingenieurwissenschaften\/100-jahre-institut-fuer-baustatik\/#primaryimage\",\"inLanguage\":\"en-US\",\"url\":\"https:\/\/tugraztestweb.asol.at\/wp-content\/uploads\/2020\/08\/image-978-3-85125-208-8.jpg\",\"contentUrl\":\"https:\/\/tugraztestweb.asol.at\/wp-content\/uploads\/2020\/08\/image-978-3-85125-208-8.jpg\",\"width\":458,\"height\":675},{\"@type\":\"WebPage\",\"@id\":\"https:\/\/tugraztestweb.asol.at\/en\/gesamtverzeichnis\/bauingenieurwissenschaften\/100-jahre-institut-fuer-baustatik\/#webpage\",\"url\":\"https:\/\/tugraztestweb.asol.at\/en\/gesamtverzeichnis\/bauingenieurwissenschaften\/100-jahre-institut-fuer-baustatik\/\",\"name\":\"100 Jahre Institut f\\u00fcr Baustatik - Verlag der TU Graz\",\"isPartOf\":{\"@id\":\"https:\/\/tugraztestweb.asol.at\/#website\"},\"primaryImageOfPage\":{\"@id\":\"https:\/\/tugraztestweb.asol.at\/en\/gesamtverzeichnis\/bauingenieurwissenschaften\/100-jahre-institut-fuer-baustatik\/#primaryimage\"},\"datePublished\":\"2020-08-21T12:54:17+00:00\",\"dateModified\":\"2020-08-21T12:55:17+00:00\",\"breadcrumb\":{\"@id\":\"https:\/\/tugraztestweb.asol.at\/en\/gesamtverzeichnis\/bauingenieurwissenschaften\/100-jahre-institut-fuer-baustatik\/#breadcrumb\"},\"inLanguage\":\"en-US\",\"potentialAction\":[{\"@type\":\"ReadAction\",\"target\":[\"https:\/\/tugraztestweb.asol.at\/en\/gesamtverzeichnis\/bauingenieurwissenschaften\/100-jahre-institut-fuer-baustatik\/\"]}]},{\"@type\":\"BreadcrumbList\",\"@id\":\"https:\/\/tugraztestweb.asol.at\/en\/gesamtverzeichnis\/bauingenieurwissenschaften\/100-jahre-institut-fuer-baustatik\/#breadcrumb\",\"itemListElement\":[{\"@type\":\"ListItem\",\"position\":1,\"item\":{\"@type\":\"WebPage\",\"@id\":\"https:\/\/tugraztestweb.asol.at\/\",\"url\":\"https:\/\/tugraztestweb.asol.at\/\",\"name\":\"Home\"}},{\"@type\":\"ListItem\",\"position\":2,\"item\":{\"@type\":\"WebPage\",\"@id\":\"https:\/\/tugraztestweb.asol.at\/gesamtverzeichnis\/\",\"url\":\"https:\/\/tugraztestweb.asol.at\/gesamtverzeichnis\/\",\"name\":\"Gesamtverzeichnis\"}},{\"@type\":\"ListItem\",\"position\":3,\"item\":{\"@type\":\"WebPage\",\"@id\":\"https:\/\/tugraztestweb.asol.at\/en\/gesamtverzeichnis\/bauingenieurwissenschaften\/100-jahre-institut-fuer-baustatik\/\",\"url\":\"https:\/\/tugraztestweb.asol.at\/en\/gesamtverzeichnis\/bauingenieurwissenschaften\/100-jahre-institut-fuer-baustatik\/\",\"name\":\"100 Jahre Institut f\\u00fcr Baustatik\"}}]}]}<\/script>\n<!-- \/ Yoast SEO plugin. -->","_links":{"self":[{"href":"https:\/\/tugraztestweb.asol.at\/en\/wp-json\/wp\/v2\/product\/30080"}],"collection":[{"href":"https:\/\/tugraztestweb.asol.at\/en\/wp-json\/wp\/v2\/product"}],"about":[{"href":"https:\/\/tugraztestweb.asol.at\/en\/wp-json\/wp\/v2\/types\/product"}],"replies":[{"embeddable":true,"href":"https:\/\/tugraztestweb.asol.at\/en\/wp-json\/wp\/v2\/comments?post=30080"}],"wp:featuredmedia":[{"embeddable":true,"href":"https:\/\/tugraztestweb.asol.at\/en\/wp-json\/wp\/v2\/media\/39764"}],"wp:attachment":[{"href":"https:\/\/tugraztestweb.asol.at\/en\/wp-json\/wp\/v2\/media?parent=30080"}],"curies":[{"name":"wp","href":"https:\/\/api.w.org\/{rel}","templated":true}]}}