{"id":30085,"date":"2020-08-21T12:54:17","date_gmt":"2020-08-21T12:54:17","guid":{"rendered":"http:\/\/tugraztestweb.asol.at\/gesamtverzeichnis\/unkategorisiert\/regeln-fuer-den-schutz-von-trinkwasserfassungen-in-oesterreich\/"},"modified":"2020-08-21T14:55:17","modified_gmt":"2020-08-21T12:55:17","slug":"regeln-fuer-den-schutz-von-trinkwasserfassungen-in-oesterreich","status":"publish","type":"product","link":"https:\/\/tugraztestweb.asol.at\/en\/gesamtverzeichnis\/bauingenieurwissenschaften\/regeln-fuer-den-schutz-von-trinkwasserfassungen-in-oesterreich\/","title":{"rendered":"Regeln f\u00fcr den Schutz von Trinkwasserfassungen in \u00d6sterreich"},"content":{"rendered":"<p class=\"qtranxs-available-languages-message qtranxs-available-languages-message-en\">Sorry, this entry is only available in <a href=\"https:\/\/tugraztestweb.asol.at\/de\/wp-json\/wp\/v2\/product\/30085\" class=\"qtranxs-available-language-link qtranxs-available-language-link-de\" title=\"Deutsch\">Deutsch<\/a>.<\/p><p><\/p>\n<div>Ein \u00dcberblick der Behandlung des Trinkwasserschutzes in deutschsprachigen Lehrb\u00fcchern und Handb\u00fcchern der Hydrologie und Hydrogeologie leitet zum Thema dieser Arbeit ein.<\/div>\n<div><\/div>\n<div>Nach Darlegung der Entwicklung der rechtlichen Grundlagen f\u00fcr die Festlegung von Schutz- und Schongebieten f\u00fcr die Trinkwasserversorgung in \u00d6sterreich wird auch dir Normierung der Trinkwasserqualit\u00e4t kurz beleuchtet. Besonders muss hier darauf verwiesen werden, dass die hydrogeologische Sichtweise Grundlage dieser Arbeit ist.<\/div>\n<div><\/div>\n<div>Die Darstellung der Entstehung und Entwicklung der \u00d6VGW-Richtlinie W 72 (Schutz- und Schongebiete) bildet sodann einen Schwerpunkt dieser Arbeit. Besonders Augenmerk wird dabei auf ihre Vorl\u00e4ufer und Vorbilder, insbesondere das DVGW- Arbeitsblatt W 101, gelegt. Von diesem wurde vor allem die Zonierung (Schutzzone I-III) und die \u201eVerweildauer des Wassers\u201c im Untergrund (50- bzw. 60- Tagegrenze) als Dimensionierungskriterium der Schutzzone II \u00fcbernommen.<\/div>\n<div><\/div>\n<div>Die Ableitung dieses Dimensionierungskriteriums aus den Arbeiten von KNORR (1937 und 1951), \u00fcber die referiert wird, bildet einen weiteren Schwerpunkt dieser Arbeit.<\/div>\n<div><\/div>\n<div>Aber nicht nur die \u00d6VGW-Richtlinie W 72, sondern auch Richtlinien des \u00d6WAV, die auf den Schutz von Trinkwasserfassungen eingehen, werden vor allem bez\u00fcglich ihrer Wechselwirkung mit ersterer, behandelt. Aus diesem Grund wird auf die Geschichte und vor allem auf die Arbeitsweise dieser beiden Verb\u00e4nde kursorisch eingegangen.<\/div>\n<div><\/div>\n<div>Bemerkungen zu den unterschiedlichen Bezeichnungen von Schutzzonen und Einzugsgebieten von Wasserfassungen, sowie bisherige Erfahrungen mit Schutzgebieten sollen das Bild erg\u00e4nzen.<\/div>\n<div><\/div>\n<div>Leitgedanke f\u00fcr die Einrichtung von Schutzgebieten f\u00fcr die Trinkwasserversorgung ist die Erhaltung des Grundwasserstandards der Trinkwasserversorgung in \u00d6sterreich, der im Begriff des \u201enativen Wassers\u201c des \u00d6sterreichischen Lebensmittelbuches seinen Niederschlag gefunden hat. Aus hydrogeologischer Sicht ist dieser Standard wohl in erster Linie auf die reichen und vielf\u00e4ltigen Grund- und Quellwasserressourcen \u00d6sterreichs zur\u00fcckzuf\u00fchren.<\/div>\n<div><\/div>\n<p><\/p>","protected":false},"excerpt":{"rendered":"<p class=\"qtranxs-available-languages-message qtranxs-available-languages-message-en\">Sorry, this entry is only available in <a href=\"https:\/\/tugraztestweb.asol.at\/de\/wp-json\/wp\/v2\/product\/30085\" class=\"qtranxs-available-language-link qtranxs-available-language-link-de\" title=\"Deutsch\">Deutsch<\/a>.<\/p>\n<div>Ein \u00dcberblick der Behandlung des Trinkwasserschutzes in deutschsprachigen Lehrb\u00fcchern und Handb\u00fcchern der Hydrologie und Hydrogeologie leitet zum Thema dieser Arbeit ein.<\/div>\n<div><\/div>\n<div>Nach Darlegung der Entwicklung der rechtlichen Grundlagen f\u00fcr die Festlegung von Schutz- und Schongebieten f\u00fcr die Trinkwasserversorgung in \u00d6sterreich wird auch dir Normierung der Trinkwasserqualit\u00e4t kurz beleuchtet. Besonders muss hier darauf verwiesen werden, dass die hydrogeologische Sichtweise Grundlage dieser Arbeit ist.<\/div>\n<div><\/div>\n<div>Die Darstellung der Entstehung und Entwicklung der \u00d6VGW-Richtlinie W 72 (Schutz- und Schongebiete) bildet sodann einen Schwerpunkt dieser Arbeit. Besonders Augenmerk wird dabei auf ihre Vorl\u00e4ufer und Vorbilder, insbesondere das DVGW- Arbeitsblatt W 101, gelegt. Von diesem wurde vor allem die Zonierung (Schutzzone I-III) und die \u201eVerweildauer des Wassers\u201c im Untergrund (50- bzw. 60- Tagegrenze) als Dimensionierungskriterium der Schutzzone II \u00fcbernommen.<\/div>\n<div><\/div>\n<div>Die Ableitung dieses Dimensionierungskriteriums aus den Arbeiten von KNORR (1937 und 1951), \u00fcber die referiert wird, bildet einen weiteren Schwerpunkt dieser Arbeit.<\/div>\n<div><\/div>\n<div>Aber nicht nur die \u00d6VGW-Richtlinie W 72, sondern auch Richtlinien des \u00d6WAV, die auf den Schutz von Trinkwasserfassungen eingehen, werden vor allem bez\u00fcglich ihrer Wechselwirkung mit ersterer, behandelt. Aus diesem Grund wird auf die Geschichte und vor allem auf die Arbeitsweise dieser beiden Verb\u00e4nde kursorisch eingegangen.<\/div>\n<div><\/div>\n<div>Bemerkungen zu den unterschiedlichen Bezeichnungen von Schutzzonen und Einzugsgebieten von Wasserfassungen, sowie bisherige Erfahrungen mit Schutzgebieten sollen das Bild erg\u00e4nzen.<\/div>\n<div><\/div>\n<div>Leitgedanke f\u00fcr die Einrichtung von Schutzgebieten f\u00fcr die Trinkwasserversorgung ist die Erhaltung des Grundwasserstandards der Trinkwasserversorgung in \u00d6sterreich, der im Begriff des \u201enativen Wassers\u201c des \u00d6sterreichischen Lebensmittelbuches seinen Niederschlag gefunden hat. Aus hydrogeologischer Sicht ist dieser Standard wohl in erster Linie auf die reichen und vielf\u00e4ltigen Grund- und Quellwasserressourcen \u00d6sterreichs zur\u00fcckzuf\u00fchren.<\/div>\n<div><\/div>\n","protected":false},"featured_media":39767,"comment_status":"open","ping_status":"closed","template":"","meta":[],"yoast_head":"<!-- This site is optimized with the Yoast SEO plugin v16.1.1 - https:\/\/yoast.com\/wordpress\/plugins\/seo\/ -->\n<link rel=\"canonical\" href=\"https:\/\/tugraztestweb.asol.at\/en\/gesamtverzeichnis\/bauingenieurwissenschaften\/regeln-fuer-den-schutz-von-trinkwasserfassungen-in-oesterreich\/\" \/>\n<meta property=\"og:locale\" content=\"en_US\" \/>\n<meta property=\"og:type\" content=\"article\" \/>\n<meta property=\"og:title\" content=\"Regeln f\u00fcr den Schutz von Trinkwasserfassungen in \u00d6sterreich - Verlag der TU Graz\" \/>\n<meta property=\"og:description\" content=\"Ein \u00dcberblick der Behandlung des Trinkwasserschutzes in deutschsprachigen Lehrb\u00fcchern und Handb\u00fcchern der Hydrologie und Hydrogeologie leitet zum Thema dieser Arbeit ein.Nach Darlegung der Entwicklung der rechtlichen Grundlagen f\u00fcr die Festlegung von Schutz- und Schongebieten f\u00fcr die Trinkwasserversorgung in \u00d6sterreich wird auch dir Normierung der Trinkwasserqualit\u00e4t kurz beleuchtet. Besonders muss hier darauf verwiesen werden, dass die hydrogeologische Sichtweise Grundlage dieser Arbeit ist.Die Darstellung der Entstehung und Entwicklung der \u00d6VGW-Richtlinie W 72 (Schutz- und Schongebiete) bildet sodann einen Schwerpunkt dieser Arbeit. Besonders Augenmerk wird dabei auf ihre Vorl\u00e4ufer und Vorbilder, insbesondere das DVGW- Arbeitsblatt W 101, gelegt. Von diesem wurde vor allem die Zonierung (Schutzzone I-III) und die \u201eVerweildauer des Wassers\u201c im Untergrund (50- bzw. 60- Tagegrenze) als Dimensionierungskriterium der Schutzzone II \u00fcbernommen.Die Ableitung dieses Dimensionierungskriteriums aus den Arbeiten von KNORR (1937 und 1951), \u00fcber die referiert wird, bildet einen weiteren Schwerpunkt dieser Arbeit.Aber nicht nur die \u00d6VGW-Richtlinie W 72, sondern auch Richtlinien des \u00d6WAV, die auf den Schutz von Trinkwasserfassungen eingehen, werden vor allem bez\u00fcglich ihrer Wechselwirkung mit ersterer, behandelt. Aus diesem Grund wird auf die Geschichte und vor allem auf die Arbeitsweise dieser beiden Verb\u00e4nde kursorisch eingegangen.Bemerkungen zu den unterschiedlichen Bezeichnungen von Schutzzonen und Einzugsgebieten von Wasserfassungen, sowie bisherige Erfahrungen mit Schutzgebieten sollen das Bild erg\u00e4nzen.Leitgedanke f\u00fcr die Einrichtung von Schutzgebieten f\u00fcr die Trinkwasserversorgung ist die Erhaltung des Grundwasserstandards der Trinkwasserversorgung in \u00d6sterreich, der im Begriff des \u201enativen Wassers\u201c des \u00d6sterreichischen Lebensmittelbuches seinen Niederschlag gefunden hat. Aus hydrogeologischer Sicht ist dieser Standard wohl in erster Linie auf die reichen und vielf\u00e4ltigen Grund- und Quellwasserressourcen \u00d6sterreichs zur\u00fcckzuf\u00fchren.\" \/>\n<meta property=\"og:url\" content=\"https:\/\/tugraztestweb.asol.at\/en\/gesamtverzeichnis\/bauingenieurwissenschaften\/regeln-fuer-den-schutz-von-trinkwasserfassungen-in-oesterreich\/\" \/>\n<meta property=\"og:site_name\" content=\"Verlag der TU Graz\" \/>\n<meta property=\"article:modified_time\" content=\"2020-08-21T12:55:17+00:00\" \/>\n<meta property=\"og:image\" content=\"https:\/\/tugraztestweb.asol.at\/wp-content\/uploads\/2020\/08\/image-978-3-85125-196-8.jpg\" \/>\n\t<meta property=\"og:image:width\" content=\"490\" \/>\n\t<meta property=\"og:image:height\" content=\"667\" \/>\n<meta name=\"twitter:card\" content=\"summary_large_image\" \/>\n<meta name=\"twitter:label1\" content=\"Est. reading time\">\n\t<meta name=\"twitter:data1\" content=\"1 minute\">\n<script type=\"application\/ld+json\" class=\"yoast-schema-graph\">{\"@context\":\"https:\/\/schema.org\",\"@graph\":[{\"@type\":\"WebSite\",\"@id\":\"https:\/\/tugraztestweb.asol.at\/#website\",\"url\":\"https:\/\/tugraztestweb.asol.at\/\",\"name\":\"Verlag der TU Graz\",\"description\":\"Verlag der Technischen Universit\\u00e4t Graz\",\"potentialAction\":[{\"@type\":\"SearchAction\",\"target\":\"https:\/\/tugraztestweb.asol.at\/?s={search_term_string}\",\"query-input\":\"required name=search_term_string\"}],\"inLanguage\":\"en-US\"},{\"@type\":\"ImageObject\",\"@id\":\"https:\/\/tugraztestweb.asol.at\/en\/gesamtverzeichnis\/bauingenieurwissenschaften\/regeln-fuer-den-schutz-von-trinkwasserfassungen-in-oesterreich\/#primaryimage\",\"inLanguage\":\"en-US\",\"url\":\"https:\/\/tugraztestweb.asol.at\/wp-content\/uploads\/2020\/08\/image-978-3-85125-196-8.jpg\",\"contentUrl\":\"https:\/\/tugraztestweb.asol.at\/wp-content\/uploads\/2020\/08\/image-978-3-85125-196-8.jpg\",\"width\":490,\"height\":667},{\"@type\":\"WebPage\",\"@id\":\"https:\/\/tugraztestweb.asol.at\/en\/gesamtverzeichnis\/bauingenieurwissenschaften\/regeln-fuer-den-schutz-von-trinkwasserfassungen-in-oesterreich\/#webpage\",\"url\":\"https:\/\/tugraztestweb.asol.at\/en\/gesamtverzeichnis\/bauingenieurwissenschaften\/regeln-fuer-den-schutz-von-trinkwasserfassungen-in-oesterreich\/\",\"name\":\"Regeln f\\u00fcr den Schutz von Trinkwasserfassungen in \\u00d6sterreich - Verlag der TU Graz\",\"isPartOf\":{\"@id\":\"https:\/\/tugraztestweb.asol.at\/#website\"},\"primaryImageOfPage\":{\"@id\":\"https:\/\/tugraztestweb.asol.at\/en\/gesamtverzeichnis\/bauingenieurwissenschaften\/regeln-fuer-den-schutz-von-trinkwasserfassungen-in-oesterreich\/#primaryimage\"},\"datePublished\":\"2020-08-21T12:54:17+00:00\",\"dateModified\":\"2020-08-21T12:55:17+00:00\",\"breadcrumb\":{\"@id\":\"https:\/\/tugraztestweb.asol.at\/en\/gesamtverzeichnis\/bauingenieurwissenschaften\/regeln-fuer-den-schutz-von-trinkwasserfassungen-in-oesterreich\/#breadcrumb\"},\"inLanguage\":\"en-US\",\"potentialAction\":[{\"@type\":\"ReadAction\",\"target\":[\"https:\/\/tugraztestweb.asol.at\/en\/gesamtverzeichnis\/bauingenieurwissenschaften\/regeln-fuer-den-schutz-von-trinkwasserfassungen-in-oesterreich\/\"]}]},{\"@type\":\"BreadcrumbList\",\"@id\":\"https:\/\/tugraztestweb.asol.at\/en\/gesamtverzeichnis\/bauingenieurwissenschaften\/regeln-fuer-den-schutz-von-trinkwasserfassungen-in-oesterreich\/#breadcrumb\",\"itemListElement\":[{\"@type\":\"ListItem\",\"position\":1,\"item\":{\"@type\":\"WebPage\",\"@id\":\"https:\/\/tugraztestweb.asol.at\/\",\"url\":\"https:\/\/tugraztestweb.asol.at\/\",\"name\":\"Home\"}},{\"@type\":\"ListItem\",\"position\":2,\"item\":{\"@type\":\"WebPage\",\"@id\":\"https:\/\/tugraztestweb.asol.at\/gesamtverzeichnis\/\",\"url\":\"https:\/\/tugraztestweb.asol.at\/gesamtverzeichnis\/\",\"name\":\"Gesamtverzeichnis\"}},{\"@type\":\"ListItem\",\"position\":3,\"item\":{\"@type\":\"WebPage\",\"@id\":\"https:\/\/tugraztestweb.asol.at\/en\/gesamtverzeichnis\/bauingenieurwissenschaften\/regeln-fuer-den-schutz-von-trinkwasserfassungen-in-oesterreich\/\",\"url\":\"https:\/\/tugraztestweb.asol.at\/en\/gesamtverzeichnis\/bauingenieurwissenschaften\/regeln-fuer-den-schutz-von-trinkwasserfassungen-in-oesterreich\/\",\"name\":\"Regeln f\\u00fcr den Schutz von Trinkwasserfassungen in \\u00d6sterreich\"}}]}]}<\/script>\n<!-- \/ Yoast SEO plugin. -->","_links":{"self":[{"href":"https:\/\/tugraztestweb.asol.at\/en\/wp-json\/wp\/v2\/product\/30085"}],"collection":[{"href":"https:\/\/tugraztestweb.asol.at\/en\/wp-json\/wp\/v2\/product"}],"about":[{"href":"https:\/\/tugraztestweb.asol.at\/en\/wp-json\/wp\/v2\/types\/product"}],"replies":[{"embeddable":true,"href":"https:\/\/tugraztestweb.asol.at\/en\/wp-json\/wp\/v2\/comments?post=30085"}],"wp:featuredmedia":[{"embeddable":true,"href":"https:\/\/tugraztestweb.asol.at\/en\/wp-json\/wp\/v2\/media\/39767"}],"wp:attachment":[{"href":"https:\/\/tugraztestweb.asol.at\/en\/wp-json\/wp\/v2\/media?parent=30085"}],"curies":[{"name":"wp","href":"https:\/\/api.w.org\/{rel}","templated":true}]}}