{"id":30087,"date":"2020-08-21T12:54:17","date_gmt":"2020-08-21T12:54:17","guid":{"rendered":"http:\/\/tugraztestweb.asol.at\/gesamtverzeichnis\/unkategorisiert\/5-grazer-baubetriebs-und-baurechtsseminar\/"},"modified":"2020-08-21T14:55:17","modified_gmt":"2020-08-21T12:55:17","slug":"5-grazer-baubetriebs-und-baurechtsseminar","status":"publish","type":"product","link":"https:\/\/tugraztestweb.asol.at\/en\/gesamtverzeichnis\/bauingenieurwissenschaften\/5-grazer-baubetriebs-und-baurechtsseminar\/","title":{"rendered":"5. Grazer Baubetriebs- und Baurechtsseminar"},"content":{"rendered":"<p class=\"qtranxs-available-languages-message qtranxs-available-languages-message-en\">Sorry, this entry is only available in <a href=\"https:\/\/tugraztestweb.asol.at\/de\/wp-json\/wp\/v2\/product\/30087\" class=\"qtranxs-available-language-link qtranxs-available-language-link-de\" title=\"Deutsch\">Deutsch<\/a>.<\/p><p>Das 5. Grazer Baubetriebs- und Baurechtsseminar widmet sich in diesem kleinen Jubil\u00e4um erneut den Kernproblemen der Bauwirtschaft, n\u00e4mlich der Kalkulation. F\u00fcr Bauwirtschaftler und Juristen, f\u00fcr Auftraggeber und Auftragnehmer, f\u00fcr Planer, aber auch f\u00fcr die externen Kontrollinstanzen ebnen die Kalkulationsbl\u00e4tter ein weites Feld f\u00fcr die Auslegung der Verfahrensnorm \u00d6NORM B 2061. Sie begleiten das Bauvorhaben von der Ausschreibung bis hin zur Schlussrechnung, und leider auch oftmals dar\u00fcber hinaus.<br \/>\nDer Tagungsband des Seminars beinhaltet in ausf\u00fchrlicher Form die Ansichten, die herrschende Meinung, aber auch die Lehre, so dass dieser Sammelband nicht nur den Status quo abbildet, sondern eher einen Denkansto\u00df und Sicherheit in strittigen Fragen f\u00fcr die allt\u00e4gliche Arbeit im Projekt darstellt.<\/p>","protected":false},"excerpt":{"rendered":"<p class=\"qtranxs-available-languages-message qtranxs-available-languages-message-en\">Sorry, this entry is only available in <a href=\"https:\/\/tugraztestweb.asol.at\/de\/wp-json\/wp\/v2\/product\/30087\" class=\"qtranxs-available-language-link qtranxs-available-language-link-de\" title=\"Deutsch\">Deutsch<\/a>.<\/p>\n<p>Das 5. Grazer Baubetriebs- und Baurechtsseminar widmet sich in diesem kleinen Jubil\u00e4um erneut den Kernproblemen der Bauwirtschaft, n\u00e4mlich der Kalkulation. F\u00fcr Bauwirtschaftler und Juristen, f\u00fcr Auftraggeber und Auftragnehmer, f\u00fcr Planer, aber auch f\u00fcr die externen Kontrollinstanzen ebnen die Kalkulationsbl\u00e4tter ein weites Feld f\u00fcr die Auslegung der Verfahrensnorm \u00d6NORM B 2061. Sie begleiten das Bauvorhaben von der Ausschreibung bis hin zur Schlussrechnung, und leider auch oftmals dar\u00fcber hinaus.<br \/>\nDer Tagungsband des Seminars beinhaltet in ausf\u00fchrlicher Form die Ansichten, die herrschende Meinung, aber auch die Lehre, so dass dieser Sammelband nicht nur den Status quo abbildet, sondern eher einen Denkansto\u00df und Sicherheit in strittigen Fragen f\u00fcr die allt\u00e4gliche Arbeit im Projekt darstellt.<\/p>\n","protected":false},"featured_media":39768,"comment_status":"open","ping_status":"closed","template":"","meta":[],"yoast_head":"<!-- This site is optimized with the Yoast SEO plugin v16.1.1 - https:\/\/yoast.com\/wordpress\/plugins\/seo\/ -->\n<link rel=\"canonical\" href=\"https:\/\/tugraztestweb.asol.at\/gesamtverzeichnis\/bauingenieurwissenschaften\/5-grazer-baubetriebs-und-baurechtsseminar\/\" \/>\n<meta property=\"og:locale\" content=\"en_US\" \/>\n<meta property=\"og:type\" content=\"article\" \/>\n<meta property=\"og:title\" content=\"5. Grazer Baubetriebs- und Baurechtsseminar - Verlag der TU Graz\" \/>\n<meta property=\"og:description\" content=\"Das 5. Grazer Baubetriebs- und Baurechtsseminar widmet sich in diesem kleinen Jubil\u00e4um erneut den Kernproblemen der Bauwirtschaft, n\u00e4mlich der Kalkulation. F\u00fcr Bauwirtschaftler und Juristen, f\u00fcr Auftraggeber und Auftragnehmer, f\u00fcr Planer, aber auch f\u00fcr die externen Kontrollinstanzen ebnen die Kalkulationsbl\u00e4tter ein weites Feld f\u00fcr die Auslegung der Verfahrensnorm \u00d6NORM B 2061. Sie begleiten das Bauvorhaben von der Ausschreibung bis hin zur Schlussrechnung, und leider auch oftmals dar\u00fcber hinaus. Der Tagungsband des Seminars beinhaltet in ausf\u00fchrlicher Form die Ansichten, die herrschende Meinung, aber auch die Lehre, so dass dieser Sammelband nicht nur den Status quo abbildet, sondern eher einen Denkansto\u00df und Sicherheit in strittigen Fragen f\u00fcr die allt\u00e4gliche Arbeit im Projekt darstellt.\" \/>\n<meta property=\"og:url\" content=\"https:\/\/tugraztestweb.asol.at\/gesamtverzeichnis\/bauingenieurwissenschaften\/5-grazer-baubetriebs-und-baurechtsseminar\/\" \/>\n<meta property=\"og:site_name\" content=\"Verlag der TU Graz\" \/>\n<meta property=\"article:modified_time\" content=\"2020-08-21T12:55:17+00:00\" \/>\n<meta property=\"og:image\" content=\"https:\/\/tugraztestweb.asol.at\/wp-content\/uploads\/2020\/08\/image-978-3-85125-193-7.jpg\" \/>\n\t<meta property=\"og:image:width\" content=\"577\" \/>\n\t<meta property=\"og:image:height\" content=\"817\" \/>\n<meta name=\"twitter:card\" content=\"summary_large_image\" \/>\n<meta name=\"twitter:label1\" content=\"Est. reading time\">\n\t<meta name=\"twitter:data1\" content=\"1 minute\">\n<script type=\"application\/ld+json\" class=\"yoast-schema-graph\">{\"@context\":\"https:\/\/schema.org\",\"@graph\":[{\"@type\":\"WebSite\",\"@id\":\"https:\/\/tugraztestweb.asol.at\/#website\",\"url\":\"https:\/\/tugraztestweb.asol.at\/\",\"name\":\"Verlag der TU Graz\",\"description\":\"Verlag der Technischen Universit\\u00e4t Graz\",\"potentialAction\":[{\"@type\":\"SearchAction\",\"target\":\"https:\/\/tugraztestweb.asol.at\/?s={search_term_string}\",\"query-input\":\"required name=search_term_string\"}],\"inLanguage\":\"en-US\"},{\"@type\":\"ImageObject\",\"@id\":\"https:\/\/tugraztestweb.asol.at\/gesamtverzeichnis\/bauingenieurwissenschaften\/5-grazer-baubetriebs-und-baurechtsseminar\/#primaryimage\",\"inLanguage\":\"en-US\",\"url\":\"https:\/\/tugraztestweb.asol.at\/wp-content\/uploads\/2020\/08\/image-978-3-85125-193-7.jpg\",\"contentUrl\":\"https:\/\/tugraztestweb.asol.at\/wp-content\/uploads\/2020\/08\/image-978-3-85125-193-7.jpg\",\"width\":577,\"height\":817},{\"@type\":\"WebPage\",\"@id\":\"https:\/\/tugraztestweb.asol.at\/gesamtverzeichnis\/bauingenieurwissenschaften\/5-grazer-baubetriebs-und-baurechtsseminar\/#webpage\",\"url\":\"https:\/\/tugraztestweb.asol.at\/gesamtverzeichnis\/bauingenieurwissenschaften\/5-grazer-baubetriebs-und-baurechtsseminar\/\",\"name\":\"5. Grazer Baubetriebs- und Baurechtsseminar - Verlag der TU Graz\",\"isPartOf\":{\"@id\":\"https:\/\/tugraztestweb.asol.at\/#website\"},\"primaryImageOfPage\":{\"@id\":\"https:\/\/tugraztestweb.asol.at\/gesamtverzeichnis\/bauingenieurwissenschaften\/5-grazer-baubetriebs-und-baurechtsseminar\/#primaryimage\"},\"datePublished\":\"2020-08-21T12:54:17+00:00\",\"dateModified\":\"2020-08-21T12:55:17+00:00\",\"breadcrumb\":{\"@id\":\"https:\/\/tugraztestweb.asol.at\/gesamtverzeichnis\/bauingenieurwissenschaften\/5-grazer-baubetriebs-und-baurechtsseminar\/#breadcrumb\"},\"inLanguage\":\"en-US\",\"potentialAction\":[{\"@type\":\"ReadAction\",\"target\":[\"https:\/\/tugraztestweb.asol.at\/gesamtverzeichnis\/bauingenieurwissenschaften\/5-grazer-baubetriebs-und-baurechtsseminar\/\"]}]},{\"@type\":\"BreadcrumbList\",\"@id\":\"https:\/\/tugraztestweb.asol.at\/gesamtverzeichnis\/bauingenieurwissenschaften\/5-grazer-baubetriebs-und-baurechtsseminar\/#breadcrumb\",\"itemListElement\":[{\"@type\":\"ListItem\",\"position\":1,\"item\":{\"@type\":\"WebPage\",\"@id\":\"https:\/\/tugraztestweb.asol.at\/\",\"url\":\"https:\/\/tugraztestweb.asol.at\/\",\"name\":\"Home\"}},{\"@type\":\"ListItem\",\"position\":2,\"item\":{\"@type\":\"WebPage\",\"@id\":\"https:\/\/tugraztestweb.asol.at\/gesamtverzeichnis\/\",\"url\":\"https:\/\/tugraztestweb.asol.at\/gesamtverzeichnis\/\",\"name\":\"Gesamtverzeichnis\"}},{\"@type\":\"ListItem\",\"position\":3,\"item\":{\"@type\":\"WebPage\",\"@id\":\"https:\/\/tugraztestweb.asol.at\/gesamtverzeichnis\/bauingenieurwissenschaften\/5-grazer-baubetriebs-und-baurechtsseminar\/\",\"url\":\"https:\/\/tugraztestweb.asol.at\/gesamtverzeichnis\/bauingenieurwissenschaften\/5-grazer-baubetriebs-und-baurechtsseminar\/\",\"name\":\"5. Grazer Baubetriebs- und Baurechtsseminar\"}}]}]}<\/script>\n<!-- \/ Yoast SEO plugin. -->","_links":{"self":[{"href":"https:\/\/tugraztestweb.asol.at\/en\/wp-json\/wp\/v2\/product\/30087"}],"collection":[{"href":"https:\/\/tugraztestweb.asol.at\/en\/wp-json\/wp\/v2\/product"}],"about":[{"href":"https:\/\/tugraztestweb.asol.at\/en\/wp-json\/wp\/v2\/types\/product"}],"replies":[{"embeddable":true,"href":"https:\/\/tugraztestweb.asol.at\/en\/wp-json\/wp\/v2\/comments?post=30087"}],"wp:featuredmedia":[{"embeddable":true,"href":"https:\/\/tugraztestweb.asol.at\/en\/wp-json\/wp\/v2\/media\/39768"}],"wp:attachment":[{"href":"https:\/\/tugraztestweb.asol.at\/en\/wp-json\/wp\/v2\/media?parent=30087"}],"curies":[{"name":"wp","href":"https:\/\/api.w.org\/{rel}","templated":true}]}}