{"id":30095,"date":"2020-08-21T12:54:17","date_gmt":"2020-08-21T12:54:17","guid":{"rendered":"http:\/\/tugraztestweb.asol.at\/gesamtverzeichnis\/unkategorisiert\/leitfaden-sichtbeton-anforderungen-an-planung-ausschreibung-und-angebotslegung\/"},"modified":"2020-08-21T14:55:17","modified_gmt":"2020-08-21T12:55:17","slug":"leitfaden-sichtbeton-anforderungen-an-planung-ausschreibung-und-angebotslegung","status":"publish","type":"product","link":"https:\/\/tugraztestweb.asol.at\/en\/gesamtverzeichnis\/bauingenieurwissenschaften\/leitfaden-sichtbeton-anforderungen-an-planung-ausschreibung-und-angebotslegung\/","title":{"rendered":"Leitfaden Sichtbeton &#8211; Anforderungen an Planung, Ausschreibung und Angebotslegung"},"content":{"rendered":"<p class=\"qtranxs-available-languages-message qtranxs-available-languages-message-en\">Sorry, this entry is only available in <a href=\"https:\/\/tugraztestweb.asol.at\/de\/wp-json\/wp\/v2\/product\/30095\" class=\"qtranxs-available-language-link qtranxs-available-language-link-de\" title=\"Deutsch\">Deutsch<\/a>.<\/p><p>Sichtbetongerechte Planung und Ausschreibung sind wesentliche Voraussetzungen daf\u00fcr, die gew\u00fcnschte Sichtbetonqualit\u00e4t zu erreichen. Nicht nur die Bauteile (zB. Schalungs- und Bewehrungsgrad) m\u00fcssen f\u00fcr Sichtbeton geeignet sein, sondern auch die eingesetzten Ger\u00e4te und Stoffe. Die Art und Weise, wie die Produktionsfaktoren (Arbeit, Stoffe, Ger\u00e4te) zu kombinieren sind, ist aus der Ausschreibung abzuleiten.<br \/>\nWelche M\u00f6glichkeiten zur eindeutigen, vollst\u00e4ndigen und neutralen Leistungsbeschreibung liegen vor bzw. welche Vorgaben sind von \u00f6ffentlichen und privaten Auftraggebern einzuhalten? Welche Beitr\u00e4ge leisten die \u00d6N B 2211 und die Richtlinie Sichtbeton-Geschalte Betonfl\u00e4chen?<br \/>\nDemonstrativ werden die Kriterien f\u00fcr die Planung, Ausschrei\u00acbung und Angebotsbearbeitung f\u00fcr Sichtbeton dargestellt und auf die diesbez\u00fcglichen vorvertraglichen und vertraglichen Rechtsfragen eingegangen. Anhand von abschlie\u00dfenden Fallbeispielen aus der Baupraxis werden die Inhalte des Leitfadens Sichtbeton angewendet.<\/p>","protected":false},"excerpt":{"rendered":"<p class=\"qtranxs-available-languages-message qtranxs-available-languages-message-en\">Sorry, this entry is only available in <a href=\"https:\/\/tugraztestweb.asol.at\/de\/wp-json\/wp\/v2\/product\/30095\" class=\"qtranxs-available-language-link qtranxs-available-language-link-de\" title=\"Deutsch\">Deutsch<\/a>.<\/p>\n<p>Sichtbetongerechte Planung und Ausschreibung sind wesentliche Voraussetzungen daf\u00fcr, die gew\u00fcnschte Sichtbetonqualit\u00e4t zu erreichen. Nicht nur die Bauteile (zB. Schalungs- und Bewehrungsgrad) m\u00fcssen f\u00fcr Sichtbeton geeignet sein, sondern auch die eingesetzten Ger\u00e4te und Stoffe. Die Art und Weise, wie die Produktionsfaktoren (Arbeit, Stoffe, Ger\u00e4te) zu kombinieren sind, ist aus der Ausschreibung abzuleiten.<br \/>\nWelche M\u00f6glichkeiten zur eindeutigen, vollst\u00e4ndigen und neutralen Leistungsbeschreibung liegen vor bzw. welche Vorgaben sind von \u00f6ffentlichen und privaten Auftraggebern einzuhalten? Welche Beitr\u00e4ge leisten die \u00d6N B 2211 und die Richtlinie Sichtbeton-Geschalte Betonfl\u00e4chen?<br \/>\nDemonstrativ werden die Kriterien f\u00fcr die Planung, Ausschrei\u00acbung und Angebotsbearbeitung f\u00fcr Sichtbeton dargestellt und auf die diesbez\u00fcglichen vorvertraglichen und vertraglichen Rechtsfragen eingegangen. Anhand von abschlie\u00dfenden Fallbeispielen aus der Baupraxis werden die Inhalte des Leitfadens Sichtbeton angewendet.<\/p>\n","protected":false},"featured_media":39772,"comment_status":"open","ping_status":"closed","template":"","meta":[],"yoast_head":"<!-- This site is optimized with the Yoast SEO plugin v16.1.1 - https:\/\/yoast.com\/wordpress\/plugins\/seo\/ -->\n<link rel=\"canonical\" href=\"https:\/\/tugraztestweb.asol.at\/gesamtverzeichnis\/bauingenieurwissenschaften\/leitfaden-sichtbeton-anforderungen-an-planung-ausschreibung-und-angebotslegung\/\" \/>\n<meta property=\"og:locale\" content=\"en_US\" \/>\n<meta property=\"og:type\" content=\"article\" \/>\n<meta property=\"og:title\" content=\"Leitfaden Sichtbeton - Anforderungen an Planung, Ausschreibung und Angebotslegung - Verlag der TU Graz\" \/>\n<meta property=\"og:description\" content=\"Sichtbetongerechte Planung und Ausschreibung sind wesentliche Voraussetzungen daf\u00fcr, die gew\u00fcnschte Sichtbetonqualit\u00e4t zu erreichen. Nicht nur die Bauteile (zB. Schalungs- und Bewehrungsgrad) m\u00fcssen f\u00fcr Sichtbeton geeignet sein, sondern auch die eingesetzten Ger\u00e4te und Stoffe. Die Art und Weise, wie die Produktionsfaktoren (Arbeit, Stoffe, Ger\u00e4te) zu kombinieren sind, ist aus der Ausschreibung abzuleiten. Welche M\u00f6glichkeiten zur eindeutigen, vollst\u00e4ndigen und neutralen Leistungsbeschreibung liegen vor bzw. welche Vorgaben sind von \u00f6ffentlichen und privaten Auftraggebern einzuhalten? Welche Beitr\u00e4ge leisten die \u00d6N B 2211 und die Richtlinie Sichtbeton-Geschalte Betonfl\u00e4chen? Demonstrativ werden die Kriterien f\u00fcr die Planung, Ausschrei\u00acbung und Angebotsbearbeitung f\u00fcr Sichtbeton dargestellt und auf die diesbez\u00fcglichen vorvertraglichen und vertraglichen Rechtsfragen eingegangen. Anhand von abschlie\u00dfenden Fallbeispielen aus der Baupraxis werden die Inhalte des Leitfadens Sichtbeton angewendet.\" \/>\n<meta property=\"og:url\" content=\"https:\/\/tugraztestweb.asol.at\/gesamtverzeichnis\/bauingenieurwissenschaften\/leitfaden-sichtbeton-anforderungen-an-planung-ausschreibung-und-angebotslegung\/\" \/>\n<meta property=\"og:site_name\" content=\"Verlag der TU Graz\" \/>\n<meta property=\"article:modified_time\" content=\"2020-08-21T12:55:17+00:00\" \/>\n<meta property=\"og:image\" content=\"https:\/\/tugraztestweb.asol.at\/wp-content\/uploads\/2020\/08\/image-978-3-85125-146-3.jpg\" \/>\n\t<meta property=\"og:image:width\" content=\"633\" \/>\n\t<meta property=\"og:image:height\" content=\"895\" \/>\n<meta name=\"twitter:card\" content=\"summary_large_image\" \/>\n<meta name=\"twitter:label1\" content=\"Est. reading time\">\n\t<meta name=\"twitter:data1\" content=\"1 minute\">\n<script type=\"application\/ld+json\" class=\"yoast-schema-graph\">{\"@context\":\"https:\/\/schema.org\",\"@graph\":[{\"@type\":\"WebSite\",\"@id\":\"https:\/\/tugraztestweb.asol.at\/#website\",\"url\":\"https:\/\/tugraztestweb.asol.at\/\",\"name\":\"Verlag der TU Graz\",\"description\":\"Verlag der Technischen Universit\\u00e4t Graz\",\"potentialAction\":[{\"@type\":\"SearchAction\",\"target\":\"https:\/\/tugraztestweb.asol.at\/?s={search_term_string}\",\"query-input\":\"required name=search_term_string\"}],\"inLanguage\":\"en-US\"},{\"@type\":\"ImageObject\",\"@id\":\"https:\/\/tugraztestweb.asol.at\/gesamtverzeichnis\/bauingenieurwissenschaften\/leitfaden-sichtbeton-anforderungen-an-planung-ausschreibung-und-angebotslegung\/#primaryimage\",\"inLanguage\":\"en-US\",\"url\":\"https:\/\/tugraztestweb.asol.at\/wp-content\/uploads\/2020\/08\/image-978-3-85125-146-3.jpg\",\"contentUrl\":\"https:\/\/tugraztestweb.asol.at\/wp-content\/uploads\/2020\/08\/image-978-3-85125-146-3.jpg\",\"width\":633,\"height\":895},{\"@type\":\"WebPage\",\"@id\":\"https:\/\/tugraztestweb.asol.at\/gesamtverzeichnis\/bauingenieurwissenschaften\/leitfaden-sichtbeton-anforderungen-an-planung-ausschreibung-und-angebotslegung\/#webpage\",\"url\":\"https:\/\/tugraztestweb.asol.at\/gesamtverzeichnis\/bauingenieurwissenschaften\/leitfaden-sichtbeton-anforderungen-an-planung-ausschreibung-und-angebotslegung\/\",\"name\":\"Leitfaden Sichtbeton - Anforderungen an Planung, Ausschreibung und Angebotslegung - Verlag der TU Graz\",\"isPartOf\":{\"@id\":\"https:\/\/tugraztestweb.asol.at\/#website\"},\"primaryImageOfPage\":{\"@id\":\"https:\/\/tugraztestweb.asol.at\/gesamtverzeichnis\/bauingenieurwissenschaften\/leitfaden-sichtbeton-anforderungen-an-planung-ausschreibung-und-angebotslegung\/#primaryimage\"},\"datePublished\":\"2020-08-21T12:54:17+00:00\",\"dateModified\":\"2020-08-21T12:55:17+00:00\",\"breadcrumb\":{\"@id\":\"https:\/\/tugraztestweb.asol.at\/gesamtverzeichnis\/bauingenieurwissenschaften\/leitfaden-sichtbeton-anforderungen-an-planung-ausschreibung-und-angebotslegung\/#breadcrumb\"},\"inLanguage\":\"en-US\",\"potentialAction\":[{\"@type\":\"ReadAction\",\"target\":[\"https:\/\/tugraztestweb.asol.at\/gesamtverzeichnis\/bauingenieurwissenschaften\/leitfaden-sichtbeton-anforderungen-an-planung-ausschreibung-und-angebotslegung\/\"]}]},{\"@type\":\"BreadcrumbList\",\"@id\":\"https:\/\/tugraztestweb.asol.at\/gesamtverzeichnis\/bauingenieurwissenschaften\/leitfaden-sichtbeton-anforderungen-an-planung-ausschreibung-und-angebotslegung\/#breadcrumb\",\"itemListElement\":[{\"@type\":\"ListItem\",\"position\":1,\"item\":{\"@type\":\"WebPage\",\"@id\":\"https:\/\/tugraztestweb.asol.at\/\",\"url\":\"https:\/\/tugraztestweb.asol.at\/\",\"name\":\"Home\"}},{\"@type\":\"ListItem\",\"position\":2,\"item\":{\"@type\":\"WebPage\",\"@id\":\"https:\/\/tugraztestweb.asol.at\/gesamtverzeichnis\/\",\"url\":\"https:\/\/tugraztestweb.asol.at\/gesamtverzeichnis\/\",\"name\":\"Gesamtverzeichnis\"}},{\"@type\":\"ListItem\",\"position\":3,\"item\":{\"@type\":\"WebPage\",\"@id\":\"https:\/\/tugraztestweb.asol.at\/gesamtverzeichnis\/bauingenieurwissenschaften\/leitfaden-sichtbeton-anforderungen-an-planung-ausschreibung-und-angebotslegung\/\",\"url\":\"https:\/\/tugraztestweb.asol.at\/gesamtverzeichnis\/bauingenieurwissenschaften\/leitfaden-sichtbeton-anforderungen-an-planung-ausschreibung-und-angebotslegung\/\",\"name\":\"Leitfaden Sichtbeton &#8211; Anforderungen an Planung, Ausschreibung und Angebotslegung\"}}]}]}<\/script>\n<!-- \/ Yoast SEO plugin. -->","_links":{"self":[{"href":"https:\/\/tugraztestweb.asol.at\/en\/wp-json\/wp\/v2\/product\/30095"}],"collection":[{"href":"https:\/\/tugraztestweb.asol.at\/en\/wp-json\/wp\/v2\/product"}],"about":[{"href":"https:\/\/tugraztestweb.asol.at\/en\/wp-json\/wp\/v2\/types\/product"}],"replies":[{"embeddable":true,"href":"https:\/\/tugraztestweb.asol.at\/en\/wp-json\/wp\/v2\/comments?post=30095"}],"wp:featuredmedia":[{"embeddable":true,"href":"https:\/\/tugraztestweb.asol.at\/en\/wp-json\/wp\/v2\/media\/39772"}],"wp:attachment":[{"href":"https:\/\/tugraztestweb.asol.at\/en\/wp-json\/wp\/v2\/media?parent=30095"}],"curies":[{"name":"wp","href":"https:\/\/api.w.org\/{rel}","templated":true}]}}