{"id":30103,"date":"2020-08-21T12:54:18","date_gmt":"2020-08-21T12:54:18","guid":{"rendered":"http:\/\/tugraztestweb.asol.at\/gesamtverzeichnis\/unkategorisiert\/planen-und-bauen-im-bestand-pbib\/"},"modified":"2020-08-21T14:55:18","modified_gmt":"2020-08-21T12:55:18","slug":"planen-und-bauen-im-bestand-pbib","status":"publish","type":"product","link":"https:\/\/tugraztestweb.asol.at\/en\/gesamtverzeichnis\/bauingenieurwissenschaften\/planen-und-bauen-im-bestand-pbib\/","title":{"rendered":"Planen und Bauen im Bestand (PBIB)"},"content":{"rendered":"<p class=\"qtranxs-available-languages-message qtranxs-available-languages-message-en\">Sorry, this entry is only available in <a href=\"https:\/\/tugraztestweb.asol.at\/de\/wp-json\/wp\/v2\/product\/30103\" class=\"qtranxs-available-language-link qtranxs-available-language-link-de\" title=\"Deutsch\">Deutsch<\/a>.<\/p><p>Honorarordnungen sind (bzw. waren bisher) als Neubau-Honorarordnungen konzipiert. Die bestehenden Leistungsbilder haben die Andersartigkeit der Arbeit bei Umbauten nicht abgebildet. Die Tabellen werden in der HOAI lediglich mit einem Zuschlag erg\u00e4nzt.<br \/>\nDabei wissen Bauherren oft nicht, wof\u00fcr sie einen Umbau-Zuschlag bezahlen sollten, Planer k\u00f6nnen diesen meist auch nicht erkl\u00e4ren.<br \/>\nPBiB ist angesichts der Tatsache, dass<br \/>\n\u2022 vielerorts der Platz f\u00fcr Neubauten schon besetzt ist,<br \/>\n\u2022 viele Bestandsobjekte erst teilweise abgeschrieben sind, und<br \/>\n\u2022 Bestandsimmobilien einen gro\u00dfen Teil der \u00f6ffentlichen und privaten Verm\u00f6gen darstellen,<br \/>\nmehr denn je Gebot der Stunde.<br \/>\nBeim Arbeiten im Bestand entstehen f\u00fcr den Planer Probleme und Aufwendungen, die im Neubau nicht anzutreffen sind.<br \/>\nH\u00e4ufig wird in der Praxis argumentiert: \u201eDer Planer muss das ja nicht mehr planen, es ist ja schon vorhanden oder was muss man da noch entwerfen, das steht ja schon ?!\u201c<br \/>\nUm diesen Vorurteilen entgegenzuwirken, wird in diesem Fachbuch der Versuch unternommen, die zus\u00e4tzlichen Leistungen f\u00fcr das Planen und Bauen im Bestand auf Basis der \u00fcberarbeiteten Leistungsbilder einer k\u00fcnftigen HOAI 2013 detailliert zu beschreiben.<\/p>","protected":false},"excerpt":{"rendered":"<p class=\"qtranxs-available-languages-message qtranxs-available-languages-message-en\">Sorry, this entry is only available in <a href=\"https:\/\/tugraztestweb.asol.at\/de\/wp-json\/wp\/v2\/product\/30103\" class=\"qtranxs-available-language-link qtranxs-available-language-link-de\" title=\"Deutsch\">Deutsch<\/a>.<\/p>\n<p>Honorarordnungen sind (bzw. waren bisher) als Neubau-Honorarordnungen konzipiert. Die bestehenden Leistungsbilder haben die Andersartigkeit der Arbeit bei Umbauten nicht abgebildet. Die Tabellen werden in der HOAI lediglich mit einem Zuschlag erg\u00e4nzt.<br \/>\nDabei wissen Bauherren oft nicht, wof\u00fcr sie einen Umbau-Zuschlag bezahlen sollten, Planer k\u00f6nnen diesen meist auch nicht erkl\u00e4ren.<br \/>\nPBiB ist angesichts der Tatsache, dass<br \/>\n\u2022 vielerorts der Platz f\u00fcr Neubauten schon besetzt ist,<br \/>\n\u2022 viele Bestandsobjekte erst teilweise abgeschrieben sind, und<br \/>\n\u2022 Bestandsimmobilien einen gro\u00dfen Teil der \u00f6ffentlichen und privaten Verm\u00f6gen darstellen,<br \/>\nmehr denn je Gebot der Stunde.<br \/>\nBeim Arbeiten im Bestand entstehen f\u00fcr den Planer Probleme und Aufwendungen, die im Neubau nicht anzutreffen sind.<br \/>\nH\u00e4ufig wird in der Praxis argumentiert: \u201eDer Planer muss das ja nicht mehr planen, es ist ja schon vorhanden oder was muss man da noch entwerfen, das steht ja schon ?!\u201c<br \/>\nUm diesen Vorurteilen entgegenzuwirken, wird in diesem Fachbuch der Versuch unternommen, die zus\u00e4tzlichen Leistungen f\u00fcr das Planen und Bauen im Bestand auf Basis der \u00fcberarbeiteten Leistungsbilder einer k\u00fcnftigen HOAI 2013 detailliert zu beschreiben.<\/p>\n","protected":false},"featured_media":39776,"comment_status":"open","ping_status":"closed","template":"","meta":[],"yoast_head":"<!-- This site is optimized with the Yoast SEO plugin v16.1.1 - https:\/\/yoast.com\/wordpress\/plugins\/seo\/ -->\n<link rel=\"canonical\" href=\"https:\/\/tugraztestweb.asol.at\/gesamtverzeichnis\/bauingenieurwissenschaften\/planen-und-bauen-im-bestand-pbib\/\" \/>\n<meta property=\"og:locale\" content=\"en_US\" \/>\n<meta property=\"og:type\" content=\"article\" \/>\n<meta property=\"og:title\" content=\"Planen und Bauen im Bestand (PBIB) - Verlag der TU Graz\" \/>\n<meta property=\"og:description\" content=\"Honorarordnungen sind (bzw. waren bisher) als Neubau-Honorarordnungen konzipiert. Die bestehenden Leistungsbilder haben die Andersartigkeit der Arbeit bei Umbauten nicht abgebildet. Die Tabellen werden in der HOAI lediglich mit einem Zuschlag erg\u00e4nzt. Dabei wissen Bauherren oft nicht, wof\u00fcr sie einen Umbau-Zuschlag bezahlen sollten, Planer k\u00f6nnen diesen meist auch nicht erkl\u00e4ren. PBiB ist angesichts der Tatsache, dass \u2022 vielerorts der Platz f\u00fcr Neubauten schon besetzt ist, \u2022 viele Bestandsobjekte erst teilweise abgeschrieben sind, und \u2022 Bestandsimmobilien einen gro\u00dfen Teil der \u00f6ffentlichen und privaten Verm\u00f6gen darstellen, mehr denn je Gebot der Stunde. Beim Arbeiten im Bestand entstehen f\u00fcr den Planer Probleme und Aufwendungen, die im Neubau nicht anzutreffen sind. H\u00e4ufig wird in der Praxis argumentiert: \u201eDer Planer muss das ja nicht mehr planen, es ist ja schon vorhanden oder was muss man da noch entwerfen, das steht ja schon ?!\u201c Um diesen Vorurteilen entgegenzuwirken, wird in diesem Fachbuch der Versuch unternommen, die zus\u00e4tzlichen Leistungen f\u00fcr das Planen und Bauen im Bestand auf Basis der \u00fcberarbeiteten Leistungsbilder einer k\u00fcnftigen HOAI 2013 detailliert zu beschreiben.\" \/>\n<meta property=\"og:url\" content=\"https:\/\/tugraztestweb.asol.at\/gesamtverzeichnis\/bauingenieurwissenschaften\/planen-und-bauen-im-bestand-pbib\/\" \/>\n<meta property=\"og:site_name\" content=\"Verlag der TU Graz\" \/>\n<meta property=\"article:modified_time\" content=\"2020-08-21T12:55:18+00:00\" \/>\n<meta property=\"og:image\" content=\"https:\/\/tugraztestweb.asol.at\/wp-content\/uploads\/2020\/08\/image-978-3-85125-186-9.jpg\" \/>\n\t<meta property=\"og:image:width\" content=\"579\" \/>\n\t<meta property=\"og:image:height\" content=\"820\" \/>\n<meta name=\"twitter:card\" content=\"summary_large_image\" \/>\n<meta name=\"twitter:label1\" content=\"Est. reading time\">\n\t<meta name=\"twitter:data1\" content=\"1 minute\">\n<script type=\"application\/ld+json\" class=\"yoast-schema-graph\">{\"@context\":\"https:\/\/schema.org\",\"@graph\":[{\"@type\":\"WebSite\",\"@id\":\"https:\/\/tugraztestweb.asol.at\/#website\",\"url\":\"https:\/\/tugraztestweb.asol.at\/\",\"name\":\"Verlag der TU Graz\",\"description\":\"Verlag der Technischen Universit\\u00e4t Graz\",\"potentialAction\":[{\"@type\":\"SearchAction\",\"target\":\"https:\/\/tugraztestweb.asol.at\/?s={search_term_string}\",\"query-input\":\"required name=search_term_string\"}],\"inLanguage\":\"en-US\"},{\"@type\":\"ImageObject\",\"@id\":\"https:\/\/tugraztestweb.asol.at\/gesamtverzeichnis\/bauingenieurwissenschaften\/planen-und-bauen-im-bestand-pbib\/#primaryimage\",\"inLanguage\":\"en-US\",\"url\":\"https:\/\/tugraztestweb.asol.at\/wp-content\/uploads\/2020\/08\/image-978-3-85125-186-9.jpg\",\"contentUrl\":\"https:\/\/tugraztestweb.asol.at\/wp-content\/uploads\/2020\/08\/image-978-3-85125-186-9.jpg\",\"width\":579,\"height\":820},{\"@type\":\"WebPage\",\"@id\":\"https:\/\/tugraztestweb.asol.at\/gesamtverzeichnis\/bauingenieurwissenschaften\/planen-und-bauen-im-bestand-pbib\/#webpage\",\"url\":\"https:\/\/tugraztestweb.asol.at\/gesamtverzeichnis\/bauingenieurwissenschaften\/planen-und-bauen-im-bestand-pbib\/\",\"name\":\"Planen und Bauen im Bestand (PBIB) - Verlag der TU Graz\",\"isPartOf\":{\"@id\":\"https:\/\/tugraztestweb.asol.at\/#website\"},\"primaryImageOfPage\":{\"@id\":\"https:\/\/tugraztestweb.asol.at\/gesamtverzeichnis\/bauingenieurwissenschaften\/planen-und-bauen-im-bestand-pbib\/#primaryimage\"},\"datePublished\":\"2020-08-21T12:54:18+00:00\",\"dateModified\":\"2020-08-21T12:55:18+00:00\",\"breadcrumb\":{\"@id\":\"https:\/\/tugraztestweb.asol.at\/gesamtverzeichnis\/bauingenieurwissenschaften\/planen-und-bauen-im-bestand-pbib\/#breadcrumb\"},\"inLanguage\":\"en-US\",\"potentialAction\":[{\"@type\":\"ReadAction\",\"target\":[\"https:\/\/tugraztestweb.asol.at\/gesamtverzeichnis\/bauingenieurwissenschaften\/planen-und-bauen-im-bestand-pbib\/\"]}]},{\"@type\":\"BreadcrumbList\",\"@id\":\"https:\/\/tugraztestweb.asol.at\/gesamtverzeichnis\/bauingenieurwissenschaften\/planen-und-bauen-im-bestand-pbib\/#breadcrumb\",\"itemListElement\":[{\"@type\":\"ListItem\",\"position\":1,\"item\":{\"@type\":\"WebPage\",\"@id\":\"https:\/\/tugraztestweb.asol.at\/\",\"url\":\"https:\/\/tugraztestweb.asol.at\/\",\"name\":\"Home\"}},{\"@type\":\"ListItem\",\"position\":2,\"item\":{\"@type\":\"WebPage\",\"@id\":\"https:\/\/tugraztestweb.asol.at\/gesamtverzeichnis\/\",\"url\":\"https:\/\/tugraztestweb.asol.at\/gesamtverzeichnis\/\",\"name\":\"Gesamtverzeichnis\"}},{\"@type\":\"ListItem\",\"position\":3,\"item\":{\"@type\":\"WebPage\",\"@id\":\"https:\/\/tugraztestweb.asol.at\/gesamtverzeichnis\/bauingenieurwissenschaften\/planen-und-bauen-im-bestand-pbib\/\",\"url\":\"https:\/\/tugraztestweb.asol.at\/gesamtverzeichnis\/bauingenieurwissenschaften\/planen-und-bauen-im-bestand-pbib\/\",\"name\":\"Planen und Bauen im Bestand (PBIB)\"}}]}]}<\/script>\n<!-- \/ Yoast SEO plugin. -->","_links":{"self":[{"href":"https:\/\/tugraztestweb.asol.at\/en\/wp-json\/wp\/v2\/product\/30103"}],"collection":[{"href":"https:\/\/tugraztestweb.asol.at\/en\/wp-json\/wp\/v2\/product"}],"about":[{"href":"https:\/\/tugraztestweb.asol.at\/en\/wp-json\/wp\/v2\/types\/product"}],"replies":[{"embeddable":true,"href":"https:\/\/tugraztestweb.asol.at\/en\/wp-json\/wp\/v2\/comments?post=30103"}],"wp:featuredmedia":[{"embeddable":true,"href":"https:\/\/tugraztestweb.asol.at\/en\/wp-json\/wp\/v2\/media\/39776"}],"wp:attachment":[{"href":"https:\/\/tugraztestweb.asol.at\/en\/wp-json\/wp\/v2\/media?parent=30103"}],"curies":[{"name":"wp","href":"https:\/\/api.w.org\/{rel}","templated":true}]}}