{"id":30110,"date":"2020-08-21T12:54:18","date_gmt":"2020-08-21T12:54:18","guid":{"rendered":"http:\/\/tugraztestweb.asol.at\/gesamtverzeichnis\/unkategorisiert\/controlling-in-technologiebasierten-jungunternehmen\/"},"modified":"2020-08-21T14:55:18","modified_gmt":"2020-08-21T12:55:18","slug":"controlling-in-technologiebasierten-jungunternehmen","status":"publish","type":"product","link":"https:\/\/tugraztestweb.asol.at\/en\/gesamtverzeichnis\/maschinenbau-und-wirtschaftswissenschaften\/controlling-in-technologiebasierten-jungunternehmen\/","title":{"rendered":"Controlling in technologiebasierten Jungunternehmen"},"content":{"rendered":"<p class=\"qtranxs-available-languages-message qtranxs-available-languages-message-en\">Sorry, this entry is only available in <a href=\"https:\/\/tugraztestweb.asol.at\/de\/wp-json\/wp\/v2\/product\/30110\" class=\"qtranxs-available-language-link qtranxs-available-language-link-de\" title=\"Deutsch\">Deutsch<\/a>.<\/p><p>Die Anwendung, Entwicklung und Adaption von Controllingsystemen bei technologiebasierten Jungunternehmen ist Forschungsgegenstand zahlreicher wissenschaftlicher Studien. In der Controllingliteratur werden zumeist Aspekte wie Unternehmensgr\u00f6\u00dfe, Unternehmensalter und der Einstieg von Investoren zur Einf\u00fchrung von Controllingsystemen identifiziert. Dabei werden meistens Unternehmen mit einer gewissen Gr\u00f6\u00dfe und einem bestimmten Alter untersucht, aber die ersten Lebensphasen der Unternehmen vernachl\u00e4ssigt. Ebenso wird die Beeinflussung von Controllingsystemen durch andere externer Akteure, au\u00dfer Investoren, weniger genau analysiert. In der Entrepreneurship-Literatur wird zumeist die generelle Beeinflussung von Inkubatoren untersucht, aber nicht der direkte Einfluss auf die Anwendung, Entwicklung und Adaption von Controllingsystemen bei technologiebasierten Jungunternehmen in deren ersten Lebensphasen.<br \/>\nDas Buch analysiert auf Basis von Literaturaufarbeitung und empirischen Erhebungen von technologiebasierten Jungunternehmen in \u00d6sterreich und Deutschland, inwieweit der Inkubator als externer Akteur bei der Gestaltung und Implementierung von Controllingsystemen von technologiebasierten Jungunternehmen Einfluss nimmt. Des Weiteren werden Anregungen zur Vorgehensweise der Implementierung von Controllingsystemen und einer eventuellen Nachbetreuung durch den Inkubator gegeben.<\/p>","protected":false},"excerpt":{"rendered":"<p class=\"qtranxs-available-languages-message qtranxs-available-languages-message-en\">Sorry, this entry is only available in <a href=\"https:\/\/tugraztestweb.asol.at\/de\/wp-json\/wp\/v2\/product\/30110\" class=\"qtranxs-available-language-link qtranxs-available-language-link-de\" title=\"Deutsch\">Deutsch<\/a>.<\/p>\n<p>Die Anwendung, Entwicklung und Adaption von Controllingsystemen bei technologiebasierten Jungunternehmen ist Forschungsgegenstand zahlreicher wissenschaftlicher Studien. In der Controllingliteratur werden zumeist Aspekte wie Unternehmensgr\u00f6\u00dfe, Unternehmensalter und der Einstieg von Investoren zur Einf\u00fchrung von Controllingsystemen identifiziert. Dabei werden meistens Unternehmen mit einer gewissen Gr\u00f6\u00dfe und einem bestimmten Alter untersucht, aber die ersten Lebensphasen der Unternehmen vernachl\u00e4ssigt. Ebenso wird die Beeinflussung von Controllingsystemen durch andere externer Akteure, au\u00dfer Investoren, weniger genau analysiert. In der Entrepreneurship-Literatur wird zumeist die generelle Beeinflussung von Inkubatoren untersucht, aber nicht der direkte Einfluss auf die Anwendung, Entwicklung und Adaption von Controllingsystemen bei technologiebasierten Jungunternehmen in deren ersten Lebensphasen.<br \/>\nDas Buch analysiert auf Basis von Literaturaufarbeitung und empirischen Erhebungen von technologiebasierten Jungunternehmen in \u00d6sterreich und Deutschland, inwieweit der Inkubator als externer Akteur bei der Gestaltung und Implementierung von Controllingsystemen von technologiebasierten Jungunternehmen Einfluss nimmt. Des Weiteren werden Anregungen zur Vorgehensweise der Implementierung von Controllingsystemen und einer eventuellen Nachbetreuung durch den Inkubator gegeben.<\/p>\n","protected":false},"featured_media":39779,"comment_status":"open","ping_status":"closed","template":"","meta":[],"yoast_head":"<!-- This site is optimized with the Yoast SEO plugin v16.1.1 - https:\/\/yoast.com\/wordpress\/plugins\/seo\/ -->\n<link rel=\"canonical\" href=\"https:\/\/tugraztestweb.asol.at\/gesamtverzeichnis\/maschinenbau-und-wirtschaftswissenschaften\/controlling-in-technologiebasierten-jungunternehmen\/\" \/>\n<meta property=\"og:locale\" content=\"en_US\" \/>\n<meta property=\"og:type\" content=\"article\" \/>\n<meta property=\"og:title\" content=\"Controlling in technologiebasierten Jungunternehmen - Verlag der TU Graz\" \/>\n<meta property=\"og:description\" content=\"Die Anwendung, Entwicklung und Adaption von Controllingsystemen bei technologiebasierten Jungunternehmen ist Forschungsgegenstand zahlreicher wissenschaftlicher Studien. In der Controllingliteratur werden zumeist Aspekte wie Unternehmensgr\u00f6\u00dfe, Unternehmensalter und der Einstieg von Investoren zur Einf\u00fchrung von Controllingsystemen identifiziert. Dabei werden meistens Unternehmen mit einer gewissen Gr\u00f6\u00dfe und einem bestimmten Alter untersucht, aber die ersten Lebensphasen der Unternehmen vernachl\u00e4ssigt. Ebenso wird die Beeinflussung von Controllingsystemen durch andere externer Akteure, au\u00dfer Investoren, weniger genau analysiert. In der Entrepreneurship-Literatur wird zumeist die generelle Beeinflussung von Inkubatoren untersucht, aber nicht der direkte Einfluss auf die Anwendung, Entwicklung und Adaption von Controllingsystemen bei technologiebasierten Jungunternehmen in deren ersten Lebensphasen. Das Buch analysiert auf Basis von Literaturaufarbeitung und empirischen Erhebungen von technologiebasierten Jungunternehmen in \u00d6sterreich und Deutschland, inwieweit der Inkubator als externer Akteur bei der Gestaltung und Implementierung von Controllingsystemen von technologiebasierten Jungunternehmen Einfluss nimmt. Des Weiteren werden Anregungen zur Vorgehensweise der Implementierung von Controllingsystemen und einer eventuellen Nachbetreuung durch den Inkubator gegeben.\" \/>\n<meta property=\"og:url\" content=\"https:\/\/tugraztestweb.asol.at\/gesamtverzeichnis\/maschinenbau-und-wirtschaftswissenschaften\/controlling-in-technologiebasierten-jungunternehmen\/\" \/>\n<meta property=\"og:site_name\" content=\"Verlag der TU Graz\" \/>\n<meta property=\"article:modified_time\" content=\"2020-08-21T12:55:18+00:00\" \/>\n<meta property=\"og:image\" content=\"https:\/\/tugraztestweb.asol.at\/wp-content\/uploads\/2020\/08\/image-978-3-85125-212-5.jpg\" \/>\n\t<meta property=\"og:image:width\" content=\"463\" \/>\n\t<meta property=\"og:image:height\" content=\"677\" \/>\n<meta name=\"twitter:card\" content=\"summary_large_image\" \/>\n<meta name=\"twitter:label1\" content=\"Est. reading time\">\n\t<meta name=\"twitter:data1\" content=\"1 minute\">\n<script type=\"application\/ld+json\" class=\"yoast-schema-graph\">{\"@context\":\"https:\/\/schema.org\",\"@graph\":[{\"@type\":\"WebSite\",\"@id\":\"https:\/\/tugraztestweb.asol.at\/#website\",\"url\":\"https:\/\/tugraztestweb.asol.at\/\",\"name\":\"Verlag der TU Graz\",\"description\":\"Verlag der Technischen Universit\\u00e4t Graz\",\"potentialAction\":[{\"@type\":\"SearchAction\",\"target\":\"https:\/\/tugraztestweb.asol.at\/?s={search_term_string}\",\"query-input\":\"required name=search_term_string\"}],\"inLanguage\":\"en-US\"},{\"@type\":\"ImageObject\",\"@id\":\"https:\/\/tugraztestweb.asol.at\/gesamtverzeichnis\/maschinenbau-und-wirtschaftswissenschaften\/controlling-in-technologiebasierten-jungunternehmen\/#primaryimage\",\"inLanguage\":\"en-US\",\"url\":\"https:\/\/tugraztestweb.asol.at\/wp-content\/uploads\/2020\/08\/image-978-3-85125-212-5.jpg\",\"contentUrl\":\"https:\/\/tugraztestweb.asol.at\/wp-content\/uploads\/2020\/08\/image-978-3-85125-212-5.jpg\",\"width\":463,\"height\":677},{\"@type\":\"WebPage\",\"@id\":\"https:\/\/tugraztestweb.asol.at\/gesamtverzeichnis\/maschinenbau-und-wirtschaftswissenschaften\/controlling-in-technologiebasierten-jungunternehmen\/#webpage\",\"url\":\"https:\/\/tugraztestweb.asol.at\/gesamtverzeichnis\/maschinenbau-und-wirtschaftswissenschaften\/controlling-in-technologiebasierten-jungunternehmen\/\",\"name\":\"Controlling in technologiebasierten Jungunternehmen - Verlag der TU Graz\",\"isPartOf\":{\"@id\":\"https:\/\/tugraztestweb.asol.at\/#website\"},\"primaryImageOfPage\":{\"@id\":\"https:\/\/tugraztestweb.asol.at\/gesamtverzeichnis\/maschinenbau-und-wirtschaftswissenschaften\/controlling-in-technologiebasierten-jungunternehmen\/#primaryimage\"},\"datePublished\":\"2020-08-21T12:54:18+00:00\",\"dateModified\":\"2020-08-21T12:55:18+00:00\",\"breadcrumb\":{\"@id\":\"https:\/\/tugraztestweb.asol.at\/gesamtverzeichnis\/maschinenbau-und-wirtschaftswissenschaften\/controlling-in-technologiebasierten-jungunternehmen\/#breadcrumb\"},\"inLanguage\":\"en-US\",\"potentialAction\":[{\"@type\":\"ReadAction\",\"target\":[\"https:\/\/tugraztestweb.asol.at\/gesamtverzeichnis\/maschinenbau-und-wirtschaftswissenschaften\/controlling-in-technologiebasierten-jungunternehmen\/\"]}]},{\"@type\":\"BreadcrumbList\",\"@id\":\"https:\/\/tugraztestweb.asol.at\/gesamtverzeichnis\/maschinenbau-und-wirtschaftswissenschaften\/controlling-in-technologiebasierten-jungunternehmen\/#breadcrumb\",\"itemListElement\":[{\"@type\":\"ListItem\",\"position\":1,\"item\":{\"@type\":\"WebPage\",\"@id\":\"https:\/\/tugraztestweb.asol.at\/\",\"url\":\"https:\/\/tugraztestweb.asol.at\/\",\"name\":\"Home\"}},{\"@type\":\"ListItem\",\"position\":2,\"item\":{\"@type\":\"WebPage\",\"@id\":\"https:\/\/tugraztestweb.asol.at\/gesamtverzeichnis\/\",\"url\":\"https:\/\/tugraztestweb.asol.at\/gesamtverzeichnis\/\",\"name\":\"Gesamtverzeichnis\"}},{\"@type\":\"ListItem\",\"position\":3,\"item\":{\"@type\":\"WebPage\",\"@id\":\"https:\/\/tugraztestweb.asol.at\/gesamtverzeichnis\/maschinenbau-und-wirtschaftswissenschaften\/controlling-in-technologiebasierten-jungunternehmen\/\",\"url\":\"https:\/\/tugraztestweb.asol.at\/gesamtverzeichnis\/maschinenbau-und-wirtschaftswissenschaften\/controlling-in-technologiebasierten-jungunternehmen\/\",\"name\":\"Controlling in technologiebasierten Jungunternehmen\"}}]}]}<\/script>\n<!-- \/ Yoast SEO plugin. -->","_links":{"self":[{"href":"https:\/\/tugraztestweb.asol.at\/en\/wp-json\/wp\/v2\/product\/30110"}],"collection":[{"href":"https:\/\/tugraztestweb.asol.at\/en\/wp-json\/wp\/v2\/product"}],"about":[{"href":"https:\/\/tugraztestweb.asol.at\/en\/wp-json\/wp\/v2\/types\/product"}],"replies":[{"embeddable":true,"href":"https:\/\/tugraztestweb.asol.at\/en\/wp-json\/wp\/v2\/comments?post=30110"}],"wp:featuredmedia":[{"embeddable":true,"href":"https:\/\/tugraztestweb.asol.at\/en\/wp-json\/wp\/v2\/media\/39779"}],"wp:attachment":[{"href":"https:\/\/tugraztestweb.asol.at\/en\/wp-json\/wp\/v2\/media?parent=30110"}],"curies":[{"name":"wp","href":"https:\/\/api.w.org\/{rel}","templated":true}]}}