{"id":30114,"date":"2020-08-21T12:54:18","date_gmt":"2020-08-21T12:54:18","guid":{"rendered":"http:\/\/tugraztestweb.asol.at\/gesamtverzeichnis\/unkategorisiert\/bauphysiktagung-2012\/"},"modified":"2020-08-21T14:55:18","modified_gmt":"2020-08-21T12:55:18","slug":"bauphysiktagung-2012","status":"publish","type":"product","link":"https:\/\/tugraztestweb.asol.at\/en\/gesamtverzeichnis\/bauingenieurwissenschaften\/bauphysiktagung-2012\/","title":{"rendered":"Bauphysiktagung 2012"},"content":{"rendered":"<p class=\"qtranxs-available-languages-message qtranxs-available-languages-message-en\">Sorry, this entry is only available in <a href=\"https:\/\/tugraztestweb.asol.at\/de\/wp-json\/wp\/v2\/product\/30114\" class=\"qtranxs-available-language-link qtranxs-available-language-link-de\" title=\"Deutsch\">Deutsch<\/a>.<\/p><p>Vorwort<\/p>\n<p>Sehr geehrte Tagungsteilnehmerin!<br \/>Sehr geehrter Tagungsteilnehmer!<br \/>Es freut mich, Sie zur sechsten Bauphysiktagung an der TU Graz begr\u00fc\u00dfen zu k\u00f6nnen. Durch die EU-weiten Zielvorgaben bilden Energieoptimierung und \u2013effizienz nach wie vor einen aktuellen und spannenden Themenschwerpunkt. Dabei sollte uns bewusst sein, dass dem in rechtem Ma\u00df auch Bestandsgeb\u00e4ude unterzuordnen sind. Denn neu bauen auf der gr\u00fcnen Wiese mag zwar reizvoll sein \u2013 es gibt aber Nachhaltigeres. Und was w\u00e4re eine Bauphysiktagung ohne den Schall- und Brandschutz? Da aber der Feuchtigkeitsschutz sowohl materialtechnologisch und leider auch im Zusammenhang mit Schimmelpilzen einen wesentlichen Stellenwert einnimmt, h\u00f6ren Sie auch interessante Vortr\u00e4ge zu diesen Themen. Abgerundet wird die Tagung mit Erkenntnissen \u00fcber historische und moderne Baustoffe, sowie die Klimaforschung und nat\u00fcrlich \u2013 der Architektur.<\/p>\n<p>Peter Kautsch<br \/><\/p>","protected":false},"excerpt":{"rendered":"<p class=\"qtranxs-available-languages-message qtranxs-available-languages-message-en\">Sorry, this entry is only available in <a href=\"https:\/\/tugraztestweb.asol.at\/de\/wp-json\/wp\/v2\/product\/30114\" class=\"qtranxs-available-language-link qtranxs-available-language-link-de\" title=\"Deutsch\">Deutsch<\/a>.<\/p>\n<p>Vorwort<\/p>\n<p>Sehr geehrte Tagungsteilnehmerin!<br \/>Sehr geehrter Tagungsteilnehmer!<br \/>Es freut mich, Sie zur sechsten Bauphysiktagung an der TU Graz begr\u00fc\u00dfen zu k\u00f6nnen. Durch die EU-weiten Zielvorgaben bilden Energieoptimierung und \u2013effizienz nach wie vor einen aktuellen und spannenden Themenschwerpunkt. Dabei sollte uns bewusst sein, dass dem in rechtem Ma\u00df auch Bestandsgeb\u00e4ude unterzuordnen sind. Denn neu bauen auf der gr\u00fcnen Wiese mag zwar reizvoll sein \u2013 es gibt aber Nachhaltigeres. Und was w\u00e4re eine Bauphysiktagung ohne den Schall- und Brandschutz? Da aber der Feuchtigkeitsschutz sowohl materialtechnologisch und leider auch im Zusammenhang mit Schimmelpilzen einen wesentlichen Stellenwert einnimmt, h\u00f6ren Sie auch interessante Vortr\u00e4ge zu diesen Themen. Abgerundet wird die Tagung mit Erkenntnissen \u00fcber historische und moderne Baustoffe, sowie die Klimaforschung und nat\u00fcrlich \u2013 der Architektur.<\/p>\n<p>Peter Kautsch<\/p>\n","protected":false},"featured_media":39781,"comment_status":"open","ping_status":"closed","template":"","meta":[],"yoast_head":"<!-- This site is optimized with the Yoast SEO plugin v16.1.1 - https:\/\/yoast.com\/wordpress\/plugins\/seo\/ -->\n<link rel=\"canonical\" href=\"https:\/\/tugraztestweb.asol.at\/en\/gesamtverzeichnis\/bauingenieurwissenschaften\/bauphysiktagung-2012\/\" \/>\n<meta property=\"og:locale\" content=\"en_US\" \/>\n<meta property=\"og:type\" content=\"article\" \/>\n<meta property=\"og:title\" content=\"Bauphysiktagung 2012 - Verlag der TU Graz\" \/>\n<meta property=\"og:description\" content=\"VorwortSehr geehrte Tagungsteilnehmerin!Sehr geehrter Tagungsteilnehmer!Es freut mich, Sie zur sechsten Bauphysiktagung an der TU Graz begr\u00fc\u00dfen zu k\u00f6nnen. Durch die EU-weiten Zielvorgaben bilden Energieoptimierung und \u2013effizienz nach wie vor einen aktuellen und spannenden Themenschwerpunkt. Dabei sollte uns bewusst sein, dass dem in rechtem Ma\u00df auch Bestandsgeb\u00e4ude unterzuordnen sind. Denn neu bauen auf der gr\u00fcnen Wiese mag zwar reizvoll sein \u2013 es gibt aber Nachhaltigeres. Und was w\u00e4re eine Bauphysiktagung ohne den Schall- und Brandschutz? Da aber der Feuchtigkeitsschutz sowohl materialtechnologisch und leider auch im Zusammenhang mit Schimmelpilzen einen wesentlichen Stellenwert einnimmt, h\u00f6ren Sie auch interessante Vortr\u00e4ge zu diesen Themen. Abgerundet wird die Tagung mit Erkenntnissen \u00fcber historische und moderne Baustoffe, sowie die Klimaforschung und nat\u00fcrlich \u2013 der Architektur.Peter Kautsch\" \/>\n<meta property=\"og:url\" content=\"https:\/\/tugraztestweb.asol.at\/en\/gesamtverzeichnis\/bauingenieurwissenschaften\/bauphysiktagung-2012\/\" \/>\n<meta property=\"og:site_name\" content=\"Verlag der TU Graz\" \/>\n<meta property=\"article:modified_time\" content=\"2020-08-21T12:55:18+00:00\" \/>\n<meta property=\"og:image\" content=\"https:\/\/tugraztestweb.asol.at\/wp-content\/uploads\/2020\/08\/image-978-3-85125-214-9.jpg\" \/>\n\t<meta property=\"og:image:width\" content=\"587\" \/>\n\t<meta property=\"og:image:height\" content=\"835\" \/>\n<meta name=\"twitter:card\" content=\"summary_large_image\" \/>\n<meta name=\"twitter:label1\" content=\"Est. reading time\">\n\t<meta name=\"twitter:data1\" content=\"1 minute\">\n<script type=\"application\/ld+json\" class=\"yoast-schema-graph\">{\"@context\":\"https:\/\/schema.org\",\"@graph\":[{\"@type\":\"WebSite\",\"@id\":\"https:\/\/tugraztestweb.asol.at\/#website\",\"url\":\"https:\/\/tugraztestweb.asol.at\/\",\"name\":\"Verlag der TU Graz\",\"description\":\"Verlag der Technischen Universit\\u00e4t Graz\",\"potentialAction\":[{\"@type\":\"SearchAction\",\"target\":\"https:\/\/tugraztestweb.asol.at\/?s={search_term_string}\",\"query-input\":\"required name=search_term_string\"}],\"inLanguage\":\"en-US\"},{\"@type\":\"ImageObject\",\"@id\":\"https:\/\/tugraztestweb.asol.at\/en\/gesamtverzeichnis\/bauingenieurwissenschaften\/bauphysiktagung-2012\/#primaryimage\",\"inLanguage\":\"en-US\",\"url\":\"https:\/\/tugraztestweb.asol.at\/wp-content\/uploads\/2020\/08\/image-978-3-85125-214-9.jpg\",\"contentUrl\":\"https:\/\/tugraztestweb.asol.at\/wp-content\/uploads\/2020\/08\/image-978-3-85125-214-9.jpg\",\"width\":587,\"height\":835},{\"@type\":\"WebPage\",\"@id\":\"https:\/\/tugraztestweb.asol.at\/en\/gesamtverzeichnis\/bauingenieurwissenschaften\/bauphysiktagung-2012\/#webpage\",\"url\":\"https:\/\/tugraztestweb.asol.at\/en\/gesamtverzeichnis\/bauingenieurwissenschaften\/bauphysiktagung-2012\/\",\"name\":\"Bauphysiktagung 2012 - Verlag der TU Graz\",\"isPartOf\":{\"@id\":\"https:\/\/tugraztestweb.asol.at\/#website\"},\"primaryImageOfPage\":{\"@id\":\"https:\/\/tugraztestweb.asol.at\/en\/gesamtverzeichnis\/bauingenieurwissenschaften\/bauphysiktagung-2012\/#primaryimage\"},\"datePublished\":\"2020-08-21T12:54:18+00:00\",\"dateModified\":\"2020-08-21T12:55:18+00:00\",\"breadcrumb\":{\"@id\":\"https:\/\/tugraztestweb.asol.at\/en\/gesamtverzeichnis\/bauingenieurwissenschaften\/bauphysiktagung-2012\/#breadcrumb\"},\"inLanguage\":\"en-US\",\"potentialAction\":[{\"@type\":\"ReadAction\",\"target\":[\"https:\/\/tugraztestweb.asol.at\/en\/gesamtverzeichnis\/bauingenieurwissenschaften\/bauphysiktagung-2012\/\"]}]},{\"@type\":\"BreadcrumbList\",\"@id\":\"https:\/\/tugraztestweb.asol.at\/en\/gesamtverzeichnis\/bauingenieurwissenschaften\/bauphysiktagung-2012\/#breadcrumb\",\"itemListElement\":[{\"@type\":\"ListItem\",\"position\":1,\"item\":{\"@type\":\"WebPage\",\"@id\":\"https:\/\/tugraztestweb.asol.at\/\",\"url\":\"https:\/\/tugraztestweb.asol.at\/\",\"name\":\"Home\"}},{\"@type\":\"ListItem\",\"position\":2,\"item\":{\"@type\":\"WebPage\",\"@id\":\"https:\/\/tugraztestweb.asol.at\/gesamtverzeichnis\/\",\"url\":\"https:\/\/tugraztestweb.asol.at\/gesamtverzeichnis\/\",\"name\":\"Gesamtverzeichnis\"}},{\"@type\":\"ListItem\",\"position\":3,\"item\":{\"@type\":\"WebPage\",\"@id\":\"https:\/\/tugraztestweb.asol.at\/en\/gesamtverzeichnis\/bauingenieurwissenschaften\/bauphysiktagung-2012\/\",\"url\":\"https:\/\/tugraztestweb.asol.at\/en\/gesamtverzeichnis\/bauingenieurwissenschaften\/bauphysiktagung-2012\/\",\"name\":\"Bauphysiktagung 2012\"}}]}]}<\/script>\n<!-- \/ Yoast SEO plugin. -->","_links":{"self":[{"href":"https:\/\/tugraztestweb.asol.at\/en\/wp-json\/wp\/v2\/product\/30114"}],"collection":[{"href":"https:\/\/tugraztestweb.asol.at\/en\/wp-json\/wp\/v2\/product"}],"about":[{"href":"https:\/\/tugraztestweb.asol.at\/en\/wp-json\/wp\/v2\/types\/product"}],"replies":[{"embeddable":true,"href":"https:\/\/tugraztestweb.asol.at\/en\/wp-json\/wp\/v2\/comments?post=30114"}],"wp:featuredmedia":[{"embeddable":true,"href":"https:\/\/tugraztestweb.asol.at\/en\/wp-json\/wp\/v2\/media\/39781"}],"wp:attachment":[{"href":"https:\/\/tugraztestweb.asol.at\/en\/wp-json\/wp\/v2\/media?parent=30114"}],"curies":[{"name":"wp","href":"https:\/\/api.w.org\/{rel}","templated":true}]}}