{"id":30118,"date":"2020-08-21T12:54:18","date_gmt":"2020-08-21T12:54:18","guid":{"rendered":"http:\/\/tugraztestweb.asol.at\/gesamtverzeichnis\/unkategorisiert\/woerterbuch-dt-engl-bauprojektmanagement\/"},"modified":"2020-08-21T14:55:18","modified_gmt":"2020-08-21T12:55:18","slug":"woerterbuch-dt-engl-bauprojektmanagement","status":"publish","type":"product","link":"https:\/\/tugraztestweb.asol.at\/en\/gesamtverzeichnis\/bauingenieurwissenschaften\/woerterbuch-dt-engl-bauprojektmanagement\/","title":{"rendered":"W\u00f6rterbuch (dt.\/engl.) BauProjektManagement"},"content":{"rendered":"<p class=\"qtranxs-available-languages-message qtranxs-available-languages-message-en\">Sorry, this entry is only available in <a href=\"https:\/\/tugraztestweb.asol.at\/de\/wp-json\/wp\/v2\/product\/30118\" class=\"qtranxs-available-language-link qtranxs-available-language-link-de\" title=\"Deutsch\">Deutsch<\/a>.<\/p><p>\u2022\talphabetischer Auszug und Definitionen der wichtigsten Begriffe, Vokabeln und Normverweise aus der Arbeitswelt des Bauprojektmanagements<br \/>\n\u2022\t\u00dcbersetzung der Begriffe in Englisch<br \/>\nDie Eindeutigkeit der Begriffe ist ein wesentlicher Erfolgsfaktor bei der Zusammenarbeit an Bauprojekten.<br \/>\nAlle Vertr\u00e4ge, Briefe, Projektanweisungen beruhen auf einem gemeinsamen Verst\u00e4ndnis von Inhalten und gemeinsamer Semantik. Konkrete Definitionen sind daher wichtige Hilfsmittel in komplexen Situationen.<br \/>\nW\u00f6rterb\u00fccher und Vokabelhefte sind f\u00fcr die meisten von uns nur noch Erinnerungen an die schulische Ausbildungsmethodik. Die laufende Weiterentwicklung technisch-fachlicher Berufe, vor allem auch der Rechtsgrundlagen des Bauens macht kontinuierliches lebenslanges Lernen unerl\u00e4sslich.<br \/>\nDiese dritte Auflage des W\u00f6rterbuches Projektmanagement wurde erweitert und auf den aktuellen Stand der \u00d6NORM und des BVergG 2006 angepasst.<br \/>\nDie Internationalisierung des Bauens, der Weg in die MOELs oder CEEs machte es sinnvoll, Schlagworte und Hauptbegriffe in englischer Version anzubieten.<\/p>","protected":false},"excerpt":{"rendered":"<p class=\"qtranxs-available-languages-message qtranxs-available-languages-message-en\">Sorry, this entry is only available in <a href=\"https:\/\/tugraztestweb.asol.at\/de\/wp-json\/wp\/v2\/product\/30118\" class=\"qtranxs-available-language-link qtranxs-available-language-link-de\" title=\"Deutsch\">Deutsch<\/a>.<\/p>\n<p>\u2022\talphabetischer Auszug und Definitionen der wichtigsten Begriffe, Vokabeln und Normverweise aus der Arbeitswelt des Bauprojektmanagements<br \/>\n\u2022\t\u00dcbersetzung der Begriffe in Englisch<br \/>\nDie Eindeutigkeit der Begriffe ist ein wesentlicher Erfolgsfaktor bei der Zusammenarbeit an Bauprojekten.<br \/>\nAlle Vertr\u00e4ge, Briefe, Projektanweisungen beruhen auf einem gemeinsamen Verst\u00e4ndnis von Inhalten und gemeinsamer Semantik. Konkrete Definitionen sind daher wichtige Hilfsmittel in komplexen Situationen.<br \/>\nW\u00f6rterb\u00fccher und Vokabelhefte sind f\u00fcr die meisten von uns nur noch Erinnerungen an die schulische Ausbildungsmethodik. Die laufende Weiterentwicklung technisch-fachlicher Berufe, vor allem auch der Rechtsgrundlagen des Bauens macht kontinuierliches lebenslanges Lernen unerl\u00e4sslich.<br \/>\nDiese dritte Auflage des W\u00f6rterbuches Projektmanagement wurde erweitert und auf den aktuellen Stand der \u00d6NORM und des BVergG 2006 angepasst.<br \/>\nDie Internationalisierung des Bauens, der Weg in die MOELs oder CEEs machte es sinnvoll, Schlagworte und Hauptbegriffe in englischer Version anzubieten.<\/p>\n","protected":false},"featured_media":39783,"comment_status":"open","ping_status":"closed","template":"","meta":[],"yoast_head":"<!-- This site is optimized with the Yoast SEO plugin v16.1.1 - https:\/\/yoast.com\/wordpress\/plugins\/seo\/ -->\n<link rel=\"canonical\" href=\"https:\/\/tugraztestweb.asol.at\/en\/gesamtverzeichnis\/bauingenieurwissenschaften\/woerterbuch-dt-engl-bauprojektmanagement\/\" \/>\n<meta property=\"og:locale\" content=\"en_US\" \/>\n<meta property=\"og:type\" content=\"article\" \/>\n<meta property=\"og:title\" content=\"W\u00f6rterbuch (dt.\/engl.) BauProjektManagement - Verlag der TU Graz\" \/>\n<meta property=\"og:description\" content=\"\u2022 alphabetischer Auszug und Definitionen der wichtigsten Begriffe, Vokabeln und Normverweise aus der Arbeitswelt des Bauprojektmanagements \u2022 \u00dcbersetzung der Begriffe in Englisch Die Eindeutigkeit der Begriffe ist ein wesentlicher Erfolgsfaktor bei der Zusammenarbeit an Bauprojekten. Alle Vertr\u00e4ge, Briefe, Projektanweisungen beruhen auf einem gemeinsamen Verst\u00e4ndnis von Inhalten und gemeinsamer Semantik. Konkrete Definitionen sind daher wichtige Hilfsmittel in komplexen Situationen. W\u00f6rterb\u00fccher und Vokabelhefte sind f\u00fcr die meisten von uns nur noch Erinnerungen an die schulische Ausbildungsmethodik. Die laufende Weiterentwicklung technisch-fachlicher Berufe, vor allem auch der Rechtsgrundlagen des Bauens macht kontinuierliches lebenslanges Lernen unerl\u00e4sslich. Diese dritte Auflage des W\u00f6rterbuches Projektmanagement wurde erweitert und auf den aktuellen Stand der \u00d6NORM und des BVergG 2006 angepasst. Die Internationalisierung des Bauens, der Weg in die MOELs oder CEEs machte es sinnvoll, Schlagworte und Hauptbegriffe in englischer Version anzubieten.\" \/>\n<meta property=\"og:url\" content=\"https:\/\/tugraztestweb.asol.at\/en\/gesamtverzeichnis\/bauingenieurwissenschaften\/woerterbuch-dt-engl-bauprojektmanagement\/\" \/>\n<meta property=\"og:site_name\" content=\"Verlag der TU Graz\" \/>\n<meta property=\"article:modified_time\" content=\"2020-08-21T12:55:18+00:00\" \/>\n<meta property=\"og:image\" content=\"https:\/\/tugraztestweb.asol.at\/wp-content\/uploads\/2020\/08\/image-345.jpg\" \/>\n\t<meta property=\"og:image:width\" content=\"408\" \/>\n\t<meta property=\"og:image:height\" content=\"818\" \/>\n<meta name=\"twitter:card\" content=\"summary_large_image\" \/>\n<meta name=\"twitter:label1\" content=\"Est. reading time\">\n\t<meta name=\"twitter:data1\" content=\"1 minute\">\n<script type=\"application\/ld+json\" class=\"yoast-schema-graph\">{\"@context\":\"https:\/\/schema.org\",\"@graph\":[{\"@type\":\"WebSite\",\"@id\":\"https:\/\/tugraztestweb.asol.at\/#website\",\"url\":\"https:\/\/tugraztestweb.asol.at\/\",\"name\":\"Verlag der TU Graz\",\"description\":\"Verlag der Technischen Universit\\u00e4t Graz\",\"potentialAction\":[{\"@type\":\"SearchAction\",\"target\":\"https:\/\/tugraztestweb.asol.at\/?s={search_term_string}\",\"query-input\":\"required name=search_term_string\"}],\"inLanguage\":\"en-US\"},{\"@type\":\"ImageObject\",\"@id\":\"https:\/\/tugraztestweb.asol.at\/en\/gesamtverzeichnis\/bauingenieurwissenschaften\/woerterbuch-dt-engl-bauprojektmanagement\/#primaryimage\",\"inLanguage\":\"en-US\",\"url\":\"https:\/\/tugraztestweb.asol.at\/wp-content\/uploads\/2020\/08\/image-345.jpg\",\"contentUrl\":\"https:\/\/tugraztestweb.asol.at\/wp-content\/uploads\/2020\/08\/image-345.jpg\",\"width\":408,\"height\":818},{\"@type\":\"WebPage\",\"@id\":\"https:\/\/tugraztestweb.asol.at\/en\/gesamtverzeichnis\/bauingenieurwissenschaften\/woerterbuch-dt-engl-bauprojektmanagement\/#webpage\",\"url\":\"https:\/\/tugraztestweb.asol.at\/en\/gesamtverzeichnis\/bauingenieurwissenschaften\/woerterbuch-dt-engl-bauprojektmanagement\/\",\"name\":\"W\\u00f6rterbuch (dt.\/engl.) BauProjektManagement - Verlag der TU Graz\",\"isPartOf\":{\"@id\":\"https:\/\/tugraztestweb.asol.at\/#website\"},\"primaryImageOfPage\":{\"@id\":\"https:\/\/tugraztestweb.asol.at\/en\/gesamtverzeichnis\/bauingenieurwissenschaften\/woerterbuch-dt-engl-bauprojektmanagement\/#primaryimage\"},\"datePublished\":\"2020-08-21T12:54:18+00:00\",\"dateModified\":\"2020-08-21T12:55:18+00:00\",\"breadcrumb\":{\"@id\":\"https:\/\/tugraztestweb.asol.at\/en\/gesamtverzeichnis\/bauingenieurwissenschaften\/woerterbuch-dt-engl-bauprojektmanagement\/#breadcrumb\"},\"inLanguage\":\"en-US\",\"potentialAction\":[{\"@type\":\"ReadAction\",\"target\":[\"https:\/\/tugraztestweb.asol.at\/en\/gesamtverzeichnis\/bauingenieurwissenschaften\/woerterbuch-dt-engl-bauprojektmanagement\/\"]}]},{\"@type\":\"BreadcrumbList\",\"@id\":\"https:\/\/tugraztestweb.asol.at\/en\/gesamtverzeichnis\/bauingenieurwissenschaften\/woerterbuch-dt-engl-bauprojektmanagement\/#breadcrumb\",\"itemListElement\":[{\"@type\":\"ListItem\",\"position\":1,\"item\":{\"@type\":\"WebPage\",\"@id\":\"https:\/\/tugraztestweb.asol.at\/\",\"url\":\"https:\/\/tugraztestweb.asol.at\/\",\"name\":\"Home\"}},{\"@type\":\"ListItem\",\"position\":2,\"item\":{\"@type\":\"WebPage\",\"@id\":\"https:\/\/tugraztestweb.asol.at\/gesamtverzeichnis\/\",\"url\":\"https:\/\/tugraztestweb.asol.at\/gesamtverzeichnis\/\",\"name\":\"Gesamtverzeichnis\"}},{\"@type\":\"ListItem\",\"position\":3,\"item\":{\"@type\":\"WebPage\",\"@id\":\"https:\/\/tugraztestweb.asol.at\/en\/gesamtverzeichnis\/bauingenieurwissenschaften\/woerterbuch-dt-engl-bauprojektmanagement\/\",\"url\":\"https:\/\/tugraztestweb.asol.at\/en\/gesamtverzeichnis\/bauingenieurwissenschaften\/woerterbuch-dt-engl-bauprojektmanagement\/\",\"name\":\"W\\u00f6rterbuch (dt.\/engl.) BauProjektManagement\"}}]}]}<\/script>\n<!-- \/ Yoast SEO plugin. -->","_links":{"self":[{"href":"https:\/\/tugraztestweb.asol.at\/en\/wp-json\/wp\/v2\/product\/30118"}],"collection":[{"href":"https:\/\/tugraztestweb.asol.at\/en\/wp-json\/wp\/v2\/product"}],"about":[{"href":"https:\/\/tugraztestweb.asol.at\/en\/wp-json\/wp\/v2\/types\/product"}],"replies":[{"embeddable":true,"href":"https:\/\/tugraztestweb.asol.at\/en\/wp-json\/wp\/v2\/comments?post=30118"}],"wp:featuredmedia":[{"embeddable":true,"href":"https:\/\/tugraztestweb.asol.at\/en\/wp-json\/wp\/v2\/media\/39783"}],"wp:attachment":[{"href":"https:\/\/tugraztestweb.asol.at\/en\/wp-json\/wp\/v2\/media?parent=30118"}],"curies":[{"name":"wp","href":"https:\/\/api.w.org\/{rel}","templated":true}]}}