{"id":30120,"date":"2020-08-21T12:54:18","date_gmt":"2020-08-21T12:54:18","guid":{"rendered":"http:\/\/tugraztestweb.asol.at\/gesamtverzeichnis\/unkategorisiert\/10-grazer-baubetriebs-und-bauwirtschaftssymposium-planen-und-bauen-im-bestand-tagungsband-2012\/"},"modified":"2020-08-21T14:55:18","modified_gmt":"2020-08-21T12:55:18","slug":"10-grazer-baubetriebs-und-bauwirtschaftssymposium-planen-und-bauen-im-bestand-tagungsband-2012","status":"publish","type":"product","link":"https:\/\/tugraztestweb.asol.at\/en\/gesamtverzeichnis\/bauingenieurwissenschaften\/10-grazer-baubetriebs-und-bauwirtschaftssymposium-planen-und-bauen-im-bestand-tagungsband-2012\/","title":{"rendered":"10. Grazer Baubetriebs- und Bauwirtschaftssymposium, Planen und Bauen im Bestand, Tagungsband 2012"},"content":{"rendered":"<p class=\"qtranxs-available-languages-message qtranxs-available-languages-message-en\">Sorry, this entry is only available in <a href=\"https:\/\/tugraztestweb.asol.at\/de\/wp-json\/wp\/v2\/product\/30120\" class=\"qtranxs-available-language-link qtranxs-available-language-link-de\" title=\"Deutsch\">Deutsch<\/a>.<\/p><p>Die Anforderungen an das Planen, Ausschreiben, Kalkulieren und Ausf\u00fchren von Projekten im Bestand sind h\u00f6her als jene bei Neubauten. Bei Neubauten braucht nicht auf bestehende Strukturen und Tragwerksverh\u00e4ltnisse R\u00fccksicht genommen werden und daher sind die \u201eProjekt\u00fcberraschungen\u201c selbst-gemacht auch damit idR. kalkulierbarer. Die vorhandenen Regelwerke sind haupts\u00e4chlich auf Neubauten ausgerichtet und m\u00fcssen daher sinngem\u00e4\u00df f\u00fcr das Bauen im Bestand umgedeutet werden. Aus diesen Aspekten folgen h\u00f6here Projektunsicherheiten als bei Neubauten. Alte Baustoffe die schon viele Jahre der Nutzung ausgesetzt waren, werden mit neuen Baustoffen verbunden und es besteht eine hohe Schnittstellenproblematik. Im Tagungsband werden die speziellen Anforderungen an das Planen, Ausschreiben, Kalkulieren und Ausf\u00fchren von Bauten im Bestand anhand von Beitr\u00e4gen aus der Praxis und Forschung systematisch dargestellt. Anhand von Projektbeispielen werden die Aufgaben der Auftraggeber und Auftragnehmer er\u00f6rtert und die rechtlichen Besonderheiten aufgezeigt.<\/p>","protected":false},"excerpt":{"rendered":"<p class=\"qtranxs-available-languages-message qtranxs-available-languages-message-en\">Sorry, this entry is only available in <a href=\"https:\/\/tugraztestweb.asol.at\/de\/wp-json\/wp\/v2\/product\/30120\" class=\"qtranxs-available-language-link qtranxs-available-language-link-de\" title=\"Deutsch\">Deutsch<\/a>.<\/p>\n<p>Die Anforderungen an das Planen, Ausschreiben, Kalkulieren und Ausf\u00fchren von Projekten im Bestand sind h\u00f6her als jene bei Neubauten. Bei Neubauten braucht nicht auf bestehende Strukturen und Tragwerksverh\u00e4ltnisse R\u00fccksicht genommen werden und daher sind die \u201eProjekt\u00fcberraschungen\u201c selbst-gemacht auch damit idR. kalkulierbarer. Die vorhandenen Regelwerke sind haupts\u00e4chlich auf Neubauten ausgerichtet und m\u00fcssen daher sinngem\u00e4\u00df f\u00fcr das Bauen im Bestand umgedeutet werden. Aus diesen Aspekten folgen h\u00f6here Projektunsicherheiten als bei Neubauten. Alte Baustoffe die schon viele Jahre der Nutzung ausgesetzt waren, werden mit neuen Baustoffen verbunden und es besteht eine hohe Schnittstellenproblematik. Im Tagungsband werden die speziellen Anforderungen an das Planen, Ausschreiben, Kalkulieren und Ausf\u00fchren von Bauten im Bestand anhand von Beitr\u00e4gen aus der Praxis und Forschung systematisch dargestellt. Anhand von Projektbeispielen werden die Aufgaben der Auftraggeber und Auftragnehmer er\u00f6rtert und die rechtlichen Besonderheiten aufgezeigt.<\/p>\n","protected":false},"featured_media":39784,"comment_status":"open","ping_status":"closed","template":"","meta":[],"yoast_head":"<!-- This site is optimized with the Yoast SEO plugin v16.1.1 - https:\/\/yoast.com\/wordpress\/plugins\/seo\/ -->\n<link rel=\"canonical\" href=\"https:\/\/tugraztestweb.asol.at\/gesamtverzeichnis\/bauingenieurwissenschaften\/10-grazer-baubetriebs-und-bauwirtschaftssymposium-planen-und-bauen-im-bestand-tagungsband-2012\/\" \/>\n<meta property=\"og:locale\" content=\"en_US\" \/>\n<meta property=\"og:type\" content=\"article\" \/>\n<meta property=\"og:title\" content=\"10. Grazer Baubetriebs- und Bauwirtschaftssymposium, Planen und Bauen im Bestand, Tagungsband 2012 - Verlag der TU Graz\" \/>\n<meta property=\"og:description\" content=\"Die Anforderungen an das Planen, Ausschreiben, Kalkulieren und Ausf\u00fchren von Projekten im Bestand sind h\u00f6her als jene bei Neubauten. Bei Neubauten braucht nicht auf bestehende Strukturen und Tragwerksverh\u00e4ltnisse R\u00fccksicht genommen werden und daher sind die \u201eProjekt\u00fcberraschungen\u201c selbst-gemacht auch damit idR. kalkulierbarer. Die vorhandenen Regelwerke sind haupts\u00e4chlich auf Neubauten ausgerichtet und m\u00fcssen daher sinngem\u00e4\u00df f\u00fcr das Bauen im Bestand umgedeutet werden. Aus diesen Aspekten folgen h\u00f6here Projektunsicherheiten als bei Neubauten. Alte Baustoffe die schon viele Jahre der Nutzung ausgesetzt waren, werden mit neuen Baustoffen verbunden und es besteht eine hohe Schnittstellenproblematik. Im Tagungsband werden die speziellen Anforderungen an das Planen, Ausschreiben, Kalkulieren und Ausf\u00fchren von Bauten im Bestand anhand von Beitr\u00e4gen aus der Praxis und Forschung systematisch dargestellt. Anhand von Projektbeispielen werden die Aufgaben der Auftraggeber und Auftragnehmer er\u00f6rtert und die rechtlichen Besonderheiten aufgezeigt.\" \/>\n<meta property=\"og:url\" content=\"https:\/\/tugraztestweb.asol.at\/gesamtverzeichnis\/bauingenieurwissenschaften\/10-grazer-baubetriebs-und-bauwirtschaftssymposium-planen-und-bauen-im-bestand-tagungsband-2012\/\" \/>\n<meta property=\"og:site_name\" content=\"Verlag der TU Graz\" \/>\n<meta property=\"article:modified_time\" content=\"2020-08-21T12:55:18+00:00\" \/>\n<meta property=\"og:image\" content=\"https:\/\/tugraztestweb.asol.at\/wp-content\/uploads\/2020\/08\/image-978-3-85125-194-4.jpg\" \/>\n\t<meta property=\"og:image:width\" content=\"633\" \/>\n\t<meta property=\"og:image:height\" content=\"895\" \/>\n<meta name=\"twitter:card\" content=\"summary_large_image\" \/>\n<meta name=\"twitter:label1\" content=\"Est. reading time\">\n\t<meta name=\"twitter:data1\" content=\"1 minute\">\n<script type=\"application\/ld+json\" class=\"yoast-schema-graph\">{\"@context\":\"https:\/\/schema.org\",\"@graph\":[{\"@type\":\"WebSite\",\"@id\":\"https:\/\/tugraztestweb.asol.at\/#website\",\"url\":\"https:\/\/tugraztestweb.asol.at\/\",\"name\":\"Verlag der TU Graz\",\"description\":\"Verlag der Technischen Universit\\u00e4t Graz\",\"potentialAction\":[{\"@type\":\"SearchAction\",\"target\":\"https:\/\/tugraztestweb.asol.at\/?s={search_term_string}\",\"query-input\":\"required name=search_term_string\"}],\"inLanguage\":\"en-US\"},{\"@type\":\"ImageObject\",\"@id\":\"https:\/\/tugraztestweb.asol.at\/gesamtverzeichnis\/bauingenieurwissenschaften\/10-grazer-baubetriebs-und-bauwirtschaftssymposium-planen-und-bauen-im-bestand-tagungsband-2012\/#primaryimage\",\"inLanguage\":\"en-US\",\"url\":\"https:\/\/tugraztestweb.asol.at\/wp-content\/uploads\/2020\/08\/image-978-3-85125-194-4.jpg\",\"contentUrl\":\"https:\/\/tugraztestweb.asol.at\/wp-content\/uploads\/2020\/08\/image-978-3-85125-194-4.jpg\",\"width\":633,\"height\":895},{\"@type\":\"WebPage\",\"@id\":\"https:\/\/tugraztestweb.asol.at\/gesamtverzeichnis\/bauingenieurwissenschaften\/10-grazer-baubetriebs-und-bauwirtschaftssymposium-planen-und-bauen-im-bestand-tagungsband-2012\/#webpage\",\"url\":\"https:\/\/tugraztestweb.asol.at\/gesamtverzeichnis\/bauingenieurwissenschaften\/10-grazer-baubetriebs-und-bauwirtschaftssymposium-planen-und-bauen-im-bestand-tagungsband-2012\/\",\"name\":\"10. Grazer Baubetriebs- und Bauwirtschaftssymposium, Planen und Bauen im Bestand, Tagungsband 2012 - Verlag der TU Graz\",\"isPartOf\":{\"@id\":\"https:\/\/tugraztestweb.asol.at\/#website\"},\"primaryImageOfPage\":{\"@id\":\"https:\/\/tugraztestweb.asol.at\/gesamtverzeichnis\/bauingenieurwissenschaften\/10-grazer-baubetriebs-und-bauwirtschaftssymposium-planen-und-bauen-im-bestand-tagungsband-2012\/#primaryimage\"},\"datePublished\":\"2020-08-21T12:54:18+00:00\",\"dateModified\":\"2020-08-21T12:55:18+00:00\",\"breadcrumb\":{\"@id\":\"https:\/\/tugraztestweb.asol.at\/gesamtverzeichnis\/bauingenieurwissenschaften\/10-grazer-baubetriebs-und-bauwirtschaftssymposium-planen-und-bauen-im-bestand-tagungsband-2012\/#breadcrumb\"},\"inLanguage\":\"en-US\",\"potentialAction\":[{\"@type\":\"ReadAction\",\"target\":[\"https:\/\/tugraztestweb.asol.at\/gesamtverzeichnis\/bauingenieurwissenschaften\/10-grazer-baubetriebs-und-bauwirtschaftssymposium-planen-und-bauen-im-bestand-tagungsband-2012\/\"]}]},{\"@type\":\"BreadcrumbList\",\"@id\":\"https:\/\/tugraztestweb.asol.at\/gesamtverzeichnis\/bauingenieurwissenschaften\/10-grazer-baubetriebs-und-bauwirtschaftssymposium-planen-und-bauen-im-bestand-tagungsband-2012\/#breadcrumb\",\"itemListElement\":[{\"@type\":\"ListItem\",\"position\":1,\"item\":{\"@type\":\"WebPage\",\"@id\":\"https:\/\/tugraztestweb.asol.at\/\",\"url\":\"https:\/\/tugraztestweb.asol.at\/\",\"name\":\"Home\"}},{\"@type\":\"ListItem\",\"position\":2,\"item\":{\"@type\":\"WebPage\",\"@id\":\"https:\/\/tugraztestweb.asol.at\/gesamtverzeichnis\/\",\"url\":\"https:\/\/tugraztestweb.asol.at\/gesamtverzeichnis\/\",\"name\":\"Gesamtverzeichnis\"}},{\"@type\":\"ListItem\",\"position\":3,\"item\":{\"@type\":\"WebPage\",\"@id\":\"https:\/\/tugraztestweb.asol.at\/gesamtverzeichnis\/bauingenieurwissenschaften\/10-grazer-baubetriebs-und-bauwirtschaftssymposium-planen-und-bauen-im-bestand-tagungsband-2012\/\",\"url\":\"https:\/\/tugraztestweb.asol.at\/gesamtverzeichnis\/bauingenieurwissenschaften\/10-grazer-baubetriebs-und-bauwirtschaftssymposium-planen-und-bauen-im-bestand-tagungsband-2012\/\",\"name\":\"10. Grazer Baubetriebs- und Bauwirtschaftssymposium, Planen und Bauen im Bestand, Tagungsband 2012\"}}]}]}<\/script>\n<!-- \/ Yoast SEO plugin. -->","_links":{"self":[{"href":"https:\/\/tugraztestweb.asol.at\/en\/wp-json\/wp\/v2\/product\/30120"}],"collection":[{"href":"https:\/\/tugraztestweb.asol.at\/en\/wp-json\/wp\/v2\/product"}],"about":[{"href":"https:\/\/tugraztestweb.asol.at\/en\/wp-json\/wp\/v2\/types\/product"}],"replies":[{"embeddable":true,"href":"https:\/\/tugraztestweb.asol.at\/en\/wp-json\/wp\/v2\/comments?post=30120"}],"wp:featuredmedia":[{"embeddable":true,"href":"https:\/\/tugraztestweb.asol.at\/en\/wp-json\/wp\/v2\/media\/39784"}],"wp:attachment":[{"href":"https:\/\/tugraztestweb.asol.at\/en\/wp-json\/wp\/v2\/media?parent=30120"}],"curies":[{"name":"wp","href":"https:\/\/api.w.org\/{rel}","templated":true}]}}