{"id":30122,"date":"2020-08-21T12:54:18","date_gmt":"2020-08-21T12:54:18","guid":{"rendered":"http:\/\/tugraztestweb.asol.at\/gesamtverzeichnis\/unkategorisiert\/untersuchung-der-ueberstruktur-und-der-domaenen-am-perowskit-la04sr06coo271-mit-einem-transmissionselektronenmikroskop\/"},"modified":"2020-08-21T14:55:18","modified_gmt":"2020-08-21T12:55:18","slug":"untersuchung-der-ueberstruktur-und-der-domaenen-am-perowskit-la04sr06coo271-mit-einem-transmissionselektronenmikroskop","status":"publish","type":"product","link":"https:\/\/tugraztestweb.asol.at\/en\/gesamtverzeichnis\/technische-mathematik-und-technische-physik\/untersuchung-der-ueberstruktur-und-der-domaenen-am-perowskit-la04sr06coo271-mit-einem-transmissionselektronenmikroskop\/","title":{"rendered":"Untersuchung der \u00dcberstruktur und der Dom\u00e4nen am Perowskit La0,4Sr0,6CoO2,71 mit einem Transmissionselektronenmikroskop"},"content":{"rendered":"<p class=\"qtranxs-available-languages-message qtranxs-available-languages-message-en\">Sorry, this entry is only available in <a href=\"https:\/\/tugraztestweb.asol.at\/de\/wp-json\/wp\/v2\/product\/30122\" class=\"qtranxs-available-language-link qtranxs-available-language-link-de\" title=\"Deutsch\">Deutsch<\/a>.<\/p><p>Die Bestimmung der Kristallstruktur von Pulvern oder nanokristallinen Proben mit Hilfe der R\u00f6ntgenbeugung (XRD) kann bei \u00dcberlappung von Reflexen schwierig oder sogar unm\u00f6glich werden. Des Weiteren k\u00f6nnen intensit\u00e4tsschwache Reflexe bei einer Pulveraufnahme nicht mehr erkennbar sein, welche aber bei Beugungsaufnahmen an einem Einkristall sichtbar w\u00e4ren. Da die Elektronenbeugung im Vergleich zur R\u00f6ntgenbeugung nur sehr kleine Probenvolumina ben\u00f6tigt, lassen sich daher mit der Elektronenbeugung Einkristallaufnahmen von einzelnen Kristallen eines Pulvers erstellen. Daraus ergibt sich die M\u00f6glichkeit der Aufnahme von Reflexen ohne \u00dcberlappung sowie die Detektion von Reflexen mit sehr geringer Intensit\u00e4t, womit eine eindeutige Ermittlung des Kristallsystems und des Bravais-Gitters m\u00f6glich wird. Mit Hilfe der konvergenten Elektronenbeugung l\u00e4sst sich \u00fcber die Symmetrieeigenschaften von Beugungsbildern bestimmter Zonenachsen die Punktgruppe feststellen. Durch die Kombination von XRD und Elektronenbeugung konnte die Kristallstruktur der nichtst\u00f6chiometrischen Probe La0,4Sr0,6CoO2,71 eindeutig gekl\u00e4rt werden. Als Ursache f\u00fcr den beobachteten \u00dcberstrukturreflex konnte die Anordnung von Sauerstoffleerstellen und eine Verkippung der Sauerstoff-Oktaeder lokalisiert werden. Diffuse Reflexe in der Elektronenbeugung erbrachten zus\u00e4tzliche Informationen zur Ordnung der Leerstellen \u00fcber mehrere Elementarzellen.<\/p>","protected":false},"excerpt":{"rendered":"<p class=\"qtranxs-available-languages-message qtranxs-available-languages-message-en\">Sorry, this entry is only available in <a href=\"https:\/\/tugraztestweb.asol.at\/de\/wp-json\/wp\/v2\/product\/30122\" class=\"qtranxs-available-language-link qtranxs-available-language-link-de\" title=\"Deutsch\">Deutsch<\/a>.<\/p>\n<p>Die Bestimmung der Kristallstruktur von Pulvern oder nanokristallinen Proben mit Hilfe der R\u00f6ntgenbeugung (XRD) kann bei \u00dcberlappung von Reflexen schwierig oder sogar unm\u00f6glich werden. Des Weiteren k\u00f6nnen intensit\u00e4tsschwache Reflexe bei einer Pulveraufnahme nicht mehr erkennbar sein, welche aber bei Beugungsaufnahmen an einem Einkristall sichtbar w\u00e4ren. Da die Elektronenbeugung im Vergleich zur R\u00f6ntgenbeugung nur sehr kleine Probenvolumina ben\u00f6tigt, lassen sich daher mit der Elektronenbeugung Einkristallaufnahmen von einzelnen Kristallen eines Pulvers erstellen. Daraus ergibt sich die M\u00f6glichkeit der Aufnahme von Reflexen ohne \u00dcberlappung sowie die Detektion von Reflexen mit sehr geringer Intensit\u00e4t, womit eine eindeutige Ermittlung des Kristallsystems und des Bravais-Gitters m\u00f6glich wird. Mit Hilfe der konvergenten Elektronenbeugung l\u00e4sst sich \u00fcber die Symmetrieeigenschaften von Beugungsbildern bestimmter Zonenachsen die Punktgruppe feststellen. Durch die Kombination von XRD und Elektronenbeugung konnte die Kristallstruktur der nichtst\u00f6chiometrischen Probe La0,4Sr0,6CoO2,71 eindeutig gekl\u00e4rt werden. Als Ursache f\u00fcr den beobachteten \u00dcberstrukturreflex konnte die Anordnung von Sauerstoffleerstellen und eine Verkippung der Sauerstoff-Oktaeder lokalisiert werden. Diffuse Reflexe in der Elektronenbeugung erbrachten zus\u00e4tzliche Informationen zur Ordnung der Leerstellen \u00fcber mehrere Elementarzellen.<\/p>\n","protected":false},"featured_media":39785,"comment_status":"open","ping_status":"closed","template":"","meta":[],"yoast_head":"<!-- This site is optimized with the Yoast SEO plugin v16.1.1 - https:\/\/yoast.com\/wordpress\/plugins\/seo\/ -->\n<link rel=\"canonical\" href=\"https:\/\/tugraztestweb.asol.at\/gesamtverzeichnis\/technische-mathematik-und-technische-physik\/untersuchung-der-ueberstruktur-und-der-domaenen-am-perowskit-la04sr06coo271-mit-einem-transmissionselektronenmikroskop\/\" \/>\n<meta property=\"og:locale\" content=\"en_US\" \/>\n<meta property=\"og:type\" content=\"article\" \/>\n<meta property=\"og:title\" content=\"Untersuchung der \u00dcberstruktur und der Dom\u00e4nen am Perowskit La0,4Sr0,6CoO2,71 mit einem Transmissionselektronenmikroskop - Verlag der TU Graz\" \/>\n<meta property=\"og:description\" content=\"Die Bestimmung der Kristallstruktur von Pulvern oder nanokristallinen Proben mit Hilfe der R\u00f6ntgenbeugung (XRD) kann bei \u00dcberlappung von Reflexen schwierig oder sogar unm\u00f6glich werden. Des Weiteren k\u00f6nnen intensit\u00e4tsschwache Reflexe bei einer Pulveraufnahme nicht mehr erkennbar sein, welche aber bei Beugungsaufnahmen an einem Einkristall sichtbar w\u00e4ren. Da die Elektronenbeugung im Vergleich zur R\u00f6ntgenbeugung nur sehr kleine Probenvolumina ben\u00f6tigt, lassen sich daher mit der Elektronenbeugung Einkristallaufnahmen von einzelnen Kristallen eines Pulvers erstellen. Daraus ergibt sich die M\u00f6glichkeit der Aufnahme von Reflexen ohne \u00dcberlappung sowie die Detektion von Reflexen mit sehr geringer Intensit\u00e4t, womit eine eindeutige Ermittlung des Kristallsystems und des Bravais-Gitters m\u00f6glich wird. Mit Hilfe der konvergenten Elektronenbeugung l\u00e4sst sich \u00fcber die Symmetrieeigenschaften von Beugungsbildern bestimmter Zonenachsen die Punktgruppe feststellen. Durch die Kombination von XRD und Elektronenbeugung konnte die Kristallstruktur der nichtst\u00f6chiometrischen Probe La0,4Sr0,6CoO2,71 eindeutig gekl\u00e4rt werden. Als Ursache f\u00fcr den beobachteten \u00dcberstrukturreflex konnte die Anordnung von Sauerstoffleerstellen und eine Verkippung der Sauerstoff-Oktaeder lokalisiert werden. Diffuse Reflexe in der Elektronenbeugung erbrachten zus\u00e4tzliche Informationen zur Ordnung der Leerstellen \u00fcber mehrere Elementarzellen.\" \/>\n<meta property=\"og:url\" content=\"https:\/\/tugraztestweb.asol.at\/gesamtverzeichnis\/technische-mathematik-und-technische-physik\/untersuchung-der-ueberstruktur-und-der-domaenen-am-perowskit-la04sr06coo271-mit-einem-transmissionselektronenmikroskop\/\" \/>\n<meta property=\"og:site_name\" content=\"Verlag der TU Graz\" \/>\n<meta property=\"article:modified_time\" content=\"2020-08-21T12:55:18+00:00\" \/>\n<meta property=\"og:image\" content=\"https:\/\/tugraztestweb.asol.at\/wp-content\/uploads\/2020\/08\/image-978-3-85125-219-4.jpg\" \/>\n\t<meta property=\"og:image:width\" content=\"460\" \/>\n\t<meta property=\"og:image:height\" content=\"677\" \/>\n<meta name=\"twitter:card\" content=\"summary_large_image\" \/>\n<meta name=\"twitter:label1\" content=\"Est. reading time\">\n\t<meta name=\"twitter:data1\" content=\"1 minute\">\n<script type=\"application\/ld+json\" class=\"yoast-schema-graph\">{\"@context\":\"https:\/\/schema.org\",\"@graph\":[{\"@type\":\"WebSite\",\"@id\":\"https:\/\/tugraztestweb.asol.at\/#website\",\"url\":\"https:\/\/tugraztestweb.asol.at\/\",\"name\":\"Verlag der TU Graz\",\"description\":\"Verlag der Technischen Universit\\u00e4t Graz\",\"potentialAction\":[{\"@type\":\"SearchAction\",\"target\":\"https:\/\/tugraztestweb.asol.at\/?s={search_term_string}\",\"query-input\":\"required name=search_term_string\"}],\"inLanguage\":\"en-US\"},{\"@type\":\"ImageObject\",\"@id\":\"https:\/\/tugraztestweb.asol.at\/gesamtverzeichnis\/technische-mathematik-und-technische-physik\/untersuchung-der-ueberstruktur-und-der-domaenen-am-perowskit-la04sr06coo271-mit-einem-transmissionselektronenmikroskop\/#primaryimage\",\"inLanguage\":\"en-US\",\"url\":\"https:\/\/tugraztestweb.asol.at\/wp-content\/uploads\/2020\/08\/image-978-3-85125-219-4.jpg\",\"contentUrl\":\"https:\/\/tugraztestweb.asol.at\/wp-content\/uploads\/2020\/08\/image-978-3-85125-219-4.jpg\",\"width\":460,\"height\":677},{\"@type\":\"WebPage\",\"@id\":\"https:\/\/tugraztestweb.asol.at\/gesamtverzeichnis\/technische-mathematik-und-technische-physik\/untersuchung-der-ueberstruktur-und-der-domaenen-am-perowskit-la04sr06coo271-mit-einem-transmissionselektronenmikroskop\/#webpage\",\"url\":\"https:\/\/tugraztestweb.asol.at\/gesamtverzeichnis\/technische-mathematik-und-technische-physik\/untersuchung-der-ueberstruktur-und-der-domaenen-am-perowskit-la04sr06coo271-mit-einem-transmissionselektronenmikroskop\/\",\"name\":\"Untersuchung der \\u00dcberstruktur und der Dom\\u00e4nen am Perowskit La0,4Sr0,6CoO2,71 mit einem Transmissionselektronenmikroskop - Verlag der TU Graz\",\"isPartOf\":{\"@id\":\"https:\/\/tugraztestweb.asol.at\/#website\"},\"primaryImageOfPage\":{\"@id\":\"https:\/\/tugraztestweb.asol.at\/gesamtverzeichnis\/technische-mathematik-und-technische-physik\/untersuchung-der-ueberstruktur-und-der-domaenen-am-perowskit-la04sr06coo271-mit-einem-transmissionselektronenmikroskop\/#primaryimage\"},\"datePublished\":\"2020-08-21T12:54:18+00:00\",\"dateModified\":\"2020-08-21T12:55:18+00:00\",\"breadcrumb\":{\"@id\":\"https:\/\/tugraztestweb.asol.at\/gesamtverzeichnis\/technische-mathematik-und-technische-physik\/untersuchung-der-ueberstruktur-und-der-domaenen-am-perowskit-la04sr06coo271-mit-einem-transmissionselektronenmikroskop\/#breadcrumb\"},\"inLanguage\":\"en-US\",\"potentialAction\":[{\"@type\":\"ReadAction\",\"target\":[\"https:\/\/tugraztestweb.asol.at\/gesamtverzeichnis\/technische-mathematik-und-technische-physik\/untersuchung-der-ueberstruktur-und-der-domaenen-am-perowskit-la04sr06coo271-mit-einem-transmissionselektronenmikroskop\/\"]}]},{\"@type\":\"BreadcrumbList\",\"@id\":\"https:\/\/tugraztestweb.asol.at\/gesamtverzeichnis\/technische-mathematik-und-technische-physik\/untersuchung-der-ueberstruktur-und-der-domaenen-am-perowskit-la04sr06coo271-mit-einem-transmissionselektronenmikroskop\/#breadcrumb\",\"itemListElement\":[{\"@type\":\"ListItem\",\"position\":1,\"item\":{\"@type\":\"WebPage\",\"@id\":\"https:\/\/tugraztestweb.asol.at\/\",\"url\":\"https:\/\/tugraztestweb.asol.at\/\",\"name\":\"Home\"}},{\"@type\":\"ListItem\",\"position\":2,\"item\":{\"@type\":\"WebPage\",\"@id\":\"https:\/\/tugraztestweb.asol.at\/gesamtverzeichnis\/\",\"url\":\"https:\/\/tugraztestweb.asol.at\/gesamtverzeichnis\/\",\"name\":\"Gesamtverzeichnis\"}},{\"@type\":\"ListItem\",\"position\":3,\"item\":{\"@type\":\"WebPage\",\"@id\":\"https:\/\/tugraztestweb.asol.at\/gesamtverzeichnis\/technische-mathematik-und-technische-physik\/untersuchung-der-ueberstruktur-und-der-domaenen-am-perowskit-la04sr06coo271-mit-einem-transmissionselektronenmikroskop\/\",\"url\":\"https:\/\/tugraztestweb.asol.at\/gesamtverzeichnis\/technische-mathematik-und-technische-physik\/untersuchung-der-ueberstruktur-und-der-domaenen-am-perowskit-la04sr06coo271-mit-einem-transmissionselektronenmikroskop\/\",\"name\":\"Untersuchung der \\u00dcberstruktur und der Dom\\u00e4nen am Perowskit La0,4Sr0,6CoO2,71 mit einem Transmissionselektronenmikroskop\"}}]}]}<\/script>\n<!-- \/ Yoast SEO plugin. -->","_links":{"self":[{"href":"https:\/\/tugraztestweb.asol.at\/en\/wp-json\/wp\/v2\/product\/30122"}],"collection":[{"href":"https:\/\/tugraztestweb.asol.at\/en\/wp-json\/wp\/v2\/product"}],"about":[{"href":"https:\/\/tugraztestweb.asol.at\/en\/wp-json\/wp\/v2\/types\/product"}],"replies":[{"embeddable":true,"href":"https:\/\/tugraztestweb.asol.at\/en\/wp-json\/wp\/v2\/comments?post=30122"}],"wp:featuredmedia":[{"embeddable":true,"href":"https:\/\/tugraztestweb.asol.at\/en\/wp-json\/wp\/v2\/media\/39785"}],"wp:attachment":[{"href":"https:\/\/tugraztestweb.asol.at\/en\/wp-json\/wp\/v2\/media?parent=30122"}],"curies":[{"name":"wp","href":"https:\/\/api.w.org\/{rel}","templated":true}]}}