{"id":30128,"date":"2020-08-21T12:54:21","date_gmt":"2020-08-21T12:54:21","guid":{"rendered":"http:\/\/tugraztestweb.asol.at\/gesamtverzeichnis\/unkategorisiert\/universitaeres-beteiligungscontrolling\/"},"modified":"2020-08-21T14:55:21","modified_gmt":"2020-08-21T12:55:21","slug":"universitaeres-beteiligungscontrolling","status":"publish","type":"product","link":"https:\/\/tugraztestweb.asol.at\/en\/gesamtverzeichnis\/maschinenbau-und-wirtschaftswissenschaften\/universitaeres-beteiligungscontrolling\/","title":{"rendered":"Universit\u00e4res Beteiligungscontrolling"},"content":{"rendered":"<p class=\"qtranxs-available-languages-message qtranxs-available-languages-message-en\">Sorry, this entry is only available in <a href=\"https:\/\/tugraztestweb.asol.at\/de\/wp-json\/wp\/v2\/product\/30128\" class=\"qtranxs-available-language-link qtranxs-available-language-link-de\" title=\"Deutsch\">Deutsch<\/a>.<\/p><p>Heutzutage inkludieren Innovationsprozesse, welche traditionell den industriellen beziehungsweise wirtschaftlichen Sektoren einer Gesellschaft zugeschrieben wurden, vermehrt Universit\u00e4ten. Diese (externe) gesellschaftliche f\u00fchrte auch zu einer (internen) universit\u00e4ren Ver\u00e4nderung. Unternehmerisches Denken an Universit\u00e4ten nimmt zu und durch ver\u00e4nderte rechtliche Rahmenbedingungen versuchen diese, am wirtschaftlichen Geschehen als innovative Kraft teilzunehmen. Die gesteigerte Anzahl an Ausgr\u00fcndungen und Tochterunternehmen, seien es in Form von Serviceeinrichtungen wie Pr\u00fcfanstalten, Forschungsunternehmen und Kompetenzzentren oder auch Spin-Off-Unternehmen, zeugen von dieser Ver\u00e4nderung und f\u00fchren auch dazu, dass sich die Universit\u00e4ten als (Mit-) Eigent\u00fcmer von Unternehmen vermehrt Gedanken \u00fcber deren F\u00fchrung und Unterst\u00fctzung machen m\u00fcssen. Ein Beteiligungscontrolling an Universit\u00e4ten wird daher immer wichtiger. Dieses Buch stellt ein Modell f\u00fcr ein solches universit\u00e4res Beteiligungscontrolling, im speziellen f\u00fcr universit\u00e4re Spin-Off-Unternehmen, vor, welches unterschiedlichste Erfolgsfaktoren in einzelnen Lebensphasen einer universit\u00e4ren Beteiligung ber\u00fccksichtigt und einbindet.<\/p>","protected":false},"excerpt":{"rendered":"<p class=\"qtranxs-available-languages-message qtranxs-available-languages-message-en\">Sorry, this entry is only available in <a href=\"https:\/\/tugraztestweb.asol.at\/de\/wp-json\/wp\/v2\/product\/30128\" class=\"qtranxs-available-language-link qtranxs-available-language-link-de\" title=\"Deutsch\">Deutsch<\/a>.<\/p>\n<p>Heutzutage inkludieren Innovationsprozesse, welche traditionell den industriellen beziehungsweise wirtschaftlichen Sektoren einer Gesellschaft zugeschrieben wurden, vermehrt Universit\u00e4ten. Diese (externe) gesellschaftliche f\u00fchrte auch zu einer (internen) universit\u00e4ren Ver\u00e4nderung. Unternehmerisches Denken an Universit\u00e4ten nimmt zu und durch ver\u00e4nderte rechtliche Rahmenbedingungen versuchen diese, am wirtschaftlichen Geschehen als innovative Kraft teilzunehmen. Die gesteigerte Anzahl an Ausgr\u00fcndungen und Tochterunternehmen, seien es in Form von Serviceeinrichtungen wie Pr\u00fcfanstalten, Forschungsunternehmen und Kompetenzzentren oder auch Spin-Off-Unternehmen, zeugen von dieser Ver\u00e4nderung und f\u00fchren auch dazu, dass sich die Universit\u00e4ten als (Mit-) Eigent\u00fcmer von Unternehmen vermehrt Gedanken \u00fcber deren F\u00fchrung und Unterst\u00fctzung machen m\u00fcssen. Ein Beteiligungscontrolling an Universit\u00e4ten wird daher immer wichtiger. Dieses Buch stellt ein Modell f\u00fcr ein solches universit\u00e4res Beteiligungscontrolling, im speziellen f\u00fcr universit\u00e4re Spin-Off-Unternehmen, vor, welches unterschiedlichste Erfolgsfaktoren in einzelnen Lebensphasen einer universit\u00e4ren Beteiligung ber\u00fccksichtigt und einbindet.<\/p>\n","protected":false},"featured_media":39787,"comment_status":"open","ping_status":"closed","template":"","meta":[],"yoast_head":"<!-- This site is optimized with the Yoast SEO plugin v16.1.1 - https:\/\/yoast.com\/wordpress\/plugins\/seo\/ -->\n<link rel=\"canonical\" href=\"https:\/\/tugraztestweb.asol.at\/en\/gesamtverzeichnis\/maschinenbau-und-wirtschaftswissenschaften\/universitaeres-beteiligungscontrolling\/\" \/>\n<meta property=\"og:locale\" content=\"en_US\" \/>\n<meta property=\"og:type\" content=\"article\" \/>\n<meta property=\"og:title\" content=\"Universit\u00e4res Beteiligungscontrolling - Verlag der TU Graz\" \/>\n<meta property=\"og:description\" content=\"Heutzutage inkludieren Innovationsprozesse, welche traditionell den industriellen beziehungsweise wirtschaftlichen Sektoren einer Gesellschaft zugeschrieben wurden, vermehrt Universit\u00e4ten. Diese (externe) gesellschaftliche f\u00fchrte auch zu einer (internen) universit\u00e4ren Ver\u00e4nderung. Unternehmerisches Denken an Universit\u00e4ten nimmt zu und durch ver\u00e4nderte rechtliche Rahmenbedingungen versuchen diese, am wirtschaftlichen Geschehen als innovative Kraft teilzunehmen. Die gesteigerte Anzahl an Ausgr\u00fcndungen und Tochterunternehmen, seien es in Form von Serviceeinrichtungen wie Pr\u00fcfanstalten, Forschungsunternehmen und Kompetenzzentren oder auch Spin-Off-Unternehmen, zeugen von dieser Ver\u00e4nderung und f\u00fchren auch dazu, dass sich die Universit\u00e4ten als (Mit-) Eigent\u00fcmer von Unternehmen vermehrt Gedanken \u00fcber deren F\u00fchrung und Unterst\u00fctzung machen m\u00fcssen. Ein Beteiligungscontrolling an Universit\u00e4ten wird daher immer wichtiger. Dieses Buch stellt ein Modell f\u00fcr ein solches universit\u00e4res Beteiligungscontrolling, im speziellen f\u00fcr universit\u00e4re Spin-Off-Unternehmen, vor, welches unterschiedlichste Erfolgsfaktoren in einzelnen Lebensphasen einer universit\u00e4ren Beteiligung ber\u00fccksichtigt und einbindet.\" \/>\n<meta property=\"og:url\" content=\"https:\/\/tugraztestweb.asol.at\/en\/gesamtverzeichnis\/maschinenbau-und-wirtschaftswissenschaften\/universitaeres-beteiligungscontrolling\/\" \/>\n<meta property=\"og:site_name\" content=\"Verlag der TU Graz\" \/>\n<meta property=\"article:modified_time\" content=\"2020-08-21T12:55:21+00:00\" \/>\n<meta property=\"og:image\" content=\"https:\/\/tugraztestweb.asol.at\/wp-content\/uploads\/2020\/08\/image-978-3-85125-222-4.jpg\" \/>\n\t<meta property=\"og:image:width\" content=\"461\" \/>\n\t<meta property=\"og:image:height\" content=\"678\" \/>\n<meta name=\"twitter:card\" content=\"summary_large_image\" \/>\n<meta name=\"twitter:label1\" content=\"Est. reading time\">\n\t<meta name=\"twitter:data1\" content=\"1 minute\">\n<script type=\"application\/ld+json\" class=\"yoast-schema-graph\">{\"@context\":\"https:\/\/schema.org\",\"@graph\":[{\"@type\":\"WebSite\",\"@id\":\"https:\/\/tugraztestweb.asol.at\/#website\",\"url\":\"https:\/\/tugraztestweb.asol.at\/\",\"name\":\"Verlag der TU Graz\",\"description\":\"Verlag der Technischen Universit\\u00e4t Graz\",\"potentialAction\":[{\"@type\":\"SearchAction\",\"target\":\"https:\/\/tugraztestweb.asol.at\/?s={search_term_string}\",\"query-input\":\"required name=search_term_string\"}],\"inLanguage\":\"en-US\"},{\"@type\":\"ImageObject\",\"@id\":\"https:\/\/tugraztestweb.asol.at\/en\/gesamtverzeichnis\/maschinenbau-und-wirtschaftswissenschaften\/universitaeres-beteiligungscontrolling\/#primaryimage\",\"inLanguage\":\"en-US\",\"url\":\"https:\/\/tugraztestweb.asol.at\/wp-content\/uploads\/2020\/08\/image-978-3-85125-222-4.jpg\",\"contentUrl\":\"https:\/\/tugraztestweb.asol.at\/wp-content\/uploads\/2020\/08\/image-978-3-85125-222-4.jpg\",\"width\":461,\"height\":678},{\"@type\":\"WebPage\",\"@id\":\"https:\/\/tugraztestweb.asol.at\/en\/gesamtverzeichnis\/maschinenbau-und-wirtschaftswissenschaften\/universitaeres-beteiligungscontrolling\/#webpage\",\"url\":\"https:\/\/tugraztestweb.asol.at\/en\/gesamtverzeichnis\/maschinenbau-und-wirtschaftswissenschaften\/universitaeres-beteiligungscontrolling\/\",\"name\":\"Universit\\u00e4res Beteiligungscontrolling - Verlag der TU Graz\",\"isPartOf\":{\"@id\":\"https:\/\/tugraztestweb.asol.at\/#website\"},\"primaryImageOfPage\":{\"@id\":\"https:\/\/tugraztestweb.asol.at\/en\/gesamtverzeichnis\/maschinenbau-und-wirtschaftswissenschaften\/universitaeres-beteiligungscontrolling\/#primaryimage\"},\"datePublished\":\"2020-08-21T12:54:21+00:00\",\"dateModified\":\"2020-08-21T12:55:21+00:00\",\"breadcrumb\":{\"@id\":\"https:\/\/tugraztestweb.asol.at\/en\/gesamtverzeichnis\/maschinenbau-und-wirtschaftswissenschaften\/universitaeres-beteiligungscontrolling\/#breadcrumb\"},\"inLanguage\":\"en-US\",\"potentialAction\":[{\"@type\":\"ReadAction\",\"target\":[\"https:\/\/tugraztestweb.asol.at\/en\/gesamtverzeichnis\/maschinenbau-und-wirtschaftswissenschaften\/universitaeres-beteiligungscontrolling\/\"]}]},{\"@type\":\"BreadcrumbList\",\"@id\":\"https:\/\/tugraztestweb.asol.at\/en\/gesamtverzeichnis\/maschinenbau-und-wirtschaftswissenschaften\/universitaeres-beteiligungscontrolling\/#breadcrumb\",\"itemListElement\":[{\"@type\":\"ListItem\",\"position\":1,\"item\":{\"@type\":\"WebPage\",\"@id\":\"https:\/\/tugraztestweb.asol.at\/\",\"url\":\"https:\/\/tugraztestweb.asol.at\/\",\"name\":\"Home\"}},{\"@type\":\"ListItem\",\"position\":2,\"item\":{\"@type\":\"WebPage\",\"@id\":\"https:\/\/tugraztestweb.asol.at\/gesamtverzeichnis\/\",\"url\":\"https:\/\/tugraztestweb.asol.at\/gesamtverzeichnis\/\",\"name\":\"Gesamtverzeichnis\"}},{\"@type\":\"ListItem\",\"position\":3,\"item\":{\"@type\":\"WebPage\",\"@id\":\"https:\/\/tugraztestweb.asol.at\/en\/gesamtverzeichnis\/maschinenbau-und-wirtschaftswissenschaften\/universitaeres-beteiligungscontrolling\/\",\"url\":\"https:\/\/tugraztestweb.asol.at\/en\/gesamtverzeichnis\/maschinenbau-und-wirtschaftswissenschaften\/universitaeres-beteiligungscontrolling\/\",\"name\":\"Universit\\u00e4res Beteiligungscontrolling\"}}]}]}<\/script>\n<!-- \/ Yoast SEO plugin. -->","_links":{"self":[{"href":"https:\/\/tugraztestweb.asol.at\/en\/wp-json\/wp\/v2\/product\/30128"}],"collection":[{"href":"https:\/\/tugraztestweb.asol.at\/en\/wp-json\/wp\/v2\/product"}],"about":[{"href":"https:\/\/tugraztestweb.asol.at\/en\/wp-json\/wp\/v2\/types\/product"}],"replies":[{"embeddable":true,"href":"https:\/\/tugraztestweb.asol.at\/en\/wp-json\/wp\/v2\/comments?post=30128"}],"wp:featuredmedia":[{"embeddable":true,"href":"https:\/\/tugraztestweb.asol.at\/en\/wp-json\/wp\/v2\/media\/39787"}],"wp:attachment":[{"href":"https:\/\/tugraztestweb.asol.at\/en\/wp-json\/wp\/v2\/media?parent=30128"}],"curies":[{"name":"wp","href":"https:\/\/api.w.org\/{rel}","templated":true}]}}