{"id":30130,"date":"2020-08-21T12:54:21","date_gmt":"2020-08-21T12:54:21","guid":{"rendered":"http:\/\/tugraztestweb.asol.at\/gesamtverzeichnis\/unkategorisiert\/stoff-und-energiebilanzen\/"},"modified":"2020-08-21T14:55:21","modified_gmt":"2020-08-21T12:55:21","slug":"stoff-und-energiebilanzen","status":"publish","type":"product","link":"https:\/\/tugraztestweb.asol.at\/en\/gesamtverzeichnis\/technische-chemie-verfahrenstechnik-und-umwelttechnik\/stoff-und-energiebilanzen\/","title":{"rendered":"Stoff- und Energiebilanzen"},"content":{"rendered":"<p class=\"qtranxs-available-languages-message qtranxs-available-languages-message-en\">Sorry, this entry is only available in <a href=\"https:\/\/tugraztestweb.asol.at\/de\/wp-json\/wp\/v2\/product\/30130\" class=\"qtranxs-available-language-link qtranxs-available-language-link-de\" title=\"Deutsch\">Deutsch<\/a>.<\/p><p>Die Stoff- und Energiebilanzierung ist die technische Umsetzung der Erhaltungss\u00e4tze f\u00fcr Masse und Energie. Dass Masse und Energie nicht verloren gehen k\u00f6nnen und nicht geschaffen werden, ist die einzige Theorie hinter diesem Lehrbuch. Die einzelnen Kapitel besch\u00e4ftigen sich deshalb nur mit der Anwendung dieser Haupts\u00e4tze f\u00fcr verschiedene technische Systeme und dem Sprung von der Formulierung der Erhaltungss\u00e4tze hin zur Bilanzierung ganzer produktionstechnischer Anlagen.<br \/>\nDie Stoff- und Energiestr\u00f6me beschreiben den Metabolismus eines Produktionsbetriebes. Der Einsatz von Roh- und Hilfsstoffen gemeinsam mit den erforderlichen Energien ist durchaus vergleichbar mit dem Stoffwechsel eines lebenden Organismus. Ein Teil der Einsatzstoffe wird in die gew\u00fcnschten Produkte umgewandelt, der Rest verl\u00e4sst als Abfall oder Emission den Betrieb. Das Denken in Str\u00f6men und Bilanzen ist ein Kennzeichen des Verfahrenstechnikers und versetzt sie oder ihn in die Lage, Zusammenh\u00e4nge und Abl\u00e4ufe gut zu erkennen und zu analysieren.<\/p>","protected":false},"excerpt":{"rendered":"<p class=\"qtranxs-available-languages-message qtranxs-available-languages-message-en\">Sorry, this entry is only available in <a href=\"https:\/\/tugraztestweb.asol.at\/de\/wp-json\/wp\/v2\/product\/30130\" class=\"qtranxs-available-language-link qtranxs-available-language-link-de\" title=\"Deutsch\">Deutsch<\/a>.<\/p>\n<p>Die Stoff- und Energiebilanzierung ist die technische Umsetzung der Erhaltungss\u00e4tze f\u00fcr Masse und Energie. Dass Masse und Energie nicht verloren gehen k\u00f6nnen und nicht geschaffen werden, ist die einzige Theorie hinter diesem Lehrbuch. Die einzelnen Kapitel besch\u00e4ftigen sich deshalb nur mit der Anwendung dieser Haupts\u00e4tze f\u00fcr verschiedene technische Systeme und dem Sprung von der Formulierung der Erhaltungss\u00e4tze hin zur Bilanzierung ganzer produktionstechnischer Anlagen.<br \/>\nDie Stoff- und Energiestr\u00f6me beschreiben den Metabolismus eines Produktionsbetriebes. Der Einsatz von Roh- und Hilfsstoffen gemeinsam mit den erforderlichen Energien ist durchaus vergleichbar mit dem Stoffwechsel eines lebenden Organismus. Ein Teil der Einsatzstoffe wird in die gew\u00fcnschten Produkte umgewandelt, der Rest verl\u00e4sst als Abfall oder Emission den Betrieb. Das Denken in Str\u00f6men und Bilanzen ist ein Kennzeichen des Verfahrenstechnikers und versetzt sie oder ihn in die Lage, Zusammenh\u00e4nge und Abl\u00e4ufe gut zu erkennen und zu analysieren.<\/p>\n","protected":false},"featured_media":39788,"comment_status":"open","ping_status":"closed","template":"","meta":[],"yoast_head":"<!-- This site is optimized with the Yoast SEO plugin v16.1.1 - https:\/\/yoast.com\/wordpress\/plugins\/seo\/ -->\n<link rel=\"canonical\" href=\"https:\/\/tugraztestweb.asol.at\/gesamtverzeichnis\/technische-chemie-verfahrenstechnik-und-umwelttechnik\/stoff-und-energiebilanzen\/\" \/>\n<meta property=\"og:locale\" content=\"en_US\" \/>\n<meta property=\"og:type\" content=\"article\" \/>\n<meta property=\"og:title\" content=\"Stoff- und Energiebilanzen - Verlag der TU Graz\" \/>\n<meta property=\"og:description\" content=\"Die Stoff- und Energiebilanzierung ist die technische Umsetzung der Erhaltungss\u00e4tze f\u00fcr Masse und Energie. Dass Masse und Energie nicht verloren gehen k\u00f6nnen und nicht geschaffen werden, ist die einzige Theorie hinter diesem Lehrbuch. Die einzelnen Kapitel besch\u00e4ftigen sich deshalb nur mit der Anwendung dieser Haupts\u00e4tze f\u00fcr verschiedene technische Systeme und dem Sprung von der Formulierung der Erhaltungss\u00e4tze hin zur Bilanzierung ganzer produktionstechnischer Anlagen. Die Stoff- und Energiestr\u00f6me beschreiben den Metabolismus eines Produktionsbetriebes. Der Einsatz von Roh- und Hilfsstoffen gemeinsam mit den erforderlichen Energien ist durchaus vergleichbar mit dem Stoffwechsel eines lebenden Organismus. Ein Teil der Einsatzstoffe wird in die gew\u00fcnschten Produkte umgewandelt, der Rest verl\u00e4sst als Abfall oder Emission den Betrieb. Das Denken in Str\u00f6men und Bilanzen ist ein Kennzeichen des Verfahrenstechnikers und versetzt sie oder ihn in die Lage, Zusammenh\u00e4nge und Abl\u00e4ufe gut zu erkennen und zu analysieren.\" \/>\n<meta property=\"og:url\" content=\"https:\/\/tugraztestweb.asol.at\/gesamtverzeichnis\/technische-chemie-verfahrenstechnik-und-umwelttechnik\/stoff-und-energiebilanzen\/\" \/>\n<meta property=\"og:site_name\" content=\"Verlag der TU Graz\" \/>\n<meta property=\"article:modified_time\" content=\"2020-08-21T12:55:21+00:00\" \/>\n<meta property=\"og:image\" content=\"https:\/\/tugraztestweb.asol.at\/wp-content\/uploads\/2020\/08\/image-978-3-85125-195-1.jpg\" \/>\n\t<meta property=\"og:image:width\" content=\"535\" \/>\n\t<meta property=\"og:image:height\" content=\"751\" \/>\n<meta name=\"twitter:card\" content=\"summary_large_image\" \/>\n<meta name=\"twitter:label1\" content=\"Est. reading time\">\n\t<meta name=\"twitter:data1\" content=\"1 minute\">\n<script type=\"application\/ld+json\" class=\"yoast-schema-graph\">{\"@context\":\"https:\/\/schema.org\",\"@graph\":[{\"@type\":\"WebSite\",\"@id\":\"https:\/\/tugraztestweb.asol.at\/#website\",\"url\":\"https:\/\/tugraztestweb.asol.at\/\",\"name\":\"Verlag der TU Graz\",\"description\":\"Verlag der Technischen Universit\\u00e4t Graz\",\"potentialAction\":[{\"@type\":\"SearchAction\",\"target\":\"https:\/\/tugraztestweb.asol.at\/?s={search_term_string}\",\"query-input\":\"required name=search_term_string\"}],\"inLanguage\":\"en-US\"},{\"@type\":\"ImageObject\",\"@id\":\"https:\/\/tugraztestweb.asol.at\/gesamtverzeichnis\/technische-chemie-verfahrenstechnik-und-umwelttechnik\/stoff-und-energiebilanzen\/#primaryimage\",\"inLanguage\":\"en-US\",\"url\":\"https:\/\/tugraztestweb.asol.at\/wp-content\/uploads\/2020\/08\/image-978-3-85125-195-1.jpg\",\"contentUrl\":\"https:\/\/tugraztestweb.asol.at\/wp-content\/uploads\/2020\/08\/image-978-3-85125-195-1.jpg\",\"width\":535,\"height\":751},{\"@type\":\"WebPage\",\"@id\":\"https:\/\/tugraztestweb.asol.at\/gesamtverzeichnis\/technische-chemie-verfahrenstechnik-und-umwelttechnik\/stoff-und-energiebilanzen\/#webpage\",\"url\":\"https:\/\/tugraztestweb.asol.at\/gesamtverzeichnis\/technische-chemie-verfahrenstechnik-und-umwelttechnik\/stoff-und-energiebilanzen\/\",\"name\":\"Stoff- und Energiebilanzen - Verlag der TU Graz\",\"isPartOf\":{\"@id\":\"https:\/\/tugraztestweb.asol.at\/#website\"},\"primaryImageOfPage\":{\"@id\":\"https:\/\/tugraztestweb.asol.at\/gesamtverzeichnis\/technische-chemie-verfahrenstechnik-und-umwelttechnik\/stoff-und-energiebilanzen\/#primaryimage\"},\"datePublished\":\"2020-08-21T12:54:21+00:00\",\"dateModified\":\"2020-08-21T12:55:21+00:00\",\"breadcrumb\":{\"@id\":\"https:\/\/tugraztestweb.asol.at\/gesamtverzeichnis\/technische-chemie-verfahrenstechnik-und-umwelttechnik\/stoff-und-energiebilanzen\/#breadcrumb\"},\"inLanguage\":\"en-US\",\"potentialAction\":[{\"@type\":\"ReadAction\",\"target\":[\"https:\/\/tugraztestweb.asol.at\/gesamtverzeichnis\/technische-chemie-verfahrenstechnik-und-umwelttechnik\/stoff-und-energiebilanzen\/\"]}]},{\"@type\":\"BreadcrumbList\",\"@id\":\"https:\/\/tugraztestweb.asol.at\/gesamtverzeichnis\/technische-chemie-verfahrenstechnik-und-umwelttechnik\/stoff-und-energiebilanzen\/#breadcrumb\",\"itemListElement\":[{\"@type\":\"ListItem\",\"position\":1,\"item\":{\"@type\":\"WebPage\",\"@id\":\"https:\/\/tugraztestweb.asol.at\/\",\"url\":\"https:\/\/tugraztestweb.asol.at\/\",\"name\":\"Home\"}},{\"@type\":\"ListItem\",\"position\":2,\"item\":{\"@type\":\"WebPage\",\"@id\":\"https:\/\/tugraztestweb.asol.at\/gesamtverzeichnis\/\",\"url\":\"https:\/\/tugraztestweb.asol.at\/gesamtverzeichnis\/\",\"name\":\"Gesamtverzeichnis\"}},{\"@type\":\"ListItem\",\"position\":3,\"item\":{\"@type\":\"WebPage\",\"@id\":\"https:\/\/tugraztestweb.asol.at\/gesamtverzeichnis\/technische-chemie-verfahrenstechnik-und-umwelttechnik\/stoff-und-energiebilanzen\/\",\"url\":\"https:\/\/tugraztestweb.asol.at\/gesamtverzeichnis\/technische-chemie-verfahrenstechnik-und-umwelttechnik\/stoff-und-energiebilanzen\/\",\"name\":\"Stoff- und Energiebilanzen\"}}]}]}<\/script>\n<!-- \/ Yoast SEO plugin. -->","_links":{"self":[{"href":"https:\/\/tugraztestweb.asol.at\/en\/wp-json\/wp\/v2\/product\/30130"}],"collection":[{"href":"https:\/\/tugraztestweb.asol.at\/en\/wp-json\/wp\/v2\/product"}],"about":[{"href":"https:\/\/tugraztestweb.asol.at\/en\/wp-json\/wp\/v2\/types\/product"}],"replies":[{"embeddable":true,"href":"https:\/\/tugraztestweb.asol.at\/en\/wp-json\/wp\/v2\/comments?post=30130"}],"wp:featuredmedia":[{"embeddable":true,"href":"https:\/\/tugraztestweb.asol.at\/en\/wp-json\/wp\/v2\/media\/39788"}],"wp:attachment":[{"href":"https:\/\/tugraztestweb.asol.at\/en\/wp-json\/wp\/v2\/media?parent=30130"}],"curies":[{"name":"wp","href":"https:\/\/api.w.org\/{rel}","templated":true}]}}