{"id":30134,"date":"2020-08-21T12:54:21","date_gmt":"2020-08-21T12:54:21","guid":{"rendered":"http:\/\/tugraztestweb.asol.at\/gesamtverzeichnis\/unkategorisiert\/kommentar-zum-leistungsbild-technische-ausruestung\/"},"modified":"2020-08-21T14:55:21","modified_gmt":"2020-08-21T12:55:21","slug":"kommentar-zum-leistungsbild-technische-ausruestung","status":"publish","type":"product","link":"https:\/\/tugraztestweb.asol.at\/en\/gesamtverzeichnis\/bauingenieurwissenschaften\/kommentar-zum-leistungsbild-technische-ausruestung\/","title":{"rendered":"Kommentar zum Leistungsbild Technische Ausr\u00fcstung"},"content":{"rendered":"<p class=\"qtranxs-available-languages-message qtranxs-available-languages-message-en\">Sorry, this entry is only available in <a href=\"https:\/\/tugraztestweb.asol.at\/de\/wp-json\/wp\/v2\/product\/30134\" class=\"qtranxs-available-language-link qtranxs-available-language-link-de\" title=\"Deutsch\">Deutsch<\/a>.<\/p><p>Von Mai 2010 bis Sommer 2011 haben etwa 100 Experten von Auftraggeber- und Planerseite in 6 gro\u00dfen und mehreren kleinen Arbeitsgruppen neue Leistungsbilder f\u00fcr eine HOAI-Novelle erarbeitet.<br \/>\nHonorarordnungen sind durchschnittliche Leistungszusagen f\u00fcr durchschnittliche Projekte mit der Folge, dass die schlagwortartigen Leistungsbildtexte sich an kleinen Projekten, aber nicht unbedingt an den Anforderungen Ihres Projektes orientieren.<br \/>\nKommentare zum Leistungsbild Technische Ausr\u00fcstung gehen stark auf zuf\u00e4llige Streitfragen und ihre rechtliche Bew\u00e4ltigung, selten aber auf die Betriebsorganisation des Planens, auf das vernetzte Zusammenspiel zwischen Objektplanung, Tragwerksplanung, Bauherr ein.<br \/>\nKommentare wurden bisher aus Rechtsurteilen heraus entwickelt, mit dem Nachteil, dass die Zuf\u00e4lle der Disharmonie unad\u00e4quate Schwerpunkte bilden und die Texte meist negativ formuliert sind.<br \/>\nZur Arbeit in mittleren und gr\u00f6\u00dferen Projekten, f\u00fcr Verhandlungsf\u00fchrungen und f\u00fcr die Projektarbeit ist eine durchformulierte, an einer Betriebsorganisation orientierte Volltextfassung sicher hilfreich.<\/p>","protected":false},"excerpt":{"rendered":"<p class=\"qtranxs-available-languages-message qtranxs-available-languages-message-en\">Sorry, this entry is only available in <a href=\"https:\/\/tugraztestweb.asol.at\/de\/wp-json\/wp\/v2\/product\/30134\" class=\"qtranxs-available-language-link qtranxs-available-language-link-de\" title=\"Deutsch\">Deutsch<\/a>.<\/p>\n<p>Von Mai 2010 bis Sommer 2011 haben etwa 100 Experten von Auftraggeber- und Planerseite in 6 gro\u00dfen und mehreren kleinen Arbeitsgruppen neue Leistungsbilder f\u00fcr eine HOAI-Novelle erarbeitet.<br \/>\nHonorarordnungen sind durchschnittliche Leistungszusagen f\u00fcr durchschnittliche Projekte mit der Folge, dass die schlagwortartigen Leistungsbildtexte sich an kleinen Projekten, aber nicht unbedingt an den Anforderungen Ihres Projektes orientieren.<br \/>\nKommentare zum Leistungsbild Technische Ausr\u00fcstung gehen stark auf zuf\u00e4llige Streitfragen und ihre rechtliche Bew\u00e4ltigung, selten aber auf die Betriebsorganisation des Planens, auf das vernetzte Zusammenspiel zwischen Objektplanung, Tragwerksplanung, Bauherr ein.<br \/>\nKommentare wurden bisher aus Rechtsurteilen heraus entwickelt, mit dem Nachteil, dass die Zuf\u00e4lle der Disharmonie unad\u00e4quate Schwerpunkte bilden und die Texte meist negativ formuliert sind.<br \/>\nZur Arbeit in mittleren und gr\u00f6\u00dferen Projekten, f\u00fcr Verhandlungsf\u00fchrungen und f\u00fcr die Projektarbeit ist eine durchformulierte, an einer Betriebsorganisation orientierte Volltextfassung sicher hilfreich.<\/p>\n","protected":false},"featured_media":39790,"comment_status":"open","ping_status":"closed","template":"","meta":[],"yoast_head":"<!-- This site is optimized with the Yoast SEO plugin v16.1.1 - https:\/\/yoast.com\/wordpress\/plugins\/seo\/ -->\n<link rel=\"canonical\" href=\"https:\/\/tugraztestweb.asol.at\/gesamtverzeichnis\/bauingenieurwissenschaften\/kommentar-zum-leistungsbild-technische-ausruestung\/\" \/>\n<meta property=\"og:locale\" content=\"en_US\" \/>\n<meta property=\"og:type\" content=\"article\" \/>\n<meta property=\"og:title\" content=\"Kommentar zum Leistungsbild Technische Ausr\u00fcstung - Verlag der TU Graz\" \/>\n<meta property=\"og:description\" content=\"Von Mai 2010 bis Sommer 2011 haben etwa 100 Experten von Auftraggeber- und Planerseite in 6 gro\u00dfen und mehreren kleinen Arbeitsgruppen neue Leistungsbilder f\u00fcr eine HOAI-Novelle erarbeitet. Honorarordnungen sind durchschnittliche Leistungszusagen f\u00fcr durchschnittliche Projekte mit der Folge, dass die schlagwortartigen Leistungsbildtexte sich an kleinen Projekten, aber nicht unbedingt an den Anforderungen Ihres Projektes orientieren. Kommentare zum Leistungsbild Technische Ausr\u00fcstung gehen stark auf zuf\u00e4llige Streitfragen und ihre rechtliche Bew\u00e4ltigung, selten aber auf die Betriebsorganisation des Planens, auf das vernetzte Zusammenspiel zwischen Objektplanung, Tragwerksplanung, Bauherr ein. Kommentare wurden bisher aus Rechtsurteilen heraus entwickelt, mit dem Nachteil, dass die Zuf\u00e4lle der Disharmonie unad\u00e4quate Schwerpunkte bilden und die Texte meist negativ formuliert sind. Zur Arbeit in mittleren und gr\u00f6\u00dferen Projekten, f\u00fcr Verhandlungsf\u00fchrungen und f\u00fcr die Projektarbeit ist eine durchformulierte, an einer Betriebsorganisation orientierte Volltextfassung sicher hilfreich.\" \/>\n<meta property=\"og:url\" content=\"https:\/\/tugraztestweb.asol.at\/gesamtverzeichnis\/bauingenieurwissenschaften\/kommentar-zum-leistungsbild-technische-ausruestung\/\" \/>\n<meta property=\"og:site_name\" content=\"Verlag der TU Graz\" \/>\n<meta property=\"article:modified_time\" content=\"2020-08-21T12:55:21+00:00\" \/>\n<meta property=\"og:image\" content=\"https:\/\/tugraztestweb.asol.at\/wp-content\/uploads\/2020\/08\/image-978-3-85125-192-0.jpg\" \/>\n\t<meta property=\"og:image:width\" content=\"458\" \/>\n\t<meta property=\"og:image:height\" content=\"893\" \/>\n<meta name=\"twitter:card\" content=\"summary_large_image\" \/>\n<meta name=\"twitter:label1\" content=\"Est. reading time\">\n\t<meta name=\"twitter:data1\" content=\"1 minute\">\n<script type=\"application\/ld+json\" class=\"yoast-schema-graph\">{\"@context\":\"https:\/\/schema.org\",\"@graph\":[{\"@type\":\"WebSite\",\"@id\":\"https:\/\/tugraztestweb.asol.at\/#website\",\"url\":\"https:\/\/tugraztestweb.asol.at\/\",\"name\":\"Verlag der TU Graz\",\"description\":\"Verlag der Technischen Universit\\u00e4t Graz\",\"potentialAction\":[{\"@type\":\"SearchAction\",\"target\":\"https:\/\/tugraztestweb.asol.at\/?s={search_term_string}\",\"query-input\":\"required name=search_term_string\"}],\"inLanguage\":\"en-US\"},{\"@type\":\"ImageObject\",\"@id\":\"https:\/\/tugraztestweb.asol.at\/gesamtverzeichnis\/bauingenieurwissenschaften\/kommentar-zum-leistungsbild-technische-ausruestung\/#primaryimage\",\"inLanguage\":\"en-US\",\"url\":\"https:\/\/tugraztestweb.asol.at\/wp-content\/uploads\/2020\/08\/image-978-3-85125-192-0.jpg\",\"contentUrl\":\"https:\/\/tugraztestweb.asol.at\/wp-content\/uploads\/2020\/08\/image-978-3-85125-192-0.jpg\",\"width\":458,\"height\":893},{\"@type\":\"WebPage\",\"@id\":\"https:\/\/tugraztestweb.asol.at\/gesamtverzeichnis\/bauingenieurwissenschaften\/kommentar-zum-leistungsbild-technische-ausruestung\/#webpage\",\"url\":\"https:\/\/tugraztestweb.asol.at\/gesamtverzeichnis\/bauingenieurwissenschaften\/kommentar-zum-leistungsbild-technische-ausruestung\/\",\"name\":\"Kommentar zum Leistungsbild Technische Ausr\\u00fcstung - Verlag der TU Graz\",\"isPartOf\":{\"@id\":\"https:\/\/tugraztestweb.asol.at\/#website\"},\"primaryImageOfPage\":{\"@id\":\"https:\/\/tugraztestweb.asol.at\/gesamtverzeichnis\/bauingenieurwissenschaften\/kommentar-zum-leistungsbild-technische-ausruestung\/#primaryimage\"},\"datePublished\":\"2020-08-21T12:54:21+00:00\",\"dateModified\":\"2020-08-21T12:55:21+00:00\",\"breadcrumb\":{\"@id\":\"https:\/\/tugraztestweb.asol.at\/gesamtverzeichnis\/bauingenieurwissenschaften\/kommentar-zum-leistungsbild-technische-ausruestung\/#breadcrumb\"},\"inLanguage\":\"en-US\",\"potentialAction\":[{\"@type\":\"ReadAction\",\"target\":[\"https:\/\/tugraztestweb.asol.at\/gesamtverzeichnis\/bauingenieurwissenschaften\/kommentar-zum-leistungsbild-technische-ausruestung\/\"]}]},{\"@type\":\"BreadcrumbList\",\"@id\":\"https:\/\/tugraztestweb.asol.at\/gesamtverzeichnis\/bauingenieurwissenschaften\/kommentar-zum-leistungsbild-technische-ausruestung\/#breadcrumb\",\"itemListElement\":[{\"@type\":\"ListItem\",\"position\":1,\"item\":{\"@type\":\"WebPage\",\"@id\":\"https:\/\/tugraztestweb.asol.at\/\",\"url\":\"https:\/\/tugraztestweb.asol.at\/\",\"name\":\"Home\"}},{\"@type\":\"ListItem\",\"position\":2,\"item\":{\"@type\":\"WebPage\",\"@id\":\"https:\/\/tugraztestweb.asol.at\/gesamtverzeichnis\/\",\"url\":\"https:\/\/tugraztestweb.asol.at\/gesamtverzeichnis\/\",\"name\":\"Gesamtverzeichnis\"}},{\"@type\":\"ListItem\",\"position\":3,\"item\":{\"@type\":\"WebPage\",\"@id\":\"https:\/\/tugraztestweb.asol.at\/gesamtverzeichnis\/bauingenieurwissenschaften\/kommentar-zum-leistungsbild-technische-ausruestung\/\",\"url\":\"https:\/\/tugraztestweb.asol.at\/gesamtverzeichnis\/bauingenieurwissenschaften\/kommentar-zum-leistungsbild-technische-ausruestung\/\",\"name\":\"Kommentar zum Leistungsbild Technische Ausr\\u00fcstung\"}}]}]}<\/script>\n<!-- \/ Yoast SEO plugin. -->","_links":{"self":[{"href":"https:\/\/tugraztestweb.asol.at\/en\/wp-json\/wp\/v2\/product\/30134"}],"collection":[{"href":"https:\/\/tugraztestweb.asol.at\/en\/wp-json\/wp\/v2\/product"}],"about":[{"href":"https:\/\/tugraztestweb.asol.at\/en\/wp-json\/wp\/v2\/types\/product"}],"replies":[{"embeddable":true,"href":"https:\/\/tugraztestweb.asol.at\/en\/wp-json\/wp\/v2\/comments?post=30134"}],"wp:featuredmedia":[{"embeddable":true,"href":"https:\/\/tugraztestweb.asol.at\/en\/wp-json\/wp\/v2\/media\/39790"}],"wp:attachment":[{"href":"https:\/\/tugraztestweb.asol.at\/en\/wp-json\/wp\/v2\/media?parent=30134"}],"curies":[{"name":"wp","href":"https:\/\/api.w.org\/{rel}","templated":true}]}}