{"id":30136,"date":"2020-08-21T12:54:21","date_gmt":"2020-08-21T12:54:21","guid":{"rendered":"http:\/\/tugraztestweb.asol.at\/gesamtverzeichnis\/unkategorisiert\/eninnov2012-12-symposium-energieinnovation\/"},"modified":"2020-08-21T14:55:21","modified_gmt":"2020-08-21T12:55:21","slug":"eninnov2012-12-symposium-energieinnovation","status":"publish","type":"product","link":"https:\/\/tugraztestweb.asol.at\/en\/gesamtverzeichnis\/elektrotechnik-und-informationstechnik\/eninnov2012-12-symposium-energieinnovation\/","title":{"rendered":"EnInnov2012 &#8211; 12. Symposium Energieinnovation"},"content":{"rendered":"<p class=\"qtranxs-available-languages-message qtranxs-available-languages-message-en\">Sorry, this entry is only available in <a href=\"https:\/\/tugraztestweb.asol.at\/de\/wp-json\/wp\/v2\/product\/30136\" class=\"qtranxs-available-language-link qtranxs-available-language-link-de\" title=\"Deutsch\">Deutsch<\/a>.<\/p><p>Motivation<br \/>\nIm M\u00e4rz 2011 f\u00fchrte ein Erdbeben mit nachfolgendem Tsunami in Japan zum gr\u00f6\u00dften nuklearen Unfall der j\u00fcngeren Zeit und seither ist die energiewirtschaftliche Welt &#8211; untermauert durch die Ausstiegsbeschl\u00fcsse in Deutschland und der Schweiz &#8211; gepr\u00e4gt von Fragestellungen rund um Alternativen f\u00fcr die Energiezukunft Europas.<br \/>\nMit den Diskussionen um diese Alternativen sind auf Grund der energiewirtschaftlichen Komplexit\u00e4t Fragestellungen im Zusammenhang mit Energieeffizienz, Erneuerbaren Energien aber auch Fragen der k\u00fcnftigen Gestaltung unserer Energiem\u00e4rkte ebenfalls von oberster Priorit\u00e4t. Ein Blick auf die Entwicklung der Energiewirtschaft der letzten Jahre zeigt, dass vor allem Fragestellungen im Zusammenhang mit der Versorgungssicherheit (vgl. z.B. Erdgas-Lieferengp\u00e4sse 2009), der Entwicklung der Energiepreise (vgl. Erd\u00f6lpreisentwicklung) sowie dem Klimawandel im Vordergrund standen. Die L\u00f6sung dieser zentralen Fragestellungen wurde dabei durch die Rahmenbedingungen der Finanz- bzw. Wirtschaftskrise erschwert.<\/p>\n<p>Ziel des Symposiums<br \/>\nEs ist daher erforderlich, die bisher allgemein g\u00fcltigen L\u00f6sungsans\u00e4tze zu \u00fcberdenken und an die ge\u00e4nderten Rahmenbedingungen entsprechend anzupassen. Die L\u00f6sungsans\u00e4tze m\u00fcssen neben der Ausgestaltung der europ\u00e4ischen Wirtschaftsordnung inkl. regulatorischer Fragestellungen vor allem die Energieaufbringung (erneuerbare Energien, innovative Energietechnologien), Energieverteilungssysteme und auch bedarfsseitige Ma\u00dfnahmen betreffen.<br \/>\nWissenschaft, Wirtschaft sowie Politik und Verwaltung sind daher gefordert, entsprechende Beitr\u00e4ge f\u00fcr die gedeihliche Entwicklung der europ\u00e4ischen Energiewirtschaft und Gesellschaft zu leisten und diese Beitr\u00e4ge werden im Rahmen des 12. Symposiums Energieinnovation pr\u00e4sentiert und diskutiert.<\/p>","protected":false},"excerpt":{"rendered":"<p class=\"qtranxs-available-languages-message qtranxs-available-languages-message-en\">Sorry, this entry is only available in <a href=\"https:\/\/tugraztestweb.asol.at\/de\/wp-json\/wp\/v2\/product\/30136\" class=\"qtranxs-available-language-link qtranxs-available-language-link-de\" title=\"Deutsch\">Deutsch<\/a>.<\/p>\n<p>Motivation<br \/>\nIm M\u00e4rz 2011 f\u00fchrte ein Erdbeben mit nachfolgendem Tsunami in Japan zum gr\u00f6\u00dften nuklearen Unfall der j\u00fcngeren Zeit und seither ist die energiewirtschaftliche Welt &#8211; untermauert durch die Ausstiegsbeschl\u00fcsse in Deutschland und der Schweiz &#8211; gepr\u00e4gt von Fragestellungen rund um Alternativen f\u00fcr die Energiezukunft Europas.<br \/>\nMit den Diskussionen um diese Alternativen sind auf Grund der energiewirtschaftlichen Komplexit\u00e4t Fragestellungen im Zusammenhang mit Energieeffizienz, Erneuerbaren Energien aber auch Fragen der k\u00fcnftigen Gestaltung unserer Energiem\u00e4rkte ebenfalls von oberster Priorit\u00e4t. Ein Blick auf die Entwicklung der Energiewirtschaft der letzten Jahre zeigt, dass vor allem Fragestellungen im Zusammenhang mit der Versorgungssicherheit (vgl. z.B. Erdgas-Lieferengp\u00e4sse 2009), der Entwicklung der Energiepreise (vgl. Erd\u00f6lpreisentwicklung) sowie dem Klimawandel im Vordergrund standen. Die L\u00f6sung dieser zentralen Fragestellungen wurde dabei durch die Rahmenbedingungen der Finanz- bzw. Wirtschaftskrise erschwert.<\/p>\n<p>Ziel des Symposiums<br \/>\nEs ist daher erforderlich, die bisher allgemein g\u00fcltigen L\u00f6sungsans\u00e4tze zu \u00fcberdenken und an die ge\u00e4nderten Rahmenbedingungen entsprechend anzupassen. Die L\u00f6sungsans\u00e4tze m\u00fcssen neben der Ausgestaltung der europ\u00e4ischen Wirtschaftsordnung inkl. regulatorischer Fragestellungen vor allem die Energieaufbringung (erneuerbare Energien, innovative Energietechnologien), Energieverteilungssysteme und auch bedarfsseitige Ma\u00dfnahmen betreffen.<br \/>\nWissenschaft, Wirtschaft sowie Politik und Verwaltung sind daher gefordert, entsprechende Beitr\u00e4ge f\u00fcr die gedeihliche Entwicklung der europ\u00e4ischen Energiewirtschaft und Gesellschaft zu leisten und diese Beitr\u00e4ge werden im Rahmen des 12. Symposiums Energieinnovation pr\u00e4sentiert und diskutiert.<\/p>\n","protected":false},"featured_media":39791,"comment_status":"open","ping_status":"closed","template":"","meta":[],"yoast_head":"<!-- This site is optimized with the Yoast SEO plugin v16.1.1 - https:\/\/yoast.com\/wordpress\/plugins\/seo\/ -->\n<link rel=\"canonical\" href=\"https:\/\/tugraztestweb.asol.at\/gesamtverzeichnis\/elektrotechnik-und-informationstechnik\/eninnov2012-12-symposium-energieinnovation\/\" \/>\n<meta property=\"og:locale\" content=\"en_US\" \/>\n<meta property=\"og:type\" content=\"article\" \/>\n<meta property=\"og:title\" content=\"EnInnov2012 - 12. Symposium Energieinnovation - Verlag der TU Graz\" \/>\n<meta property=\"og:description\" content=\"Motivation Im M\u00e4rz 2011 f\u00fchrte ein Erdbeben mit nachfolgendem Tsunami in Japan zum gr\u00f6\u00dften nuklearen Unfall der j\u00fcngeren Zeit und seither ist die energiewirtschaftliche Welt - untermauert durch die Ausstiegsbeschl\u00fcsse in Deutschland und der Schweiz - gepr\u00e4gt von Fragestellungen rund um Alternativen f\u00fcr die Energiezukunft Europas. Mit den Diskussionen um diese Alternativen sind auf Grund der energiewirtschaftlichen Komplexit\u00e4t Fragestellungen im Zusammenhang mit Energieeffizienz, Erneuerbaren Energien aber auch Fragen der k\u00fcnftigen Gestaltung unserer Energiem\u00e4rkte ebenfalls von oberster Priorit\u00e4t. Ein Blick auf die Entwicklung der Energiewirtschaft der letzten Jahre zeigt, dass vor allem Fragestellungen im Zusammenhang mit der Versorgungssicherheit (vgl. z.B. Erdgas-Lieferengp\u00e4sse 2009), der Entwicklung der Energiepreise (vgl. Erd\u00f6lpreisentwicklung) sowie dem Klimawandel im Vordergrund standen. Die L\u00f6sung dieser zentralen Fragestellungen wurde dabei durch die Rahmenbedingungen der Finanz- bzw. Wirtschaftskrise erschwert. Ziel des Symposiums Es ist daher erforderlich, die bisher allgemein g\u00fcltigen L\u00f6sungsans\u00e4tze zu \u00fcberdenken und an die ge\u00e4nderten Rahmenbedingungen entsprechend anzupassen. Die L\u00f6sungsans\u00e4tze m\u00fcssen neben der Ausgestaltung der europ\u00e4ischen Wirtschaftsordnung inkl. regulatorischer Fragestellungen vor allem die Energieaufbringung (erneuerbare Energien, innovative Energietechnologien), Energieverteilungssysteme und auch bedarfsseitige Ma\u00dfnahmen betreffen. Wissenschaft, Wirtschaft sowie Politik und Verwaltung sind daher gefordert, entsprechende Beitr\u00e4ge f\u00fcr die gedeihliche Entwicklung der europ\u00e4ischen Energiewirtschaft und Gesellschaft zu leisten und diese Beitr\u00e4ge werden im Rahmen des 12. Symposiums Energieinnovation pr\u00e4sentiert und diskutiert.\" \/>\n<meta property=\"og:url\" content=\"https:\/\/tugraztestweb.asol.at\/gesamtverzeichnis\/elektrotechnik-und-informationstechnik\/eninnov2012-12-symposium-energieinnovation\/\" \/>\n<meta property=\"og:site_name\" content=\"Verlag der TU Graz\" \/>\n<meta property=\"article:modified_time\" content=\"2020-08-21T12:55:21+00:00\" \/>\n<meta property=\"og:image\" content=\"https:\/\/tugraztestweb.asol.at\/wp-content\/uploads\/2020\/08\/image-978-3-85125-200-2.jpg\" \/>\n\t<meta property=\"og:image:width\" content=\"639\" \/>\n\t<meta property=\"og:image:height\" content=\"895\" \/>\n<meta name=\"twitter:card\" content=\"summary_large_image\" \/>\n<meta name=\"twitter:label1\" content=\"Est. reading time\">\n\t<meta name=\"twitter:data1\" content=\"1 minute\">\n<script type=\"application\/ld+json\" class=\"yoast-schema-graph\">{\"@context\":\"https:\/\/schema.org\",\"@graph\":[{\"@type\":\"WebSite\",\"@id\":\"https:\/\/tugraztestweb.asol.at\/#website\",\"url\":\"https:\/\/tugraztestweb.asol.at\/\",\"name\":\"Verlag der TU Graz\",\"description\":\"Verlag der Technischen Universit\\u00e4t Graz\",\"potentialAction\":[{\"@type\":\"SearchAction\",\"target\":\"https:\/\/tugraztestweb.asol.at\/?s={search_term_string}\",\"query-input\":\"required name=search_term_string\"}],\"inLanguage\":\"en-US\"},{\"@type\":\"ImageObject\",\"@id\":\"https:\/\/tugraztestweb.asol.at\/gesamtverzeichnis\/elektrotechnik-und-informationstechnik\/eninnov2012-12-symposium-energieinnovation\/#primaryimage\",\"inLanguage\":\"en-US\",\"url\":\"https:\/\/tugraztestweb.asol.at\/wp-content\/uploads\/2020\/08\/image-978-3-85125-200-2.jpg\",\"contentUrl\":\"https:\/\/tugraztestweb.asol.at\/wp-content\/uploads\/2020\/08\/image-978-3-85125-200-2.jpg\",\"width\":639,\"height\":895},{\"@type\":\"WebPage\",\"@id\":\"https:\/\/tugraztestweb.asol.at\/gesamtverzeichnis\/elektrotechnik-und-informationstechnik\/eninnov2012-12-symposium-energieinnovation\/#webpage\",\"url\":\"https:\/\/tugraztestweb.asol.at\/gesamtverzeichnis\/elektrotechnik-und-informationstechnik\/eninnov2012-12-symposium-energieinnovation\/\",\"name\":\"EnInnov2012 - 12. Symposium Energieinnovation - Verlag der TU Graz\",\"isPartOf\":{\"@id\":\"https:\/\/tugraztestweb.asol.at\/#website\"},\"primaryImageOfPage\":{\"@id\":\"https:\/\/tugraztestweb.asol.at\/gesamtverzeichnis\/elektrotechnik-und-informationstechnik\/eninnov2012-12-symposium-energieinnovation\/#primaryimage\"},\"datePublished\":\"2020-08-21T12:54:21+00:00\",\"dateModified\":\"2020-08-21T12:55:21+00:00\",\"breadcrumb\":{\"@id\":\"https:\/\/tugraztestweb.asol.at\/gesamtverzeichnis\/elektrotechnik-und-informationstechnik\/eninnov2012-12-symposium-energieinnovation\/#breadcrumb\"},\"inLanguage\":\"en-US\",\"potentialAction\":[{\"@type\":\"ReadAction\",\"target\":[\"https:\/\/tugraztestweb.asol.at\/gesamtverzeichnis\/elektrotechnik-und-informationstechnik\/eninnov2012-12-symposium-energieinnovation\/\"]}]},{\"@type\":\"BreadcrumbList\",\"@id\":\"https:\/\/tugraztestweb.asol.at\/gesamtverzeichnis\/elektrotechnik-und-informationstechnik\/eninnov2012-12-symposium-energieinnovation\/#breadcrumb\",\"itemListElement\":[{\"@type\":\"ListItem\",\"position\":1,\"item\":{\"@type\":\"WebPage\",\"@id\":\"https:\/\/tugraztestweb.asol.at\/\",\"url\":\"https:\/\/tugraztestweb.asol.at\/\",\"name\":\"Home\"}},{\"@type\":\"ListItem\",\"position\":2,\"item\":{\"@type\":\"WebPage\",\"@id\":\"https:\/\/tugraztestweb.asol.at\/gesamtverzeichnis\/\",\"url\":\"https:\/\/tugraztestweb.asol.at\/gesamtverzeichnis\/\",\"name\":\"Gesamtverzeichnis\"}},{\"@type\":\"ListItem\",\"position\":3,\"item\":{\"@type\":\"WebPage\",\"@id\":\"https:\/\/tugraztestweb.asol.at\/gesamtverzeichnis\/elektrotechnik-und-informationstechnik\/eninnov2012-12-symposium-energieinnovation\/\",\"url\":\"https:\/\/tugraztestweb.asol.at\/gesamtverzeichnis\/elektrotechnik-und-informationstechnik\/eninnov2012-12-symposium-energieinnovation\/\",\"name\":\"EnInnov2012 &#8211; 12. Symposium Energieinnovation\"}}]}]}<\/script>\n<!-- \/ Yoast SEO plugin. -->","_links":{"self":[{"href":"https:\/\/tugraztestweb.asol.at\/en\/wp-json\/wp\/v2\/product\/30136"}],"collection":[{"href":"https:\/\/tugraztestweb.asol.at\/en\/wp-json\/wp\/v2\/product"}],"about":[{"href":"https:\/\/tugraztestweb.asol.at\/en\/wp-json\/wp\/v2\/types\/product"}],"replies":[{"embeddable":true,"href":"https:\/\/tugraztestweb.asol.at\/en\/wp-json\/wp\/v2\/comments?post=30136"}],"wp:featuredmedia":[{"embeddable":true,"href":"https:\/\/tugraztestweb.asol.at\/en\/wp-json\/wp\/v2\/media\/39791"}],"wp:attachment":[{"href":"https:\/\/tugraztestweb.asol.at\/en\/wp-json\/wp\/v2\/media?parent=30136"}],"curies":[{"name":"wp","href":"https:\/\/api.w.org\/{rel}","templated":true}]}}