{"id":30148,"date":"2020-08-21T12:54:22","date_gmt":"2020-08-21T12:54:22","guid":{"rendered":"http:\/\/tugraztestweb.asol.at\/gesamtverzeichnis\/unkategorisiert\/settling-of-solids-in-raw-wastewater-primary-settling-tanks-and-storm-water-tanks\/"},"modified":"2020-08-21T14:55:22","modified_gmt":"2020-08-21T12:55:22","slug":"settling-of-solids-in-raw-wastewater-primary-settling-tanks-and-storm-water-tanks","status":"publish","type":"product","link":"https:\/\/tugraztestweb.asol.at\/en\/gesamtverzeichnis\/bauingenieurwissenschaften\/settling-of-solids-in-raw-wastewater-primary-settling-tanks-and-storm-water-tanks\/","title":{"rendered":"Settling of solids in raw wastewater &#8211; primary settling tanks and storm water tanks"},"content":{"rendered":"<p class=\"qtranxs-available-languages-message qtranxs-available-languages-message-en\">Sorry, this entry is only available in <a href=\"https:\/\/tugraztestweb.asol.at\/de\/wp-json\/wp\/v2\/product\/30148\" class=\"qtranxs-available-language-link qtranxs-available-language-link-de\" title=\"Deutsch\">Deutsch<\/a>.<\/p><p>Abwasser enth\u00e4lt von Grobstoffen bis hin zu kolloiden Substanzen ein breites Spektrum an Feststoffen. Einer der wichtigsten physikalischen Parameter im Abwasser ist der Anteil der gesamten Feststoffe. Dieser setzt sich aus flotierbaren, absetzbaren, kolloiden und gel\u00f6sten Anteilen zusammen. Diese Arbeit beschreibt das Absetzverhalten von Feststoffen in Rohabwasser im Allgemeinen sowie das Absetzverhalten von Abwasser in Vorkl\u00e4rbecken einer Kl\u00e4ranlage und in einem Mischwasser\u00fcberlaufbecken im Speziellen. In der Literatur werden einige Messvorrichtungen zur Bestimmung des Absetzverhaltens in Rohabwasser beschrieben, die meisten davon sind allerdings auf das Absetzverhalten von Belebtschlamm im Nachkl\u00e4rbecken ausgelegt. Die Charakteristik von Rohabwasser unterscheidet sich jedoch ma\u00dfgeblich von der des Belebtschlamms, da die Partikel nicht homogenisiert sind und eine deutlich gr\u00f6\u00dfere Streuung im Absetzverhalten aufweisen. In dieser Arbeit wird eine neue Messvorrichtung entwickelt. Dabei wurde versucht, ein Maximum an Absetzparametern zu ber\u00fccksichtigen, so dass umfassende Studien mit der Messeinrichtung m\u00f6glich sind. Die Einrichtung ist einfach zu benutzen und g\u00fcnstig herzustellen. Eine Vielzahl von Experimenten wurde im Labor des Instituts sowie direkt vor Ort auf der Kl\u00e4ranlage Graz G\u00f6ssendorf durchgef\u00fchrt. Es wurden drei identische Messeinrichtungen hergestellt, um Versuche parallel durchf\u00fchren zu k\u00f6nnen und um die Forschungsarbeit zu beschleunigen. Die Versuche wurden bei Trockenwetter- und Mischwasserabflussbedingungen durchgef\u00fchrt, um die Unterschiede im Absetzverhalten bei diesen Systemzust\u00e4nden beschreiben zu k\u00f6nnen. Die Untersuchungen unterst\u00fctzen die Auslegung von Vorkl\u00e4r- und Mischwasser\u00fcberlaufbecken. Die Ergebnisse zeigen, dass im Rohabwasser drei Fraktionen identifiziert werden k\u00f6nnen, n\u00e4mlich schnell absetzbare Stoffe, Schwebstoffe und Schwimmstoffe. Absetzzeiten in der Messeinrichtung lagen zwischen 3 Minuten und 2 Stunden. Absetzparameter wie Partikelgr\u00f6\u00dfe, Absetzgeschwindigkeit, Feststofftyp (z.B. organisch\/anorganisch), Form der Partikel etc. wurden bestimmt. Es wurde festgestellt, dass sich der Gro\u00dfteil der Feststoffe innerhalb der ersten 10 Minuten mit einer Absetzgeschwindigkeit von \u00fcber 10 m\/h absetzt. Zur Absch\u00e4tzung der organischen Verschmutzung an den Festsoffen wurde der chemische Sauerstoffbedarf ebenfalls bestimmt. Die Absetzversuche wurden mitgefilmet und die Videos ausgewertet. Die Videoanalysen zeigen Partikelgr\u00f6\u00dfen zwischen 0.1 und 350 mm\u00b2 und Absetzgeschwindigkeiten im Bereich von 0.5 bis 3.5 cm\/s (18 bis 126 m\/h). Die durchgef\u00fchrten Untersuchungen geben wichtige Anhaltspunkte f\u00fcr die Dimensionierung von Mischwasser\u00fcberlauf- und Vorkl\u00e4rbecken und werden zuk\u00fcnftig f\u00fcr die Modellierung dieser Becken zum Einsatz kommen.<\/p>","protected":false},"excerpt":{"rendered":"<p class=\"qtranxs-available-languages-message qtranxs-available-languages-message-en\">Sorry, this entry is only available in <a href=\"https:\/\/tugraztestweb.asol.at\/de\/wp-json\/wp\/v2\/product\/30148\" class=\"qtranxs-available-language-link qtranxs-available-language-link-de\" title=\"Deutsch\">Deutsch<\/a>.<\/p>\n<p>Abwasser enth\u00e4lt von Grobstoffen bis hin zu kolloiden Substanzen ein breites Spektrum an Feststoffen. Einer der wichtigsten physikalischen Parameter im Abwasser ist der Anteil der gesamten Feststoffe. Dieser setzt sich aus flotierbaren, absetzbaren, kolloiden und gel\u00f6sten Anteilen zusammen. Diese Arbeit beschreibt das Absetzverhalten von Feststoffen in Rohabwasser im Allgemeinen sowie das Absetzverhalten von Abwasser in Vorkl\u00e4rbecken einer Kl\u00e4ranlage und in einem Mischwasser\u00fcberlaufbecken im Speziellen. In der Literatur werden einige Messvorrichtungen zur Bestimmung des Absetzverhaltens in Rohabwasser beschrieben, die meisten davon sind allerdings auf das Absetzverhalten von Belebtschlamm im Nachkl\u00e4rbecken ausgelegt. Die Charakteristik von Rohabwasser unterscheidet sich jedoch ma\u00dfgeblich von der des Belebtschlamms, da die Partikel nicht homogenisiert sind und eine deutlich gr\u00f6\u00dfere Streuung im Absetzverhalten aufweisen. In dieser Arbeit wird eine neue Messvorrichtung entwickelt. Dabei wurde versucht, ein Maximum an Absetzparametern zu ber\u00fccksichtigen, so dass umfassende Studien mit der Messeinrichtung m\u00f6glich sind. Die Einrichtung ist einfach zu benutzen und g\u00fcnstig herzustellen. Eine Vielzahl von Experimenten wurde im Labor des Instituts sowie direkt vor Ort auf der Kl\u00e4ranlage Graz G\u00f6ssendorf durchgef\u00fchrt. Es wurden drei identische Messeinrichtungen hergestellt, um Versuche parallel durchf\u00fchren zu k\u00f6nnen und um die Forschungsarbeit zu beschleunigen. Die Versuche wurden bei Trockenwetter- und Mischwasserabflussbedingungen durchgef\u00fchrt, um die Unterschiede im Absetzverhalten bei diesen Systemzust\u00e4nden beschreiben zu k\u00f6nnen. Die Untersuchungen unterst\u00fctzen die Auslegung von Vorkl\u00e4r- und Mischwasser\u00fcberlaufbecken. Die Ergebnisse zeigen, dass im Rohabwasser drei Fraktionen identifiziert werden k\u00f6nnen, n\u00e4mlich schnell absetzbare Stoffe, Schwebstoffe und Schwimmstoffe. Absetzzeiten in der Messeinrichtung lagen zwischen 3 Minuten und 2 Stunden. Absetzparameter wie Partikelgr\u00f6\u00dfe, Absetzgeschwindigkeit, Feststofftyp (z.B. organisch\/anorganisch), Form der Partikel etc. wurden bestimmt. Es wurde festgestellt, dass sich der Gro\u00dfteil der Feststoffe innerhalb der ersten 10 Minuten mit einer Absetzgeschwindigkeit von \u00fcber 10 m\/h absetzt. Zur Absch\u00e4tzung der organischen Verschmutzung an den Festsoffen wurde der chemische Sauerstoffbedarf ebenfalls bestimmt. Die Absetzversuche wurden mitgefilmet und die Videos ausgewertet. Die Videoanalysen zeigen Partikelgr\u00f6\u00dfen zwischen 0.1 und 350 mm\u00b2 und Absetzgeschwindigkeiten im Bereich von 0.5 bis 3.5 cm\/s (18 bis 126 m\/h). Die durchgef\u00fchrten Untersuchungen geben wichtige Anhaltspunkte f\u00fcr die Dimensionierung von Mischwasser\u00fcberlauf- und Vorkl\u00e4rbecken und werden zuk\u00fcnftig f\u00fcr die Modellierung dieser Becken zum Einsatz kommen.<\/p>\n","protected":false},"featured_media":39795,"comment_status":"open","ping_status":"closed","template":"","meta":[],"yoast_head":"<!-- This site is optimized with the Yoast SEO plugin v16.1.1 - https:\/\/yoast.com\/wordpress\/plugins\/seo\/ -->\n<link rel=\"canonical\" href=\"https:\/\/tugraztestweb.asol.at\/gesamtverzeichnis\/bauingenieurwissenschaften\/settling-of-solids-in-raw-wastewater-primary-settling-tanks-and-storm-water-tanks\/\" \/>\n<meta property=\"og:locale\" content=\"en_US\" \/>\n<meta property=\"og:type\" content=\"article\" \/>\n<meta property=\"og:title\" content=\"Settling of solids in raw wastewater - primary settling tanks and storm water tanks - Verlag der TU Graz\" \/>\n<meta property=\"og:description\" content=\"Abwasser enth\u00e4lt von Grobstoffen bis hin zu kolloiden Substanzen ein breites Spektrum an Feststoffen. Einer der wichtigsten physikalischen Parameter im Abwasser ist der Anteil der gesamten Feststoffe. Dieser setzt sich aus flotierbaren, absetzbaren, kolloiden und gel\u00f6sten Anteilen zusammen. Diese Arbeit beschreibt das Absetzverhalten von Feststoffen in Rohabwasser im Allgemeinen sowie das Absetzverhalten von Abwasser in Vorkl\u00e4rbecken einer Kl\u00e4ranlage und in einem Mischwasser\u00fcberlaufbecken im Speziellen. In der Literatur werden einige Messvorrichtungen zur Bestimmung des Absetzverhaltens in Rohabwasser beschrieben, die meisten davon sind allerdings auf das Absetzverhalten von Belebtschlamm im Nachkl\u00e4rbecken ausgelegt. Die Charakteristik von Rohabwasser unterscheidet sich jedoch ma\u00dfgeblich von der des Belebtschlamms, da die Partikel nicht homogenisiert sind und eine deutlich gr\u00f6\u00dfere Streuung im Absetzverhalten aufweisen. In dieser Arbeit wird eine neue Messvorrichtung entwickelt. Dabei wurde versucht, ein Maximum an Absetzparametern zu ber\u00fccksichtigen, so dass umfassende Studien mit der Messeinrichtung m\u00f6glich sind. Die Einrichtung ist einfach zu benutzen und g\u00fcnstig herzustellen. Eine Vielzahl von Experimenten wurde im Labor des Instituts sowie direkt vor Ort auf der Kl\u00e4ranlage Graz G\u00f6ssendorf durchgef\u00fchrt. Es wurden drei identische Messeinrichtungen hergestellt, um Versuche parallel durchf\u00fchren zu k\u00f6nnen und um die Forschungsarbeit zu beschleunigen. Die Versuche wurden bei Trockenwetter- und Mischwasserabflussbedingungen durchgef\u00fchrt, um die Unterschiede im Absetzverhalten bei diesen Systemzust\u00e4nden beschreiben zu k\u00f6nnen. Die Untersuchungen unterst\u00fctzen die Auslegung von Vorkl\u00e4r- und Mischwasser\u00fcberlaufbecken. Die Ergebnisse zeigen, dass im Rohabwasser drei Fraktionen identifiziert werden k\u00f6nnen, n\u00e4mlich schnell absetzbare Stoffe, Schwebstoffe und Schwimmstoffe. Absetzzeiten in der Messeinrichtung lagen zwischen 3 Minuten und 2 Stunden. Absetzparameter wie Partikelgr\u00f6\u00dfe, Absetzgeschwindigkeit, Feststofftyp (z.B. organisch\/anorganisch), Form der Partikel etc. wurden bestimmt. Es wurde festgestellt, dass sich der Gro\u00dfteil der Feststoffe innerhalb der ersten 10 Minuten mit einer Absetzgeschwindigkeit von \u00fcber 10 m\/h absetzt. Zur Absch\u00e4tzung der organischen Verschmutzung an den Festsoffen wurde der chemische Sauerstoffbedarf ebenfalls bestimmt. Die Absetzversuche wurden mitgefilmet und die Videos ausgewertet. Die Videoanalysen zeigen Partikelgr\u00f6\u00dfen zwischen 0.1 und 350 mm\u00b2 und Absetzgeschwindigkeiten im Bereich von 0.5 bis 3.5 cm\/s (18 bis 126 m\/h). Die durchgef\u00fchrten Untersuchungen geben wichtige Anhaltspunkte f\u00fcr die Dimensionierung von Mischwasser\u00fcberlauf- und Vorkl\u00e4rbecken und werden zuk\u00fcnftig f\u00fcr die Modellierung dieser Becken zum Einsatz kommen.\" \/>\n<meta property=\"og:url\" content=\"https:\/\/tugraztestweb.asol.at\/gesamtverzeichnis\/bauingenieurwissenschaften\/settling-of-solids-in-raw-wastewater-primary-settling-tanks-and-storm-water-tanks\/\" \/>\n<meta property=\"og:site_name\" content=\"Verlag der TU Graz\" \/>\n<meta property=\"article:modified_time\" content=\"2020-08-21T12:55:22+00:00\" \/>\n<meta property=\"og:image\" content=\"https:\/\/tugraztestweb.asol.at\/wp-content\/uploads\/2020\/08\/image-978-3-85125-226-2.jpg\" \/>\n\t<meta property=\"og:image:width\" content=\"459\" \/>\n\t<meta property=\"og:image:height\" content=\"627\" \/>\n<meta name=\"twitter:card\" content=\"summary_large_image\" \/>\n<meta name=\"twitter:label1\" content=\"Est. reading time\">\n\t<meta name=\"twitter:data1\" content=\"2 minutes\">\n<script type=\"application\/ld+json\" class=\"yoast-schema-graph\">{\"@context\":\"https:\/\/schema.org\",\"@graph\":[{\"@type\":\"WebSite\",\"@id\":\"https:\/\/tugraztestweb.asol.at\/#website\",\"url\":\"https:\/\/tugraztestweb.asol.at\/\",\"name\":\"Verlag der TU Graz\",\"description\":\"Verlag der Technischen Universit\\u00e4t Graz\",\"potentialAction\":[{\"@type\":\"SearchAction\",\"target\":\"https:\/\/tugraztestweb.asol.at\/?s={search_term_string}\",\"query-input\":\"required name=search_term_string\"}],\"inLanguage\":\"en-US\"},{\"@type\":\"ImageObject\",\"@id\":\"https:\/\/tugraztestweb.asol.at\/gesamtverzeichnis\/bauingenieurwissenschaften\/settling-of-solids-in-raw-wastewater-primary-settling-tanks-and-storm-water-tanks\/#primaryimage\",\"inLanguage\":\"en-US\",\"url\":\"https:\/\/tugraztestweb.asol.at\/wp-content\/uploads\/2020\/08\/image-978-3-85125-226-2.jpg\",\"contentUrl\":\"https:\/\/tugraztestweb.asol.at\/wp-content\/uploads\/2020\/08\/image-978-3-85125-226-2.jpg\",\"width\":459,\"height\":627},{\"@type\":\"WebPage\",\"@id\":\"https:\/\/tugraztestweb.asol.at\/gesamtverzeichnis\/bauingenieurwissenschaften\/settling-of-solids-in-raw-wastewater-primary-settling-tanks-and-storm-water-tanks\/#webpage\",\"url\":\"https:\/\/tugraztestweb.asol.at\/gesamtverzeichnis\/bauingenieurwissenschaften\/settling-of-solids-in-raw-wastewater-primary-settling-tanks-and-storm-water-tanks\/\",\"name\":\"Settling of solids in raw wastewater - primary settling tanks and storm water tanks - Verlag der TU Graz\",\"isPartOf\":{\"@id\":\"https:\/\/tugraztestweb.asol.at\/#website\"},\"primaryImageOfPage\":{\"@id\":\"https:\/\/tugraztestweb.asol.at\/gesamtverzeichnis\/bauingenieurwissenschaften\/settling-of-solids-in-raw-wastewater-primary-settling-tanks-and-storm-water-tanks\/#primaryimage\"},\"datePublished\":\"2020-08-21T12:54:22+00:00\",\"dateModified\":\"2020-08-21T12:55:22+00:00\",\"breadcrumb\":{\"@id\":\"https:\/\/tugraztestweb.asol.at\/gesamtverzeichnis\/bauingenieurwissenschaften\/settling-of-solids-in-raw-wastewater-primary-settling-tanks-and-storm-water-tanks\/#breadcrumb\"},\"inLanguage\":\"en-US\",\"potentialAction\":[{\"@type\":\"ReadAction\",\"target\":[\"https:\/\/tugraztestweb.asol.at\/gesamtverzeichnis\/bauingenieurwissenschaften\/settling-of-solids-in-raw-wastewater-primary-settling-tanks-and-storm-water-tanks\/\"]}]},{\"@type\":\"BreadcrumbList\",\"@id\":\"https:\/\/tugraztestweb.asol.at\/gesamtverzeichnis\/bauingenieurwissenschaften\/settling-of-solids-in-raw-wastewater-primary-settling-tanks-and-storm-water-tanks\/#breadcrumb\",\"itemListElement\":[{\"@type\":\"ListItem\",\"position\":1,\"item\":{\"@type\":\"WebPage\",\"@id\":\"https:\/\/tugraztestweb.asol.at\/\",\"url\":\"https:\/\/tugraztestweb.asol.at\/\",\"name\":\"Home\"}},{\"@type\":\"ListItem\",\"position\":2,\"item\":{\"@type\":\"WebPage\",\"@id\":\"https:\/\/tugraztestweb.asol.at\/gesamtverzeichnis\/\",\"url\":\"https:\/\/tugraztestweb.asol.at\/gesamtverzeichnis\/\",\"name\":\"Gesamtverzeichnis\"}},{\"@type\":\"ListItem\",\"position\":3,\"item\":{\"@type\":\"WebPage\",\"@id\":\"https:\/\/tugraztestweb.asol.at\/gesamtverzeichnis\/bauingenieurwissenschaften\/settling-of-solids-in-raw-wastewater-primary-settling-tanks-and-storm-water-tanks\/\",\"url\":\"https:\/\/tugraztestweb.asol.at\/gesamtverzeichnis\/bauingenieurwissenschaften\/settling-of-solids-in-raw-wastewater-primary-settling-tanks-and-storm-water-tanks\/\",\"name\":\"Settling of solids in raw wastewater &#8211; primary settling tanks and storm water tanks\"}}]}]}<\/script>\n<!-- \/ Yoast SEO plugin. -->","_links":{"self":[{"href":"https:\/\/tugraztestweb.asol.at\/en\/wp-json\/wp\/v2\/product\/30148"}],"collection":[{"href":"https:\/\/tugraztestweb.asol.at\/en\/wp-json\/wp\/v2\/product"}],"about":[{"href":"https:\/\/tugraztestweb.asol.at\/en\/wp-json\/wp\/v2\/types\/product"}],"replies":[{"embeddable":true,"href":"https:\/\/tugraztestweb.asol.at\/en\/wp-json\/wp\/v2\/comments?post=30148"}],"wp:featuredmedia":[{"embeddable":true,"href":"https:\/\/tugraztestweb.asol.at\/en\/wp-json\/wp\/v2\/media\/39795"}],"wp:attachment":[{"href":"https:\/\/tugraztestweb.asol.at\/en\/wp-json\/wp\/v2\/media?parent=30148"}],"curies":[{"name":"wp","href":"https:\/\/api.w.org\/{rel}","templated":true}]}}