{"id":30150,"date":"2020-08-21T12:54:22","date_gmt":"2020-08-21T12:54:22","guid":{"rendered":"http:\/\/tugraztestweb.asol.at\/gesamtverzeichnis\/unkategorisiert\/untersuchungen-zur-dynamik-der-feststoffsedimentation-in-absetzbecken\/"},"modified":"2020-08-21T14:55:22","modified_gmt":"2020-08-21T12:55:22","slug":"untersuchungen-zur-dynamik-der-feststoffsedimentation-in-absetzbecken","status":"publish","type":"product","link":"https:\/\/tugraztestweb.asol.at\/en\/gesamtverzeichnis\/bauingenieurwissenschaften\/untersuchungen-zur-dynamik-der-feststoffsedimentation-in-absetzbecken\/","title":{"rendered":"Untersuchungen zur Dynamik der Feststoffsedimentation in Absetzbecken"},"content":{"rendered":"<p class=\"qtranxs-available-languages-message qtranxs-available-languages-message-en\">Sorry, this entry is only available in <a href=\"https:\/\/tugraztestweb.asol.at\/de\/wp-json\/wp\/v2\/product\/30150\" class=\"qtranxs-available-language-link qtranxs-available-language-link-de\" title=\"Deutsch\">Deutsch<\/a>.<\/p><p>Mit der \u00dcberarbeitung des Regelblattes 19 (\u00d6WAV 2007) wurde in \u00d6sterreich der Stand der Technik f\u00fcr Mischwasserentlastungen neu definiert und ein detailliertes Nachweisverfahren gefordert. Bei Entlastungsbauwerken kann ein so genannter Sedimentationswirkungsgrad f\u00fcr Abfiltrierbare Stoffe (AFS) angesetzt werden. Allerdings gibt es nur wenige Untersuchungen, die einen Hinweis auf die Gr\u00f6\u00dfenordnung dieses Parameters geben, zumal in-situ Untersuchungen an Mischwasserentlastungsbauwerken in der Regel sehr zeit- und kostenintensiv sind. Um dieses Wissensdefizit zu verkleinern, wurden Untersuchungen an einem Vorkl\u00e4rbecken als Ersatzbauwerk durchgef\u00fchrt und mittels Online-Messsystem eine automatisierte Messdatenerfassung realisiert. Nach eingehender Datenaufbereitung konnten R\u00fcckhaltewirkungsgrade f\u00fcr Abfiltrierbare Stoffe unter verschiedenen Betriebsbedingungen, Wetterverh\u00e4ltnissen und hydraulischen Belastungszust\u00e4nden berechnet werden. Das Ergebnis der Messdatenauswertung zeigt erstmals eine Dynamik der Feststoffsedimentation, die von mehreren Parametern wie Hydraulik, Abwassermatrix und Geometrie beeinflusst wird. Daraus folgt, dass die f\u00fcr die Bemessung von Bauwerken der Mischwasserbewirtschaftung empfohlene Oberfl\u00e4chenbeschickung f\u00fcr die Absetzleistung in einem Becken teilweise nicht die dominierende Rolle spielt. Die vorliegenden Untersuchungen zeigen, dass bei der Absch\u00e4tzung des Sedimentationswirkungsgrades der Einfluss der Abwassermatrix, der Tagesgang und die Transportvorg\u00e4nge im Kanal nicht vernachl\u00e4ssigt werden sollen.<\/p>","protected":false},"excerpt":{"rendered":"<p class=\"qtranxs-available-languages-message qtranxs-available-languages-message-en\">Sorry, this entry is only available in <a href=\"https:\/\/tugraztestweb.asol.at\/de\/wp-json\/wp\/v2\/product\/30150\" class=\"qtranxs-available-language-link qtranxs-available-language-link-de\" title=\"Deutsch\">Deutsch<\/a>.<\/p>\n<p>Mit der \u00dcberarbeitung des Regelblattes 19 (\u00d6WAV 2007) wurde in \u00d6sterreich der Stand der Technik f\u00fcr Mischwasserentlastungen neu definiert und ein detailliertes Nachweisverfahren gefordert. Bei Entlastungsbauwerken kann ein so genannter Sedimentationswirkungsgrad f\u00fcr Abfiltrierbare Stoffe (AFS) angesetzt werden. Allerdings gibt es nur wenige Untersuchungen, die einen Hinweis auf die Gr\u00f6\u00dfenordnung dieses Parameters geben, zumal in-situ Untersuchungen an Mischwasserentlastungsbauwerken in der Regel sehr zeit- und kostenintensiv sind. Um dieses Wissensdefizit zu verkleinern, wurden Untersuchungen an einem Vorkl\u00e4rbecken als Ersatzbauwerk durchgef\u00fchrt und mittels Online-Messsystem eine automatisierte Messdatenerfassung realisiert. Nach eingehender Datenaufbereitung konnten R\u00fcckhaltewirkungsgrade f\u00fcr Abfiltrierbare Stoffe unter verschiedenen Betriebsbedingungen, Wetterverh\u00e4ltnissen und hydraulischen Belastungszust\u00e4nden berechnet werden. Das Ergebnis der Messdatenauswertung zeigt erstmals eine Dynamik der Feststoffsedimentation, die von mehreren Parametern wie Hydraulik, Abwassermatrix und Geometrie beeinflusst wird. Daraus folgt, dass die f\u00fcr die Bemessung von Bauwerken der Mischwasserbewirtschaftung empfohlene Oberfl\u00e4chenbeschickung f\u00fcr die Absetzleistung in einem Becken teilweise nicht die dominierende Rolle spielt. Die vorliegenden Untersuchungen zeigen, dass bei der Absch\u00e4tzung des Sedimentationswirkungsgrades der Einfluss der Abwassermatrix, der Tagesgang und die Transportvorg\u00e4nge im Kanal nicht vernachl\u00e4ssigt werden sollen.<\/p>\n","protected":false},"featured_media":39796,"comment_status":"open","ping_status":"closed","template":"","meta":[],"yoast_head":"<!-- This site is optimized with the Yoast SEO plugin v16.1.1 - https:\/\/yoast.com\/wordpress\/plugins\/seo\/ -->\n<link rel=\"canonical\" href=\"https:\/\/tugraztestweb.asol.at\/gesamtverzeichnis\/bauingenieurwissenschaften\/untersuchungen-zur-dynamik-der-feststoffsedimentation-in-absetzbecken\/\" \/>\n<meta property=\"og:locale\" content=\"en_US\" \/>\n<meta property=\"og:type\" content=\"article\" \/>\n<meta property=\"og:title\" content=\"Untersuchungen zur Dynamik der Feststoffsedimentation in Absetzbecken - Verlag der TU Graz\" \/>\n<meta property=\"og:description\" content=\"Mit der \u00dcberarbeitung des Regelblattes 19 (\u00d6WAV 2007) wurde in \u00d6sterreich der Stand der Technik f\u00fcr Mischwasserentlastungen neu definiert und ein detailliertes Nachweisverfahren gefordert. Bei Entlastungsbauwerken kann ein so genannter Sedimentationswirkungsgrad f\u00fcr Abfiltrierbare Stoffe (AFS) angesetzt werden. Allerdings gibt es nur wenige Untersuchungen, die einen Hinweis auf die Gr\u00f6\u00dfenordnung dieses Parameters geben, zumal in-situ Untersuchungen an Mischwasserentlastungsbauwerken in der Regel sehr zeit- und kostenintensiv sind. Um dieses Wissensdefizit zu verkleinern, wurden Untersuchungen an einem Vorkl\u00e4rbecken als Ersatzbauwerk durchgef\u00fchrt und mittels Online-Messsystem eine automatisierte Messdatenerfassung realisiert. Nach eingehender Datenaufbereitung konnten R\u00fcckhaltewirkungsgrade f\u00fcr Abfiltrierbare Stoffe unter verschiedenen Betriebsbedingungen, Wetterverh\u00e4ltnissen und hydraulischen Belastungszust\u00e4nden berechnet werden. Das Ergebnis der Messdatenauswertung zeigt erstmals eine Dynamik der Feststoffsedimentation, die von mehreren Parametern wie Hydraulik, Abwassermatrix und Geometrie beeinflusst wird. Daraus folgt, dass die f\u00fcr die Bemessung von Bauwerken der Mischwasserbewirtschaftung empfohlene Oberfl\u00e4chenbeschickung f\u00fcr die Absetzleistung in einem Becken teilweise nicht die dominierende Rolle spielt. Die vorliegenden Untersuchungen zeigen, dass bei der Absch\u00e4tzung des Sedimentationswirkungsgrades der Einfluss der Abwassermatrix, der Tagesgang und die Transportvorg\u00e4nge im Kanal nicht vernachl\u00e4ssigt werden sollen.\" \/>\n<meta property=\"og:url\" content=\"https:\/\/tugraztestweb.asol.at\/gesamtverzeichnis\/bauingenieurwissenschaften\/untersuchungen-zur-dynamik-der-feststoffsedimentation-in-absetzbecken\/\" \/>\n<meta property=\"og:site_name\" content=\"Verlag der TU Graz\" \/>\n<meta property=\"article:modified_time\" content=\"2020-08-21T12:55:22+00:00\" \/>\n<meta property=\"og:image\" content=\"https:\/\/tugraztestweb.asol.at\/wp-content\/uploads\/2020\/08\/image-978-3-85125-221-7.jpg\" \/>\n\t<meta property=\"og:image:width\" content=\"459\" \/>\n\t<meta property=\"og:image:height\" content=\"629\" \/>\n<meta name=\"twitter:card\" content=\"summary_large_image\" \/>\n<meta name=\"twitter:label1\" content=\"Est. reading time\">\n\t<meta name=\"twitter:data1\" content=\"1 minute\">\n<script type=\"application\/ld+json\" class=\"yoast-schema-graph\">{\"@context\":\"https:\/\/schema.org\",\"@graph\":[{\"@type\":\"WebSite\",\"@id\":\"https:\/\/tugraztestweb.asol.at\/#website\",\"url\":\"https:\/\/tugraztestweb.asol.at\/\",\"name\":\"Verlag der TU Graz\",\"description\":\"Verlag der Technischen Universit\\u00e4t Graz\",\"potentialAction\":[{\"@type\":\"SearchAction\",\"target\":\"https:\/\/tugraztestweb.asol.at\/?s={search_term_string}\",\"query-input\":\"required name=search_term_string\"}],\"inLanguage\":\"en-US\"},{\"@type\":\"ImageObject\",\"@id\":\"https:\/\/tugraztestweb.asol.at\/gesamtverzeichnis\/bauingenieurwissenschaften\/untersuchungen-zur-dynamik-der-feststoffsedimentation-in-absetzbecken\/#primaryimage\",\"inLanguage\":\"en-US\",\"url\":\"https:\/\/tugraztestweb.asol.at\/wp-content\/uploads\/2020\/08\/image-978-3-85125-221-7.jpg\",\"contentUrl\":\"https:\/\/tugraztestweb.asol.at\/wp-content\/uploads\/2020\/08\/image-978-3-85125-221-7.jpg\",\"width\":459,\"height\":629},{\"@type\":\"WebPage\",\"@id\":\"https:\/\/tugraztestweb.asol.at\/gesamtverzeichnis\/bauingenieurwissenschaften\/untersuchungen-zur-dynamik-der-feststoffsedimentation-in-absetzbecken\/#webpage\",\"url\":\"https:\/\/tugraztestweb.asol.at\/gesamtverzeichnis\/bauingenieurwissenschaften\/untersuchungen-zur-dynamik-der-feststoffsedimentation-in-absetzbecken\/\",\"name\":\"Untersuchungen zur Dynamik der Feststoffsedimentation in Absetzbecken - Verlag der TU Graz\",\"isPartOf\":{\"@id\":\"https:\/\/tugraztestweb.asol.at\/#website\"},\"primaryImageOfPage\":{\"@id\":\"https:\/\/tugraztestweb.asol.at\/gesamtverzeichnis\/bauingenieurwissenschaften\/untersuchungen-zur-dynamik-der-feststoffsedimentation-in-absetzbecken\/#primaryimage\"},\"datePublished\":\"2020-08-21T12:54:22+00:00\",\"dateModified\":\"2020-08-21T12:55:22+00:00\",\"breadcrumb\":{\"@id\":\"https:\/\/tugraztestweb.asol.at\/gesamtverzeichnis\/bauingenieurwissenschaften\/untersuchungen-zur-dynamik-der-feststoffsedimentation-in-absetzbecken\/#breadcrumb\"},\"inLanguage\":\"en-US\",\"potentialAction\":[{\"@type\":\"ReadAction\",\"target\":[\"https:\/\/tugraztestweb.asol.at\/gesamtverzeichnis\/bauingenieurwissenschaften\/untersuchungen-zur-dynamik-der-feststoffsedimentation-in-absetzbecken\/\"]}]},{\"@type\":\"BreadcrumbList\",\"@id\":\"https:\/\/tugraztestweb.asol.at\/gesamtverzeichnis\/bauingenieurwissenschaften\/untersuchungen-zur-dynamik-der-feststoffsedimentation-in-absetzbecken\/#breadcrumb\",\"itemListElement\":[{\"@type\":\"ListItem\",\"position\":1,\"item\":{\"@type\":\"WebPage\",\"@id\":\"https:\/\/tugraztestweb.asol.at\/\",\"url\":\"https:\/\/tugraztestweb.asol.at\/\",\"name\":\"Home\"}},{\"@type\":\"ListItem\",\"position\":2,\"item\":{\"@type\":\"WebPage\",\"@id\":\"https:\/\/tugraztestweb.asol.at\/gesamtverzeichnis\/\",\"url\":\"https:\/\/tugraztestweb.asol.at\/gesamtverzeichnis\/\",\"name\":\"Gesamtverzeichnis\"}},{\"@type\":\"ListItem\",\"position\":3,\"item\":{\"@type\":\"WebPage\",\"@id\":\"https:\/\/tugraztestweb.asol.at\/gesamtverzeichnis\/bauingenieurwissenschaften\/untersuchungen-zur-dynamik-der-feststoffsedimentation-in-absetzbecken\/\",\"url\":\"https:\/\/tugraztestweb.asol.at\/gesamtverzeichnis\/bauingenieurwissenschaften\/untersuchungen-zur-dynamik-der-feststoffsedimentation-in-absetzbecken\/\",\"name\":\"Untersuchungen zur Dynamik der Feststoffsedimentation in Absetzbecken\"}}]}]}<\/script>\n<!-- \/ Yoast SEO plugin. -->","_links":{"self":[{"href":"https:\/\/tugraztestweb.asol.at\/en\/wp-json\/wp\/v2\/product\/30150"}],"collection":[{"href":"https:\/\/tugraztestweb.asol.at\/en\/wp-json\/wp\/v2\/product"}],"about":[{"href":"https:\/\/tugraztestweb.asol.at\/en\/wp-json\/wp\/v2\/types\/product"}],"replies":[{"embeddable":true,"href":"https:\/\/tugraztestweb.asol.at\/en\/wp-json\/wp\/v2\/comments?post=30150"}],"wp:featuredmedia":[{"embeddable":true,"href":"https:\/\/tugraztestweb.asol.at\/en\/wp-json\/wp\/v2\/media\/39796"}],"wp:attachment":[{"href":"https:\/\/tugraztestweb.asol.at\/en\/wp-json\/wp\/v2\/media?parent=30150"}],"curies":[{"name":"wp","href":"https:\/\/api.w.org\/{rel}","templated":true}]}}