{"id":30153,"date":"2020-08-21T12:54:22","date_gmt":"2020-08-21T12:54:22","guid":{"rendered":"http:\/\/tugraztestweb.asol.at\/gesamtverzeichnis\/unkategorisiert\/entscheidungsgrundlagen-fuer-die-arbeitszeitgestaltung\/"},"modified":"2020-08-21T14:55:22","modified_gmt":"2020-08-21T12:55:22","slug":"entscheidungsgrundlagen-fuer-die-arbeitszeitgestaltung","status":"publish","type":"product","link":"https:\/\/tugraztestweb.asol.at\/en\/gesamtverzeichnis\/bauingenieurwissenschaften\/entscheidungsgrundlagen-fuer-die-arbeitszeitgestaltung\/","title":{"rendered":"Entscheidungsgrundlagen f\u00fcr die Arbeitszeitgestaltung"},"content":{"rendered":"<p class=\"qtranxs-available-languages-message qtranxs-available-languages-message-en\">Sorry, this entry is only available in <a href=\"https:\/\/tugraztestweb.asol.at\/de\/wp-json\/wp\/v2\/product\/30153\" class=\"qtranxs-available-language-link qtranxs-available-language-link-de\" title=\"Deutsch\">Deutsch<\/a>.<\/p><p>Die Verl\u00e4ngerung der t\u00e4glichen Arbeitszeit ist ein Instrument, mit dem sich die Bauleistung innerhalb eines vorgegebenen Terminplanes erh\u00f6hen l\u00e4sst. <br \/>In der derzeitigen Anwendungspraxis werden f\u00fcr die Bewertung der Auswirkungen die Ans\u00e4tze von Burkhardt und Winter bzw. Lehmann aus den 1960er Jahren verwendet. <br \/>Diese zwei Informationsquellen werden nach einer Darstellung arbeitswissenschaftlicher Grundlagen im Detail betrachtet. Aus dem Ergebnis dieser Analyse werden die Anforderungen an eine neue Bewertungsmethodik formuliert. <br \/>Um die Systematik zu validieren, werden anhand der Untersuchungsergebnisse f\u00fcr den Bereich der Mauerwerksarbeiten Datenauswertungen durchgef\u00fchrt. In einem Anwendungsbeispiel erfolgt eine Gegen\u00fcberstellung mit den bestehenden Arbeitsleistungskurven von Burkhardt und Winter bzw. Lehmann.<\/p>\n<p><\/p>","protected":false},"excerpt":{"rendered":"<p class=\"qtranxs-available-languages-message qtranxs-available-languages-message-en\">Sorry, this entry is only available in <a href=\"https:\/\/tugraztestweb.asol.at\/de\/wp-json\/wp\/v2\/product\/30153\" class=\"qtranxs-available-language-link qtranxs-available-language-link-de\" title=\"Deutsch\">Deutsch<\/a>.<\/p>\n<p>Die Verl\u00e4ngerung der t\u00e4glichen Arbeitszeit ist ein Instrument, mit dem sich die Bauleistung innerhalb eines vorgegebenen Terminplanes erh\u00f6hen l\u00e4sst. <br \/>In der derzeitigen Anwendungspraxis werden f\u00fcr die Bewertung der Auswirkungen die Ans\u00e4tze von Burkhardt und Winter bzw. Lehmann aus den 1960er Jahren verwendet. <br \/>Diese zwei Informationsquellen werden nach einer Darstellung arbeitswissenschaftlicher Grundlagen im Detail betrachtet. Aus dem Ergebnis dieser Analyse werden die Anforderungen an eine neue Bewertungsmethodik formuliert. <br \/>Um die Systematik zu validieren, werden anhand der Untersuchungsergebnisse f\u00fcr den Bereich der Mauerwerksarbeiten Datenauswertungen durchgef\u00fchrt. In einem Anwendungsbeispiel erfolgt eine Gegen\u00fcberstellung mit den bestehenden Arbeitsleistungskurven von Burkhardt und Winter bzw. Lehmann.<\/p>\n","protected":false},"featured_media":39798,"comment_status":"open","ping_status":"closed","template":"","meta":[],"yoast_head":"<!-- This site is optimized with the Yoast SEO plugin v16.1.1 - https:\/\/yoast.com\/wordpress\/plugins\/seo\/ -->\n<link rel=\"canonical\" href=\"https:\/\/tugraztestweb.asol.at\/gesamtverzeichnis\/bauingenieurwissenschaften\/entscheidungsgrundlagen-fuer-die-arbeitszeitgestaltung\/\" \/>\n<meta property=\"og:locale\" content=\"en_US\" \/>\n<meta property=\"og:type\" content=\"article\" \/>\n<meta property=\"og:title\" content=\"Entscheidungsgrundlagen f\u00fcr die Arbeitszeitgestaltung - Verlag der TU Graz\" \/>\n<meta property=\"og:description\" content=\"Die Verl\u00e4ngerung der t\u00e4glichen Arbeitszeit ist ein Instrument, mit dem sich die Bauleistung innerhalb eines vorgegebenen Terminplanes erh\u00f6hen l\u00e4sst. In der derzeitigen Anwendungspraxis werden f\u00fcr die Bewertung der Auswirkungen die Ans\u00e4tze von Burkhardt und Winter bzw. Lehmann aus den 1960er Jahren verwendet. Diese zwei Informationsquellen werden nach einer Darstellung arbeitswissenschaftlicher Grundlagen im Detail betrachtet. Aus dem Ergebnis dieser Analyse werden die Anforderungen an eine neue Bewertungsmethodik formuliert. Um die Systematik zu validieren, werden anhand der Untersuchungsergebnisse f\u00fcr den Bereich der Mauerwerksarbeiten Datenauswertungen durchgef\u00fchrt. In einem Anwendungsbeispiel erfolgt eine Gegen\u00fcberstellung mit den bestehenden Arbeitsleistungskurven von Burkhardt und Winter bzw. Lehmann.\" \/>\n<meta property=\"og:url\" content=\"https:\/\/tugraztestweb.asol.at\/gesamtverzeichnis\/bauingenieurwissenschaften\/entscheidungsgrundlagen-fuer-die-arbeitszeitgestaltung\/\" \/>\n<meta property=\"og:site_name\" content=\"Verlag der TU Graz\" \/>\n<meta property=\"article:modified_time\" content=\"2020-08-21T12:55:22+00:00\" \/>\n<meta property=\"og:image\" content=\"https:\/\/tugraztestweb.asol.at\/wp-content\/uploads\/2020\/08\/image-978-3-85125-189-0.jpg\" \/>\n\t<meta property=\"og:image:width\" content=\"452\" \/>\n\t<meta property=\"og:image:height\" content=\"641\" \/>\n<meta name=\"twitter:card\" content=\"summary_large_image\" \/>\n<meta name=\"twitter:label1\" content=\"Est. reading time\">\n\t<meta name=\"twitter:data1\" content=\"1 minute\">\n<script type=\"application\/ld+json\" class=\"yoast-schema-graph\">{\"@context\":\"https:\/\/schema.org\",\"@graph\":[{\"@type\":\"WebSite\",\"@id\":\"https:\/\/tugraztestweb.asol.at\/#website\",\"url\":\"https:\/\/tugraztestweb.asol.at\/\",\"name\":\"Verlag der TU Graz\",\"description\":\"Verlag der Technischen Universit\\u00e4t Graz\",\"potentialAction\":[{\"@type\":\"SearchAction\",\"target\":\"https:\/\/tugraztestweb.asol.at\/?s={search_term_string}\",\"query-input\":\"required name=search_term_string\"}],\"inLanguage\":\"en-US\"},{\"@type\":\"ImageObject\",\"@id\":\"https:\/\/tugraztestweb.asol.at\/gesamtverzeichnis\/bauingenieurwissenschaften\/entscheidungsgrundlagen-fuer-die-arbeitszeitgestaltung\/#primaryimage\",\"inLanguage\":\"en-US\",\"url\":\"https:\/\/tugraztestweb.asol.at\/wp-content\/uploads\/2020\/08\/image-978-3-85125-189-0.jpg\",\"contentUrl\":\"https:\/\/tugraztestweb.asol.at\/wp-content\/uploads\/2020\/08\/image-978-3-85125-189-0.jpg\",\"width\":452,\"height\":641},{\"@type\":\"WebPage\",\"@id\":\"https:\/\/tugraztestweb.asol.at\/gesamtverzeichnis\/bauingenieurwissenschaften\/entscheidungsgrundlagen-fuer-die-arbeitszeitgestaltung\/#webpage\",\"url\":\"https:\/\/tugraztestweb.asol.at\/gesamtverzeichnis\/bauingenieurwissenschaften\/entscheidungsgrundlagen-fuer-die-arbeitszeitgestaltung\/\",\"name\":\"Entscheidungsgrundlagen f\\u00fcr die Arbeitszeitgestaltung - Verlag der TU Graz\",\"isPartOf\":{\"@id\":\"https:\/\/tugraztestweb.asol.at\/#website\"},\"primaryImageOfPage\":{\"@id\":\"https:\/\/tugraztestweb.asol.at\/gesamtverzeichnis\/bauingenieurwissenschaften\/entscheidungsgrundlagen-fuer-die-arbeitszeitgestaltung\/#primaryimage\"},\"datePublished\":\"2020-08-21T12:54:22+00:00\",\"dateModified\":\"2020-08-21T12:55:22+00:00\",\"breadcrumb\":{\"@id\":\"https:\/\/tugraztestweb.asol.at\/gesamtverzeichnis\/bauingenieurwissenschaften\/entscheidungsgrundlagen-fuer-die-arbeitszeitgestaltung\/#breadcrumb\"},\"inLanguage\":\"en-US\",\"potentialAction\":[{\"@type\":\"ReadAction\",\"target\":[\"https:\/\/tugraztestweb.asol.at\/gesamtverzeichnis\/bauingenieurwissenschaften\/entscheidungsgrundlagen-fuer-die-arbeitszeitgestaltung\/\"]}]},{\"@type\":\"BreadcrumbList\",\"@id\":\"https:\/\/tugraztestweb.asol.at\/gesamtverzeichnis\/bauingenieurwissenschaften\/entscheidungsgrundlagen-fuer-die-arbeitszeitgestaltung\/#breadcrumb\",\"itemListElement\":[{\"@type\":\"ListItem\",\"position\":1,\"item\":{\"@type\":\"WebPage\",\"@id\":\"https:\/\/tugraztestweb.asol.at\/\",\"url\":\"https:\/\/tugraztestweb.asol.at\/\",\"name\":\"Home\"}},{\"@type\":\"ListItem\",\"position\":2,\"item\":{\"@type\":\"WebPage\",\"@id\":\"https:\/\/tugraztestweb.asol.at\/gesamtverzeichnis\/\",\"url\":\"https:\/\/tugraztestweb.asol.at\/gesamtverzeichnis\/\",\"name\":\"Gesamtverzeichnis\"}},{\"@type\":\"ListItem\",\"position\":3,\"item\":{\"@type\":\"WebPage\",\"@id\":\"https:\/\/tugraztestweb.asol.at\/gesamtverzeichnis\/bauingenieurwissenschaften\/entscheidungsgrundlagen-fuer-die-arbeitszeitgestaltung\/\",\"url\":\"https:\/\/tugraztestweb.asol.at\/gesamtverzeichnis\/bauingenieurwissenschaften\/entscheidungsgrundlagen-fuer-die-arbeitszeitgestaltung\/\",\"name\":\"Entscheidungsgrundlagen f\\u00fcr die Arbeitszeitgestaltung\"}}]}]}<\/script>\n<!-- \/ Yoast SEO plugin. -->","_links":{"self":[{"href":"https:\/\/tugraztestweb.asol.at\/en\/wp-json\/wp\/v2\/product\/30153"}],"collection":[{"href":"https:\/\/tugraztestweb.asol.at\/en\/wp-json\/wp\/v2\/product"}],"about":[{"href":"https:\/\/tugraztestweb.asol.at\/en\/wp-json\/wp\/v2\/types\/product"}],"replies":[{"embeddable":true,"href":"https:\/\/tugraztestweb.asol.at\/en\/wp-json\/wp\/v2\/comments?post=30153"}],"wp:featuredmedia":[{"embeddable":true,"href":"https:\/\/tugraztestweb.asol.at\/en\/wp-json\/wp\/v2\/media\/39798"}],"wp:attachment":[{"href":"https:\/\/tugraztestweb.asol.at\/en\/wp-json\/wp\/v2\/media?parent=30153"}],"curies":[{"name":"wp","href":"https:\/\/api.w.org\/{rel}","templated":true}]}}