{"id":30160,"date":"2020-08-21T12:54:22","date_gmt":"2020-08-21T12:54:22","guid":{"rendered":"http:\/\/tugraztestweb.asol.at\/gesamtverzeichnis\/unkategorisiert\/bezugsrahmen-techno-oekonomie\/"},"modified":"2020-08-21T14:55:22","modified_gmt":"2020-08-21T12:55:22","slug":"bezugsrahmen-techno-oekonomie-ebook","status":"publish","type":"product","link":"https:\/\/tugraztestweb.asol.at\/en\/gesamtverzeichnis\/maschinenbau-und-wirtschaftswissenschaften\/bezugsrahmen-techno-oekonomie-ebook\/","title":{"rendered":"Bezugsrahmen &#8220;Techno-\u00d6konomie&#8221;"},"content":{"rendered":"<p class=\"qtranxs-available-languages-message qtranxs-available-languages-message-en\">Sorry, this entry is only available in <a href=\"https:\/\/tugraztestweb.asol.at\/de\/wp-json\/wp\/v2\/product\/30160\" class=\"qtranxs-available-language-link qtranxs-available-language-link-de\" title=\"Deutsch\">Deutsch<\/a>.<\/p><p>Vorwort<br \/>Studierende interdisziplin\u00e4rer&nbsp; Studienrichtungenwie&nbsp; dem&nbsp; Wirtschaftsingenieurwesen,&nbsp; die&nbsp; im&nbsp; Zuge wissenschaftlicher Abschlussarbeiten (Bachelor-,&nbsp; Master- bzw.&nbsp; Diplomarbeiten sowie vor&nbsp; allem Dissertationen)&nbsp; mit der&nbsp; Herausforderung&nbsp; konfrontiert&nbsp; sind, sich im Forschungsfeld \u201eTechno-\u00d6konomie\u201c zuvertiefen, ben\u00f6tigen Orientierung. Diese Orientierung soll mit dieser Schriftenreihe im Ansatz gelingen. Plan ist, dass der Forscher bzw.&nbsp; die&nbsp; Forscherin&nbsp; die&nbsp; M\u00f6glichkeiterh\u00e4lt, unter&nbsp; einem&nbsp; gemeinsamen \u201eDach\u201c der Techno-\u00d6konomie \u201eseine Scientific Community\u201c (wie in&nbsp; diesem Fall die \u201eTechno-\u00d6konomie\u2013Community\u201c) zu&nbsp; identifizieren um innerhalb dieser erfolgreich zu interagieren. Wir wollen mit dieser&nbsp; Schriftenreihe keinesfalls einschr\u00e4nkende oder endg\u00fcltige Grenzen vorlegen. Unser Anliegen ist es vielmehr, leitend zu wirken und eine dynamische Diskussion innerhalb der Techno-\u00d6konomie\u2013Community anzuregen. Aus diesem Grund verstehen wir diesen Beitragals \u201ework in progress\u201c und ersuchen damit alle interessierten Forscherinnen und Forscher, sich konstruktivan diesem sachlichen Diskurs zu beteiligen. Jede bzw. jeder ist eingeladen, uns Feedback zu geben und so an der Weiterentwicklung eines gemeinsamen Begriffsverst\u00e4ndnisses&nbsp; f\u00fcr&nbsp; \u201eTechno-\u00d6konomie\u201c (www.techno-oekonomie.org) mitzuwirken. Ziel ist, den Begriffsinhalt von Techno-\u00d6konomie zu beschreiben und kritisch zu reflektieren, um Techno-\u00d6konomie als Forschungs-und Lehrfeld mit Hilfe eines Bezugsrahmens zu formen, greifbar zu machenund letztendlich zu etablieren. Der in dieser Schriftenreihe vorgestellte Textstellt eine, vorwiegend auf deutschsprachiger Literatur und dem bisher erarbeiteten Grundkonzept f\u00fcr Techno-\u00d6konomie (siehe&nbsp; dazu Kapitel 1) basierende, Ann\u00e4hrung an drei zentrale techno-\u00f6konomische Begrifflichkeiten dar:<br \/>Kapitel 2: \u201eTechnologie orientierte Unternehmen\u201c <br \/>Kapitel 3: \u201eTechnologisch-IndustrielleLeistungen\u201c <br \/>Kapitel 4: \u201eIndustrielle Gesch\u00e4ftsbeziehungen\u201c <br \/>Wir w\u00e4hlten diese drei (in den Kapiteln 2 bis 4 dargestellten) Begriffe nicht willk\u00fcrlich, sondern basierend auf der zentralen Fragestellung, die von unseren Forschenden an eine Techno-\u00d6konomiegestellt wird: \u201eIn welchem Kontext soll techno-\u00f6konomische Forschung stattfinden und was ist an Technischen Universit\u00e4ten unter \u00f6konomischen Gesichtspunkten \u201aergiebig\u2018 f\u00fcr zuk\u00fcnftige Forschungsarbeiten?\u201c Es geht also um die Frage nach einem Orientierungs- und in weiterer Folge einem Handlungs- und Bezugsrahmen f\u00fcr Techno-\u00d6konomie. Auf diesen Bezugsrahmen fokussieren wir vor allem im Kapitel 1. Darin wird der Begriffsinhalt von Techno-\u00d6konomie im Kontext zu dem im Rahmen der TU AUSTRIA(www.tu-austria.at) erarbeiteten Grundverst\u00e4ndnisses in Kernaspekten dargestellt. Nach der theoretisch-praktischen Aufarbeitung des Themasanhand von zentralen Begrifflichkeitenin den Kapiteln 2 bis 4, adressieren wir letztendlich unsere Zielgruppe: die \u201eoperativ-t\u00e4tigen Techno-\u00d6konomie-Forscherinnen und Forscher\u201c. Basierend auf den g\u00fcltigen \u00d6NACE-Codes werden zudem in einer Schlussbemerkung \u201etechnologieorientierte Branchen\u201c definiert, welche beispielsweise die Stichprobenauswahl f\u00fcr empirisch arbeitende Forscherinnen und Forscherma\u00dfgebend erleichtern kann. Abschlie\u00dfend wird darauf hingewiesen, dass die Inhalte dieser \u201eBWL Schriftenreihe Nummer 16\u201c gro\u00dfteils dem im Verlag der Technischen Universit\u00e4t Graz herausgegebenen Buch mit dem Titel \u201eControlling von Kundenbeziehungen\u201c (siehe dazu im Literaturverzeichnis) entnommen worden sind.<\/p>","protected":false},"excerpt":{"rendered":"<p class=\"qtranxs-available-languages-message qtranxs-available-languages-message-en\">Sorry, this entry is only available in <a href=\"https:\/\/tugraztestweb.asol.at\/de\/wp-json\/wp\/v2\/product\/30160\" class=\"qtranxs-available-language-link qtranxs-available-language-link-de\" title=\"Deutsch\">Deutsch<\/a>.<\/p>\n<p>Vorwort<br \/>Studierende interdisziplin\u00e4rer&nbsp; Studienrichtungenwie&nbsp; dem&nbsp; Wirtschaftsingenieurwesen,&nbsp; die&nbsp; im&nbsp; Zuge wissenschaftlicher Abschlussarbeiten (Bachelor-,&nbsp; Master- bzw.&nbsp; Diplomarbeiten sowie vor&nbsp; allem Dissertationen)&nbsp; mit der&nbsp; Herausforderung&nbsp; konfrontiert&nbsp; sind, sich im Forschungsfeld \u201eTechno-\u00d6konomie\u201c zuvertiefen, ben\u00f6tigen Orientierung. Diese Orientierung soll mit dieser Schriftenreihe im Ansatz gelingen. Plan ist, dass der Forscher bzw.&nbsp; die&nbsp; Forscherin&nbsp; die&nbsp; M\u00f6glichkeiterh\u00e4lt, unter&nbsp; einem&nbsp; gemeinsamen \u201eDach\u201c der Techno-\u00d6konomie \u201eseine Scientific Community\u201c (wie in&nbsp; diesem Fall die \u201eTechno-\u00d6konomie\u2013Community\u201c) zu&nbsp; identifizieren um innerhalb dieser erfolgreich zu interagieren. Wir wollen mit dieser&nbsp; Schriftenreihe keinesfalls einschr\u00e4nkende oder endg\u00fcltige Grenzen vorlegen. Unser Anliegen ist es vielmehr, leitend zu wirken und eine dynamische Diskussion innerhalb der Techno-\u00d6konomie\u2013Community anzuregen. Aus diesem Grund verstehen wir diesen Beitragals \u201ework in progress\u201c und ersuchen damit alle interessierten Forscherinnen und Forscher, sich konstruktivan diesem sachlichen Diskurs zu beteiligen. Jede bzw. jeder ist eingeladen, uns Feedback zu geben und so an der Weiterentwicklung eines gemeinsamen Begriffsverst\u00e4ndnisses&nbsp; f\u00fcr&nbsp; \u201eTechno-\u00d6konomie\u201c (www.techno-oekonomie.org) mitzuwirken. Ziel ist, den Begriffsinhalt von Techno-\u00d6konomie zu beschreiben und kritisch zu reflektieren, um Techno-\u00d6konomie als Forschungs-und Lehrfeld mit Hilfe eines Bezugsrahmens zu formen, greifbar zu machenund letztendlich zu etablieren. Der in dieser Schriftenreihe vorgestellte Textstellt eine, vorwiegend auf deutschsprachiger Literatur und dem bisher erarbeiteten Grundkonzept f\u00fcr Techno-\u00d6konomie (siehe&nbsp; dazu Kapitel 1) basierende, Ann\u00e4hrung an drei zentrale techno-\u00f6konomische Begrifflichkeiten dar:<br \/>Kapitel 2: \u201eTechnologie orientierte Unternehmen\u201c <br \/>Kapitel 3: \u201eTechnologisch-IndustrielleLeistungen\u201c <br \/>Kapitel 4: \u201eIndustrielle Gesch\u00e4ftsbeziehungen\u201c <br \/>Wir w\u00e4hlten diese drei (in den Kapiteln 2 bis 4 dargestellten) Begriffe nicht willk\u00fcrlich, sondern basierend auf der zentralen Fragestellung, die von unseren Forschenden an eine Techno-\u00d6konomiegestellt wird: \u201eIn welchem Kontext soll techno-\u00f6konomische Forschung stattfinden und was ist an Technischen Universit\u00e4ten unter \u00f6konomischen Gesichtspunkten \u201aergiebig\u2018 f\u00fcr zuk\u00fcnftige Forschungsarbeiten?\u201c Es geht also um die Frage nach einem Orientierungs- und in weiterer Folge einem Handlungs- und Bezugsrahmen f\u00fcr Techno-\u00d6konomie. Auf diesen Bezugsrahmen fokussieren wir vor allem im Kapitel 1. Darin wird der Begriffsinhalt von Techno-\u00d6konomie im Kontext zu dem im Rahmen der TU AUSTRIA(www.tu-austria.at) erarbeiteten Grundverst\u00e4ndnisses in Kernaspekten dargestellt. Nach der theoretisch-praktischen Aufarbeitung des Themasanhand von zentralen Begrifflichkeitenin den Kapiteln 2 bis 4, adressieren wir letztendlich unsere Zielgruppe: die \u201eoperativ-t\u00e4tigen Techno-\u00d6konomie-Forscherinnen und Forscher\u201c. Basierend auf den g\u00fcltigen \u00d6NACE-Codes werden zudem in einer Schlussbemerkung \u201etechnologieorientierte Branchen\u201c definiert, welche beispielsweise die Stichprobenauswahl f\u00fcr empirisch arbeitende Forscherinnen und Forscherma\u00dfgebend erleichtern kann. Abschlie\u00dfend wird darauf hingewiesen, dass die Inhalte dieser \u201eBWL Schriftenreihe Nummer 16\u201c gro\u00dfteils dem im Verlag der Technischen Universit\u00e4t Graz herausgegebenen Buch mit dem Titel \u201eControlling von Kundenbeziehungen\u201c (siehe dazu im Literaturverzeichnis) entnommen worden sind.<\/p>\n","protected":false},"featured_media":39800,"comment_status":"open","ping_status":"closed","template":"","meta":[],"yoast_head":"<!-- This site is optimized with the Yoast SEO plugin v16.1.1 - https:\/\/yoast.com\/wordpress\/plugins\/seo\/ -->\n<link rel=\"canonical\" href=\"https:\/\/tugraztestweb.asol.at\/gesamtverzeichnis\/maschinenbau-und-wirtschaftswissenschaften\/bezugsrahmen-techno-oekonomie-ebook\/\" \/>\n<meta property=\"og:locale\" content=\"en_US\" \/>\n<meta property=\"og:type\" content=\"article\" \/>\n<meta property=\"og:title\" content=\"Bezugsrahmen &quot;Techno-\u00d6konomie&quot; - Verlag der TU Graz\" \/>\n<meta property=\"og:description\" content=\"VorwortStudierende interdisziplin\u00e4rer&nbsp; Studienrichtungenwie&nbsp; dem&nbsp; Wirtschaftsingenieurwesen,&nbsp; die&nbsp; im&nbsp; Zuge wissenschaftlicher Abschlussarbeiten (Bachelor-,&nbsp; Master- bzw.&nbsp; Diplomarbeiten sowie vor&nbsp; allem Dissertationen)&nbsp; mit der&nbsp; Herausforderung&nbsp; konfrontiert&nbsp; sind, sich im Forschungsfeld \u201eTechno-\u00d6konomie\u201c zuvertiefen, ben\u00f6tigen Orientierung. Diese Orientierung soll mit dieser Schriftenreihe im Ansatz gelingen. Plan ist, dass der Forscher bzw.&nbsp; die&nbsp; Forscherin&nbsp; die&nbsp; M\u00f6glichkeiterh\u00e4lt, unter&nbsp; einem&nbsp; gemeinsamen \u201eDach\u201c der Techno-\u00d6konomie \u201eseine Scientific Community\u201c (wie in&nbsp; diesem Fall die \u201eTechno-\u00d6konomie\u2013Community\u201c) zu&nbsp; identifizieren um innerhalb dieser erfolgreich zu interagieren. Wir wollen mit dieser&nbsp; Schriftenreihe keinesfalls einschr\u00e4nkende oder endg\u00fcltige Grenzen vorlegen. Unser Anliegen ist es vielmehr, leitend zu wirken und eine dynamische Diskussion innerhalb der Techno-\u00d6konomie\u2013Community anzuregen. Aus diesem Grund verstehen wir diesen Beitragals \u201ework in progress\u201c und ersuchen damit alle interessierten Forscherinnen und Forscher, sich konstruktivan diesem sachlichen Diskurs zu beteiligen. Jede bzw. jeder ist eingeladen, uns Feedback zu geben und so an der Weiterentwicklung eines gemeinsamen Begriffsverst\u00e4ndnisses&nbsp; f\u00fcr&nbsp; \u201eTechno-\u00d6konomie\u201c (www.techno-oekonomie.org) mitzuwirken. Ziel ist, den Begriffsinhalt von Techno-\u00d6konomie zu beschreiben und kritisch zu reflektieren, um Techno-\u00d6konomie als Forschungs-und Lehrfeld mit Hilfe eines Bezugsrahmens zu formen, greifbar zu machenund letztendlich zu etablieren. Der in dieser Schriftenreihe vorgestellte Textstellt eine, vorwiegend auf deutschsprachiger Literatur und dem bisher erarbeiteten Grundkonzept f\u00fcr Techno-\u00d6konomie (siehe&nbsp; dazu Kapitel 1) basierende, Ann\u00e4hrung an drei zentrale techno-\u00f6konomische Begrifflichkeiten dar:Kapitel 2: \u201eTechnologie orientierte Unternehmen\u201c Kapitel 3: \u201eTechnologisch-IndustrielleLeistungen\u201c Kapitel 4: \u201eIndustrielle Gesch\u00e4ftsbeziehungen\u201c Wir w\u00e4hlten diese drei (in den Kapiteln 2 bis 4 dargestellten) Begriffe nicht willk\u00fcrlich, sondern basierend auf der zentralen Fragestellung, die von unseren Forschenden an eine Techno-\u00d6konomiegestellt wird: \u201eIn welchem Kontext soll techno-\u00f6konomische Forschung stattfinden und was ist an Technischen Universit\u00e4ten unter \u00f6konomischen Gesichtspunkten \u201aergiebig\u2018 f\u00fcr zuk\u00fcnftige Forschungsarbeiten?\u201c Es geht also um die Frage nach einem Orientierungs- und in weiterer Folge einem Handlungs- und Bezugsrahmen f\u00fcr Techno-\u00d6konomie. Auf diesen Bezugsrahmen fokussieren wir vor allem im Kapitel 1. Darin wird der Begriffsinhalt von Techno-\u00d6konomie im Kontext zu dem im Rahmen der TU AUSTRIA(www.tu-austria.at) erarbeiteten Grundverst\u00e4ndnisses in Kernaspekten dargestellt. Nach der theoretisch-praktischen Aufarbeitung des Themasanhand von zentralen Begrifflichkeitenin den Kapiteln 2 bis 4, adressieren wir letztendlich unsere Zielgruppe: die \u201eoperativ-t\u00e4tigen Techno-\u00d6konomie-Forscherinnen und Forscher\u201c. Basierend auf den g\u00fcltigen \u00d6NACE-Codes werden zudem in einer Schlussbemerkung \u201etechnologieorientierte Branchen\u201c definiert, welche beispielsweise die Stichprobenauswahl f\u00fcr empirisch arbeitende Forscherinnen und Forscherma\u00dfgebend erleichtern kann. Abschlie\u00dfend wird darauf hingewiesen, dass die Inhalte dieser \u201eBWL Schriftenreihe Nummer 16\u201c gro\u00dfteils dem im Verlag der Technischen Universit\u00e4t Graz herausgegebenen Buch mit dem Titel \u201eControlling von Kundenbeziehungen\u201c (siehe dazu im Literaturverzeichnis) entnommen worden sind.\" \/>\n<meta property=\"og:url\" content=\"https:\/\/tugraztestweb.asol.at\/gesamtverzeichnis\/maschinenbau-und-wirtschaftswissenschaften\/bezugsrahmen-techno-oekonomie-ebook\/\" \/>\n<meta property=\"og:site_name\" content=\"Verlag der TU Graz\" \/>\n<meta property=\"article:modified_time\" content=\"2020-08-21T12:55:22+00:00\" \/>\n<meta property=\"og:image\" content=\"https:\/\/tugraztestweb.asol.at\/wp-content\/uploads\/2020\/08\/image-978-3-85125-228-6.jpg\" \/>\n\t<meta property=\"og:image:width\" content=\"576\" \/>\n\t<meta property=\"og:image:height\" content=\"817\" \/>\n<meta name=\"twitter:card\" content=\"summary_large_image\" \/>\n<meta name=\"twitter:label1\" content=\"Est. reading time\">\n\t<meta name=\"twitter:data1\" content=\"2 minutes\">\n<script type=\"application\/ld+json\" class=\"yoast-schema-graph\">{\"@context\":\"https:\/\/schema.org\",\"@graph\":[{\"@type\":\"WebSite\",\"@id\":\"https:\/\/tugraztestweb.asol.at\/#website\",\"url\":\"https:\/\/tugraztestweb.asol.at\/\",\"name\":\"Verlag der TU Graz\",\"description\":\"Verlag der Technischen Universit\\u00e4t Graz\",\"potentialAction\":[{\"@type\":\"SearchAction\",\"target\":\"https:\/\/tugraztestweb.asol.at\/?s={search_term_string}\",\"query-input\":\"required name=search_term_string\"}],\"inLanguage\":\"en-US\"},{\"@type\":\"ImageObject\",\"@id\":\"https:\/\/tugraztestweb.asol.at\/gesamtverzeichnis\/maschinenbau-und-wirtschaftswissenschaften\/bezugsrahmen-techno-oekonomie-ebook\/#primaryimage\",\"inLanguage\":\"en-US\",\"url\":\"https:\/\/tugraztestweb.asol.at\/wp-content\/uploads\/2020\/08\/image-978-3-85125-228-6.jpg\",\"contentUrl\":\"https:\/\/tugraztestweb.asol.at\/wp-content\/uploads\/2020\/08\/image-978-3-85125-228-6.jpg\",\"width\":576,\"height\":817},{\"@type\":\"WebPage\",\"@id\":\"https:\/\/tugraztestweb.asol.at\/gesamtverzeichnis\/maschinenbau-und-wirtschaftswissenschaften\/bezugsrahmen-techno-oekonomie-ebook\/#webpage\",\"url\":\"https:\/\/tugraztestweb.asol.at\/gesamtverzeichnis\/maschinenbau-und-wirtschaftswissenschaften\/bezugsrahmen-techno-oekonomie-ebook\/\",\"name\":\"Bezugsrahmen \\\"Techno-\\u00d6konomie\\\" - Verlag der TU Graz\",\"isPartOf\":{\"@id\":\"https:\/\/tugraztestweb.asol.at\/#website\"},\"primaryImageOfPage\":{\"@id\":\"https:\/\/tugraztestweb.asol.at\/gesamtverzeichnis\/maschinenbau-und-wirtschaftswissenschaften\/bezugsrahmen-techno-oekonomie-ebook\/#primaryimage\"},\"datePublished\":\"2020-08-21T12:54:22+00:00\",\"dateModified\":\"2020-08-21T12:55:22+00:00\",\"breadcrumb\":{\"@id\":\"https:\/\/tugraztestweb.asol.at\/gesamtverzeichnis\/maschinenbau-und-wirtschaftswissenschaften\/bezugsrahmen-techno-oekonomie-ebook\/#breadcrumb\"},\"inLanguage\":\"en-US\",\"potentialAction\":[{\"@type\":\"ReadAction\",\"target\":[\"https:\/\/tugraztestweb.asol.at\/gesamtverzeichnis\/maschinenbau-und-wirtschaftswissenschaften\/bezugsrahmen-techno-oekonomie-ebook\/\"]}]},{\"@type\":\"BreadcrumbList\",\"@id\":\"https:\/\/tugraztestweb.asol.at\/gesamtverzeichnis\/maschinenbau-und-wirtschaftswissenschaften\/bezugsrahmen-techno-oekonomie-ebook\/#breadcrumb\",\"itemListElement\":[{\"@type\":\"ListItem\",\"position\":1,\"item\":{\"@type\":\"WebPage\",\"@id\":\"https:\/\/tugraztestweb.asol.at\/\",\"url\":\"https:\/\/tugraztestweb.asol.at\/\",\"name\":\"Home\"}},{\"@type\":\"ListItem\",\"position\":2,\"item\":{\"@type\":\"WebPage\",\"@id\":\"https:\/\/tugraztestweb.asol.at\/gesamtverzeichnis\/\",\"url\":\"https:\/\/tugraztestweb.asol.at\/gesamtverzeichnis\/\",\"name\":\"Gesamtverzeichnis\"}},{\"@type\":\"ListItem\",\"position\":3,\"item\":{\"@type\":\"WebPage\",\"@id\":\"https:\/\/tugraztestweb.asol.at\/gesamtverzeichnis\/maschinenbau-und-wirtschaftswissenschaften\/bezugsrahmen-techno-oekonomie-ebook\/\",\"url\":\"https:\/\/tugraztestweb.asol.at\/gesamtverzeichnis\/maschinenbau-und-wirtschaftswissenschaften\/bezugsrahmen-techno-oekonomie-ebook\/\",\"name\":\"Bezugsrahmen &#8220;Techno-\\u00d6konomie&#8221;\"}}]}]}<\/script>\n<!-- \/ Yoast SEO plugin. -->","_links":{"self":[{"href":"https:\/\/tugraztestweb.asol.at\/en\/wp-json\/wp\/v2\/product\/30160"}],"collection":[{"href":"https:\/\/tugraztestweb.asol.at\/en\/wp-json\/wp\/v2\/product"}],"about":[{"href":"https:\/\/tugraztestweb.asol.at\/en\/wp-json\/wp\/v2\/types\/product"}],"replies":[{"embeddable":true,"href":"https:\/\/tugraztestweb.asol.at\/en\/wp-json\/wp\/v2\/comments?post=30160"}],"wp:featuredmedia":[{"embeddable":true,"href":"https:\/\/tugraztestweb.asol.at\/en\/wp-json\/wp\/v2\/media\/39800"}],"wp:attachment":[{"href":"https:\/\/tugraztestweb.asol.at\/en\/wp-json\/wp\/v2\/media?parent=30160"}],"curies":[{"name":"wp","href":"https:\/\/api.w.org\/{rel}","templated":true}]}}