{"id":30162,"date":"2020-08-21T12:54:22","date_gmt":"2020-08-21T12:54:22","guid":{"rendered":"http:\/\/tugraztestweb.asol.at\/gesamtverzeichnis\/unkategorisiert\/willi-riedler-80\/"},"modified":"2020-08-21T14:55:22","modified_gmt":"2020-08-21T12:55:22","slug":"willi-riedler-80","status":"publish","type":"product","link":"https:\/\/tugraztestweb.asol.at\/en\/gesamtverzeichnis\/interdiszipinaeres\/willi-riedler-80\/","title":{"rendered":"Willi Riedler 80"},"content":{"rendered":"<p class=\"qtranxs-available-languages-message qtranxs-available-languages-message-en\">Sorry, this entry is only available in <a href=\"https:\/\/tugraztestweb.asol.at\/de\/wp-json\/wp\/v2\/product\/30162\" class=\"qtranxs-available-language-link qtranxs-available-language-link-de\" title=\"Deutsch\">Deutsch<\/a>.<\/p><p>Die Festschrift \u201eWilli Riedler 80\u201c ist nach der Sondernummer der Zeitschrift \u201eE&#038;I\u201c im Jahr 2000 und der Festschrift \u201eWilli Riedler 75\u201c anl\u00e4sslich des 75. Geburtstages die dritte eigenst\u00e4ndige Publikation, die sich dem Leben und Werk des Jubilars Univ.-Prof. Dipl.-Ing. DDr. Willibald Riedler widmet.<br \/>\nWillibald Riedler gilt als Pionier der experimentellen Weltraumforschung in \u00d6sterreich. Bereits kurz nach seiner Berufung an die TU Graz startete im November 1969 ein erstes in Graz gebautes Messinstrument auf einer sowjetischen Rakete in den Weltraum. Es folgten zahlreiche weitere Missionen mit Grazer Pr\u00e4zisionsinstrumenten aus den Instituten Riedlers an der TU Graz, der \u00d6sterreichischen Akademie der Wissenschaften bzw. bei Joanneum Research. Einen H\u00f6hepunkt stellte die wissenschaftliche Leitung der Mission mit dem ersten \u00f6sterreichischen Kosmonauten 1992 dar.<br \/>\nDie Festschrift gibt einen \u00dcberblick \u00fcber das vielf\u00e4ltige Wirken Willibald Riedlers und \u00fcber Perspektiven der Weltraumforschung in Graz und Europa.<\/p>","protected":false},"excerpt":{"rendered":"<p class=\"qtranxs-available-languages-message qtranxs-available-languages-message-en\">Sorry, this entry is only available in <a href=\"https:\/\/tugraztestweb.asol.at\/de\/wp-json\/wp\/v2\/product\/30162\" class=\"qtranxs-available-language-link qtranxs-available-language-link-de\" title=\"Deutsch\">Deutsch<\/a>.<\/p>\n<p>Die Festschrift \u201eWilli Riedler 80\u201c ist nach der Sondernummer der Zeitschrift \u201eE&#038;I\u201c im Jahr 2000 und der Festschrift \u201eWilli Riedler 75\u201c anl\u00e4sslich des 75. Geburtstages die dritte eigenst\u00e4ndige Publikation, die sich dem Leben und Werk des Jubilars Univ.-Prof. Dipl.-Ing. DDr. Willibald Riedler widmet.<br \/>\nWillibald Riedler gilt als Pionier der experimentellen Weltraumforschung in \u00d6sterreich. Bereits kurz nach seiner Berufung an die TU Graz startete im November 1969 ein erstes in Graz gebautes Messinstrument auf einer sowjetischen Rakete in den Weltraum. Es folgten zahlreiche weitere Missionen mit Grazer Pr\u00e4zisionsinstrumenten aus den Instituten Riedlers an der TU Graz, der \u00d6sterreichischen Akademie der Wissenschaften bzw. bei Joanneum Research. Einen H\u00f6hepunkt stellte die wissenschaftliche Leitung der Mission mit dem ersten \u00f6sterreichischen Kosmonauten 1992 dar.<br \/>\nDie Festschrift gibt einen \u00dcberblick \u00fcber das vielf\u00e4ltige Wirken Willibald Riedlers und \u00fcber Perspektiven der Weltraumforschung in Graz und Europa.<\/p>\n","protected":false},"featured_media":39801,"comment_status":"open","ping_status":"closed","template":"","meta":[],"yoast_head":"<!-- This site is optimized with the Yoast SEO plugin v16.1.1 - https:\/\/yoast.com\/wordpress\/plugins\/seo\/ -->\n<link rel=\"canonical\" href=\"https:\/\/tugraztestweb.asol.at\/en\/gesamtverzeichnis\/interdiszipinaeres\/willi-riedler-80\/\" \/>\n<meta property=\"og:locale\" content=\"en_US\" \/>\n<meta property=\"og:type\" content=\"article\" \/>\n<meta property=\"og:title\" content=\"Willi Riedler 80 - Verlag der TU Graz\" \/>\n<meta property=\"og:description\" content=\"Die Festschrift \u201eWilli Riedler 80\u201c ist nach der Sondernummer der Zeitschrift \u201eE&amp;I\u201c im Jahr 2000 und der Festschrift \u201eWilli Riedler 75\u201c anl\u00e4sslich des 75. Geburtstages die dritte eigenst\u00e4ndige Publikation, die sich dem Leben und Werk des Jubilars Univ.-Prof. Dipl.-Ing. DDr. Willibald Riedler widmet. Willibald Riedler gilt als Pionier der experimentellen Weltraumforschung in \u00d6sterreich. Bereits kurz nach seiner Berufung an die TU Graz startete im November 1969 ein erstes in Graz gebautes Messinstrument auf einer sowjetischen Rakete in den Weltraum. Es folgten zahlreiche weitere Missionen mit Grazer Pr\u00e4zisionsinstrumenten aus den Instituten Riedlers an der TU Graz, der \u00d6sterreichischen Akademie der Wissenschaften bzw. bei Joanneum Research. Einen H\u00f6hepunkt stellte die wissenschaftliche Leitung der Mission mit dem ersten \u00f6sterreichischen Kosmonauten 1992 dar. Die Festschrift gibt einen \u00dcberblick \u00fcber das vielf\u00e4ltige Wirken Willibald Riedlers und \u00fcber Perspektiven der Weltraumforschung in Graz und Europa.\" \/>\n<meta property=\"og:url\" content=\"https:\/\/tugraztestweb.asol.at\/en\/gesamtverzeichnis\/interdiszipinaeres\/willi-riedler-80\/\" \/>\n<meta property=\"og:site_name\" content=\"Verlag der TU Graz\" \/>\n<meta property=\"article:modified_time\" content=\"2020-08-21T12:55:22+00:00\" \/>\n<meta property=\"og:image\" content=\"https:\/\/tugraztestweb.asol.at\/wp-content\/uploads\/2020\/08\/image-978-3-85125-229-3.jpg\" \/>\n\t<meta property=\"og:image:width\" content=\"568\" \/>\n\t<meta property=\"og:image:height\" content=\"807\" \/>\n<meta name=\"twitter:card\" content=\"summary_large_image\" \/>\n<meta name=\"twitter:label1\" content=\"Est. reading time\">\n\t<meta name=\"twitter:data1\" content=\"1 minute\">\n<script type=\"application\/ld+json\" class=\"yoast-schema-graph\">{\"@context\":\"https:\/\/schema.org\",\"@graph\":[{\"@type\":\"WebSite\",\"@id\":\"https:\/\/tugraztestweb.asol.at\/#website\",\"url\":\"https:\/\/tugraztestweb.asol.at\/\",\"name\":\"Verlag der TU Graz\",\"description\":\"Verlag der Technischen Universit\\u00e4t Graz\",\"potentialAction\":[{\"@type\":\"SearchAction\",\"target\":\"https:\/\/tugraztestweb.asol.at\/?s={search_term_string}\",\"query-input\":\"required name=search_term_string\"}],\"inLanguage\":\"en-US\"},{\"@type\":\"ImageObject\",\"@id\":\"https:\/\/tugraztestweb.asol.at\/en\/gesamtverzeichnis\/interdiszipinaeres\/willi-riedler-80\/#primaryimage\",\"inLanguage\":\"en-US\",\"url\":\"https:\/\/tugraztestweb.asol.at\/wp-content\/uploads\/2020\/08\/image-978-3-85125-229-3.jpg\",\"contentUrl\":\"https:\/\/tugraztestweb.asol.at\/wp-content\/uploads\/2020\/08\/image-978-3-85125-229-3.jpg\",\"width\":568,\"height\":807},{\"@type\":\"WebPage\",\"@id\":\"https:\/\/tugraztestweb.asol.at\/en\/gesamtverzeichnis\/interdiszipinaeres\/willi-riedler-80\/#webpage\",\"url\":\"https:\/\/tugraztestweb.asol.at\/en\/gesamtverzeichnis\/interdiszipinaeres\/willi-riedler-80\/\",\"name\":\"Willi Riedler 80 - Verlag der TU Graz\",\"isPartOf\":{\"@id\":\"https:\/\/tugraztestweb.asol.at\/#website\"},\"primaryImageOfPage\":{\"@id\":\"https:\/\/tugraztestweb.asol.at\/en\/gesamtverzeichnis\/interdiszipinaeres\/willi-riedler-80\/#primaryimage\"},\"datePublished\":\"2020-08-21T12:54:22+00:00\",\"dateModified\":\"2020-08-21T12:55:22+00:00\",\"breadcrumb\":{\"@id\":\"https:\/\/tugraztestweb.asol.at\/en\/gesamtverzeichnis\/interdiszipinaeres\/willi-riedler-80\/#breadcrumb\"},\"inLanguage\":\"en-US\",\"potentialAction\":[{\"@type\":\"ReadAction\",\"target\":[\"https:\/\/tugraztestweb.asol.at\/en\/gesamtverzeichnis\/interdiszipinaeres\/willi-riedler-80\/\"]}]},{\"@type\":\"BreadcrumbList\",\"@id\":\"https:\/\/tugraztestweb.asol.at\/en\/gesamtverzeichnis\/interdiszipinaeres\/willi-riedler-80\/#breadcrumb\",\"itemListElement\":[{\"@type\":\"ListItem\",\"position\":1,\"item\":{\"@type\":\"WebPage\",\"@id\":\"https:\/\/tugraztestweb.asol.at\/\",\"url\":\"https:\/\/tugraztestweb.asol.at\/\",\"name\":\"Home\"}},{\"@type\":\"ListItem\",\"position\":2,\"item\":{\"@type\":\"WebPage\",\"@id\":\"https:\/\/tugraztestweb.asol.at\/gesamtverzeichnis\/\",\"url\":\"https:\/\/tugraztestweb.asol.at\/gesamtverzeichnis\/\",\"name\":\"Gesamtverzeichnis\"}},{\"@type\":\"ListItem\",\"position\":3,\"item\":{\"@type\":\"WebPage\",\"@id\":\"https:\/\/tugraztestweb.asol.at\/en\/gesamtverzeichnis\/interdiszipinaeres\/willi-riedler-80\/\",\"url\":\"https:\/\/tugraztestweb.asol.at\/en\/gesamtverzeichnis\/interdiszipinaeres\/willi-riedler-80\/\",\"name\":\"Willi Riedler 80\"}}]}]}<\/script>\n<!-- \/ Yoast SEO plugin. -->","_links":{"self":[{"href":"https:\/\/tugraztestweb.asol.at\/en\/wp-json\/wp\/v2\/product\/30162"}],"collection":[{"href":"https:\/\/tugraztestweb.asol.at\/en\/wp-json\/wp\/v2\/product"}],"about":[{"href":"https:\/\/tugraztestweb.asol.at\/en\/wp-json\/wp\/v2\/types\/product"}],"replies":[{"embeddable":true,"href":"https:\/\/tugraztestweb.asol.at\/en\/wp-json\/wp\/v2\/comments?post=30162"}],"wp:featuredmedia":[{"embeddable":true,"href":"https:\/\/tugraztestweb.asol.at\/en\/wp-json\/wp\/v2\/media\/39801"}],"wp:attachment":[{"href":"https:\/\/tugraztestweb.asol.at\/en\/wp-json\/wp\/v2\/media?parent=30162"}],"curies":[{"name":"wp","href":"https:\/\/api.w.org\/{rel}","templated":true}]}}