{"id":30164,"date":"2020-08-21T12:54:22","date_gmt":"2020-08-21T12:54:22","guid":{"rendered":"http:\/\/tugraztestweb.asol.at\/gesamtverzeichnis\/unkategorisiert\/wasserbausymposium-2012\/"},"modified":"2020-08-21T14:55:22","modified_gmt":"2020-08-21T12:55:22","slug":"wasserbausymposium-2012","status":"publish","type":"product","link":"https:\/\/tugraztestweb.asol.at\/en\/gesamtverzeichnis\/bauingenieurwissenschaften\/wasserbausymposium-2012\/","title":{"rendered":"Wasserbausymposium 2012"},"content":{"rendered":"<p class=\"qtranxs-available-languages-message qtranxs-available-languages-message-en\">Sorry, this entry is only available in <a href=\"https:\/\/tugraztestweb.asol.at\/de\/wp-json\/wp\/v2\/product\/30164\" class=\"qtranxs-available-language-link qtranxs-available-language-link-de\" title=\"Deutsch\">Deutsch<\/a>.<\/p><p>Vorwort<br \/>\nUnser Wasserbausymposium 2012 folgt der langj\u00e4hrigen Tradition von Veranstaltungen<br \/>\ndieser Reihe und wird in Zusammenarbeit mit dem Lehrstuhl und der Versuchsanstalt f\u00fcr<br \/>\nWasserbau der TU M\u00fcnchen sowie der Versuchsanstalt f\u00fcr Wasserbau, Hydrologie und<br \/>\nGlaziologie an der ETH Z\u00fcrich veranstaltet.<br \/>\nDas diesj\u00e4hrige Motto \u201eGlobal denken \u2013 lokal handeln\u201c steht f\u00fcr unsere Verantwortung mit<br \/>\nWeitblick zu einer nachhaltigen Entwicklung beizutragen. Der Wasserbau setzt im<br \/>\nSpannungsfeld von \u00d6kologie, \u00d6ffentlichkeit und Wirtschaft gro\u00dfe Infrastrukturprojekte um.<br \/>\nIm Symposium werden dazu theoretische und aktuelle, praktische Aspekte auf dem<br \/>\nFachgebiet vorgestellt und diskutiert. Diese Herausforderungen sind hydraulischen<br \/>\nFragestellungen, dem Hochwasserschutz, dem Wasserkraftausbau durch Hoch- und<br \/>\nNiederdruckanlagen, der Wasserwirtschaft, dem Betrieb von Anlagen und \u00f6kologischen<br \/>\nAspekten fachlich zugeordnet.<br \/>\nDie Universit\u00e4t hat auch die Aufgabe Erkenntnisse \u00fcberpr\u00fcfbar, allgemein und frei zug\u00e4nglich<br \/>\nzu kommunizieren. Einen Beitrag dazu leistet dieser Band \u00fcber die Einreichungen zum<br \/>\nSymposium, mit aktuellen Themen des Wasserbaus und l\u00e4ngerfristig angelegten<br \/>\nForschungsschwerpunkten. Ingenieurwissenschaften verbuchen als gro\u00dfen Vorteil,<br \/>\ntheoretische Ans\u00e4tze auch praktisch umsetzen zu d\u00fcrfen \u2013 um somit dem h\u00f6chsten<br \/>\n\u201eReviewing-Prozess\u201c gerecht zu werden. Diesem Aspekt wird durch Projektsberichte<br \/>\nRechnung getragen, damit Erkenntnisse daraus wieder in die Grundlagenarbeit f\u00fcr<br \/>\nForschungsthemen einflie\u00dfen k\u00f6nnen. Die Beitr\u00e4ge in diesem Band sind zu nachfolgenden<br \/>\nSchwerpunktthemen zusammengefasst:<br \/>\n\u2022 Forschung und Lehre<br \/>\n\u2022 Physikalische Modellversuche<br \/>\n\u2022 Numerische Modellierung<br \/>\n\u2022 Aktuelle Projekte.<br \/>\nDie Einreichungen sind wesentliche Grundlagen f\u00fcr dieses Symposium. Neben dem<br \/>\ngedruckten Band sind diese auch \u00fcber Internet verf\u00fcgbar gemacht.<br \/>\nMit dieser Veranstaltung bieten wir Firmen und Institutionen die M\u00f6glichkeit, ihr<br \/>\nLeistungsangebot darzustellen und die Plattform des Symposiums zur pers\u00f6nlichen<br \/>\nKontaktaufnahme zu nutzen. Wir bedanken uns bei den Sponsoren \u2013 insbesondere bei der<br \/>\nArbeitsgemeinschaft Alpine Wasserkraft &#8211; f\u00fcr die Unterst\u00fctzung und hoffen damit auch die<br \/>\ngew\u00fcnschte Breitenwirkung verst\u00e4rken zu k\u00f6nnen.<br \/>\nHerzlichen Dank den Autoren f\u00fcr die zahlreichen Beitragseinreichungen, dem Reviewing-<br \/>\nTeam f\u00fcr die Durchsicht und kritischen Anmerkungen und schlussendlich f\u00fcr die sorgf\u00e4ltige<br \/>\nZusammenstellung des Beitragsbandes. Mein besonderer Dank gilt meinen Mitarbeitern am<br \/>\nInstitut f\u00fcr die Organisation des Symposiums.<br \/>\nViele Anregungen beim Lesen der Beitr\u00e4ge und nachhaltige Kontakte aus dem Symposium<br \/>\nf\u00fcr den beruflichen Alltag, w\u00fcnscht Ihnen<br \/>\nGraz, im September 2012 Gerald Zenz<\/p>","protected":false},"excerpt":{"rendered":"<p class=\"qtranxs-available-languages-message qtranxs-available-languages-message-en\">Sorry, this entry is only available in <a href=\"https:\/\/tugraztestweb.asol.at\/de\/wp-json\/wp\/v2\/product\/30164\" class=\"qtranxs-available-language-link qtranxs-available-language-link-de\" title=\"Deutsch\">Deutsch<\/a>.<\/p>\n<p>Vorwort<br \/>\nUnser Wasserbausymposium 2012 folgt der langj\u00e4hrigen Tradition von Veranstaltungen<br \/>\ndieser Reihe und wird in Zusammenarbeit mit dem Lehrstuhl und der Versuchsanstalt f\u00fcr<br \/>\nWasserbau der TU M\u00fcnchen sowie der Versuchsanstalt f\u00fcr Wasserbau, Hydrologie und<br \/>\nGlaziologie an der ETH Z\u00fcrich veranstaltet.<br \/>\nDas diesj\u00e4hrige Motto \u201eGlobal denken \u2013 lokal handeln\u201c steht f\u00fcr unsere Verantwortung mit<br \/>\nWeitblick zu einer nachhaltigen Entwicklung beizutragen. Der Wasserbau setzt im<br \/>\nSpannungsfeld von \u00d6kologie, \u00d6ffentlichkeit und Wirtschaft gro\u00dfe Infrastrukturprojekte um.<br \/>\nIm Symposium werden dazu theoretische und aktuelle, praktische Aspekte auf dem<br \/>\nFachgebiet vorgestellt und diskutiert. Diese Herausforderungen sind hydraulischen<br \/>\nFragestellungen, dem Hochwasserschutz, dem Wasserkraftausbau durch Hoch- und<br \/>\nNiederdruckanlagen, der Wasserwirtschaft, dem Betrieb von Anlagen und \u00f6kologischen<br \/>\nAspekten fachlich zugeordnet.<br \/>\nDie Universit\u00e4t hat auch die Aufgabe Erkenntnisse \u00fcberpr\u00fcfbar, allgemein und frei zug\u00e4nglich<br \/>\nzu kommunizieren. Einen Beitrag dazu leistet dieser Band \u00fcber die Einreichungen zum<br \/>\nSymposium, mit aktuellen Themen des Wasserbaus und l\u00e4ngerfristig angelegten<br \/>\nForschungsschwerpunkten. Ingenieurwissenschaften verbuchen als gro\u00dfen Vorteil,<br \/>\ntheoretische Ans\u00e4tze auch praktisch umsetzen zu d\u00fcrfen \u2013 um somit dem h\u00f6chsten<br \/>\n\u201eReviewing-Prozess\u201c gerecht zu werden. Diesem Aspekt wird durch Projektsberichte<br \/>\nRechnung getragen, damit Erkenntnisse daraus wieder in die Grundlagenarbeit f\u00fcr<br \/>\nForschungsthemen einflie\u00dfen k\u00f6nnen. Die Beitr\u00e4ge in diesem Band sind zu nachfolgenden<br \/>\nSchwerpunktthemen zusammengefasst:<br \/>\n\u2022 Forschung und Lehre<br \/>\n\u2022 Physikalische Modellversuche<br \/>\n\u2022 Numerische Modellierung<br \/>\n\u2022 Aktuelle Projekte.<br \/>\nDie Einreichungen sind wesentliche Grundlagen f\u00fcr dieses Symposium. Neben dem<br \/>\ngedruckten Band sind diese auch \u00fcber Internet verf\u00fcgbar gemacht.<br \/>\nMit dieser Veranstaltung bieten wir Firmen und Institutionen die M\u00f6glichkeit, ihr<br \/>\nLeistungsangebot darzustellen und die Plattform des Symposiums zur pers\u00f6nlichen<br \/>\nKontaktaufnahme zu nutzen. Wir bedanken uns bei den Sponsoren \u2013 insbesondere bei der<br \/>\nArbeitsgemeinschaft Alpine Wasserkraft &#8211; f\u00fcr die Unterst\u00fctzung und hoffen damit auch die<br \/>\ngew\u00fcnschte Breitenwirkung verst\u00e4rken zu k\u00f6nnen.<br \/>\nHerzlichen Dank den Autoren f\u00fcr die zahlreichen Beitragseinreichungen, dem Reviewing-<br \/>\nTeam f\u00fcr die Durchsicht und kritischen Anmerkungen und schlussendlich f\u00fcr die sorgf\u00e4ltige<br \/>\nZusammenstellung des Beitragsbandes. Mein besonderer Dank gilt meinen Mitarbeitern am<br \/>\nInstitut f\u00fcr die Organisation des Symposiums.<br \/>\nViele Anregungen beim Lesen der Beitr\u00e4ge und nachhaltige Kontakte aus dem Symposium<br \/>\nf\u00fcr den beruflichen Alltag, w\u00fcnscht Ihnen<br \/>\nGraz, im September 2012 Gerald Zenz<\/p>\n","protected":false},"featured_media":39802,"comment_status":"open","ping_status":"closed","template":"","meta":[],"yoast_head":"<!-- This site is optimized with the Yoast SEO plugin v16.1.1 - https:\/\/yoast.com\/wordpress\/plugins\/seo\/ -->\n<link rel=\"canonical\" href=\"https:\/\/tugraztestweb.asol.at\/gesamtverzeichnis\/bauingenieurwissenschaften\/wasserbausymposium-2012\/\" \/>\n<meta property=\"og:locale\" content=\"en_US\" \/>\n<meta property=\"og:type\" content=\"article\" \/>\n<meta property=\"og:title\" content=\"Wasserbausymposium 2012 - Verlag der TU Graz\" \/>\n<meta property=\"og:description\" content=\"Vorwort Unser Wasserbausymposium 2012 folgt der langj\u00e4hrigen Tradition von Veranstaltungen dieser Reihe und wird in Zusammenarbeit mit dem Lehrstuhl und der Versuchsanstalt f\u00fcr Wasserbau der TU M\u00fcnchen sowie der Versuchsanstalt f\u00fcr Wasserbau, Hydrologie und Glaziologie an der ETH Z\u00fcrich veranstaltet. Das diesj\u00e4hrige Motto \u201eGlobal denken \u2013 lokal handeln\u201c steht f\u00fcr unsere Verantwortung mit Weitblick zu einer nachhaltigen Entwicklung beizutragen. Der Wasserbau setzt im Spannungsfeld von \u00d6kologie, \u00d6ffentlichkeit und Wirtschaft gro\u00dfe Infrastrukturprojekte um. Im Symposium werden dazu theoretische und aktuelle, praktische Aspekte auf dem Fachgebiet vorgestellt und diskutiert. Diese Herausforderungen sind hydraulischen Fragestellungen, dem Hochwasserschutz, dem Wasserkraftausbau durch Hoch- und Niederdruckanlagen, der Wasserwirtschaft, dem Betrieb von Anlagen und \u00f6kologischen Aspekten fachlich zugeordnet. Die Universit\u00e4t hat auch die Aufgabe Erkenntnisse \u00fcberpr\u00fcfbar, allgemein und frei zug\u00e4nglich zu kommunizieren. Einen Beitrag dazu leistet dieser Band \u00fcber die Einreichungen zum Symposium, mit aktuellen Themen des Wasserbaus und l\u00e4ngerfristig angelegten Forschungsschwerpunkten. Ingenieurwissenschaften verbuchen als gro\u00dfen Vorteil, theoretische Ans\u00e4tze auch praktisch umsetzen zu d\u00fcrfen \u2013 um somit dem h\u00f6chsten \u201eReviewing-Prozess\u201c gerecht zu werden. Diesem Aspekt wird durch Projektsberichte Rechnung getragen, damit Erkenntnisse daraus wieder in die Grundlagenarbeit f\u00fcr Forschungsthemen einflie\u00dfen k\u00f6nnen. Die Beitr\u00e4ge in diesem Band sind zu nachfolgenden Schwerpunktthemen zusammengefasst: \u2022 Forschung und Lehre \u2022 Physikalische Modellversuche \u2022 Numerische Modellierung \u2022 Aktuelle Projekte. Die Einreichungen sind wesentliche Grundlagen f\u00fcr dieses Symposium. Neben dem gedruckten Band sind diese auch \u00fcber Internet verf\u00fcgbar gemacht. Mit dieser Veranstaltung bieten wir Firmen und Institutionen die M\u00f6glichkeit, ihr Leistungsangebot darzustellen und die Plattform des Symposiums zur pers\u00f6nlichen Kontaktaufnahme zu nutzen. Wir bedanken uns bei den Sponsoren \u2013 insbesondere bei der Arbeitsgemeinschaft Alpine Wasserkraft - f\u00fcr die Unterst\u00fctzung und hoffen damit auch die gew\u00fcnschte Breitenwirkung verst\u00e4rken zu k\u00f6nnen. Herzlichen Dank den Autoren f\u00fcr die zahlreichen Beitragseinreichungen, dem Reviewing- Team f\u00fcr die Durchsicht und kritischen Anmerkungen und schlussendlich f\u00fcr die sorgf\u00e4ltige Zusammenstellung des Beitragsbandes. Mein besonderer Dank gilt meinen Mitarbeitern am Institut f\u00fcr die Organisation des Symposiums. Viele Anregungen beim Lesen der Beitr\u00e4ge und nachhaltige Kontakte aus dem Symposium f\u00fcr den beruflichen Alltag, w\u00fcnscht Ihnen Graz, im September 2012 Gerald Zenz\" \/>\n<meta property=\"og:url\" content=\"https:\/\/tugraztestweb.asol.at\/gesamtverzeichnis\/bauingenieurwissenschaften\/wasserbausymposium-2012\/\" \/>\n<meta property=\"og:site_name\" content=\"Verlag der TU Graz\" \/>\n<meta property=\"article:modified_time\" content=\"2020-08-21T12:55:22+00:00\" \/>\n<meta property=\"og:image\" content=\"https:\/\/tugraztestweb.asol.at\/wp-content\/uploads\/2020\/08\/image-978-3-85125-230-9.jpg\" \/>\n\t<meta property=\"og:image:width\" content=\"549\" \/>\n\t<meta property=\"og:image:height\" content=\"780\" \/>\n<meta name=\"twitter:card\" content=\"summary_large_image\" \/>\n<meta name=\"twitter:label1\" content=\"Est. reading time\">\n\t<meta name=\"twitter:data1\" content=\"2 minutes\">\n<script type=\"application\/ld+json\" class=\"yoast-schema-graph\">{\"@context\":\"https:\/\/schema.org\",\"@graph\":[{\"@type\":\"WebSite\",\"@id\":\"https:\/\/tugraztestweb.asol.at\/#website\",\"url\":\"https:\/\/tugraztestweb.asol.at\/\",\"name\":\"Verlag der TU Graz\",\"description\":\"Verlag der Technischen Universit\\u00e4t Graz\",\"potentialAction\":[{\"@type\":\"SearchAction\",\"target\":\"https:\/\/tugraztestweb.asol.at\/?s={search_term_string}\",\"query-input\":\"required name=search_term_string\"}],\"inLanguage\":\"en-US\"},{\"@type\":\"ImageObject\",\"@id\":\"https:\/\/tugraztestweb.asol.at\/gesamtverzeichnis\/bauingenieurwissenschaften\/wasserbausymposium-2012\/#primaryimage\",\"inLanguage\":\"en-US\",\"url\":\"https:\/\/tugraztestweb.asol.at\/wp-content\/uploads\/2020\/08\/image-978-3-85125-230-9.jpg\",\"contentUrl\":\"https:\/\/tugraztestweb.asol.at\/wp-content\/uploads\/2020\/08\/image-978-3-85125-230-9.jpg\",\"width\":549,\"height\":780},{\"@type\":\"WebPage\",\"@id\":\"https:\/\/tugraztestweb.asol.at\/gesamtverzeichnis\/bauingenieurwissenschaften\/wasserbausymposium-2012\/#webpage\",\"url\":\"https:\/\/tugraztestweb.asol.at\/gesamtverzeichnis\/bauingenieurwissenschaften\/wasserbausymposium-2012\/\",\"name\":\"Wasserbausymposium 2012 - Verlag der TU Graz\",\"isPartOf\":{\"@id\":\"https:\/\/tugraztestweb.asol.at\/#website\"},\"primaryImageOfPage\":{\"@id\":\"https:\/\/tugraztestweb.asol.at\/gesamtverzeichnis\/bauingenieurwissenschaften\/wasserbausymposium-2012\/#primaryimage\"},\"datePublished\":\"2020-08-21T12:54:22+00:00\",\"dateModified\":\"2020-08-21T12:55:22+00:00\",\"breadcrumb\":{\"@id\":\"https:\/\/tugraztestweb.asol.at\/gesamtverzeichnis\/bauingenieurwissenschaften\/wasserbausymposium-2012\/#breadcrumb\"},\"inLanguage\":\"en-US\",\"potentialAction\":[{\"@type\":\"ReadAction\",\"target\":[\"https:\/\/tugraztestweb.asol.at\/gesamtverzeichnis\/bauingenieurwissenschaften\/wasserbausymposium-2012\/\"]}]},{\"@type\":\"BreadcrumbList\",\"@id\":\"https:\/\/tugraztestweb.asol.at\/gesamtverzeichnis\/bauingenieurwissenschaften\/wasserbausymposium-2012\/#breadcrumb\",\"itemListElement\":[{\"@type\":\"ListItem\",\"position\":1,\"item\":{\"@type\":\"WebPage\",\"@id\":\"https:\/\/tugraztestweb.asol.at\/\",\"url\":\"https:\/\/tugraztestweb.asol.at\/\",\"name\":\"Home\"}},{\"@type\":\"ListItem\",\"position\":2,\"item\":{\"@type\":\"WebPage\",\"@id\":\"https:\/\/tugraztestweb.asol.at\/gesamtverzeichnis\/\",\"url\":\"https:\/\/tugraztestweb.asol.at\/gesamtverzeichnis\/\",\"name\":\"Gesamtverzeichnis\"}},{\"@type\":\"ListItem\",\"position\":3,\"item\":{\"@type\":\"WebPage\",\"@id\":\"https:\/\/tugraztestweb.asol.at\/gesamtverzeichnis\/bauingenieurwissenschaften\/wasserbausymposium-2012\/\",\"url\":\"https:\/\/tugraztestweb.asol.at\/gesamtverzeichnis\/bauingenieurwissenschaften\/wasserbausymposium-2012\/\",\"name\":\"Wasserbausymposium 2012\"}}]}]}<\/script>\n<!-- \/ Yoast SEO plugin. -->","_links":{"self":[{"href":"https:\/\/tugraztestweb.asol.at\/en\/wp-json\/wp\/v2\/product\/30164"}],"collection":[{"href":"https:\/\/tugraztestweb.asol.at\/en\/wp-json\/wp\/v2\/product"}],"about":[{"href":"https:\/\/tugraztestweb.asol.at\/en\/wp-json\/wp\/v2\/types\/product"}],"replies":[{"embeddable":true,"href":"https:\/\/tugraztestweb.asol.at\/en\/wp-json\/wp\/v2\/comments?post=30164"}],"wp:featuredmedia":[{"embeddable":true,"href":"https:\/\/tugraztestweb.asol.at\/en\/wp-json\/wp\/v2\/media\/39802"}],"wp:attachment":[{"href":"https:\/\/tugraztestweb.asol.at\/en\/wp-json\/wp\/v2\/media?parent=30164"}],"curies":[{"name":"wp","href":"https:\/\/api.w.org\/{rel}","templated":true}]}}