{"id":30171,"date":"2020-08-21T12:54:22","date_gmt":"2020-08-21T12:54:22","guid":{"rendered":"http:\/\/tugraztestweb.asol.at\/gesamtverzeichnis\/unkategorisiert\/leistungsbilder-der-hoai-2009-20xx-13\/"},"modified":"2020-08-21T14:55:23","modified_gmt":"2020-08-21T12:55:23","slug":"leistungsbilder-der-hoai-2009-20xx-13","status":"publish","type":"product","link":"https:\/\/tugraztestweb.asol.at\/en\/gesamtverzeichnis\/bauingenieurwissenschaften\/leistungsbilder-der-hoai-2009-20xx-13\/","title":{"rendered":"Leistungsbilder der HOAI 2009-20xx 13"},"content":{"rendered":"<p class=\"qtranxs-available-languages-message qtranxs-available-languages-message-en\">Sorry, this entry is only available in <a href=\"https:\/\/tugraztestweb.asol.at\/de\/wp-json\/wp\/v2\/product\/30171\" class=\"qtranxs-available-language-link qtranxs-available-language-link-de\" title=\"Deutsch\">Deutsch<\/a>.<\/p><p>Leistungsbilder der HOAI 2009-20xx f\u00fcr Objekt- und Fachplanungen<br \/>\nIn einer umfassenden Evaluierung wurden die Leistungsbilder der HOAI evaluiert, neu konzipiert, \u00fcberarbeitet. Diese sind in einem fast 400-seitigen Bericht beim BBR als Download verf\u00fcgbar.<br \/>\nDie Kurzfassung zeigt die Vorschl\u00e4ge des BMVBS f\u00fcr die neuen Leistungsbilder zu den Objekt- und Fachplanungen im Zusammenhang der Leistungsphasen, um die Systematik des Arbeitens und der Zusammenarbeit im Projekt deutlicher herauszustellen.<br \/>\nMit dieser Darstellung wird die Ergebnisorientierung jeder Leistungsphase und die Interaktion der Planungsbeteiligten greifbar.<br \/>\nEine wichtige Sicht &#8211; vor allem f\u00fcr Generalplaner<\/p>","protected":false},"excerpt":{"rendered":"<p class=\"qtranxs-available-languages-message qtranxs-available-languages-message-en\">Sorry, this entry is only available in <a href=\"https:\/\/tugraztestweb.asol.at\/de\/wp-json\/wp\/v2\/product\/30171\" class=\"qtranxs-available-language-link qtranxs-available-language-link-de\" title=\"Deutsch\">Deutsch<\/a>.<\/p>\n<p>Leistungsbilder der HOAI 2009-20xx f\u00fcr Objekt- und Fachplanungen<br \/>\nIn einer umfassenden Evaluierung wurden die Leistungsbilder der HOAI evaluiert, neu konzipiert, \u00fcberarbeitet. Diese sind in einem fast 400-seitigen Bericht beim BBR als Download verf\u00fcgbar.<br \/>\nDie Kurzfassung zeigt die Vorschl\u00e4ge des BMVBS f\u00fcr die neuen Leistungsbilder zu den Objekt- und Fachplanungen im Zusammenhang der Leistungsphasen, um die Systematik des Arbeitens und der Zusammenarbeit im Projekt deutlicher herauszustellen.<br \/>\nMit dieser Darstellung wird die Ergebnisorientierung jeder Leistungsphase und die Interaktion der Planungsbeteiligten greifbar.<br \/>\nEine wichtige Sicht &#8211; vor allem f\u00fcr Generalplaner<\/p>\n","protected":false},"featured_media":39806,"comment_status":"open","ping_status":"closed","template":"","meta":[],"yoast_head":"<!-- This site is optimized with the Yoast SEO plugin v16.1.1 - https:\/\/yoast.com\/wordpress\/plugins\/seo\/ -->\n<link rel=\"canonical\" href=\"https:\/\/tugraztestweb.asol.at\/gesamtverzeichnis\/bauingenieurwissenschaften\/leistungsbilder-der-hoai-2009-20xx-13\/\" \/>\n<meta property=\"og:locale\" content=\"en_US\" \/>\n<meta property=\"og:type\" content=\"article\" \/>\n<meta property=\"og:title\" content=\"Leistungsbilder der HOAI 2009-20xx 13 - Verlag der TU Graz\" \/>\n<meta property=\"og:description\" content=\"Leistungsbilder der HOAI 2009-20xx f\u00fcr Objekt- und Fachplanungen In einer umfassenden Evaluierung wurden die Leistungsbilder der HOAI evaluiert, neu konzipiert, \u00fcberarbeitet. Diese sind in einem fast 400-seitigen Bericht beim BBR als Download verf\u00fcgbar. Die Kurzfassung zeigt die Vorschl\u00e4ge des BMVBS f\u00fcr die neuen Leistungsbilder zu den Objekt- und Fachplanungen im Zusammenhang der Leistungsphasen, um die Systematik des Arbeitens und der Zusammenarbeit im Projekt deutlicher herauszustellen. Mit dieser Darstellung wird die Ergebnisorientierung jeder Leistungsphase und die Interaktion der Planungsbeteiligten greifbar. Eine wichtige Sicht - vor allem f\u00fcr Generalplaner\" \/>\n<meta property=\"og:url\" content=\"https:\/\/tugraztestweb.asol.at\/gesamtverzeichnis\/bauingenieurwissenschaften\/leistungsbilder-der-hoai-2009-20xx-13\/\" \/>\n<meta property=\"og:site_name\" content=\"Verlag der TU Graz\" \/>\n<meta property=\"article:modified_time\" content=\"2020-08-21T12:55:23+00:00\" \/>\n<meta property=\"og:image\" content=\"https:\/\/tugraztestweb.asol.at\/wp-content\/uploads\/2020\/08\/image-978-3-85125-199-9.jpg\" \/>\n\t<meta property=\"og:image:width\" content=\"631\" \/>\n\t<meta property=\"og:image:height\" content=\"894\" \/>\n<meta name=\"twitter:card\" content=\"summary_large_image\" \/>\n<script type=\"application\/ld+json\" class=\"yoast-schema-graph\">{\"@context\":\"https:\/\/schema.org\",\"@graph\":[{\"@type\":\"WebSite\",\"@id\":\"https:\/\/tugraztestweb.asol.at\/#website\",\"url\":\"https:\/\/tugraztestweb.asol.at\/\",\"name\":\"Verlag der TU Graz\",\"description\":\"Verlag der Technischen Universit\\u00e4t Graz\",\"potentialAction\":[{\"@type\":\"SearchAction\",\"target\":\"https:\/\/tugraztestweb.asol.at\/?s={search_term_string}\",\"query-input\":\"required name=search_term_string\"}],\"inLanguage\":\"en-US\"},{\"@type\":\"ImageObject\",\"@id\":\"https:\/\/tugraztestweb.asol.at\/gesamtverzeichnis\/bauingenieurwissenschaften\/leistungsbilder-der-hoai-2009-20xx-13\/#primaryimage\",\"inLanguage\":\"en-US\",\"url\":\"https:\/\/tugraztestweb.asol.at\/wp-content\/uploads\/2020\/08\/image-978-3-85125-199-9.jpg\",\"contentUrl\":\"https:\/\/tugraztestweb.asol.at\/wp-content\/uploads\/2020\/08\/image-978-3-85125-199-9.jpg\",\"width\":631,\"height\":894},{\"@type\":\"WebPage\",\"@id\":\"https:\/\/tugraztestweb.asol.at\/gesamtverzeichnis\/bauingenieurwissenschaften\/leistungsbilder-der-hoai-2009-20xx-13\/#webpage\",\"url\":\"https:\/\/tugraztestweb.asol.at\/gesamtverzeichnis\/bauingenieurwissenschaften\/leistungsbilder-der-hoai-2009-20xx-13\/\",\"name\":\"Leistungsbilder der HOAI 2009-20xx 13 - Verlag der TU Graz\",\"isPartOf\":{\"@id\":\"https:\/\/tugraztestweb.asol.at\/#website\"},\"primaryImageOfPage\":{\"@id\":\"https:\/\/tugraztestweb.asol.at\/gesamtverzeichnis\/bauingenieurwissenschaften\/leistungsbilder-der-hoai-2009-20xx-13\/#primaryimage\"},\"datePublished\":\"2020-08-21T12:54:22+00:00\",\"dateModified\":\"2020-08-21T12:55:23+00:00\",\"breadcrumb\":{\"@id\":\"https:\/\/tugraztestweb.asol.at\/gesamtverzeichnis\/bauingenieurwissenschaften\/leistungsbilder-der-hoai-2009-20xx-13\/#breadcrumb\"},\"inLanguage\":\"en-US\",\"potentialAction\":[{\"@type\":\"ReadAction\",\"target\":[\"https:\/\/tugraztestweb.asol.at\/gesamtverzeichnis\/bauingenieurwissenschaften\/leistungsbilder-der-hoai-2009-20xx-13\/\"]}]},{\"@type\":\"BreadcrumbList\",\"@id\":\"https:\/\/tugraztestweb.asol.at\/gesamtverzeichnis\/bauingenieurwissenschaften\/leistungsbilder-der-hoai-2009-20xx-13\/#breadcrumb\",\"itemListElement\":[{\"@type\":\"ListItem\",\"position\":1,\"item\":{\"@type\":\"WebPage\",\"@id\":\"https:\/\/tugraztestweb.asol.at\/\",\"url\":\"https:\/\/tugraztestweb.asol.at\/\",\"name\":\"Home\"}},{\"@type\":\"ListItem\",\"position\":2,\"item\":{\"@type\":\"WebPage\",\"@id\":\"https:\/\/tugraztestweb.asol.at\/gesamtverzeichnis\/\",\"url\":\"https:\/\/tugraztestweb.asol.at\/gesamtverzeichnis\/\",\"name\":\"Gesamtverzeichnis\"}},{\"@type\":\"ListItem\",\"position\":3,\"item\":{\"@type\":\"WebPage\",\"@id\":\"https:\/\/tugraztestweb.asol.at\/gesamtverzeichnis\/bauingenieurwissenschaften\/leistungsbilder-der-hoai-2009-20xx-13\/\",\"url\":\"https:\/\/tugraztestweb.asol.at\/gesamtverzeichnis\/bauingenieurwissenschaften\/leistungsbilder-der-hoai-2009-20xx-13\/\",\"name\":\"Leistungsbilder der HOAI 2009-20xx 13\"}}]}]}<\/script>\n<!-- \/ Yoast SEO plugin. -->","_links":{"self":[{"href":"https:\/\/tugraztestweb.asol.at\/en\/wp-json\/wp\/v2\/product\/30171"}],"collection":[{"href":"https:\/\/tugraztestweb.asol.at\/en\/wp-json\/wp\/v2\/product"}],"about":[{"href":"https:\/\/tugraztestweb.asol.at\/en\/wp-json\/wp\/v2\/types\/product"}],"replies":[{"embeddable":true,"href":"https:\/\/tugraztestweb.asol.at\/en\/wp-json\/wp\/v2\/comments?post=30171"}],"wp:featuredmedia":[{"embeddable":true,"href":"https:\/\/tugraztestweb.asol.at\/en\/wp-json\/wp\/v2\/media\/39806"}],"wp:attachment":[{"href":"https:\/\/tugraztestweb.asol.at\/en\/wp-json\/wp\/v2\/media?parent=30171"}],"curies":[{"name":"wp","href":"https:\/\/api.w.org\/{rel}","templated":true}]}}