{"id":30173,"date":"2020-08-21T12:54:25","date_gmt":"2020-08-21T12:54:25","guid":{"rendered":"http:\/\/tugraztestweb.asol.at\/gesamtverzeichnis\/unkategorisiert\/wie-sie-mit-sicherheit-ihr-projekt-versenken-oder-auch-nicht\/"},"modified":"2020-08-21T14:55:25","modified_gmt":"2020-08-21T12:55:25","slug":"wie-sie-mit-sicherheit-ihr-projekt-versenken-oder-auch-nicht","status":"publish","type":"product","link":"https:\/\/tugraztestweb.asol.at\/en\/gesamtverzeichnis\/bauingenieurwissenschaften\/wie-sie-mit-sicherheit-ihr-projekt-versenken-oder-auch-nicht\/","title":{"rendered":"Wie Sie mit Sicherheit Ihr Projekt versenken, oder auch nicht"},"content":{"rendered":"<p class=\"qtranxs-available-languages-message qtranxs-available-languages-message-en\">Sorry, this entry is only available in <a href=\"https:\/\/tugraztestweb.asol.at\/de\/wp-json\/wp\/v2\/product\/30173\" class=\"qtranxs-available-language-link qtranxs-available-language-link-de\" title=\"Deutsch\">Deutsch<\/a>.<\/p><p>Elbphilharmonie, Stuttgart 21 und Flughafen Berlin wurden zum Synonym f\u00fcr gestrandete Projekte, viele wenig hilfreiche und wenige brauchbare Kommentare wurden dazu publiziert. <\/p>\n<p>Projekte sind sozio-\u00f6konomische Unternehmen, die aus einer Vielzahl vorhersehbarer und nicht vorhersehbarer Umst\u00e4nde scheitern k\u00f6nnen (K.Eschenbruch) und das gelegentlich auch tun. <\/p>\n<p>Dieser Band soll den Blick auf das Projekt ver\u00e4ndern, in dem er Aspekte benennt, was zu tun ist, um ein Projekt garantiert scheitern zu lassen. Vielleicht bietet gerade der &#8220;subversive&#8221; Blick von der anderen Seite das erforderliche Ma\u00df an Reflexion, das notwendig ist, um beim eigenen Projekt noch rechtzeitig das Steuer herumzurei\u00dfen. <\/p>\n<p>Nat\u00fcrlich kommt auch ein solcher Blick nicht ohne konkrete Ma\u00dfnahmen und Vorschl\u00e4ge aus mit denen man es auch besser machen k\u00f6nnte.<br \/>\n\u2022\tParadoxa sind ein gutes Werkzeug, um eindr\u00fcckliche Situationen zu beschreiben<br \/>\n\u2022\tdennoch eine Anleitung zum &#8220;Besser Machen&#8221;<br \/>\n\u2022\tFrequently Asked Questions [FAQ] zur Arbeit in Bauprojekten<\/p>","protected":false},"excerpt":{"rendered":"<p class=\"qtranxs-available-languages-message qtranxs-available-languages-message-en\">Sorry, this entry is only available in <a href=\"https:\/\/tugraztestweb.asol.at\/de\/wp-json\/wp\/v2\/product\/30173\" class=\"qtranxs-available-language-link qtranxs-available-language-link-de\" title=\"Deutsch\">Deutsch<\/a>.<\/p>\n<p>Elbphilharmonie, Stuttgart 21 und Flughafen Berlin wurden zum Synonym f\u00fcr gestrandete Projekte, viele wenig hilfreiche und wenige brauchbare Kommentare wurden dazu publiziert. <\/p>\n<p>Projekte sind sozio-\u00f6konomische Unternehmen, die aus einer Vielzahl vorhersehbarer und nicht vorhersehbarer Umst\u00e4nde scheitern k\u00f6nnen (K.Eschenbruch) und das gelegentlich auch tun. <\/p>\n<p>Dieser Band soll den Blick auf das Projekt ver\u00e4ndern, in dem er Aspekte benennt, was zu tun ist, um ein Projekt garantiert scheitern zu lassen. Vielleicht bietet gerade der &#8220;subversive&#8221; Blick von der anderen Seite das erforderliche Ma\u00df an Reflexion, das notwendig ist, um beim eigenen Projekt noch rechtzeitig das Steuer herumzurei\u00dfen. <\/p>\n<p>Nat\u00fcrlich kommt auch ein solcher Blick nicht ohne konkrete Ma\u00dfnahmen und Vorschl\u00e4ge aus mit denen man es auch besser machen k\u00f6nnte.<br \/>\n\u2022\tParadoxa sind ein gutes Werkzeug, um eindr\u00fcckliche Situationen zu beschreiben<br \/>\n\u2022\tdennoch eine Anleitung zum &#8220;Besser Machen&#8221;<br \/>\n\u2022\tFrequently Asked Questions [FAQ] zur Arbeit in Bauprojekten<\/p>\n","protected":false},"featured_media":39807,"comment_status":"open","ping_status":"closed","template":"","meta":[],"yoast_head":"<!-- This site is optimized with the Yoast SEO plugin v16.1.1 - https:\/\/yoast.com\/wordpress\/plugins\/seo\/ -->\n<link rel=\"canonical\" href=\"https:\/\/tugraztestweb.asol.at\/en\/gesamtverzeichnis\/bauingenieurwissenschaften\/wie-sie-mit-sicherheit-ihr-projekt-versenken-oder-auch-nicht\/\" \/>\n<meta property=\"og:locale\" content=\"en_US\" \/>\n<meta property=\"og:type\" content=\"article\" \/>\n<meta property=\"og:title\" content=\"Wie Sie mit Sicherheit Ihr Projekt versenken, oder auch nicht - Verlag der TU Graz\" \/>\n<meta property=\"og:description\" content=\"Elbphilharmonie, Stuttgart 21 und Flughafen Berlin wurden zum Synonym f\u00fcr gestrandete Projekte, viele wenig hilfreiche und wenige brauchbare Kommentare wurden dazu publiziert.  Projekte sind sozio-\u00f6konomische Unternehmen, die aus einer Vielzahl vorhersehbarer und nicht vorhersehbarer Umst\u00e4nde scheitern k\u00f6nnen (K.Eschenbruch) und das gelegentlich auch tun.  Dieser Band soll den Blick auf das Projekt ver\u00e4ndern, in dem er Aspekte benennt, was zu tun ist, um ein Projekt garantiert scheitern zu lassen. Vielleicht bietet gerade der &quot;subversive&quot; Blick von der anderen Seite das erforderliche Ma\u00df an Reflexion, das notwendig ist, um beim eigenen Projekt noch rechtzeitig das Steuer herumzurei\u00dfen.  Nat\u00fcrlich kommt auch ein solcher Blick nicht ohne konkrete Ma\u00dfnahmen und Vorschl\u00e4ge aus mit denen man es auch besser machen k\u00f6nnte. \u2022 Paradoxa sind ein gutes Werkzeug, um eindr\u00fcckliche Situationen zu beschreiben \u2022 dennoch eine Anleitung zum &quot;Besser Machen&quot; \u2022 Frequently Asked Questions [FAQ] zur Arbeit in Bauprojekten\" \/>\n<meta property=\"og:url\" content=\"https:\/\/tugraztestweb.asol.at\/en\/gesamtverzeichnis\/bauingenieurwissenschaften\/wie-sie-mit-sicherheit-ihr-projekt-versenken-oder-auch-nicht\/\" \/>\n<meta property=\"og:site_name\" content=\"Verlag der TU Graz\" \/>\n<meta property=\"article:modified_time\" content=\"2020-08-21T12:55:25+00:00\" \/>\n<meta property=\"og:image\" content=\"https:\/\/tugraztestweb.asol.at\/wp-content\/uploads\/2020\/08\/image-978-3-85125-198-2.jpg\" \/>\n\t<meta property=\"og:image:width\" content=\"542\" \/>\n\t<meta property=\"og:image:height\" content=\"768\" \/>\n<meta name=\"twitter:card\" content=\"summary_large_image\" \/>\n<meta name=\"twitter:label1\" content=\"Est. reading time\">\n\t<meta name=\"twitter:data1\" content=\"1 minute\">\n<script type=\"application\/ld+json\" class=\"yoast-schema-graph\">{\"@context\":\"https:\/\/schema.org\",\"@graph\":[{\"@type\":\"WebSite\",\"@id\":\"https:\/\/tugraztestweb.asol.at\/#website\",\"url\":\"https:\/\/tugraztestweb.asol.at\/\",\"name\":\"Verlag der TU Graz\",\"description\":\"Verlag der Technischen Universit\\u00e4t Graz\",\"potentialAction\":[{\"@type\":\"SearchAction\",\"target\":\"https:\/\/tugraztestweb.asol.at\/?s={search_term_string}\",\"query-input\":\"required name=search_term_string\"}],\"inLanguage\":\"en-US\"},{\"@type\":\"ImageObject\",\"@id\":\"https:\/\/tugraztestweb.asol.at\/en\/gesamtverzeichnis\/bauingenieurwissenschaften\/wie-sie-mit-sicherheit-ihr-projekt-versenken-oder-auch-nicht\/#primaryimage\",\"inLanguage\":\"en-US\",\"url\":\"https:\/\/tugraztestweb.asol.at\/wp-content\/uploads\/2020\/08\/image-978-3-85125-198-2.jpg\",\"contentUrl\":\"https:\/\/tugraztestweb.asol.at\/wp-content\/uploads\/2020\/08\/image-978-3-85125-198-2.jpg\",\"width\":542,\"height\":768},{\"@type\":\"WebPage\",\"@id\":\"https:\/\/tugraztestweb.asol.at\/en\/gesamtverzeichnis\/bauingenieurwissenschaften\/wie-sie-mit-sicherheit-ihr-projekt-versenken-oder-auch-nicht\/#webpage\",\"url\":\"https:\/\/tugraztestweb.asol.at\/en\/gesamtverzeichnis\/bauingenieurwissenschaften\/wie-sie-mit-sicherheit-ihr-projekt-versenken-oder-auch-nicht\/\",\"name\":\"Wie Sie mit Sicherheit Ihr Projekt versenken, oder auch nicht - Verlag der TU Graz\",\"isPartOf\":{\"@id\":\"https:\/\/tugraztestweb.asol.at\/#website\"},\"primaryImageOfPage\":{\"@id\":\"https:\/\/tugraztestweb.asol.at\/en\/gesamtverzeichnis\/bauingenieurwissenschaften\/wie-sie-mit-sicherheit-ihr-projekt-versenken-oder-auch-nicht\/#primaryimage\"},\"datePublished\":\"2020-08-21T12:54:25+00:00\",\"dateModified\":\"2020-08-21T12:55:25+00:00\",\"breadcrumb\":{\"@id\":\"https:\/\/tugraztestweb.asol.at\/en\/gesamtverzeichnis\/bauingenieurwissenschaften\/wie-sie-mit-sicherheit-ihr-projekt-versenken-oder-auch-nicht\/#breadcrumb\"},\"inLanguage\":\"en-US\",\"potentialAction\":[{\"@type\":\"ReadAction\",\"target\":[\"https:\/\/tugraztestweb.asol.at\/en\/gesamtverzeichnis\/bauingenieurwissenschaften\/wie-sie-mit-sicherheit-ihr-projekt-versenken-oder-auch-nicht\/\"]}]},{\"@type\":\"BreadcrumbList\",\"@id\":\"https:\/\/tugraztestweb.asol.at\/en\/gesamtverzeichnis\/bauingenieurwissenschaften\/wie-sie-mit-sicherheit-ihr-projekt-versenken-oder-auch-nicht\/#breadcrumb\",\"itemListElement\":[{\"@type\":\"ListItem\",\"position\":1,\"item\":{\"@type\":\"WebPage\",\"@id\":\"https:\/\/tugraztestweb.asol.at\/\",\"url\":\"https:\/\/tugraztestweb.asol.at\/\",\"name\":\"Home\"}},{\"@type\":\"ListItem\",\"position\":2,\"item\":{\"@type\":\"WebPage\",\"@id\":\"https:\/\/tugraztestweb.asol.at\/gesamtverzeichnis\/\",\"url\":\"https:\/\/tugraztestweb.asol.at\/gesamtverzeichnis\/\",\"name\":\"Gesamtverzeichnis\"}},{\"@type\":\"ListItem\",\"position\":3,\"item\":{\"@type\":\"WebPage\",\"@id\":\"https:\/\/tugraztestweb.asol.at\/en\/gesamtverzeichnis\/bauingenieurwissenschaften\/wie-sie-mit-sicherheit-ihr-projekt-versenken-oder-auch-nicht\/\",\"url\":\"https:\/\/tugraztestweb.asol.at\/en\/gesamtverzeichnis\/bauingenieurwissenschaften\/wie-sie-mit-sicherheit-ihr-projekt-versenken-oder-auch-nicht\/\",\"name\":\"Wie Sie mit Sicherheit Ihr Projekt versenken, oder auch nicht\"}}]}]}<\/script>\n<!-- \/ Yoast SEO plugin. -->","_links":{"self":[{"href":"https:\/\/tugraztestweb.asol.at\/en\/wp-json\/wp\/v2\/product\/30173"}],"collection":[{"href":"https:\/\/tugraztestweb.asol.at\/en\/wp-json\/wp\/v2\/product"}],"about":[{"href":"https:\/\/tugraztestweb.asol.at\/en\/wp-json\/wp\/v2\/types\/product"}],"replies":[{"embeddable":true,"href":"https:\/\/tugraztestweb.asol.at\/en\/wp-json\/wp\/v2\/comments?post=30173"}],"wp:featuredmedia":[{"embeddable":true,"href":"https:\/\/tugraztestweb.asol.at\/en\/wp-json\/wp\/v2\/media\/39807"}],"wp:attachment":[{"href":"https:\/\/tugraztestweb.asol.at\/en\/wp-json\/wp\/v2\/media?parent=30173"}],"curies":[{"name":"wp","href":"https:\/\/api.w.org\/{rel}","templated":true}]}}