{"id":30175,"date":"2020-08-21T12:54:25","date_gmt":"2020-08-21T12:54:25","guid":{"rendered":"http:\/\/tugraztestweb.asol.at\/gesamtverzeichnis\/unkategorisiert\/allgemeine-regelungen-fuer-planervertraege\/"},"modified":"2020-08-21T14:55:25","modified_gmt":"2020-08-21T12:55:25","slug":"allgemeine-regelungen-fuer-planervertraege","status":"publish","type":"product","link":"https:\/\/tugraztestweb.asol.at\/en\/gesamtverzeichnis\/bauingenieurwissenschaften\/allgemeine-regelungen-fuer-planervertraege\/","title":{"rendered":"Allgemeine Regelungen f\u00fcr Planervertr\u00e4ge"},"content":{"rendered":"<p class=\"qtranxs-available-languages-message qtranxs-available-languages-message-en\">Sorry, this entry is only available in <a href=\"https:\/\/tugraztestweb.asol.at\/de\/wp-json\/wp\/v2\/product\/30175\" class=\"qtranxs-available-language-link qtranxs-available-language-link-de\" title=\"Deutsch\">Deutsch<\/a>.<\/p><p>Anwendungsbereich &#8211; Begriffsbestimmungen &#8211; Bemessungsgrundlagen &#8211; Stundens\u00e4tze &#8211; Vertragsbestimmungen<br \/>\nLeistungsbilder und Verg\u00fctungsregeln wurden f\u00fcr Ziviltechnikerleistungen als Modul 1 und 2 publiziert. Die Allgemeinen Vorschriften und Regeln f\u00fcr Planervertr\u00e4ge sind nunmehr im Modul \u201e0\u201c zusammengefasst. Sie gelten f\u00fcr alle  Ziviltechniker und Beratungsleistungen, gehen im Teil 2 auf die notwendige Mindestregeln f\u00fcr Bauplanungs- und Bauaufsichtsvertr\u00e4ge ein.<\/p>","protected":false},"excerpt":{"rendered":"<p class=\"qtranxs-available-languages-message qtranxs-available-languages-message-en\">Sorry, this entry is only available in <a href=\"https:\/\/tugraztestweb.asol.at\/de\/wp-json\/wp\/v2\/product\/30175\" class=\"qtranxs-available-language-link qtranxs-available-language-link-de\" title=\"Deutsch\">Deutsch<\/a>.<\/p>\n<p>Anwendungsbereich &#8211; Begriffsbestimmungen &#8211; Bemessungsgrundlagen &#8211; Stundens\u00e4tze &#8211; Vertragsbestimmungen<br \/>\nLeistungsbilder und Verg\u00fctungsregeln wurden f\u00fcr Ziviltechnikerleistungen als Modul 1 und 2 publiziert. Die Allgemeinen Vorschriften und Regeln f\u00fcr Planervertr\u00e4ge sind nunmehr im Modul \u201e0\u201c zusammengefasst. Sie gelten f\u00fcr alle  Ziviltechniker und Beratungsleistungen, gehen im Teil 2 auf die notwendige Mindestregeln f\u00fcr Bauplanungs- und Bauaufsichtsvertr\u00e4ge ein.<\/p>\n","protected":false},"featured_media":39808,"comment_status":"open","ping_status":"closed","template":"","meta":[],"yoast_head":"<!-- This site is optimized with the Yoast SEO plugin v16.1.1 - https:\/\/yoast.com\/wordpress\/plugins\/seo\/ -->\n<link rel=\"canonical\" href=\"https:\/\/tugraztestweb.asol.at\/gesamtverzeichnis\/bauingenieurwissenschaften\/allgemeine-regelungen-fuer-planervertraege\/\" \/>\n<meta property=\"og:locale\" content=\"en_US\" \/>\n<meta property=\"og:type\" content=\"article\" \/>\n<meta property=\"og:title\" content=\"Allgemeine Regelungen f\u00fcr Planervertr\u00e4ge - Verlag der TU Graz\" \/>\n<meta property=\"og:description\" content=\"Anwendungsbereich - Begriffsbestimmungen - Bemessungsgrundlagen - Stundens\u00e4tze - Vertragsbestimmungen Leistungsbilder und Verg\u00fctungsregeln wurden f\u00fcr Ziviltechnikerleistungen als Modul 1 und 2 publiziert. Die Allgemeinen Vorschriften und Regeln f\u00fcr Planervertr\u00e4ge sind nunmehr im Modul \u201e0\u201c zusammengefasst. Sie gelten f\u00fcr alle Ziviltechniker und Beratungsleistungen, gehen im Teil 2 auf die notwendige Mindestregeln f\u00fcr Bauplanungs- und Bauaufsichtsvertr\u00e4ge ein.\" \/>\n<meta property=\"og:url\" content=\"https:\/\/tugraztestweb.asol.at\/gesamtverzeichnis\/bauingenieurwissenschaften\/allgemeine-regelungen-fuer-planervertraege\/\" \/>\n<meta property=\"og:site_name\" content=\"Verlag der TU Graz\" \/>\n<meta property=\"article:modified_time\" content=\"2020-08-21T12:55:25+00:00\" \/>\n<meta property=\"og:image\" content=\"https:\/\/tugraztestweb.asol.at\/wp-content\/uploads\/2020\/08\/image-978-3-85125-197-5.jpg\" \/>\n\t<meta property=\"og:image:width\" content=\"633\" \/>\n\t<meta property=\"og:image:height\" content=\"896\" \/>\n<meta name=\"twitter:card\" content=\"summary_large_image\" \/>\n<script type=\"application\/ld+json\" class=\"yoast-schema-graph\">{\"@context\":\"https:\/\/schema.org\",\"@graph\":[{\"@type\":\"WebSite\",\"@id\":\"https:\/\/tugraztestweb.asol.at\/#website\",\"url\":\"https:\/\/tugraztestweb.asol.at\/\",\"name\":\"Verlag der TU Graz\",\"description\":\"Verlag der Technischen Universit\\u00e4t Graz\",\"potentialAction\":[{\"@type\":\"SearchAction\",\"target\":\"https:\/\/tugraztestweb.asol.at\/?s={search_term_string}\",\"query-input\":\"required name=search_term_string\"}],\"inLanguage\":\"en-US\"},{\"@type\":\"ImageObject\",\"@id\":\"https:\/\/tugraztestweb.asol.at\/gesamtverzeichnis\/bauingenieurwissenschaften\/allgemeine-regelungen-fuer-planervertraege\/#primaryimage\",\"inLanguage\":\"en-US\",\"url\":\"https:\/\/tugraztestweb.asol.at\/wp-content\/uploads\/2020\/08\/image-978-3-85125-197-5.jpg\",\"contentUrl\":\"https:\/\/tugraztestweb.asol.at\/wp-content\/uploads\/2020\/08\/image-978-3-85125-197-5.jpg\",\"width\":633,\"height\":896},{\"@type\":\"WebPage\",\"@id\":\"https:\/\/tugraztestweb.asol.at\/gesamtverzeichnis\/bauingenieurwissenschaften\/allgemeine-regelungen-fuer-planervertraege\/#webpage\",\"url\":\"https:\/\/tugraztestweb.asol.at\/gesamtverzeichnis\/bauingenieurwissenschaften\/allgemeine-regelungen-fuer-planervertraege\/\",\"name\":\"Allgemeine Regelungen f\\u00fcr Planervertr\\u00e4ge - Verlag der TU Graz\",\"isPartOf\":{\"@id\":\"https:\/\/tugraztestweb.asol.at\/#website\"},\"primaryImageOfPage\":{\"@id\":\"https:\/\/tugraztestweb.asol.at\/gesamtverzeichnis\/bauingenieurwissenschaften\/allgemeine-regelungen-fuer-planervertraege\/#primaryimage\"},\"datePublished\":\"2020-08-21T12:54:25+00:00\",\"dateModified\":\"2020-08-21T12:55:25+00:00\",\"breadcrumb\":{\"@id\":\"https:\/\/tugraztestweb.asol.at\/gesamtverzeichnis\/bauingenieurwissenschaften\/allgemeine-regelungen-fuer-planervertraege\/#breadcrumb\"},\"inLanguage\":\"en-US\",\"potentialAction\":[{\"@type\":\"ReadAction\",\"target\":[\"https:\/\/tugraztestweb.asol.at\/gesamtverzeichnis\/bauingenieurwissenschaften\/allgemeine-regelungen-fuer-planervertraege\/\"]}]},{\"@type\":\"BreadcrumbList\",\"@id\":\"https:\/\/tugraztestweb.asol.at\/gesamtverzeichnis\/bauingenieurwissenschaften\/allgemeine-regelungen-fuer-planervertraege\/#breadcrumb\",\"itemListElement\":[{\"@type\":\"ListItem\",\"position\":1,\"item\":{\"@type\":\"WebPage\",\"@id\":\"https:\/\/tugraztestweb.asol.at\/\",\"url\":\"https:\/\/tugraztestweb.asol.at\/\",\"name\":\"Home\"}},{\"@type\":\"ListItem\",\"position\":2,\"item\":{\"@type\":\"WebPage\",\"@id\":\"https:\/\/tugraztestweb.asol.at\/gesamtverzeichnis\/\",\"url\":\"https:\/\/tugraztestweb.asol.at\/gesamtverzeichnis\/\",\"name\":\"Gesamtverzeichnis\"}},{\"@type\":\"ListItem\",\"position\":3,\"item\":{\"@type\":\"WebPage\",\"@id\":\"https:\/\/tugraztestweb.asol.at\/gesamtverzeichnis\/bauingenieurwissenschaften\/allgemeine-regelungen-fuer-planervertraege\/\",\"url\":\"https:\/\/tugraztestweb.asol.at\/gesamtverzeichnis\/bauingenieurwissenschaften\/allgemeine-regelungen-fuer-planervertraege\/\",\"name\":\"Allgemeine Regelungen f\\u00fcr Planervertr\\u00e4ge\"}}]}]}<\/script>\n<!-- \/ Yoast SEO plugin. -->","_links":{"self":[{"href":"https:\/\/tugraztestweb.asol.at\/en\/wp-json\/wp\/v2\/product\/30175"}],"collection":[{"href":"https:\/\/tugraztestweb.asol.at\/en\/wp-json\/wp\/v2\/product"}],"about":[{"href":"https:\/\/tugraztestweb.asol.at\/en\/wp-json\/wp\/v2\/types\/product"}],"replies":[{"embeddable":true,"href":"https:\/\/tugraztestweb.asol.at\/en\/wp-json\/wp\/v2\/comments?post=30175"}],"wp:featuredmedia":[{"embeddable":true,"href":"https:\/\/tugraztestweb.asol.at\/en\/wp-json\/wp\/v2\/media\/39808"}],"wp:attachment":[{"href":"https:\/\/tugraztestweb.asol.at\/en\/wp-json\/wp\/v2\/media?parent=30175"}],"curies":[{"name":"wp","href":"https:\/\/api.w.org\/{rel}","templated":true}]}}