{"id":30181,"date":"2020-08-21T12:54:25","date_gmt":"2020-08-21T12:54:25","guid":{"rendered":"http:\/\/tugraztestweb.asol.at\/gesamtverzeichnis\/unkategorisiert\/passenger-vehicles-with-in-wheel-motors\/"},"modified":"2020-08-21T14:55:25","modified_gmt":"2020-08-21T12:55:25","slug":"passenger-vehicles-with-in-wheel-motors","status":"publish","type":"product","link":"https:\/\/tugraztestweb.asol.at\/en\/gesamtverzeichnis\/maschinenbau-und-wirtschaftswissenschaften\/passenger-vehicles-with-in-wheel-motors\/","title":{"rendered":"Passenger Vehicles with In-Wheel Motors"},"content":{"rendered":"<p class=\"qtranxs-available-languages-message qtranxs-available-languages-message-en\">Sorry, this entry is only available in <a href=\"https:\/\/tugraztestweb.asol.at\/de\/wp-json\/wp\/v2\/product\/30181\" class=\"qtranxs-available-language-link qtranxs-available-language-link-de\" title=\"Deutsch\">Deutsch<\/a>.<\/p><p>Neue Energiequellen sind notwendig, um die Mobilit\u00e4t zuk\u00fcnftiger Generationen angesichts der voraussichtlichen Ersch\u00f6pfung der \u00d6l-Ressourcen zu gew\u00e4hrleisten. Aus der aktuellen Perspektive ist die elektrische Energie die attraktivste Energieform f\u00fcr zuk\u00fcnftige Fahrzeuge. Dar\u00fcber hinaus stellen elektrische Radnabenmotoren eine vielversprechende und vision\u00e4re Technologie zur Elektrifizierung von Fahrzeugen dar, die neue gestalterische und funktionelle M\u00f6glichkeiten f\u00fcr die Fahrzeugentwicklung bietet. Trotzdem ist die Anwendung von Radnabenmotoren mit offenen Fragen verbunden, die gel\u00f6st werden m\u00fcssen bevor sie in Serie produziert werden k\u00f6nnen. Diese Arbeit liefert eine gr\u00fcndliche Analyse der Radnabenmotoren f\u00fcr elektrische Personenkraftwagen und bietet neue Erkenntnisse an, um einige der offenen Fragen, die mit dieser Technologie verbundenen sind, zu beantworten. Mit dem Ziel, die Grundeigenschaften der Batterie sowie der als Radnabenmotor einsetzbaren Asynchron- und Synchronmotoren zu bestimmen, wird eine entwickelte und auf der gew\u00fcnschten Fahrleistungen basierende Synthese-Methode erl\u00e4utert. Die Potentiale und Grenzen von Radnabenmotoren zur Verbesserung der querdynamischen Fahreigenschaften werden zudem pr\u00e4sentiert. Dar\u00fcber hinaus wird eine fundierte Analyse der Effekte der mit Radnabenmotoren verbundenen erh\u00f6hten Radmassen auf Fahrkomfort und Fahrsicherheit pr\u00e4sentiert, welche sich sowohl auf theoretischen Betrachtungen als auch auf experimentellen Untersuchungen mit Probanden und einem Fahrzeug mit erh\u00f6hten Radmassen st\u00fctzt. Zum Abschluss wird ein neuartiger automatischer Ansatz zur mechanischen Integration von Radnabenmotoren in moderne Einzelradaufh\u00e4ngungen pr\u00e4sentiert.<\/p>","protected":false},"excerpt":{"rendered":"<p class=\"qtranxs-available-languages-message qtranxs-available-languages-message-en\">Sorry, this entry is only available in <a href=\"https:\/\/tugraztestweb.asol.at\/de\/wp-json\/wp\/v2\/product\/30181\" class=\"qtranxs-available-language-link qtranxs-available-language-link-de\" title=\"Deutsch\">Deutsch<\/a>.<\/p>\n<p>Neue Energiequellen sind notwendig, um die Mobilit\u00e4t zuk\u00fcnftiger Generationen angesichts der voraussichtlichen Ersch\u00f6pfung der \u00d6l-Ressourcen zu gew\u00e4hrleisten. Aus der aktuellen Perspektive ist die elektrische Energie die attraktivste Energieform f\u00fcr zuk\u00fcnftige Fahrzeuge. Dar\u00fcber hinaus stellen elektrische Radnabenmotoren eine vielversprechende und vision\u00e4re Technologie zur Elektrifizierung von Fahrzeugen dar, die neue gestalterische und funktionelle M\u00f6glichkeiten f\u00fcr die Fahrzeugentwicklung bietet. Trotzdem ist die Anwendung von Radnabenmotoren mit offenen Fragen verbunden, die gel\u00f6st werden m\u00fcssen bevor sie in Serie produziert werden k\u00f6nnen. Diese Arbeit liefert eine gr\u00fcndliche Analyse der Radnabenmotoren f\u00fcr elektrische Personenkraftwagen und bietet neue Erkenntnisse an, um einige der offenen Fragen, die mit dieser Technologie verbundenen sind, zu beantworten. Mit dem Ziel, die Grundeigenschaften der Batterie sowie der als Radnabenmotor einsetzbaren Asynchron- und Synchronmotoren zu bestimmen, wird eine entwickelte und auf der gew\u00fcnschten Fahrleistungen basierende Synthese-Methode erl\u00e4utert. Die Potentiale und Grenzen von Radnabenmotoren zur Verbesserung der querdynamischen Fahreigenschaften werden zudem pr\u00e4sentiert. Dar\u00fcber hinaus wird eine fundierte Analyse der Effekte der mit Radnabenmotoren verbundenen erh\u00f6hten Radmassen auf Fahrkomfort und Fahrsicherheit pr\u00e4sentiert, welche sich sowohl auf theoretischen Betrachtungen als auch auf experimentellen Untersuchungen mit Probanden und einem Fahrzeug mit erh\u00f6hten Radmassen st\u00fctzt. Zum Abschluss wird ein neuartiger automatischer Ansatz zur mechanischen Integration von Radnabenmotoren in moderne Einzelradaufh\u00e4ngungen pr\u00e4sentiert.<\/p>\n","protected":false},"featured_media":39811,"comment_status":"open","ping_status":"closed","template":"","meta":[],"yoast_head":"<!-- This site is optimized with the Yoast SEO plugin v16.1.1 - https:\/\/yoast.com\/wordpress\/plugins\/seo\/ -->\n<link rel=\"canonical\" href=\"https:\/\/tugraztestweb.asol.at\/en\/gesamtverzeichnis\/maschinenbau-und-wirtschaftswissenschaften\/passenger-vehicles-with-in-wheel-motors\/\" \/>\n<meta property=\"og:locale\" content=\"en_US\" \/>\n<meta property=\"og:type\" content=\"article\" \/>\n<meta property=\"og:title\" content=\"Passenger Vehicles with In-Wheel Motors - Verlag der TU Graz\" \/>\n<meta property=\"og:description\" content=\"Neue Energiequellen sind notwendig, um die Mobilit\u00e4t zuk\u00fcnftiger Generationen angesichts der voraussichtlichen Ersch\u00f6pfung der \u00d6l-Ressourcen zu gew\u00e4hrleisten. Aus der aktuellen Perspektive ist die elektrische Energie die attraktivste Energieform f\u00fcr zuk\u00fcnftige Fahrzeuge. Dar\u00fcber hinaus stellen elektrische Radnabenmotoren eine vielversprechende und vision\u00e4re Technologie zur Elektrifizierung von Fahrzeugen dar, die neue gestalterische und funktionelle M\u00f6glichkeiten f\u00fcr die Fahrzeugentwicklung bietet. Trotzdem ist die Anwendung von Radnabenmotoren mit offenen Fragen verbunden, die gel\u00f6st werden m\u00fcssen bevor sie in Serie produziert werden k\u00f6nnen. Diese Arbeit liefert eine gr\u00fcndliche Analyse der Radnabenmotoren f\u00fcr elektrische Personenkraftwagen und bietet neue Erkenntnisse an, um einige der offenen Fragen, die mit dieser Technologie verbundenen sind, zu beantworten. Mit dem Ziel, die Grundeigenschaften der Batterie sowie der als Radnabenmotor einsetzbaren Asynchron- und Synchronmotoren zu bestimmen, wird eine entwickelte und auf der gew\u00fcnschten Fahrleistungen basierende Synthese-Methode erl\u00e4utert. Die Potentiale und Grenzen von Radnabenmotoren zur Verbesserung der querdynamischen Fahreigenschaften werden zudem pr\u00e4sentiert. Dar\u00fcber hinaus wird eine fundierte Analyse der Effekte der mit Radnabenmotoren verbundenen erh\u00f6hten Radmassen auf Fahrkomfort und Fahrsicherheit pr\u00e4sentiert, welche sich sowohl auf theoretischen Betrachtungen als auch auf experimentellen Untersuchungen mit Probanden und einem Fahrzeug mit erh\u00f6hten Radmassen st\u00fctzt. Zum Abschluss wird ein neuartiger automatischer Ansatz zur mechanischen Integration von Radnabenmotoren in moderne Einzelradaufh\u00e4ngungen pr\u00e4sentiert.\" \/>\n<meta property=\"og:url\" content=\"https:\/\/tugraztestweb.asol.at\/en\/gesamtverzeichnis\/maschinenbau-und-wirtschaftswissenschaften\/passenger-vehicles-with-in-wheel-motors\/\" \/>\n<meta property=\"og:site_name\" content=\"Verlag der TU Graz\" \/>\n<meta property=\"article:modified_time\" content=\"2020-08-21T12:55:25+00:00\" \/>\n<meta property=\"og:image\" content=\"https:\/\/tugraztestweb.asol.at\/wp-content\/uploads\/2020\/08\/image-978-3-85125-234-7.jpg\" \/>\n\t<meta property=\"og:image:width\" content=\"460\" \/>\n\t<meta property=\"og:image:height\" content=\"678\" \/>\n<meta name=\"twitter:card\" content=\"summary_large_image\" \/>\n<meta name=\"twitter:label1\" content=\"Est. reading time\">\n\t<meta name=\"twitter:data1\" content=\"1 minute\">\n<script type=\"application\/ld+json\" class=\"yoast-schema-graph\">{\"@context\":\"https:\/\/schema.org\",\"@graph\":[{\"@type\":\"WebSite\",\"@id\":\"https:\/\/tugraztestweb.asol.at\/#website\",\"url\":\"https:\/\/tugraztestweb.asol.at\/\",\"name\":\"Verlag der TU Graz\",\"description\":\"Verlag der Technischen Universit\\u00e4t Graz\",\"potentialAction\":[{\"@type\":\"SearchAction\",\"target\":\"https:\/\/tugraztestweb.asol.at\/?s={search_term_string}\",\"query-input\":\"required name=search_term_string\"}],\"inLanguage\":\"en-US\"},{\"@type\":\"ImageObject\",\"@id\":\"https:\/\/tugraztestweb.asol.at\/en\/gesamtverzeichnis\/maschinenbau-und-wirtschaftswissenschaften\/passenger-vehicles-with-in-wheel-motors\/#primaryimage\",\"inLanguage\":\"en-US\",\"url\":\"https:\/\/tugraztestweb.asol.at\/wp-content\/uploads\/2020\/08\/image-978-3-85125-234-7.jpg\",\"contentUrl\":\"https:\/\/tugraztestweb.asol.at\/wp-content\/uploads\/2020\/08\/image-978-3-85125-234-7.jpg\",\"width\":460,\"height\":678},{\"@type\":\"WebPage\",\"@id\":\"https:\/\/tugraztestweb.asol.at\/en\/gesamtverzeichnis\/maschinenbau-und-wirtschaftswissenschaften\/passenger-vehicles-with-in-wheel-motors\/#webpage\",\"url\":\"https:\/\/tugraztestweb.asol.at\/en\/gesamtverzeichnis\/maschinenbau-und-wirtschaftswissenschaften\/passenger-vehicles-with-in-wheel-motors\/\",\"name\":\"Passenger Vehicles with In-Wheel Motors - Verlag der TU Graz\",\"isPartOf\":{\"@id\":\"https:\/\/tugraztestweb.asol.at\/#website\"},\"primaryImageOfPage\":{\"@id\":\"https:\/\/tugraztestweb.asol.at\/en\/gesamtverzeichnis\/maschinenbau-und-wirtschaftswissenschaften\/passenger-vehicles-with-in-wheel-motors\/#primaryimage\"},\"datePublished\":\"2020-08-21T12:54:25+00:00\",\"dateModified\":\"2020-08-21T12:55:25+00:00\",\"breadcrumb\":{\"@id\":\"https:\/\/tugraztestweb.asol.at\/en\/gesamtverzeichnis\/maschinenbau-und-wirtschaftswissenschaften\/passenger-vehicles-with-in-wheel-motors\/#breadcrumb\"},\"inLanguage\":\"en-US\",\"potentialAction\":[{\"@type\":\"ReadAction\",\"target\":[\"https:\/\/tugraztestweb.asol.at\/en\/gesamtverzeichnis\/maschinenbau-und-wirtschaftswissenschaften\/passenger-vehicles-with-in-wheel-motors\/\"]}]},{\"@type\":\"BreadcrumbList\",\"@id\":\"https:\/\/tugraztestweb.asol.at\/en\/gesamtverzeichnis\/maschinenbau-und-wirtschaftswissenschaften\/passenger-vehicles-with-in-wheel-motors\/#breadcrumb\",\"itemListElement\":[{\"@type\":\"ListItem\",\"position\":1,\"item\":{\"@type\":\"WebPage\",\"@id\":\"https:\/\/tugraztestweb.asol.at\/\",\"url\":\"https:\/\/tugraztestweb.asol.at\/\",\"name\":\"Home\"}},{\"@type\":\"ListItem\",\"position\":2,\"item\":{\"@type\":\"WebPage\",\"@id\":\"https:\/\/tugraztestweb.asol.at\/gesamtverzeichnis\/\",\"url\":\"https:\/\/tugraztestweb.asol.at\/gesamtverzeichnis\/\",\"name\":\"Gesamtverzeichnis\"}},{\"@type\":\"ListItem\",\"position\":3,\"item\":{\"@type\":\"WebPage\",\"@id\":\"https:\/\/tugraztestweb.asol.at\/en\/gesamtverzeichnis\/maschinenbau-und-wirtschaftswissenschaften\/passenger-vehicles-with-in-wheel-motors\/\",\"url\":\"https:\/\/tugraztestweb.asol.at\/en\/gesamtverzeichnis\/maschinenbau-und-wirtschaftswissenschaften\/passenger-vehicles-with-in-wheel-motors\/\",\"name\":\"Passenger Vehicles with In-Wheel Motors\"}}]}]}<\/script>\n<!-- \/ Yoast SEO plugin. -->","_links":{"self":[{"href":"https:\/\/tugraztestweb.asol.at\/en\/wp-json\/wp\/v2\/product\/30181"}],"collection":[{"href":"https:\/\/tugraztestweb.asol.at\/en\/wp-json\/wp\/v2\/product"}],"about":[{"href":"https:\/\/tugraztestweb.asol.at\/en\/wp-json\/wp\/v2\/types\/product"}],"replies":[{"embeddable":true,"href":"https:\/\/tugraztestweb.asol.at\/en\/wp-json\/wp\/v2\/comments?post=30181"}],"wp:featuredmedia":[{"embeddable":true,"href":"https:\/\/tugraztestweb.asol.at\/en\/wp-json\/wp\/v2\/media\/39811"}],"wp:attachment":[{"href":"https:\/\/tugraztestweb.asol.at\/en\/wp-json\/wp\/v2\/media?parent=30181"}],"curies":[{"name":"wp","href":"https:\/\/api.w.org\/{rel}","templated":true}]}}