{"id":30184,"date":"2020-08-21T12:54:26","date_gmt":"2020-08-21T12:54:26","guid":{"rendered":"http:\/\/tugraztestweb.asol.at\/gesamtverzeichnis\/unkategorisiert\/the-urban-paradox\/"},"modified":"2020-08-21T14:55:26","modified_gmt":"2020-08-21T12:55:26","slug":"the-urban-paradox","status":"publish","type":"product","link":"https:\/\/tugraztestweb.asol.at\/en\/gesamtverzeichnis\/architektur\/the-urban-paradox\/","title":{"rendered":"The Urban Paradox"},"content":{"rendered":"<p class=\"qtranxs-available-languages-message qtranxs-available-languages-message-en\">Sorry, this entry is only available in <a href=\"https:\/\/tugraztestweb.asol.at\/de\/wp-json\/wp\/v2\/product\/30184\" class=\"qtranxs-available-language-link qtranxs-available-language-link-de\" title=\"Deutsch\">Deutsch<\/a>.<\/p><p>Die Publikation The Urban Paradox zeigt die Projekte des Masterstudios 2012 am Institut f\u00fcr Geb\u00e4udelehre, das von Gastprofessor Kersten Geers (Office Kersten Geers David Van Severen \/ Brussels) und Professor Hans Gangoly gemeinsam mit Markus Bogensberger, Michael Langeder und Andrea Zanderigo (baukuh \/ Milan) geleitet wurde. Zw\u00f6lf ausgew\u00e4hlte architektonische Entw\u00fcrfe des 20. Jahrhunderts dienen als Hintergrund und Referenz f\u00fcr den Entwurf einer gro\u00dfma\u00dfst\u00e4blichen st\u00e4dtischen Wohnbebauung in zentraler Grazer Lage. Architektonisches Entwerfen wird hier bewusst als Transformationsprozess verstanden, der unvermeidlich Appropriation und Interpretation umfasst. Die Projekte untersuchen die Frage nach Geschichte und Monumentalit\u00e4t st\u00e4dtischer Architektur, die sich unweigerlich stellt, wenn sich die Architektur auf die Suche nach M\u00f6glichkeiten zur inneren Stadterweiterung der europ\u00e4ischen Stadt macht. Dieser Ansatz wird noch verst\u00e4rkt, indem sich die Projekte jenem \u00e4ltesten und am weitesten verbreiteten Material widmen, aus dem unsere St\u00e4dte gemacht sind &#8211; dem Ziegel.<\/p>","protected":false},"excerpt":{"rendered":"<p class=\"qtranxs-available-languages-message qtranxs-available-languages-message-en\">Sorry, this entry is only available in <a href=\"https:\/\/tugraztestweb.asol.at\/de\/wp-json\/wp\/v2\/product\/30184\" class=\"qtranxs-available-language-link qtranxs-available-language-link-de\" title=\"Deutsch\">Deutsch<\/a>.<\/p>\n<p>Die Publikation The Urban Paradox zeigt die Projekte des Masterstudios 2012 am Institut f\u00fcr Geb\u00e4udelehre, das von Gastprofessor Kersten Geers (Office Kersten Geers David Van Severen \/ Brussels) und Professor Hans Gangoly gemeinsam mit Markus Bogensberger, Michael Langeder und Andrea Zanderigo (baukuh \/ Milan) geleitet wurde. Zw\u00f6lf ausgew\u00e4hlte architektonische Entw\u00fcrfe des 20. Jahrhunderts dienen als Hintergrund und Referenz f\u00fcr den Entwurf einer gro\u00dfma\u00dfst\u00e4blichen st\u00e4dtischen Wohnbebauung in zentraler Grazer Lage. Architektonisches Entwerfen wird hier bewusst als Transformationsprozess verstanden, der unvermeidlich Appropriation und Interpretation umfasst. Die Projekte untersuchen die Frage nach Geschichte und Monumentalit\u00e4t st\u00e4dtischer Architektur, die sich unweigerlich stellt, wenn sich die Architektur auf die Suche nach M\u00f6glichkeiten zur inneren Stadterweiterung der europ\u00e4ischen Stadt macht. Dieser Ansatz wird noch verst\u00e4rkt, indem sich die Projekte jenem \u00e4ltesten und am weitesten verbreiteten Material widmen, aus dem unsere St\u00e4dte gemacht sind &#8211; dem Ziegel.<\/p>\n","protected":false},"featured_media":39812,"comment_status":"open","ping_status":"closed","template":"","meta":[],"yoast_head":"<!-- This site is optimized with the Yoast SEO plugin v16.1.1 - https:\/\/yoast.com\/wordpress\/plugins\/seo\/ -->\n<link rel=\"canonical\" href=\"https:\/\/tugraztestweb.asol.at\/gesamtverzeichnis\/architektur\/the-urban-paradox\/\" \/>\n<meta property=\"og:locale\" content=\"en_US\" \/>\n<meta property=\"og:type\" content=\"article\" \/>\n<meta property=\"og:title\" content=\"The Urban Paradox - Verlag der TU Graz\" \/>\n<meta property=\"og:description\" content=\"Die Publikation The Urban Paradox zeigt die Projekte des Masterstudios 2012 am Institut f\u00fcr Geb\u00e4udelehre, das von Gastprofessor Kersten Geers (Office Kersten Geers David Van Severen \/ Brussels) und Professor Hans Gangoly gemeinsam mit Markus Bogensberger, Michael Langeder und Andrea Zanderigo (baukuh \/ Milan) geleitet wurde. Zw\u00f6lf ausgew\u00e4hlte architektonische Entw\u00fcrfe des 20. Jahrhunderts dienen als Hintergrund und Referenz f\u00fcr den Entwurf einer gro\u00dfma\u00dfst\u00e4blichen st\u00e4dtischen Wohnbebauung in zentraler Grazer Lage. Architektonisches Entwerfen wird hier bewusst als Transformationsprozess verstanden, der unvermeidlich Appropriation und Interpretation umfasst. Die Projekte untersuchen die Frage nach Geschichte und Monumentalit\u00e4t st\u00e4dtischer Architektur, die sich unweigerlich stellt, wenn sich die Architektur auf die Suche nach M\u00f6glichkeiten zur inneren Stadterweiterung der europ\u00e4ischen Stadt macht. Dieser Ansatz wird noch verst\u00e4rkt, indem sich die Projekte jenem \u00e4ltesten und am weitesten verbreiteten Material widmen, aus dem unsere St\u00e4dte gemacht sind - dem Ziegel.\" \/>\n<meta property=\"og:url\" content=\"https:\/\/tugraztestweb.asol.at\/gesamtverzeichnis\/architektur\/the-urban-paradox\/\" \/>\n<meta property=\"og:site_name\" content=\"Verlag der TU Graz\" \/>\n<meta property=\"article:modified_time\" content=\"2020-08-21T12:55:26+00:00\" \/>\n<meta property=\"og:image\" content=\"https:\/\/tugraztestweb.asol.at\/wp-content\/uploads\/2020\/08\/image-978-3-85125-235-4.jpg\" \/>\n\t<meta property=\"og:image:width\" content=\"582\" \/>\n\t<meta property=\"og:image:height\" content=\"807\" \/>\n<meta name=\"twitter:card\" content=\"summary_large_image\" \/>\n<meta name=\"twitter:label1\" content=\"Est. reading time\">\n\t<meta name=\"twitter:data1\" content=\"1 minute\">\n<script type=\"application\/ld+json\" class=\"yoast-schema-graph\">{\"@context\":\"https:\/\/schema.org\",\"@graph\":[{\"@type\":\"WebSite\",\"@id\":\"https:\/\/tugraztestweb.asol.at\/#website\",\"url\":\"https:\/\/tugraztestweb.asol.at\/\",\"name\":\"Verlag der TU Graz\",\"description\":\"Verlag der Technischen Universit\\u00e4t Graz\",\"potentialAction\":[{\"@type\":\"SearchAction\",\"target\":\"https:\/\/tugraztestweb.asol.at\/?s={search_term_string}\",\"query-input\":\"required name=search_term_string\"}],\"inLanguage\":\"en-US\"},{\"@type\":\"ImageObject\",\"@id\":\"https:\/\/tugraztestweb.asol.at\/gesamtverzeichnis\/architektur\/the-urban-paradox\/#primaryimage\",\"inLanguage\":\"en-US\",\"url\":\"https:\/\/tugraztestweb.asol.at\/wp-content\/uploads\/2020\/08\/image-978-3-85125-235-4.jpg\",\"contentUrl\":\"https:\/\/tugraztestweb.asol.at\/wp-content\/uploads\/2020\/08\/image-978-3-85125-235-4.jpg\",\"width\":582,\"height\":807},{\"@type\":\"WebPage\",\"@id\":\"https:\/\/tugraztestweb.asol.at\/gesamtverzeichnis\/architektur\/the-urban-paradox\/#webpage\",\"url\":\"https:\/\/tugraztestweb.asol.at\/gesamtverzeichnis\/architektur\/the-urban-paradox\/\",\"name\":\"The Urban Paradox - Verlag der TU Graz\",\"isPartOf\":{\"@id\":\"https:\/\/tugraztestweb.asol.at\/#website\"},\"primaryImageOfPage\":{\"@id\":\"https:\/\/tugraztestweb.asol.at\/gesamtverzeichnis\/architektur\/the-urban-paradox\/#primaryimage\"},\"datePublished\":\"2020-08-21T12:54:26+00:00\",\"dateModified\":\"2020-08-21T12:55:26+00:00\",\"breadcrumb\":{\"@id\":\"https:\/\/tugraztestweb.asol.at\/gesamtverzeichnis\/architektur\/the-urban-paradox\/#breadcrumb\"},\"inLanguage\":\"en-US\",\"potentialAction\":[{\"@type\":\"ReadAction\",\"target\":[\"https:\/\/tugraztestweb.asol.at\/gesamtverzeichnis\/architektur\/the-urban-paradox\/\"]}]},{\"@type\":\"BreadcrumbList\",\"@id\":\"https:\/\/tugraztestweb.asol.at\/gesamtverzeichnis\/architektur\/the-urban-paradox\/#breadcrumb\",\"itemListElement\":[{\"@type\":\"ListItem\",\"position\":1,\"item\":{\"@type\":\"WebPage\",\"@id\":\"https:\/\/tugraztestweb.asol.at\/\",\"url\":\"https:\/\/tugraztestweb.asol.at\/\",\"name\":\"Home\"}},{\"@type\":\"ListItem\",\"position\":2,\"item\":{\"@type\":\"WebPage\",\"@id\":\"https:\/\/tugraztestweb.asol.at\/gesamtverzeichnis\/\",\"url\":\"https:\/\/tugraztestweb.asol.at\/gesamtverzeichnis\/\",\"name\":\"Gesamtverzeichnis\"}},{\"@type\":\"ListItem\",\"position\":3,\"item\":{\"@type\":\"WebPage\",\"@id\":\"https:\/\/tugraztestweb.asol.at\/gesamtverzeichnis\/architektur\/the-urban-paradox\/\",\"url\":\"https:\/\/tugraztestweb.asol.at\/gesamtverzeichnis\/architektur\/the-urban-paradox\/\",\"name\":\"The Urban Paradox\"}}]}]}<\/script>\n<!-- \/ Yoast SEO plugin. -->","_links":{"self":[{"href":"https:\/\/tugraztestweb.asol.at\/en\/wp-json\/wp\/v2\/product\/30184"}],"collection":[{"href":"https:\/\/tugraztestweb.asol.at\/en\/wp-json\/wp\/v2\/product"}],"about":[{"href":"https:\/\/tugraztestweb.asol.at\/en\/wp-json\/wp\/v2\/types\/product"}],"replies":[{"embeddable":true,"href":"https:\/\/tugraztestweb.asol.at\/en\/wp-json\/wp\/v2\/comments?post=30184"}],"wp:featuredmedia":[{"embeddable":true,"href":"https:\/\/tugraztestweb.asol.at\/en\/wp-json\/wp\/v2\/media\/39812"}],"wp:attachment":[{"href":"https:\/\/tugraztestweb.asol.at\/en\/wp-json\/wp\/v2\/media?parent=30184"}],"curies":[{"name":"wp","href":"https:\/\/api.w.org\/{rel}","templated":true}]}}