{"id":30240,"date":"2020-08-21T12:54:30","date_gmt":"2020-08-21T12:54:30","guid":{"rendered":"http:\/\/tugraztestweb.asol.at\/gesamtverzeichnis\/unkategorisiert\/carlo-von-boog\/"},"modified":"2020-08-21T14:55:31","modified_gmt":"2020-08-21T12:55:31","slug":"carlo-von-boog","status":"publish","type":"product","link":"https:\/\/tugraztestweb.asol.at\/en\/gesamtverzeichnis\/uncategorized\/carlo-von-boog\/","title":{"rendered":"Carlo von Boog"},"content":{"rendered":"<p class=\"qtranxs-available-languages-message qtranxs-available-languages-message-en\">Sorry, this entry is only available in <a href=\"https:\/\/tugraztestweb.asol.at\/de\/wp-json\/wp\/v2\/product\/30240\" class=\"qtranxs-available-language-link qtranxs-available-language-link-de\" title=\"Deutsch\">Deutsch<\/a>.<\/p><p>Zur Person Carlo von Boog \u2013 der als bescheiden und zur\u00fcckhaltend beschrieben wurde \u2013 finden sich keine Legenden, sodass es nur schwer m\u00f6glich ist, zu seiner wirklichen Gestalt als Mensch und Bauschaffender vorzudringen.<br \/>\nSo stehen wir vor dem nicht seltenen Ph\u00e4nomen, dass die Gesellschaft den Gestalter der in Europa bekannten \u00bbLandessiechenanstalt\u00ab in Mauer-\u00d6hling und den Planer f\u00fcr die Gesamtanlage also Bebauungsplan, heute Masterplan der \u00bbn.\u00f6. Landes-Heil und Pflegeanstalten f\u00fcr Geistes und Nervenkranke \u203aAm Steinhof\u2039\u00ab in Wien innerhalb kurzer Zeit vergessen hatte.<br \/>\nDas Buch erinnert nicht nur an die Entstehungsgeschichte der Heil- und Pflegeanstalt von Mauer-\u00d6hling und den damit im Zusammenhang entstandenen einzigartigen Gesamtwerk Carlo von Boog als Gestalter und Umsetzer, vielmehr er\u00f6ffnet es die Sicht eines Planers und seine ethische Auseinandersetzung mit dem Geisteskranken und dem gewaltt\u00e4tigen Kranken.<br \/>\nEs bietet ausreichend Stoff f\u00fcr weitere wissenschaftliche Forschung und ist somit eine grundlegende Basis f\u00fcr Kunst- und Zeithistoriker wie f\u00fcr alle an Architektur interessierten Menschen, sich einer Zeit mit gesellschaftspolitischen Wandlungen und einer langsam beginnenden Rezeption von psychoanalytischen Konzepten in der Anstaltspsychiatrie zu befassen.<\/p>","protected":false},"excerpt":{"rendered":"<p class=\"qtranxs-available-languages-message qtranxs-available-languages-message-en\">Sorry, this entry is only available in <a href=\"https:\/\/tugraztestweb.asol.at\/de\/wp-json\/wp\/v2\/product\/30240\" class=\"qtranxs-available-language-link qtranxs-available-language-link-de\" title=\"Deutsch\">Deutsch<\/a>.<\/p>\n<p>Zur Person Carlo von Boog \u2013 der als bescheiden und zur\u00fcckhaltend beschrieben wurde \u2013 finden sich keine Legenden, sodass es nur schwer m\u00f6glich ist, zu seiner wirklichen Gestalt als Mensch und Bauschaffender vorzudringen.<br \/>\nSo stehen wir vor dem nicht seltenen Ph\u00e4nomen, dass die Gesellschaft den Gestalter der in Europa bekannten \u00bbLandessiechenanstalt\u00ab in Mauer-\u00d6hling und den Planer f\u00fcr die Gesamtanlage also Bebauungsplan, heute Masterplan der \u00bbn.\u00f6. Landes-Heil und Pflegeanstalten f\u00fcr Geistes und Nervenkranke \u203aAm Steinhof\u2039\u00ab in Wien innerhalb kurzer Zeit vergessen hatte.<br \/>\nDas Buch erinnert nicht nur an die Entstehungsgeschichte der Heil- und Pflegeanstalt von Mauer-\u00d6hling und den damit im Zusammenhang entstandenen einzigartigen Gesamtwerk Carlo von Boog als Gestalter und Umsetzer, vielmehr er\u00f6ffnet es die Sicht eines Planers und seine ethische Auseinandersetzung mit dem Geisteskranken und dem gewaltt\u00e4tigen Kranken.<br \/>\nEs bietet ausreichend Stoff f\u00fcr weitere wissenschaftliche Forschung und ist somit eine grundlegende Basis f\u00fcr Kunst- und Zeithistoriker wie f\u00fcr alle an Architektur interessierten Menschen, sich einer Zeit mit gesellschaftspolitischen Wandlungen und einer langsam beginnenden Rezeption von psychoanalytischen Konzepten in der Anstaltspsychiatrie zu befassen.<\/p>\n","protected":false},"featured_media":39839,"comment_status":"open","ping_status":"closed","template":"","meta":[],"yoast_head":"<!-- This site is optimized with the Yoast SEO plugin v16.1.1 - https:\/\/yoast.com\/wordpress\/plugins\/seo\/ -->\n<link rel=\"canonical\" href=\"https:\/\/tugraztestweb.asol.at\/en\/gesamtverzeichnis\/uncategorized\/carlo-von-boog\/\" \/>\n<meta property=\"og:locale\" content=\"en_US\" \/>\n<meta property=\"og:type\" content=\"article\" \/>\n<meta property=\"og:title\" content=\"Carlo von Boog - Verlag der TU Graz\" \/>\n<meta property=\"og:description\" content=\"Zur Person Carlo von Boog \u2013 der als bescheiden und zur\u00fcckhaltend beschrieben wurde \u2013 finden sich keine Legenden, sodass es nur schwer m\u00f6glich ist, zu seiner wirklichen Gestalt als Mensch und Bauschaffender vorzudringen. So stehen wir vor dem nicht seltenen Ph\u00e4nomen, dass die Gesellschaft den Gestalter der in Europa bekannten \u00bbLandessiechenanstalt\u00ab in Mauer-\u00d6hling und den Planer f\u00fcr die Gesamtanlage also Bebauungsplan, heute Masterplan der \u00bbn.\u00f6. Landes-Heil und Pflegeanstalten f\u00fcr Geistes und Nervenkranke \u203aAm Steinhof\u2039\u00ab in Wien innerhalb kurzer Zeit vergessen hatte. Das Buch erinnert nicht nur an die Entstehungsgeschichte der Heil- und Pflegeanstalt von Mauer-\u00d6hling und den damit im Zusammenhang entstandenen einzigartigen Gesamtwerk Carlo von Boog als Gestalter und Umsetzer, vielmehr er\u00f6ffnet es die Sicht eines Planers und seine ethische Auseinandersetzung mit dem Geisteskranken und dem gewaltt\u00e4tigen Kranken. Es bietet ausreichend Stoff f\u00fcr weitere wissenschaftliche Forschung und ist somit eine grundlegende Basis f\u00fcr Kunst- und Zeithistoriker wie f\u00fcr alle an Architektur interessierten Menschen, sich einer Zeit mit gesellschaftspolitischen Wandlungen und einer langsam beginnenden Rezeption von psychoanalytischen Konzepten in der Anstaltspsychiatrie zu befassen.\" \/>\n<meta property=\"og:url\" content=\"https:\/\/tugraztestweb.asol.at\/en\/gesamtverzeichnis\/uncategorized\/carlo-von-boog\/\" \/>\n<meta property=\"og:site_name\" content=\"Verlag der TU Graz\" \/>\n<meta property=\"article:modified_time\" content=\"2020-08-21T12:55:31+00:00\" \/>\n<meta property=\"og:image\" content=\"https:\/\/tugraztestweb.asol.at\/wp-content\/uploads\/2020\/08\/image-978-3-85125-132-6.jpg\" \/>\n\t<meta property=\"og:image:width\" content=\"606\" \/>\n\t<meta property=\"og:image:height\" content=\"825\" \/>\n<meta name=\"twitter:card\" content=\"summary_large_image\" \/>\n<meta name=\"twitter:label1\" content=\"Est. reading time\">\n\t<meta name=\"twitter:data1\" content=\"1 minute\">\n<script type=\"application\/ld+json\" class=\"yoast-schema-graph\">{\"@context\":\"https:\/\/schema.org\",\"@graph\":[{\"@type\":\"WebSite\",\"@id\":\"https:\/\/tugraztestweb.asol.at\/#website\",\"url\":\"https:\/\/tugraztestweb.asol.at\/\",\"name\":\"Verlag der TU Graz\",\"description\":\"Verlag der Technischen Universit\\u00e4t Graz\",\"potentialAction\":[{\"@type\":\"SearchAction\",\"target\":\"https:\/\/tugraztestweb.asol.at\/?s={search_term_string}\",\"query-input\":\"required name=search_term_string\"}],\"inLanguage\":\"en-US\"},{\"@type\":\"ImageObject\",\"@id\":\"https:\/\/tugraztestweb.asol.at\/en\/gesamtverzeichnis\/uncategorized\/carlo-von-boog\/#primaryimage\",\"inLanguage\":\"en-US\",\"url\":\"https:\/\/tugraztestweb.asol.at\/wp-content\/uploads\/2020\/08\/image-978-3-85125-132-6.jpg\",\"contentUrl\":\"https:\/\/tugraztestweb.asol.at\/wp-content\/uploads\/2020\/08\/image-978-3-85125-132-6.jpg\",\"width\":606,\"height\":825},{\"@type\":\"WebPage\",\"@id\":\"https:\/\/tugraztestweb.asol.at\/en\/gesamtverzeichnis\/uncategorized\/carlo-von-boog\/#webpage\",\"url\":\"https:\/\/tugraztestweb.asol.at\/en\/gesamtverzeichnis\/uncategorized\/carlo-von-boog\/\",\"name\":\"Carlo von Boog - Verlag der TU Graz\",\"isPartOf\":{\"@id\":\"https:\/\/tugraztestweb.asol.at\/#website\"},\"primaryImageOfPage\":{\"@id\":\"https:\/\/tugraztestweb.asol.at\/en\/gesamtverzeichnis\/uncategorized\/carlo-von-boog\/#primaryimage\"},\"datePublished\":\"2020-08-21T12:54:30+00:00\",\"dateModified\":\"2020-08-21T12:55:31+00:00\",\"breadcrumb\":{\"@id\":\"https:\/\/tugraztestweb.asol.at\/en\/gesamtverzeichnis\/uncategorized\/carlo-von-boog\/#breadcrumb\"},\"inLanguage\":\"en-US\",\"potentialAction\":[{\"@type\":\"ReadAction\",\"target\":[\"https:\/\/tugraztestweb.asol.at\/en\/gesamtverzeichnis\/uncategorized\/carlo-von-boog\/\"]}]},{\"@type\":\"BreadcrumbList\",\"@id\":\"https:\/\/tugraztestweb.asol.at\/en\/gesamtverzeichnis\/uncategorized\/carlo-von-boog\/#breadcrumb\",\"itemListElement\":[{\"@type\":\"ListItem\",\"position\":1,\"item\":{\"@type\":\"WebPage\",\"@id\":\"https:\/\/tugraztestweb.asol.at\/\",\"url\":\"https:\/\/tugraztestweb.asol.at\/\",\"name\":\"Home\"}},{\"@type\":\"ListItem\",\"position\":2,\"item\":{\"@type\":\"WebPage\",\"@id\":\"https:\/\/tugraztestweb.asol.at\/gesamtverzeichnis\/\",\"url\":\"https:\/\/tugraztestweb.asol.at\/gesamtverzeichnis\/\",\"name\":\"Gesamtverzeichnis\"}},{\"@type\":\"ListItem\",\"position\":3,\"item\":{\"@type\":\"WebPage\",\"@id\":\"https:\/\/tugraztestweb.asol.at\/en\/gesamtverzeichnis\/uncategorized\/carlo-von-boog\/\",\"url\":\"https:\/\/tugraztestweb.asol.at\/en\/gesamtverzeichnis\/uncategorized\/carlo-von-boog\/\",\"name\":\"Carlo von Boog\"}}]}]}<\/script>\n<!-- \/ Yoast SEO plugin. -->","_links":{"self":[{"href":"https:\/\/tugraztestweb.asol.at\/en\/wp-json\/wp\/v2\/product\/30240"}],"collection":[{"href":"https:\/\/tugraztestweb.asol.at\/en\/wp-json\/wp\/v2\/product"}],"about":[{"href":"https:\/\/tugraztestweb.asol.at\/en\/wp-json\/wp\/v2\/types\/product"}],"replies":[{"embeddable":true,"href":"https:\/\/tugraztestweb.asol.at\/en\/wp-json\/wp\/v2\/comments?post=30240"}],"wp:featuredmedia":[{"embeddable":true,"href":"https:\/\/tugraztestweb.asol.at\/en\/wp-json\/wp\/v2\/media\/39839"}],"wp:attachment":[{"href":"https:\/\/tugraztestweb.asol.at\/en\/wp-json\/wp\/v2\/media?parent=30240"}],"curies":[{"name":"wp","href":"https:\/\/api.w.org\/{rel}","templated":true}]}}