{"id":30242,"date":"2020-08-21T12:54:31","date_gmt":"2020-08-21T12:54:31","guid":{"rendered":"http:\/\/tugraztestweb.asol.at\/gesamtverzeichnis\/unkategorisiert\/austrian-fm-report-2011\/"},"modified":"2020-08-21T14:55:31","modified_gmt":"2020-08-21T12:55:31","slug":"austrian-fm-report-2011","status":"publish","type":"product","link":"https:\/\/tugraztestweb.asol.at\/en\/gesamtverzeichnis\/bauingenieurwissenschaften\/austrian-fm-report-2011\/","title":{"rendered":"Austrian FM Report 2011"},"content":{"rendered":"<p class=\"qtranxs-available-languages-message qtranxs-available-languages-message-en\">Sorry, this entry is only available in <a href=\"https:\/\/tugraztestweb.asol.at\/de\/wp-json\/wp\/v2\/product\/30242\" class=\"qtranxs-available-language-link qtranxs-available-language-link-de\" title=\"Deutsch\">Deutsch<\/a>.<\/p><p>Inhaltsverzeichnis<br \/>\n1. Allgemeines &#038; Grundlagen<br \/>\n1.1. Ziele des Benchmarkings . . . . . . . . . . . . . . . . . . . . . . . . . . . . . . . . . . . . .. . 1<br \/>\n1.2. Gliederung der Kennzahlen . . . . . . . . . . . . . . . . . . . . . . . . . . . . . . . . . . .. . 2<br \/>\n1.3. Allgemeine Auswertung . . . . . . . . . . . . . . . . . . . . . . . . . . . . . . . . . . . . .. . . 3<br \/>\nKennzahlen<br \/>\nErkl\u00e4rung der Diagramme . . . . . . . . . . . . . . . . . . . . . . . . . . . . . . . . . . . . . . . . . 11<br \/>\n2. Bildung, Unterricht, Kultur und Sport<br \/>\n2.1. Fl\u00e4chenkennzahlen . . . . . . . . . . . . . . . . . . . . . . . . . . . . . . . . . . . . . . . . . . . . 13<br \/>\n2.2. Kostenkennzahlen . . . . . . . . . . . . . . . . . . . . . . . . . . . . . . . . . . . . . . . . . . . . . 18<br \/>\n3. B\u00fcro- &#038; Verwaltungsgeb\u00e4ude<br \/>\n3.1. Fl\u00e4chenkennzahlen . . . . . . . . . . . . . . . . . . . . . . . . . . . . . . . . . . . . . . . . . . . . 23<br \/>\n3.2. Kostenkennzahlen . . . . . . . . . . . . . . . . . . . . . . . . . . . . . . . . . . . . . . . . . . . . . 28<br \/>\n4. Wohnen<br \/>\n4.1. Fl\u00e4chenkennzahlen . . . . . . . . . . . . . . . . . . . . . . . . . . . . . . . . . . . . . . . . . . . . 33<br \/>\n5. Vergleich der Kategorien . . . . . . . . . . . . . . . . . . . . . . .35<br \/>\n6. Anhang<br \/>\n6.1. Plausibilisierung &#038; Ausschlusskriterien . . . . . . . . . . . . . . . . . . . . . .. . . . I<br \/>\n6.2. Begriffe &#038; Definitionen . . . . . . . . . . . . . . . . . . . . . . . . . . . . . . . . . . . . . . . . . .II<br \/>\n6.3. Literatur &#038; Quellenangaben . . . . . . . . . . . . . . . . . . . . . . . . . . . . . . . . . . . . IX<br \/>\n6.4. Abk\u00fcrzungsverzeichnis . . . . . . . . . . . . . . . . . . . . . . . . . . . . . . . . . . . .. . . . . .X<br \/>\n6.5. Sachverzeichnis . . . . . . . . . . . . . . . . . . . . . . . . . . . . . . . . . . . . . . . . . .. . . . . . . XI<\/p>","protected":false},"excerpt":{"rendered":"<p class=\"qtranxs-available-languages-message qtranxs-available-languages-message-en\">Sorry, this entry is only available in <a href=\"https:\/\/tugraztestweb.asol.at\/de\/wp-json\/wp\/v2\/product\/30242\" class=\"qtranxs-available-language-link qtranxs-available-language-link-de\" title=\"Deutsch\">Deutsch<\/a>.<\/p>\n<p>Inhaltsverzeichnis<br \/>\n1. Allgemeines &#038; Grundlagen<br \/>\n1.1. Ziele des Benchmarkings . . . . . . . . . . . . . . . . . . . . . . . . . . . . . . . . . . . . .. . 1<br \/>\n1.2. Gliederung der Kennzahlen . . . . . . . . . . . . . . . . . . . . . . . . . . . . . . . . . . .. . 2<br \/>\n1.3. Allgemeine Auswertung . . . . . . . . . . . . . . . . . . . . . . . . . . . . . . . . . . . . .. . . 3<br \/>\nKennzahlen<br \/>\nErkl\u00e4rung der Diagramme . . . . . . . . . . . . . . . . . . . . . . . . . . . . . . . . . . . . . . . . . 11<br \/>\n2. Bildung, Unterricht, Kultur und Sport<br \/>\n2.1. Fl\u00e4chenkennzahlen . . . . . . . . . . . . . . . . . . . . . . . . . . . . . . . . . . . . . . . . . . . . 13<br \/>\n2.2. Kostenkennzahlen . . . . . . . . . . . . . . . . . . . . . . . . . . . . . . . . . . . . . . . . . . . . . 18<br \/>\n3. B\u00fcro- &#038; Verwaltungsgeb\u00e4ude<br \/>\n3.1. Fl\u00e4chenkennzahlen . . . . . . . . . . . . . . . . . . . . . . . . . . . . . . . . . . . . . . . . . . . . 23<br \/>\n3.2. Kostenkennzahlen . . . . . . . . . . . . . . . . . . . . . . . . . . . . . . . . . . . . . . . . . . . . . 28<br \/>\n4. Wohnen<br \/>\n4.1. Fl\u00e4chenkennzahlen . . . . . . . . . . . . . . . . . . . . . . . . . . . . . . . . . . . . . . . . . . . . 33<br \/>\n5. Vergleich der Kategorien . . . . . . . . . . . . . . . . . . . . . . .35<br \/>\n6. Anhang<br \/>\n6.1. Plausibilisierung &#038; Ausschlusskriterien . . . . . . . . . . . . . . . . . . . . . .. . . . I<br \/>\n6.2. Begriffe &#038; Definitionen . . . . . . . . . . . . . . . . . . . . . . . . . . . . . . . . . . . . . . . . . .II<br \/>\n6.3. Literatur &#038; Quellenangaben . . . . . . . . . . . . . . . . . . . . . . . . . . . . . . . . . . . . IX<br \/>\n6.4. Abk\u00fcrzungsverzeichnis . . . . . . . . . . . . . . . . . . . . . . . . . . . . . . . . . . . .. . . . . .X<br \/>\n6.5. Sachverzeichnis . . . . . . . . . . . . . . . . . . . . . . . . . . . . . . . . . . . . . . . . . .. . . . . . . XI<\/p>\n","protected":false},"featured_media":39840,"comment_status":"open","ping_status":"closed","template":"","meta":[],"yoast_head":"<!-- This site is optimized with the Yoast SEO plugin v16.1.1 - https:\/\/yoast.com\/wordpress\/plugins\/seo\/ -->\n<link rel=\"canonical\" href=\"https:\/\/tugraztestweb.asol.at\/gesamtverzeichnis\/bauingenieurwissenschaften\/austrian-fm-report-2011\/\" \/>\n<meta property=\"og:locale\" content=\"en_US\" \/>\n<meta property=\"og:type\" content=\"article\" \/>\n<meta property=\"og:title\" content=\"Austrian FM Report 2011 - Verlag der TU Graz\" \/>\n<meta property=\"og:description\" content=\"Inhaltsverzeichnis 1. Allgemeines &amp; Grundlagen 1.1. Ziele des Benchmarkings . . . . . . . . . . . . . . . . . . . . . . . . . . . . . . . . . . . . .. . 1 1.2. Gliederung der Kennzahlen . . . . . . . . . . . . . . . . . . . . . . . . . . . . . . . . . . .. . 2 1.3. Allgemeine Auswertung . . . . . . . . . . . . . . . . . . . . . . . . . . . . . . . . . . . . .. . . 3 Kennzahlen Erkl\u00e4rung der Diagramme . . . . . . . . . . . . . . . . . . . . . . . . . . . . . . . . . . . . . . . . . 11 2. Bildung, Unterricht, Kultur und Sport 2.1. Fl\u00e4chenkennzahlen . . . . . . . . . . . . . . . . . . . . . . . . . . . . . . . . . . . . . . . . . . . . 13 2.2. Kostenkennzahlen . . . . . . . . . . . . . . . . . . . . . . . . . . . . . . . . . . . . . . . . . . . . . 18 3. B\u00fcro- &amp; Verwaltungsgeb\u00e4ude 3.1. Fl\u00e4chenkennzahlen . . . . . . . . . . . . . . . . . . . . . . . . . . . . . . . . . . . . . . . . . . . . 23 3.2. Kostenkennzahlen . . . . . . . . . . . . . . . . . . . . . . . . . . . . . . . . . . . . . . . . . . . . . 28 4. Wohnen 4.1. Fl\u00e4chenkennzahlen . . . . . . . . . . . . . . . . . . . . . . . . . . . . . . . . . . . . . . . . . . . . 33 5. Vergleich der Kategorien . . . . . . . . . . . . . . . . . . . . . . .35 6. Anhang 6.1. Plausibilisierung &amp; Ausschlusskriterien . . . . . . . . . . . . . . . . . . . . . .. . . . I 6.2. Begriffe &amp; Definitionen . . . . . . . . . . . . . . . . . . . . . . . . . . . . . . . . . . . . . . . . . .II 6.3. Literatur &amp; Quellenangaben . . . . . . . . . . . . . . . . . . . . . . . . . . . . . . . . . . . . IX 6.4. Abk\u00fcrzungsverzeichnis . . . . . . . . . . . . . . . . . . . . . . . . . . . . . . . . . . . .. . . . . .X 6.5. Sachverzeichnis . . . . . . . . . . . . . . . . . . . . . . . . . . . . . . . . . . . . . . . . . .. . . . . . . XI\" \/>\n<meta property=\"og:url\" content=\"https:\/\/tugraztestweb.asol.at\/gesamtverzeichnis\/bauingenieurwissenschaften\/austrian-fm-report-2011\/\" \/>\n<meta property=\"og:site_name\" content=\"Verlag der TU Graz\" \/>\n<meta property=\"article:modified_time\" content=\"2020-08-21T12:55:31+00:00\" \/>\n<meta property=\"og:image\" content=\"https:\/\/tugraztestweb.asol.at\/wp-content\/uploads\/2020\/08\/image-978-3-85125-264-4.jpg\" \/>\n\t<meta property=\"og:image:width\" content=\"560\" \/>\n\t<meta property=\"og:image:height\" content=\"797\" \/>\n<meta name=\"twitter:card\" content=\"summary_large_image\" \/>\n<script type=\"application\/ld+json\" class=\"yoast-schema-graph\">{\"@context\":\"https:\/\/schema.org\",\"@graph\":[{\"@type\":\"WebSite\",\"@id\":\"https:\/\/tugraztestweb.asol.at\/#website\",\"url\":\"https:\/\/tugraztestweb.asol.at\/\",\"name\":\"Verlag der TU Graz\",\"description\":\"Verlag der Technischen Universit\\u00e4t Graz\",\"potentialAction\":[{\"@type\":\"SearchAction\",\"target\":\"https:\/\/tugraztestweb.asol.at\/?s={search_term_string}\",\"query-input\":\"required name=search_term_string\"}],\"inLanguage\":\"en-US\"},{\"@type\":\"ImageObject\",\"@id\":\"https:\/\/tugraztestweb.asol.at\/gesamtverzeichnis\/bauingenieurwissenschaften\/austrian-fm-report-2011\/#primaryimage\",\"inLanguage\":\"en-US\",\"url\":\"https:\/\/tugraztestweb.asol.at\/wp-content\/uploads\/2020\/08\/image-978-3-85125-264-4.jpg\",\"contentUrl\":\"https:\/\/tugraztestweb.asol.at\/wp-content\/uploads\/2020\/08\/image-978-3-85125-264-4.jpg\",\"width\":560,\"height\":797},{\"@type\":\"WebPage\",\"@id\":\"https:\/\/tugraztestweb.asol.at\/gesamtverzeichnis\/bauingenieurwissenschaften\/austrian-fm-report-2011\/#webpage\",\"url\":\"https:\/\/tugraztestweb.asol.at\/gesamtverzeichnis\/bauingenieurwissenschaften\/austrian-fm-report-2011\/\",\"name\":\"Austrian FM Report 2011 - Verlag der TU Graz\",\"isPartOf\":{\"@id\":\"https:\/\/tugraztestweb.asol.at\/#website\"},\"primaryImageOfPage\":{\"@id\":\"https:\/\/tugraztestweb.asol.at\/gesamtverzeichnis\/bauingenieurwissenschaften\/austrian-fm-report-2011\/#primaryimage\"},\"datePublished\":\"2020-08-21T12:54:31+00:00\",\"dateModified\":\"2020-08-21T12:55:31+00:00\",\"breadcrumb\":{\"@id\":\"https:\/\/tugraztestweb.asol.at\/gesamtverzeichnis\/bauingenieurwissenschaften\/austrian-fm-report-2011\/#breadcrumb\"},\"inLanguage\":\"en-US\",\"potentialAction\":[{\"@type\":\"ReadAction\",\"target\":[\"https:\/\/tugraztestweb.asol.at\/gesamtverzeichnis\/bauingenieurwissenschaften\/austrian-fm-report-2011\/\"]}]},{\"@type\":\"BreadcrumbList\",\"@id\":\"https:\/\/tugraztestweb.asol.at\/gesamtverzeichnis\/bauingenieurwissenschaften\/austrian-fm-report-2011\/#breadcrumb\",\"itemListElement\":[{\"@type\":\"ListItem\",\"position\":1,\"item\":{\"@type\":\"WebPage\",\"@id\":\"https:\/\/tugraztestweb.asol.at\/\",\"url\":\"https:\/\/tugraztestweb.asol.at\/\",\"name\":\"Home\"}},{\"@type\":\"ListItem\",\"position\":2,\"item\":{\"@type\":\"WebPage\",\"@id\":\"https:\/\/tugraztestweb.asol.at\/gesamtverzeichnis\/\",\"url\":\"https:\/\/tugraztestweb.asol.at\/gesamtverzeichnis\/\",\"name\":\"Gesamtverzeichnis\"}},{\"@type\":\"ListItem\",\"position\":3,\"item\":{\"@type\":\"WebPage\",\"@id\":\"https:\/\/tugraztestweb.asol.at\/gesamtverzeichnis\/bauingenieurwissenschaften\/austrian-fm-report-2011\/\",\"url\":\"https:\/\/tugraztestweb.asol.at\/gesamtverzeichnis\/bauingenieurwissenschaften\/austrian-fm-report-2011\/\",\"name\":\"Austrian FM Report 2011\"}}]}]}<\/script>\n<!-- \/ Yoast SEO plugin. -->","_links":{"self":[{"href":"https:\/\/tugraztestweb.asol.at\/en\/wp-json\/wp\/v2\/product\/30242"}],"collection":[{"href":"https:\/\/tugraztestweb.asol.at\/en\/wp-json\/wp\/v2\/product"}],"about":[{"href":"https:\/\/tugraztestweb.asol.at\/en\/wp-json\/wp\/v2\/types\/product"}],"replies":[{"embeddable":true,"href":"https:\/\/tugraztestweb.asol.at\/en\/wp-json\/wp\/v2\/comments?post=30242"}],"wp:featuredmedia":[{"embeddable":true,"href":"https:\/\/tugraztestweb.asol.at\/en\/wp-json\/wp\/v2\/media\/39840"}],"wp:attachment":[{"href":"https:\/\/tugraztestweb.asol.at\/en\/wp-json\/wp\/v2\/media?parent=30242"}],"curies":[{"name":"wp","href":"https:\/\/api.w.org\/{rel}","templated":true}]}}