{"id":30244,"date":"2020-08-21T12:54:31","date_gmt":"2020-08-21T12:54:31","guid":{"rendered":"http:\/\/tugraztestweb.asol.at\/gesamtverzeichnis\/unkategorisiert\/dense-cities\/"},"modified":"2020-08-21T14:55:31","modified_gmt":"2020-08-21T12:55:31","slug":"dense-cities","status":"publish","type":"product","link":"https:\/\/tugraztestweb.asol.at\/en\/gesamtverzeichnis\/architektur\/dense-cities\/","title":{"rendered":"Dense Cities"},"content":{"rendered":"<p class=\"qtranxs-available-languages-message qtranxs-available-languages-message-en\">Sorry, this entry is only available in <a href=\"https:\/\/tugraztestweb.asol.at\/de\/wp-json\/wp\/v2\/product\/30244\" class=\"qtranxs-available-language-link qtranxs-available-language-link-de\" title=\"Deutsch\">Deutsch<\/a>.<\/p><p>Die Publikation \u201eDense Cities\u201c dokumentiert Projekte in Forschung und Lehre, die am Institut f\u00fcr Geb\u00e4udelehre von 2009 bis 2012 durchgef\u00fchrt wurden. Neben einem ausf\u00fchrlichen \u00dcberblick \u00fcber Workshops, Symposien, sowie der Gast-Herausgabe des zweisprachigen Fakult\u00e4tsmagazins (GAM 08 \u2013 Dense Cities \u2013 Architecture for Living Closer Together) fokussiert diese Publikation auf Projekte, Lehrveranstaltungsergebnisse und Diplomarbeiten die anhand der Landeshauptstadt Graz der wirtschaftlich und \u00f6kologisch hoch relevanten Frage nach r\u00e4umlichen Verdichtung-Potenzialen aus programmatisch-funktionaler, infrastruktureller, sozialvertr\u00e4glicher und nicht zuletzt gestalterischer Sicht mit den konkreten Mitteln der Architektur \u2013 i.e. im Rahmen konkreter Entwurfsvorschl\u00e4ge f\u00fcr Nachverdichtungsszenarien im Stadtraum \u2013 nachgehen. Bauen im Bestand bzw. Nachverdichtung gepaart mit der Sanierung und Ert\u00fcchtigung von Nach,- Neu- und Umnutzung, Transformation und Erweiterung bestehender Geb\u00e4udestrukturen bis hin zur (dichteren) Ersatzneubebauung sind aktuell die wichtigsten Themen in der Siedlungs- und Stadtentwicklung ebenso wie in der architektonischen Praxis. Zu allen diesen Themenkreisen werden in der Publikation Aufgabenstellungen und L\u00f6sungsm\u00f6glichkeiten vom Gesch\u00e4ftslokal bis zum Quartiersma\u00dfstab umfassend dargestellt, illustriert und kommentiert.<\/p>","protected":false},"excerpt":{"rendered":"<p class=\"qtranxs-available-languages-message qtranxs-available-languages-message-en\">Sorry, this entry is only available in <a href=\"https:\/\/tugraztestweb.asol.at\/de\/wp-json\/wp\/v2\/product\/30244\" class=\"qtranxs-available-language-link qtranxs-available-language-link-de\" title=\"Deutsch\">Deutsch<\/a>.<\/p>\n<p>Die Publikation \u201eDense Cities\u201c dokumentiert Projekte in Forschung und Lehre, die am Institut f\u00fcr Geb\u00e4udelehre von 2009 bis 2012 durchgef\u00fchrt wurden. Neben einem ausf\u00fchrlichen \u00dcberblick \u00fcber Workshops, Symposien, sowie der Gast-Herausgabe des zweisprachigen Fakult\u00e4tsmagazins (GAM 08 \u2013 Dense Cities \u2013 Architecture for Living Closer Together) fokussiert diese Publikation auf Projekte, Lehrveranstaltungsergebnisse und Diplomarbeiten die anhand der Landeshauptstadt Graz der wirtschaftlich und \u00f6kologisch hoch relevanten Frage nach r\u00e4umlichen Verdichtung-Potenzialen aus programmatisch-funktionaler, infrastruktureller, sozialvertr\u00e4glicher und nicht zuletzt gestalterischer Sicht mit den konkreten Mitteln der Architektur \u2013 i.e. im Rahmen konkreter Entwurfsvorschl\u00e4ge f\u00fcr Nachverdichtungsszenarien im Stadtraum \u2013 nachgehen. Bauen im Bestand bzw. Nachverdichtung gepaart mit der Sanierung und Ert\u00fcchtigung von Nach,- Neu- und Umnutzung, Transformation und Erweiterung bestehender Geb\u00e4udestrukturen bis hin zur (dichteren) Ersatzneubebauung sind aktuell die wichtigsten Themen in der Siedlungs- und Stadtentwicklung ebenso wie in der architektonischen Praxis. Zu allen diesen Themenkreisen werden in der Publikation Aufgabenstellungen und L\u00f6sungsm\u00f6glichkeiten vom Gesch\u00e4ftslokal bis zum Quartiersma\u00dfstab umfassend dargestellt, illustriert und kommentiert.<\/p>\n","protected":false},"featured_media":39841,"comment_status":"open","ping_status":"closed","template":"","meta":[],"yoast_head":"<!-- This site is optimized with the Yoast SEO plugin v16.1.1 - https:\/\/yoast.com\/wordpress\/plugins\/seo\/ -->\n<link rel=\"canonical\" href=\"https:\/\/tugraztestweb.asol.at\/en\/gesamtverzeichnis\/architektur\/dense-cities\/\" \/>\n<meta property=\"og:locale\" content=\"en_US\" \/>\n<meta property=\"og:type\" content=\"article\" \/>\n<meta property=\"og:title\" content=\"Dense Cities - Verlag der TU Graz\" \/>\n<meta property=\"og:description\" content=\"Die Publikation \u201eDense Cities\u201c dokumentiert Projekte in Forschung und Lehre, die am Institut f\u00fcr Geb\u00e4udelehre von 2009 bis 2012 durchgef\u00fchrt wurden. Neben einem ausf\u00fchrlichen \u00dcberblick \u00fcber Workshops, Symposien, sowie der Gast-Herausgabe des zweisprachigen Fakult\u00e4tsmagazins (GAM 08 \u2013 Dense Cities \u2013 Architecture for Living Closer Together) fokussiert diese Publikation auf Projekte, Lehrveranstaltungsergebnisse und Diplomarbeiten die anhand der Landeshauptstadt Graz der wirtschaftlich und \u00f6kologisch hoch relevanten Frage nach r\u00e4umlichen Verdichtung-Potenzialen aus programmatisch-funktionaler, infrastruktureller, sozialvertr\u00e4glicher und nicht zuletzt gestalterischer Sicht mit den konkreten Mitteln der Architektur \u2013 i.e. im Rahmen konkreter Entwurfsvorschl\u00e4ge f\u00fcr Nachverdichtungsszenarien im Stadtraum \u2013 nachgehen. Bauen im Bestand bzw. Nachverdichtung gepaart mit der Sanierung und Ert\u00fcchtigung von Nach,- Neu- und Umnutzung, Transformation und Erweiterung bestehender Geb\u00e4udestrukturen bis hin zur (dichteren) Ersatzneubebauung sind aktuell die wichtigsten Themen in der Siedlungs- und Stadtentwicklung ebenso wie in der architektonischen Praxis. Zu allen diesen Themenkreisen werden in der Publikation Aufgabenstellungen und L\u00f6sungsm\u00f6glichkeiten vom Gesch\u00e4ftslokal bis zum Quartiersma\u00dfstab umfassend dargestellt, illustriert und kommentiert.\" \/>\n<meta property=\"og:url\" content=\"https:\/\/tugraztestweb.asol.at\/en\/gesamtverzeichnis\/architektur\/dense-cities\/\" \/>\n<meta property=\"og:site_name\" content=\"Verlag der TU Graz\" \/>\n<meta property=\"article:modified_time\" content=\"2020-08-21T12:55:31+00:00\" \/>\n<meta property=\"og:image\" content=\"https:\/\/tugraztestweb.asol.at\/wp-content\/uploads\/2020\/08\/image-978-3-85125-265-1.jpg\" \/>\n\t<meta property=\"og:image:width\" content=\"433\" \/>\n\t<meta property=\"og:image:height\" content=\"567\" \/>\n<meta name=\"twitter:card\" content=\"summary_large_image\" \/>\n<meta name=\"twitter:label1\" content=\"Est. reading time\">\n\t<meta name=\"twitter:data1\" content=\"1 minute\">\n<script type=\"application\/ld+json\" class=\"yoast-schema-graph\">{\"@context\":\"https:\/\/schema.org\",\"@graph\":[{\"@type\":\"WebSite\",\"@id\":\"https:\/\/tugraztestweb.asol.at\/#website\",\"url\":\"https:\/\/tugraztestweb.asol.at\/\",\"name\":\"Verlag der TU Graz\",\"description\":\"Verlag der Technischen Universit\\u00e4t Graz\",\"potentialAction\":[{\"@type\":\"SearchAction\",\"target\":\"https:\/\/tugraztestweb.asol.at\/?s={search_term_string}\",\"query-input\":\"required name=search_term_string\"}],\"inLanguage\":\"en-US\"},{\"@type\":\"ImageObject\",\"@id\":\"https:\/\/tugraztestweb.asol.at\/en\/gesamtverzeichnis\/architektur\/dense-cities\/#primaryimage\",\"inLanguage\":\"en-US\",\"url\":\"https:\/\/tugraztestweb.asol.at\/wp-content\/uploads\/2020\/08\/image-978-3-85125-265-1.jpg\",\"contentUrl\":\"https:\/\/tugraztestweb.asol.at\/wp-content\/uploads\/2020\/08\/image-978-3-85125-265-1.jpg\",\"width\":433,\"height\":567},{\"@type\":\"WebPage\",\"@id\":\"https:\/\/tugraztestweb.asol.at\/en\/gesamtverzeichnis\/architektur\/dense-cities\/#webpage\",\"url\":\"https:\/\/tugraztestweb.asol.at\/en\/gesamtverzeichnis\/architektur\/dense-cities\/\",\"name\":\"Dense Cities - Verlag der TU Graz\",\"isPartOf\":{\"@id\":\"https:\/\/tugraztestweb.asol.at\/#website\"},\"primaryImageOfPage\":{\"@id\":\"https:\/\/tugraztestweb.asol.at\/en\/gesamtverzeichnis\/architektur\/dense-cities\/#primaryimage\"},\"datePublished\":\"2020-08-21T12:54:31+00:00\",\"dateModified\":\"2020-08-21T12:55:31+00:00\",\"breadcrumb\":{\"@id\":\"https:\/\/tugraztestweb.asol.at\/en\/gesamtverzeichnis\/architektur\/dense-cities\/#breadcrumb\"},\"inLanguage\":\"en-US\",\"potentialAction\":[{\"@type\":\"ReadAction\",\"target\":[\"https:\/\/tugraztestweb.asol.at\/en\/gesamtverzeichnis\/architektur\/dense-cities\/\"]}]},{\"@type\":\"BreadcrumbList\",\"@id\":\"https:\/\/tugraztestweb.asol.at\/en\/gesamtverzeichnis\/architektur\/dense-cities\/#breadcrumb\",\"itemListElement\":[{\"@type\":\"ListItem\",\"position\":1,\"item\":{\"@type\":\"WebPage\",\"@id\":\"https:\/\/tugraztestweb.asol.at\/\",\"url\":\"https:\/\/tugraztestweb.asol.at\/\",\"name\":\"Home\"}},{\"@type\":\"ListItem\",\"position\":2,\"item\":{\"@type\":\"WebPage\",\"@id\":\"https:\/\/tugraztestweb.asol.at\/gesamtverzeichnis\/\",\"url\":\"https:\/\/tugraztestweb.asol.at\/gesamtverzeichnis\/\",\"name\":\"Gesamtverzeichnis\"}},{\"@type\":\"ListItem\",\"position\":3,\"item\":{\"@type\":\"WebPage\",\"@id\":\"https:\/\/tugraztestweb.asol.at\/en\/gesamtverzeichnis\/architektur\/dense-cities\/\",\"url\":\"https:\/\/tugraztestweb.asol.at\/en\/gesamtverzeichnis\/architektur\/dense-cities\/\",\"name\":\"Dense Cities\"}}]}]}<\/script>\n<!-- \/ Yoast SEO plugin. -->","_links":{"self":[{"href":"https:\/\/tugraztestweb.asol.at\/en\/wp-json\/wp\/v2\/product\/30244"}],"collection":[{"href":"https:\/\/tugraztestweb.asol.at\/en\/wp-json\/wp\/v2\/product"}],"about":[{"href":"https:\/\/tugraztestweb.asol.at\/en\/wp-json\/wp\/v2\/types\/product"}],"replies":[{"embeddable":true,"href":"https:\/\/tugraztestweb.asol.at\/en\/wp-json\/wp\/v2\/comments?post=30244"}],"wp:featuredmedia":[{"embeddable":true,"href":"https:\/\/tugraztestweb.asol.at\/en\/wp-json\/wp\/v2\/media\/39841"}],"wp:attachment":[{"href":"https:\/\/tugraztestweb.asol.at\/en\/wp-json\/wp\/v2\/media?parent=30244"}],"curies":[{"name":"wp","href":"https:\/\/api.w.org\/{rel}","templated":true}]}}