{"id":30252,"date":"2020-08-21T12:54:31","date_gmt":"2020-08-21T12:54:31","guid":{"rendered":"http:\/\/tugraztestweb.asol.at\/gesamtverzeichnis\/unkategorisiert\/starrer-und-nachgiebiger-verbund-bei-geschichteten-flaechenhaften-holzstrukturen-2\/"},"modified":"2020-08-21T14:55:31","modified_gmt":"2020-08-21T12:55:31","slug":"starrer-und-nachgiebiger-verbund-bei-geschichteten-flaechenhaften-holzstrukturen-ebook","status":"publish","type":"product","link":"https:\/\/tugraztestweb.asol.at\/en\/gesamtverzeichnis\/bauingenieurwissenschaften\/starrer-und-nachgiebiger-verbund-bei-geschichteten-flaechenhaften-holzstrukturen-ebook\/","title":{"rendered":"Starrer und nachgiebiger Verbund bei geschichteten, fl\u00e4chenhaften Holzstrukturen"},"content":{"rendered":"<p class=\"qtranxs-available-languages-message qtranxs-available-languages-message-en\">Sorry, this entry is only available in <a href=\"https:\/\/tugraztestweb.asol.at\/de\/wp-json\/wp\/v2\/product\/30252\" class=\"qtranxs-available-language-link qtranxs-available-language-link-de\" title=\"Deutsch\">Deutsch<\/a>.<\/p><p>Die in dieser Arbeit beschriebenen plattenf\u00f6rmigen Holzstrukturen bestehen aus einer bestimmten Anzahl von Holzschichten \u00fcber die Dicke, wobei eine unterschiedliche Orientierung der Brettlamellen in den einzelnen und miteinander starr oder nachgiebig verbundenen Schichten vorliegend ist. Die Anwendung dieser damit erzeugten fl\u00e4chenhaften Bauelemente ist vielf\u00e4ltig und reicht von weitgespannten Dachkonstruktionen \u00fcber Wand- und Deckenelemente bis zu Br\u00fcckenfahrbahnen.<br \/>Der nachgiebige Verbund des Balkens wurde bereits zahlreich behandelt. Als Beispiel gilt die Bearbeitung des mechanischen Verhaltens der eindimensionalen Verbundfuge unter Ber\u00fccksichtigung des nichtlinearen Verhaltens der mechanischen Verbindungstechnik. Bei zweidimensionalen, mehrschichtigen Holzstrukturen ist vor allem das Verhalten der Verbundfuge von Bedeutung.<br \/>In experimentellen, theoretischen und numerischen (FE) Bearbeitungen wird prim\u00e4r das Verhalten von Furniersperrholzplatten (starrer Verbund) untersucht und eine analoge theoretische Behandlung zum faserverst\u00e4rkten Kunststoff durchgef\u00fchrt. In der vorliegenden Arbeit wird im Weiteren versucht, ein mechanisches Modell zur Ber\u00fccksichtigung der Nachgiebigkeit der Verbundfuge zu entwickeln. Das Modell f\u00fcr die Brettschichten und die Verbundfuge basiert hierbei auf der anisotropen Elastizit\u00e4tstheorie. Zudem beschr\u00e4nkt sich die Arbeit auf Plattenelemente, l\u00e4sst sich allerdings auch auf Schalenstrukturen ausdehnen.<br \/><\/p>","protected":false},"excerpt":{"rendered":"<p class=\"qtranxs-available-languages-message qtranxs-available-languages-message-en\">Sorry, this entry is only available in <a href=\"https:\/\/tugraztestweb.asol.at\/de\/wp-json\/wp\/v2\/product\/30252\" class=\"qtranxs-available-language-link qtranxs-available-language-link-de\" title=\"Deutsch\">Deutsch<\/a>.<\/p>\n<p>Die in dieser Arbeit beschriebenen plattenf\u00f6rmigen Holzstrukturen bestehen aus einer bestimmten Anzahl von Holzschichten \u00fcber die Dicke, wobei eine unterschiedliche Orientierung der Brettlamellen in den einzelnen und miteinander starr oder nachgiebig verbundenen Schichten vorliegend ist. Die Anwendung dieser damit erzeugten fl\u00e4chenhaften Bauelemente ist vielf\u00e4ltig und reicht von weitgespannten Dachkonstruktionen \u00fcber Wand- und Deckenelemente bis zu Br\u00fcckenfahrbahnen.<br \/>Der nachgiebige Verbund des Balkens wurde bereits zahlreich behandelt. Als Beispiel gilt die Bearbeitung des mechanischen Verhaltens der eindimensionalen Verbundfuge unter Ber\u00fccksichtigung des nichtlinearen Verhaltens der mechanischen Verbindungstechnik. Bei zweidimensionalen, mehrschichtigen Holzstrukturen ist vor allem das Verhalten der Verbundfuge von Bedeutung.<br \/>In experimentellen, theoretischen und numerischen (FE) Bearbeitungen wird prim\u00e4r das Verhalten von Furniersperrholzplatten (starrer Verbund) untersucht und eine analoge theoretische Behandlung zum faserverst\u00e4rkten Kunststoff durchgef\u00fchrt. In der vorliegenden Arbeit wird im Weiteren versucht, ein mechanisches Modell zur Ber\u00fccksichtigung der Nachgiebigkeit der Verbundfuge zu entwickeln. Das Modell f\u00fcr die Brettschichten und die Verbundfuge basiert hierbei auf der anisotropen Elastizit\u00e4tstheorie. Zudem beschr\u00e4nkt sich die Arbeit auf Plattenelemente, l\u00e4sst sich allerdings auch auf Schalenstrukturen ausdehnen.<\/p>\n","protected":false},"featured_media":39845,"comment_status":"open","ping_status":"closed","template":"","meta":[],"yoast_head":"<!-- This site is optimized with the Yoast SEO plugin v16.1.1 - https:\/\/yoast.com\/wordpress\/plugins\/seo\/ -->\n<link rel=\"canonical\" href=\"https:\/\/tugraztestweb.asol.at\/gesamtverzeichnis\/bauingenieurwissenschaften\/starrer-und-nachgiebiger-verbund-bei-geschichteten-flaechenhaften-holzstrukturen-ebook\/\" \/>\n<meta property=\"og:locale\" content=\"en_US\" \/>\n<meta property=\"og:type\" content=\"article\" \/>\n<meta property=\"og:title\" content=\"Starrer und nachgiebiger Verbund bei geschichteten, fl\u00e4chenhaften Holzstrukturen - Verlag der TU Graz\" \/>\n<meta property=\"og:description\" content=\"Die in dieser Arbeit beschriebenen plattenf\u00f6rmigen Holzstrukturen bestehen aus einer bestimmten Anzahl von Holzschichten \u00fcber die Dicke, wobei eine unterschiedliche Orientierung der Brettlamellen in den einzelnen und miteinander starr oder nachgiebig verbundenen Schichten vorliegend ist. Die Anwendung dieser damit erzeugten fl\u00e4chenhaften Bauelemente ist vielf\u00e4ltig und reicht von weitgespannten Dachkonstruktionen \u00fcber Wand- und Deckenelemente bis zu Br\u00fcckenfahrbahnen.Der nachgiebige Verbund des Balkens wurde bereits zahlreich behandelt. Als Beispiel gilt die Bearbeitung des mechanischen Verhaltens der eindimensionalen Verbundfuge unter Ber\u00fccksichtigung des nichtlinearen Verhaltens der mechanischen Verbindungstechnik. Bei zweidimensionalen, mehrschichtigen Holzstrukturen ist vor allem das Verhalten der Verbundfuge von Bedeutung.In experimentellen, theoretischen und numerischen (FE) Bearbeitungen wird prim\u00e4r das Verhalten von Furniersperrholzplatten (starrer Verbund) untersucht und eine analoge theoretische Behandlung zum faserverst\u00e4rkten Kunststoff durchgef\u00fchrt. In der vorliegenden Arbeit wird im Weiteren versucht, ein mechanisches Modell zur Ber\u00fccksichtigung der Nachgiebigkeit der Verbundfuge zu entwickeln. Das Modell f\u00fcr die Brettschichten und die Verbundfuge basiert hierbei auf der anisotropen Elastizit\u00e4tstheorie. Zudem beschr\u00e4nkt sich die Arbeit auf Plattenelemente, l\u00e4sst sich allerdings auch auf Schalenstrukturen ausdehnen.\" \/>\n<meta property=\"og:url\" content=\"https:\/\/tugraztestweb.asol.at\/gesamtverzeichnis\/bauingenieurwissenschaften\/starrer-und-nachgiebiger-verbund-bei-geschichteten-flaechenhaften-holzstrukturen-ebook\/\" \/>\n<meta property=\"og:site_name\" content=\"Verlag der TU Graz\" \/>\n<meta property=\"article:modified_time\" content=\"2020-08-21T12:55:31+00:00\" \/>\n<meta property=\"og:image\" content=\"https:\/\/tugraztestweb.asol.at\/wp-content\/uploads\/2020\/08\/image-978-3-85125-268-2.jpg\" \/>\n\t<meta property=\"og:image:width\" content=\"460\" \/>\n\t<meta property=\"og:image:height\" content=\"678\" \/>\n<meta name=\"twitter:card\" content=\"summary_large_image\" \/>\n<meta name=\"twitter:label1\" content=\"Est. reading time\">\n\t<meta name=\"twitter:data1\" content=\"1 minute\">\n<script type=\"application\/ld+json\" class=\"yoast-schema-graph\">{\"@context\":\"https:\/\/schema.org\",\"@graph\":[{\"@type\":\"WebSite\",\"@id\":\"https:\/\/tugraztestweb.asol.at\/#website\",\"url\":\"https:\/\/tugraztestweb.asol.at\/\",\"name\":\"Verlag der TU Graz\",\"description\":\"Verlag der Technischen Universit\\u00e4t Graz\",\"potentialAction\":[{\"@type\":\"SearchAction\",\"target\":\"https:\/\/tugraztestweb.asol.at\/?s={search_term_string}\",\"query-input\":\"required name=search_term_string\"}],\"inLanguage\":\"en-US\"},{\"@type\":\"ImageObject\",\"@id\":\"https:\/\/tugraztestweb.asol.at\/gesamtverzeichnis\/bauingenieurwissenschaften\/starrer-und-nachgiebiger-verbund-bei-geschichteten-flaechenhaften-holzstrukturen-ebook\/#primaryimage\",\"inLanguage\":\"en-US\",\"url\":\"https:\/\/tugraztestweb.asol.at\/wp-content\/uploads\/2020\/08\/image-978-3-85125-268-2.jpg\",\"contentUrl\":\"https:\/\/tugraztestweb.asol.at\/wp-content\/uploads\/2020\/08\/image-978-3-85125-268-2.jpg\",\"width\":460,\"height\":678},{\"@type\":\"WebPage\",\"@id\":\"https:\/\/tugraztestweb.asol.at\/gesamtverzeichnis\/bauingenieurwissenschaften\/starrer-und-nachgiebiger-verbund-bei-geschichteten-flaechenhaften-holzstrukturen-ebook\/#webpage\",\"url\":\"https:\/\/tugraztestweb.asol.at\/gesamtverzeichnis\/bauingenieurwissenschaften\/starrer-und-nachgiebiger-verbund-bei-geschichteten-flaechenhaften-holzstrukturen-ebook\/\",\"name\":\"Starrer und nachgiebiger Verbund bei geschichteten, fl\\u00e4chenhaften Holzstrukturen - Verlag der TU Graz\",\"isPartOf\":{\"@id\":\"https:\/\/tugraztestweb.asol.at\/#website\"},\"primaryImageOfPage\":{\"@id\":\"https:\/\/tugraztestweb.asol.at\/gesamtverzeichnis\/bauingenieurwissenschaften\/starrer-und-nachgiebiger-verbund-bei-geschichteten-flaechenhaften-holzstrukturen-ebook\/#primaryimage\"},\"datePublished\":\"2020-08-21T12:54:31+00:00\",\"dateModified\":\"2020-08-21T12:55:31+00:00\",\"breadcrumb\":{\"@id\":\"https:\/\/tugraztestweb.asol.at\/gesamtverzeichnis\/bauingenieurwissenschaften\/starrer-und-nachgiebiger-verbund-bei-geschichteten-flaechenhaften-holzstrukturen-ebook\/#breadcrumb\"},\"inLanguage\":\"en-US\",\"potentialAction\":[{\"@type\":\"ReadAction\",\"target\":[\"https:\/\/tugraztestweb.asol.at\/gesamtverzeichnis\/bauingenieurwissenschaften\/starrer-und-nachgiebiger-verbund-bei-geschichteten-flaechenhaften-holzstrukturen-ebook\/\"]}]},{\"@type\":\"BreadcrumbList\",\"@id\":\"https:\/\/tugraztestweb.asol.at\/gesamtverzeichnis\/bauingenieurwissenschaften\/starrer-und-nachgiebiger-verbund-bei-geschichteten-flaechenhaften-holzstrukturen-ebook\/#breadcrumb\",\"itemListElement\":[{\"@type\":\"ListItem\",\"position\":1,\"item\":{\"@type\":\"WebPage\",\"@id\":\"https:\/\/tugraztestweb.asol.at\/\",\"url\":\"https:\/\/tugraztestweb.asol.at\/\",\"name\":\"Home\"}},{\"@type\":\"ListItem\",\"position\":2,\"item\":{\"@type\":\"WebPage\",\"@id\":\"https:\/\/tugraztestweb.asol.at\/gesamtverzeichnis\/\",\"url\":\"https:\/\/tugraztestweb.asol.at\/gesamtverzeichnis\/\",\"name\":\"Gesamtverzeichnis\"}},{\"@type\":\"ListItem\",\"position\":3,\"item\":{\"@type\":\"WebPage\",\"@id\":\"https:\/\/tugraztestweb.asol.at\/gesamtverzeichnis\/bauingenieurwissenschaften\/starrer-und-nachgiebiger-verbund-bei-geschichteten-flaechenhaften-holzstrukturen-ebook\/\",\"url\":\"https:\/\/tugraztestweb.asol.at\/gesamtverzeichnis\/bauingenieurwissenschaften\/starrer-und-nachgiebiger-verbund-bei-geschichteten-flaechenhaften-holzstrukturen-ebook\/\",\"name\":\"Starrer und nachgiebiger Verbund bei geschichteten, fl\\u00e4chenhaften Holzstrukturen\"}}]}]}<\/script>\n<!-- \/ Yoast SEO plugin. -->","_links":{"self":[{"href":"https:\/\/tugraztestweb.asol.at\/en\/wp-json\/wp\/v2\/product\/30252"}],"collection":[{"href":"https:\/\/tugraztestweb.asol.at\/en\/wp-json\/wp\/v2\/product"}],"about":[{"href":"https:\/\/tugraztestweb.asol.at\/en\/wp-json\/wp\/v2\/types\/product"}],"replies":[{"embeddable":true,"href":"https:\/\/tugraztestweb.asol.at\/en\/wp-json\/wp\/v2\/comments?post=30252"}],"wp:featuredmedia":[{"embeddable":true,"href":"https:\/\/tugraztestweb.asol.at\/en\/wp-json\/wp\/v2\/media\/39845"}],"wp:attachment":[{"href":"https:\/\/tugraztestweb.asol.at\/en\/wp-json\/wp\/v2\/media?parent=30252"}],"curies":[{"name":"wp","href":"https:\/\/api.w.org\/{rel}","templated":true}]}}