{"id":30254,"date":"2020-08-21T12:54:31","date_gmt":"2020-08-21T12:54:31","guid":{"rendered":"http:\/\/tugraztestweb.asol.at\/gesamtverzeichnis\/unkategorisiert\/125-jahre-alte-technik\/"},"modified":"2020-08-21T14:55:31","modified_gmt":"2020-08-21T12:55:31","slug":"125-jahre-alte-technik","status":"publish","type":"product","link":"https:\/\/tugraztestweb.asol.at\/en\/gesamtverzeichnis\/interdiszipinaeres\/125-jahre-alte-technik\/","title":{"rendered":"125 Jahre Alte Technik"},"content":{"rendered":"<p class=\"qtranxs-available-languages-message qtranxs-available-languages-message-en\">Sorry, this entry is only available in <a href=\"https:\/\/tugraztestweb.asol.at\/de\/wp-json\/wp\/v2\/product\/30254\" class=\"qtranxs-available-language-link qtranxs-available-language-link-de\" title=\"Deutsch\">Deutsch<\/a>.<\/p><p>Die reich bebilderte Festschrift zur 125. Wiederkehr der Er\u00f6ffnung der \u201eAlten Technik\u201c in Graz gibt einen spannenden R\u00fcckblick auf die Vorgeschichte des Baues, seine Hintergr\u00fcnde und die Planungsphase. Sie enth\u00e4lt aber auch alle wissenswerten Fakten zur Baugeschichte selbst, zur feierlichen Er\u00f6ffnung und zur architektonischen Konzeption dieses Bauwerkes. Dessen Errichtung setzte wichtige Akzente im damaligen Entwicklungsraum des Grazer Stadtgebietes \u00f6stlich des Glacis.<br \/>\nIn leicht lesbarer Form wird eine F\u00fclle interessanter Fakten pr\u00e4sentiert, die da und dort zum Nachdenken, aber auch zum Schmunzeln anregen.<br \/>\nEine Serie der bisher nicht ver\u00f6ffentlichten \u00e4ltesten fotografischen Abbildungen der \u201eAlten Technik\u201c und eine Zeitreise anhand von Ansichtskarten, die die \u201eAlte Technik\u201c zum Bildinhalt haben, runden den Inhalt des Buches ab.<\/p>","protected":false},"excerpt":{"rendered":"<p class=\"qtranxs-available-languages-message qtranxs-available-languages-message-en\">Sorry, this entry is only available in <a href=\"https:\/\/tugraztestweb.asol.at\/de\/wp-json\/wp\/v2\/product\/30254\" class=\"qtranxs-available-language-link qtranxs-available-language-link-de\" title=\"Deutsch\">Deutsch<\/a>.<\/p>\n<p>Die reich bebilderte Festschrift zur 125. Wiederkehr der Er\u00f6ffnung der \u201eAlten Technik\u201c in Graz gibt einen spannenden R\u00fcckblick auf die Vorgeschichte des Baues, seine Hintergr\u00fcnde und die Planungsphase. Sie enth\u00e4lt aber auch alle wissenswerten Fakten zur Baugeschichte selbst, zur feierlichen Er\u00f6ffnung und zur architektonischen Konzeption dieses Bauwerkes. Dessen Errichtung setzte wichtige Akzente im damaligen Entwicklungsraum des Grazer Stadtgebietes \u00f6stlich des Glacis.<br \/>\nIn leicht lesbarer Form wird eine F\u00fclle interessanter Fakten pr\u00e4sentiert, die da und dort zum Nachdenken, aber auch zum Schmunzeln anregen.<br \/>\nEine Serie der bisher nicht ver\u00f6ffentlichten \u00e4ltesten fotografischen Abbildungen der \u201eAlten Technik\u201c und eine Zeitreise anhand von Ansichtskarten, die die \u201eAlte Technik\u201c zum Bildinhalt haben, runden den Inhalt des Buches ab.<\/p>\n","protected":false},"featured_media":39846,"comment_status":"open","ping_status":"closed","template":"","meta":[],"yoast_head":"<!-- This site is optimized with the Yoast SEO plugin v16.1.1 - https:\/\/yoast.com\/wordpress\/plugins\/seo\/ -->\n<link rel=\"canonical\" href=\"https:\/\/tugraztestweb.asol.at\/en\/gesamtverzeichnis\/interdiszipinaeres\/125-jahre-alte-technik\/\" \/>\n<meta property=\"og:locale\" content=\"en_US\" \/>\n<meta property=\"og:type\" content=\"article\" \/>\n<meta property=\"og:title\" content=\"125 Jahre Alte Technik - Verlag der TU Graz\" \/>\n<meta property=\"og:description\" content=\"Die reich bebilderte Festschrift zur 125. Wiederkehr der Er\u00f6ffnung der \u201eAlten Technik\u201c in Graz gibt einen spannenden R\u00fcckblick auf die Vorgeschichte des Baues, seine Hintergr\u00fcnde und die Planungsphase. Sie enth\u00e4lt aber auch alle wissenswerten Fakten zur Baugeschichte selbst, zur feierlichen Er\u00f6ffnung und zur architektonischen Konzeption dieses Bauwerkes. Dessen Errichtung setzte wichtige Akzente im damaligen Entwicklungsraum des Grazer Stadtgebietes \u00f6stlich des Glacis. In leicht lesbarer Form wird eine F\u00fclle interessanter Fakten pr\u00e4sentiert, die da und dort zum Nachdenken, aber auch zum Schmunzeln anregen. Eine Serie der bisher nicht ver\u00f6ffentlichten \u00e4ltesten fotografischen Abbildungen der \u201eAlten Technik\u201c und eine Zeitreise anhand von Ansichtskarten, die die \u201eAlte Technik\u201c zum Bildinhalt haben, runden den Inhalt des Buches ab.\" \/>\n<meta property=\"og:url\" content=\"https:\/\/tugraztestweb.asol.at\/en\/gesamtverzeichnis\/interdiszipinaeres\/125-jahre-alte-technik\/\" \/>\n<meta property=\"og:site_name\" content=\"Verlag der TU Graz\" \/>\n<meta property=\"article:modified_time\" content=\"2020-08-21T12:55:31+00:00\" \/>\n<meta property=\"og:image\" content=\"https:\/\/tugraztestweb.asol.at\/wp-content\/uploads\/2020\/08\/image-978-3-85125-307-8.jpg\" \/>\n\t<meta property=\"og:image:width\" content=\"446\" \/>\n\t<meta property=\"og:image:height\" content=\"458\" \/>\n<meta name=\"twitter:card\" content=\"summary_large_image\" \/>\n<meta name=\"twitter:label1\" content=\"Est. reading time\">\n\t<meta name=\"twitter:data1\" content=\"1 minute\">\n<script type=\"application\/ld+json\" class=\"yoast-schema-graph\">{\"@context\":\"https:\/\/schema.org\",\"@graph\":[{\"@type\":\"WebSite\",\"@id\":\"https:\/\/tugraztestweb.asol.at\/#website\",\"url\":\"https:\/\/tugraztestweb.asol.at\/\",\"name\":\"Verlag der TU Graz\",\"description\":\"Verlag der Technischen Universit\\u00e4t Graz\",\"potentialAction\":[{\"@type\":\"SearchAction\",\"target\":\"https:\/\/tugraztestweb.asol.at\/?s={search_term_string}\",\"query-input\":\"required name=search_term_string\"}],\"inLanguage\":\"en-US\"},{\"@type\":\"ImageObject\",\"@id\":\"https:\/\/tugraztestweb.asol.at\/en\/gesamtverzeichnis\/interdiszipinaeres\/125-jahre-alte-technik\/#primaryimage\",\"inLanguage\":\"en-US\",\"url\":\"https:\/\/tugraztestweb.asol.at\/wp-content\/uploads\/2020\/08\/image-978-3-85125-307-8.jpg\",\"contentUrl\":\"https:\/\/tugraztestweb.asol.at\/wp-content\/uploads\/2020\/08\/image-978-3-85125-307-8.jpg\",\"width\":446,\"height\":458},{\"@type\":\"WebPage\",\"@id\":\"https:\/\/tugraztestweb.asol.at\/en\/gesamtverzeichnis\/interdiszipinaeres\/125-jahre-alte-technik\/#webpage\",\"url\":\"https:\/\/tugraztestweb.asol.at\/en\/gesamtverzeichnis\/interdiszipinaeres\/125-jahre-alte-technik\/\",\"name\":\"125 Jahre Alte Technik - Verlag der TU Graz\",\"isPartOf\":{\"@id\":\"https:\/\/tugraztestweb.asol.at\/#website\"},\"primaryImageOfPage\":{\"@id\":\"https:\/\/tugraztestweb.asol.at\/en\/gesamtverzeichnis\/interdiszipinaeres\/125-jahre-alte-technik\/#primaryimage\"},\"datePublished\":\"2020-08-21T12:54:31+00:00\",\"dateModified\":\"2020-08-21T12:55:31+00:00\",\"breadcrumb\":{\"@id\":\"https:\/\/tugraztestweb.asol.at\/en\/gesamtverzeichnis\/interdiszipinaeres\/125-jahre-alte-technik\/#breadcrumb\"},\"inLanguage\":\"en-US\",\"potentialAction\":[{\"@type\":\"ReadAction\",\"target\":[\"https:\/\/tugraztestweb.asol.at\/en\/gesamtverzeichnis\/interdiszipinaeres\/125-jahre-alte-technik\/\"]}]},{\"@type\":\"BreadcrumbList\",\"@id\":\"https:\/\/tugraztestweb.asol.at\/en\/gesamtverzeichnis\/interdiszipinaeres\/125-jahre-alte-technik\/#breadcrumb\",\"itemListElement\":[{\"@type\":\"ListItem\",\"position\":1,\"item\":{\"@type\":\"WebPage\",\"@id\":\"https:\/\/tugraztestweb.asol.at\/\",\"url\":\"https:\/\/tugraztestweb.asol.at\/\",\"name\":\"Home\"}},{\"@type\":\"ListItem\",\"position\":2,\"item\":{\"@type\":\"WebPage\",\"@id\":\"https:\/\/tugraztestweb.asol.at\/gesamtverzeichnis\/\",\"url\":\"https:\/\/tugraztestweb.asol.at\/gesamtverzeichnis\/\",\"name\":\"Gesamtverzeichnis\"}},{\"@type\":\"ListItem\",\"position\":3,\"item\":{\"@type\":\"WebPage\",\"@id\":\"https:\/\/tugraztestweb.asol.at\/en\/gesamtverzeichnis\/interdiszipinaeres\/125-jahre-alte-technik\/\",\"url\":\"https:\/\/tugraztestweb.asol.at\/en\/gesamtverzeichnis\/interdiszipinaeres\/125-jahre-alte-technik\/\",\"name\":\"125 Jahre Alte Technik\"}}]}]}<\/script>\n<!-- \/ Yoast SEO plugin. -->","_links":{"self":[{"href":"https:\/\/tugraztestweb.asol.at\/en\/wp-json\/wp\/v2\/product\/30254"}],"collection":[{"href":"https:\/\/tugraztestweb.asol.at\/en\/wp-json\/wp\/v2\/product"}],"about":[{"href":"https:\/\/tugraztestweb.asol.at\/en\/wp-json\/wp\/v2\/types\/product"}],"replies":[{"embeddable":true,"href":"https:\/\/tugraztestweb.asol.at\/en\/wp-json\/wp\/v2\/comments?post=30254"}],"wp:featuredmedia":[{"embeddable":true,"href":"https:\/\/tugraztestweb.asol.at\/en\/wp-json\/wp\/v2\/media\/39846"}],"wp:attachment":[{"href":"https:\/\/tugraztestweb.asol.at\/en\/wp-json\/wp\/v2\/media?parent=30254"}],"curies":[{"name":"wp","href":"https:\/\/api.w.org\/{rel}","templated":true}]}}