{"id":30266,"date":"2020-08-21T12:54:31","date_gmt":"2020-08-21T12:54:31","guid":{"rendered":"http:\/\/tugraztestweb.asol.at\/gesamtverzeichnis\/unkategorisiert\/7-grazer-baubetriebs-und-baurechtsseminar\/"},"modified":"2020-08-21T14:55:31","modified_gmt":"2020-08-21T12:55:31","slug":"7-grazer-baubetriebs-und-baurechtsseminar","status":"publish","type":"product","link":"https:\/\/tugraztestweb.asol.at\/en\/gesamtverzeichnis\/bauingenieurwissenschaften\/7-grazer-baubetriebs-und-baurechtsseminar\/","title":{"rendered":"7. Grazer Baubetriebs- und Baurechtsseminar"},"content":{"rendered":"<p class=\"qtranxs-available-languages-message qtranxs-available-languages-message-en\">Sorry, this entry is only available in <a href=\"https:\/\/tugraztestweb.asol.at\/de\/wp-json\/wp\/v2\/product\/30266\" class=\"qtranxs-available-language-link qtranxs-available-language-link-de\" title=\"Deutsch\">Deutsch<\/a>.<\/p><p>Das vergangene Jahr war gerade in \u00d6sterreich bestimmt durch eine Gro\u00dfinsolvenz in der Bauwirtschaft. Grund genug f\u00fcr uns, diesem Thema ein eigenes Seminar zu widmen. Schlie\u00dflich hat nicht nur dieser Fall verdeutlicht, dass in der Abwicklung einer solchen Insolvenz zahlreiche \u201eFliehkr\u00e4fte\u201c entstehen, die sowohl in baurechtlicher, aber auch in bauwirtschaftlicher Sicht von Bedeutung sind. Das 7. Baubetriebs- und Baurechtsseminar in Bad Blumau versucht die zahlreichen offenen Fragen zu beleuchten und Best-Practice-Vorschl\u00e4ge zu erarbeiten.<\/p>","protected":false},"excerpt":{"rendered":"<p class=\"qtranxs-available-languages-message qtranxs-available-languages-message-en\">Sorry, this entry is only available in <a href=\"https:\/\/tugraztestweb.asol.at\/de\/wp-json\/wp\/v2\/product\/30266\" class=\"qtranxs-available-language-link qtranxs-available-language-link-de\" title=\"Deutsch\">Deutsch<\/a>.<\/p>\n<p>Das vergangene Jahr war gerade in \u00d6sterreich bestimmt durch eine Gro\u00dfinsolvenz in der Bauwirtschaft. Grund genug f\u00fcr uns, diesem Thema ein eigenes Seminar zu widmen. Schlie\u00dflich hat nicht nur dieser Fall verdeutlicht, dass in der Abwicklung einer solchen Insolvenz zahlreiche \u201eFliehkr\u00e4fte\u201c entstehen, die sowohl in baurechtlicher, aber auch in bauwirtschaftlicher Sicht von Bedeutung sind. Das 7. Baubetriebs- und Baurechtsseminar in Bad Blumau versucht die zahlreichen offenen Fragen zu beleuchten und Best-Practice-Vorschl\u00e4ge zu erarbeiten.<\/p>\n","protected":false},"featured_media":39851,"comment_status":"open","ping_status":"closed","template":"","meta":[],"yoast_head":"<!-- This site is optimized with the Yoast SEO plugin v16.1.1 - https:\/\/yoast.com\/wordpress\/plugins\/seo\/ -->\n<link rel=\"canonical\" href=\"https:\/\/tugraztestweb.asol.at\/gesamtverzeichnis\/bauingenieurwissenschaften\/7-grazer-baubetriebs-und-baurechtsseminar\/\" \/>\n<meta property=\"og:locale\" content=\"en_US\" \/>\n<meta property=\"og:type\" content=\"article\" \/>\n<meta property=\"og:title\" content=\"7. Grazer Baubetriebs- und Baurechtsseminar - Verlag der TU Graz\" \/>\n<meta property=\"og:description\" content=\"Das vergangene Jahr war gerade in \u00d6sterreich bestimmt durch eine Gro\u00dfinsolvenz in der Bauwirtschaft. Grund genug f\u00fcr uns, diesem Thema ein eigenes Seminar zu widmen. Schlie\u00dflich hat nicht nur dieser Fall verdeutlicht, dass in der Abwicklung einer solchen Insolvenz zahlreiche \u201eFliehkr\u00e4fte\u201c entstehen, die sowohl in baurechtlicher, aber auch in bauwirtschaftlicher Sicht von Bedeutung sind. Das 7. Baubetriebs- und Baurechtsseminar in Bad Blumau versucht die zahlreichen offenen Fragen zu beleuchten und Best-Practice-Vorschl\u00e4ge zu erarbeiten.\" \/>\n<meta property=\"og:url\" content=\"https:\/\/tugraztestweb.asol.at\/gesamtverzeichnis\/bauingenieurwissenschaften\/7-grazer-baubetriebs-und-baurechtsseminar\/\" \/>\n<meta property=\"og:site_name\" content=\"Verlag der TU Graz\" \/>\n<meta property=\"article:modified_time\" content=\"2020-08-21T12:55:31+00:00\" \/>\n<meta property=\"og:image\" content=\"https:\/\/tugraztestweb.asol.at\/wp-content\/uploads\/2020\/08\/image-978-3-85125-273-6.jpg\" \/>\n\t<meta property=\"og:image:width\" content=\"570\" \/>\n\t<meta property=\"og:image:height\" content=\"806\" \/>\n<meta name=\"twitter:card\" content=\"summary_large_image\" \/>\n<script type=\"application\/ld+json\" class=\"yoast-schema-graph\">{\"@context\":\"https:\/\/schema.org\",\"@graph\":[{\"@type\":\"WebSite\",\"@id\":\"https:\/\/tugraztestweb.asol.at\/#website\",\"url\":\"https:\/\/tugraztestweb.asol.at\/\",\"name\":\"Verlag der TU Graz\",\"description\":\"Verlag der Technischen Universit\\u00e4t Graz\",\"potentialAction\":[{\"@type\":\"SearchAction\",\"target\":\"https:\/\/tugraztestweb.asol.at\/?s={search_term_string}\",\"query-input\":\"required name=search_term_string\"}],\"inLanguage\":\"en-US\"},{\"@type\":\"ImageObject\",\"@id\":\"https:\/\/tugraztestweb.asol.at\/gesamtverzeichnis\/bauingenieurwissenschaften\/7-grazer-baubetriebs-und-baurechtsseminar\/#primaryimage\",\"inLanguage\":\"en-US\",\"url\":\"https:\/\/tugraztestweb.asol.at\/wp-content\/uploads\/2020\/08\/image-978-3-85125-273-6.jpg\",\"contentUrl\":\"https:\/\/tugraztestweb.asol.at\/wp-content\/uploads\/2020\/08\/image-978-3-85125-273-6.jpg\",\"width\":570,\"height\":806},{\"@type\":\"WebPage\",\"@id\":\"https:\/\/tugraztestweb.asol.at\/gesamtverzeichnis\/bauingenieurwissenschaften\/7-grazer-baubetriebs-und-baurechtsseminar\/#webpage\",\"url\":\"https:\/\/tugraztestweb.asol.at\/gesamtverzeichnis\/bauingenieurwissenschaften\/7-grazer-baubetriebs-und-baurechtsseminar\/\",\"name\":\"7. Grazer Baubetriebs- und Baurechtsseminar - Verlag der TU Graz\",\"isPartOf\":{\"@id\":\"https:\/\/tugraztestweb.asol.at\/#website\"},\"primaryImageOfPage\":{\"@id\":\"https:\/\/tugraztestweb.asol.at\/gesamtverzeichnis\/bauingenieurwissenschaften\/7-grazer-baubetriebs-und-baurechtsseminar\/#primaryimage\"},\"datePublished\":\"2020-08-21T12:54:31+00:00\",\"dateModified\":\"2020-08-21T12:55:31+00:00\",\"breadcrumb\":{\"@id\":\"https:\/\/tugraztestweb.asol.at\/gesamtverzeichnis\/bauingenieurwissenschaften\/7-grazer-baubetriebs-und-baurechtsseminar\/#breadcrumb\"},\"inLanguage\":\"en-US\",\"potentialAction\":[{\"@type\":\"ReadAction\",\"target\":[\"https:\/\/tugraztestweb.asol.at\/gesamtverzeichnis\/bauingenieurwissenschaften\/7-grazer-baubetriebs-und-baurechtsseminar\/\"]}]},{\"@type\":\"BreadcrumbList\",\"@id\":\"https:\/\/tugraztestweb.asol.at\/gesamtverzeichnis\/bauingenieurwissenschaften\/7-grazer-baubetriebs-und-baurechtsseminar\/#breadcrumb\",\"itemListElement\":[{\"@type\":\"ListItem\",\"position\":1,\"item\":{\"@type\":\"WebPage\",\"@id\":\"https:\/\/tugraztestweb.asol.at\/\",\"url\":\"https:\/\/tugraztestweb.asol.at\/\",\"name\":\"Home\"}},{\"@type\":\"ListItem\",\"position\":2,\"item\":{\"@type\":\"WebPage\",\"@id\":\"https:\/\/tugraztestweb.asol.at\/gesamtverzeichnis\/\",\"url\":\"https:\/\/tugraztestweb.asol.at\/gesamtverzeichnis\/\",\"name\":\"Gesamtverzeichnis\"}},{\"@type\":\"ListItem\",\"position\":3,\"item\":{\"@type\":\"WebPage\",\"@id\":\"https:\/\/tugraztestweb.asol.at\/gesamtverzeichnis\/bauingenieurwissenschaften\/7-grazer-baubetriebs-und-baurechtsseminar\/\",\"url\":\"https:\/\/tugraztestweb.asol.at\/gesamtverzeichnis\/bauingenieurwissenschaften\/7-grazer-baubetriebs-und-baurechtsseminar\/\",\"name\":\"7. Grazer Baubetriebs- und Baurechtsseminar\"}}]}]}<\/script>\n<!-- \/ Yoast SEO plugin. -->","_links":{"self":[{"href":"https:\/\/tugraztestweb.asol.at\/en\/wp-json\/wp\/v2\/product\/30266"}],"collection":[{"href":"https:\/\/tugraztestweb.asol.at\/en\/wp-json\/wp\/v2\/product"}],"about":[{"href":"https:\/\/tugraztestweb.asol.at\/en\/wp-json\/wp\/v2\/types\/product"}],"replies":[{"embeddable":true,"href":"https:\/\/tugraztestweb.asol.at\/en\/wp-json\/wp\/v2\/comments?post=30266"}],"wp:featuredmedia":[{"embeddable":true,"href":"https:\/\/tugraztestweb.asol.at\/en\/wp-json\/wp\/v2\/media\/39851"}],"wp:attachment":[{"href":"https:\/\/tugraztestweb.asol.at\/en\/wp-json\/wp\/v2\/media?parent=30266"}],"curies":[{"name":"wp","href":"https:\/\/api.w.org\/{rel}","templated":true}]}}