{"id":30268,"date":"2020-08-21T12:54:31","date_gmt":"2020-08-21T12:54:31","guid":{"rendered":"http:\/\/tugraztestweb.asol.at\/gesamtverzeichnis\/unkategorisiert\/leseturm\/"},"modified":"2020-08-21T14:55:32","modified_gmt":"2020-08-21T12:55:32","slug":"leseturm-tu-graz","status":"publish","type":"product","link":"https:\/\/tugraztestweb.asol.at\/en\/gesamtverzeichnis\/interdiszipinaeres\/leseturm-tu-graz\/","title":{"rendered":"Leseturm TU Graz"},"content":{"rendered":"<p class=\"qtranxs-available-languages-message qtranxs-available-languages-message-en\">Sorry, this entry is only available in <a href=\"https:\/\/tugraztestweb.asol.at\/de\/wp-json\/wp\/v2\/product\/30268\" class=\"qtranxs-available-language-link qtranxs-available-language-link-de\" title=\"Deutsch\">Deutsch<\/a>.<\/p><p>Die Bibliothek der TU Graz pr\u00e4sentiert sich heute als attraktives Lern- und Servicezentrum. Die nach den Entw\u00fcrfen von PRETTERHOFER SIMBENI ARCHITEKTEN vorgenommene Neugestaltung der Leses\u00e4le bildet den Abschluss einer Reihe von baulichen Ma\u00dfnahmen auf dem Weg zu einer modernen Bibliothek. Dieser Band vermittelt anhand von Skizzen der Architekten und eindrucksvollen Fotos von Paul Ott einen umfassenden Einblick in das gestalterische Konzept. Er widmet sich auch eingehend der Entwicklung der Bibliothek beginnend mit der Leseanstalt im Lesliehof 1812 bis zur feierlichen Neuer\u00f6ffnung der Bibliothek in der Technikerstra\u00dfe 2012. Dokumentiert wird die Baugeschichte durch teilweise unver\u00f6ffentlichte Pl\u00e4ne und Fotos aus dem Archiv der TU Graz.<\/p>","protected":false},"excerpt":{"rendered":"<p class=\"qtranxs-available-languages-message qtranxs-available-languages-message-en\">Sorry, this entry is only available in <a href=\"https:\/\/tugraztestweb.asol.at\/de\/wp-json\/wp\/v2\/product\/30268\" class=\"qtranxs-available-language-link qtranxs-available-language-link-de\" title=\"Deutsch\">Deutsch<\/a>.<\/p>\n<p>Die Bibliothek der TU Graz pr\u00e4sentiert sich heute als attraktives Lern- und Servicezentrum. Die nach den Entw\u00fcrfen von PRETTERHOFER SIMBENI ARCHITEKTEN vorgenommene Neugestaltung der Leses\u00e4le bildet den Abschluss einer Reihe von baulichen Ma\u00dfnahmen auf dem Weg zu einer modernen Bibliothek. Dieser Band vermittelt anhand von Skizzen der Architekten und eindrucksvollen Fotos von Paul Ott einen umfassenden Einblick in das gestalterische Konzept. Er widmet sich auch eingehend der Entwicklung der Bibliothek beginnend mit der Leseanstalt im Lesliehof 1812 bis zur feierlichen Neuer\u00f6ffnung der Bibliothek in der Technikerstra\u00dfe 2012. Dokumentiert wird die Baugeschichte durch teilweise unver\u00f6ffentlichte Pl\u00e4ne und Fotos aus dem Archiv der TU Graz.<\/p>\n","protected":false},"featured_media":39852,"comment_status":"open","ping_status":"closed","template":"","meta":[],"yoast_head":"<!-- This site is optimized with the Yoast SEO plugin v16.1.1 - https:\/\/yoast.com\/wordpress\/plugins\/seo\/ -->\n<link rel=\"canonical\" href=\"https:\/\/tugraztestweb.asol.at\/en\/gesamtverzeichnis\/interdiszipinaeres\/leseturm-tu-graz\/\" \/>\n<meta property=\"og:locale\" content=\"en_US\" \/>\n<meta property=\"og:type\" content=\"article\" \/>\n<meta property=\"og:title\" content=\"Leseturm TU Graz - Verlag der TU Graz\" \/>\n<meta property=\"og:description\" content=\"Die Bibliothek der TU Graz pr\u00e4sentiert sich heute als attraktives Lern- und Servicezentrum. Die nach den Entw\u00fcrfen von PRETTERHOFER SIMBENI ARCHITEKTEN vorgenommene Neugestaltung der Leses\u00e4le bildet den Abschluss einer Reihe von baulichen Ma\u00dfnahmen auf dem Weg zu einer modernen Bibliothek. Dieser Band vermittelt anhand von Skizzen der Architekten und eindrucksvollen Fotos von Paul Ott einen umfassenden Einblick in das gestalterische Konzept. Er widmet sich auch eingehend der Entwicklung der Bibliothek beginnend mit der Leseanstalt im Lesliehof 1812 bis zur feierlichen Neuer\u00f6ffnung der Bibliothek in der Technikerstra\u00dfe 2012. Dokumentiert wird die Baugeschichte durch teilweise unver\u00f6ffentlichte Pl\u00e4ne und Fotos aus dem Archiv der TU Graz.\" \/>\n<meta property=\"og:url\" content=\"https:\/\/tugraztestweb.asol.at\/en\/gesamtverzeichnis\/interdiszipinaeres\/leseturm-tu-graz\/\" \/>\n<meta property=\"og:site_name\" content=\"Verlag der TU Graz\" \/>\n<meta property=\"article:modified_time\" content=\"2020-08-21T12:55:32+00:00\" \/>\n<meta property=\"og:image\" content=\"https:\/\/tugraztestweb.asol.at\/wp-content\/uploads\/2020\/08\/image-978-3-85125-275-0.jpg\" \/>\n\t<meta property=\"og:image:width\" content=\"650\" \/>\n\t<meta property=\"og:image:height\" content=\"829\" \/>\n<meta name=\"twitter:card\" content=\"summary_large_image\" \/>\n<meta name=\"twitter:label1\" content=\"Est. reading time\">\n\t<meta name=\"twitter:data1\" content=\"1 minute\">\n<script type=\"application\/ld+json\" class=\"yoast-schema-graph\">{\"@context\":\"https:\/\/schema.org\",\"@graph\":[{\"@type\":\"WebSite\",\"@id\":\"https:\/\/tugraztestweb.asol.at\/#website\",\"url\":\"https:\/\/tugraztestweb.asol.at\/\",\"name\":\"Verlag der TU Graz\",\"description\":\"Verlag der Technischen Universit\\u00e4t Graz\",\"potentialAction\":[{\"@type\":\"SearchAction\",\"target\":\"https:\/\/tugraztestweb.asol.at\/?s={search_term_string}\",\"query-input\":\"required name=search_term_string\"}],\"inLanguage\":\"en-US\"},{\"@type\":\"ImageObject\",\"@id\":\"https:\/\/tugraztestweb.asol.at\/en\/gesamtverzeichnis\/interdiszipinaeres\/leseturm-tu-graz\/#primaryimage\",\"inLanguage\":\"en-US\",\"url\":\"https:\/\/tugraztestweb.asol.at\/wp-content\/uploads\/2020\/08\/image-978-3-85125-275-0.jpg\",\"contentUrl\":\"https:\/\/tugraztestweb.asol.at\/wp-content\/uploads\/2020\/08\/image-978-3-85125-275-0.jpg\",\"width\":650,\"height\":829},{\"@type\":\"WebPage\",\"@id\":\"https:\/\/tugraztestweb.asol.at\/en\/gesamtverzeichnis\/interdiszipinaeres\/leseturm-tu-graz\/#webpage\",\"url\":\"https:\/\/tugraztestweb.asol.at\/en\/gesamtverzeichnis\/interdiszipinaeres\/leseturm-tu-graz\/\",\"name\":\"Leseturm TU Graz - Verlag der TU Graz\",\"isPartOf\":{\"@id\":\"https:\/\/tugraztestweb.asol.at\/#website\"},\"primaryImageOfPage\":{\"@id\":\"https:\/\/tugraztestweb.asol.at\/en\/gesamtverzeichnis\/interdiszipinaeres\/leseturm-tu-graz\/#primaryimage\"},\"datePublished\":\"2020-08-21T12:54:31+00:00\",\"dateModified\":\"2020-08-21T12:55:32+00:00\",\"breadcrumb\":{\"@id\":\"https:\/\/tugraztestweb.asol.at\/en\/gesamtverzeichnis\/interdiszipinaeres\/leseturm-tu-graz\/#breadcrumb\"},\"inLanguage\":\"en-US\",\"potentialAction\":[{\"@type\":\"ReadAction\",\"target\":[\"https:\/\/tugraztestweb.asol.at\/en\/gesamtverzeichnis\/interdiszipinaeres\/leseturm-tu-graz\/\"]}]},{\"@type\":\"BreadcrumbList\",\"@id\":\"https:\/\/tugraztestweb.asol.at\/en\/gesamtverzeichnis\/interdiszipinaeres\/leseturm-tu-graz\/#breadcrumb\",\"itemListElement\":[{\"@type\":\"ListItem\",\"position\":1,\"item\":{\"@type\":\"WebPage\",\"@id\":\"https:\/\/tugraztestweb.asol.at\/\",\"url\":\"https:\/\/tugraztestweb.asol.at\/\",\"name\":\"Home\"}},{\"@type\":\"ListItem\",\"position\":2,\"item\":{\"@type\":\"WebPage\",\"@id\":\"https:\/\/tugraztestweb.asol.at\/gesamtverzeichnis\/\",\"url\":\"https:\/\/tugraztestweb.asol.at\/gesamtverzeichnis\/\",\"name\":\"Gesamtverzeichnis\"}},{\"@type\":\"ListItem\",\"position\":3,\"item\":{\"@type\":\"WebPage\",\"@id\":\"https:\/\/tugraztestweb.asol.at\/en\/gesamtverzeichnis\/interdiszipinaeres\/leseturm-tu-graz\/\",\"url\":\"https:\/\/tugraztestweb.asol.at\/en\/gesamtverzeichnis\/interdiszipinaeres\/leseturm-tu-graz\/\",\"name\":\"Leseturm TU Graz\"}}]}]}<\/script>\n<!-- \/ Yoast SEO plugin. -->","_links":{"self":[{"href":"https:\/\/tugraztestweb.asol.at\/en\/wp-json\/wp\/v2\/product\/30268"}],"collection":[{"href":"https:\/\/tugraztestweb.asol.at\/en\/wp-json\/wp\/v2\/product"}],"about":[{"href":"https:\/\/tugraztestweb.asol.at\/en\/wp-json\/wp\/v2\/types\/product"}],"replies":[{"embeddable":true,"href":"https:\/\/tugraztestweb.asol.at\/en\/wp-json\/wp\/v2\/comments?post=30268"}],"wp:featuredmedia":[{"embeddable":true,"href":"https:\/\/tugraztestweb.asol.at\/en\/wp-json\/wp\/v2\/media\/39852"}],"wp:attachment":[{"href":"https:\/\/tugraztestweb.asol.at\/en\/wp-json\/wp\/v2\/media?parent=30268"}],"curies":[{"name":"wp","href":"https:\/\/api.w.org\/{rel}","templated":true}]}}