{"id":30287,"date":"2020-08-21T12:54:35","date_gmt":"2020-08-21T12:54:35","guid":{"rendered":"http:\/\/tugraztestweb.asol.at\/gesamtverzeichnis\/unkategorisiert\/stadthaeuser-ein-segment-von-eisenerz-als-moeglichkeitsraum\/"},"modified":"2020-08-21T14:55:35","modified_gmt":"2020-08-21T12:55:35","slug":"stadthaeuser-ein-segment-von-eisenerz-als-moeglichkeitsraum","status":"publish","type":"product","link":"https:\/\/tugraztestweb.asol.at\/en\/gesamtverzeichnis\/architektur\/stadthaeuser-ein-segment-von-eisenerz-als-moeglichkeitsraum\/","title":{"rendered":"Stadth\u00e4user &#8211; Ein Segment von Eisenerz als M\u00f6glichkeitsraum"},"content":{"rendered":"<p class=\"qtranxs-available-languages-message qtranxs-available-languages-message-en\">Sorry, this entry is only available in <a href=\"https:\/\/tugraztestweb.asol.at\/de\/wp-json\/wp\/v2\/product\/30287\" class=\"qtranxs-available-language-link qtranxs-available-language-link-de\" title=\"Deutsch\">Deutsch<\/a>.<\/p><p>Als die von Schrumpfung am st\u00e4rksten betroffene Stadt \u00d6sterreichs spannt die obersteirische Bergbaustadt Eisenerz ein Feld an Fragen auf, das sich erst durch die Entflechtung der Negativberichterstattung auch als basale Suche nach Identit\u00e4ten und Besonderheiten verstehen l\u00e4sst. Mit den ehemaligen Arbeiterwohnungen in den \u201eKastenh\u00e4usern\u201c identifiziert die Autorin eine stadtr\u00e4umlich und historisch signifikante Gro\u00dfstruktur in Eisenerz, die sie analysiert, bewertet und erz\u00e4hlerisch\/entwerferisch weiter entwickelt: Bauliche Eingriffe werden durch die Anpassung an die Lebens- und Arbeitsumst\u00e4nde ihrer potenziellen Bewohnerschaft variiert und als vielschichtige M\u00f6glichkeiten zur individuellen ebenso wie kollektiven Aneignung r\u00e4umlicher Ressourcen in Szenarien illustriert. \u201eLeerstand\u201c neu und positiv gelesen kann \u201eM\u00f6glichkeitsr\u00e4ume\u201c aufzeigen wie neue Energie entwickelt werden k\u00f6nnte, indem Vorhandenes ebenso rigoros \u2013 vom Abriss bis zum Ersatzneubau \u2013 wie gestalterisch \u00fcberzeugend neu bewertet wird. Mit pers\u00f6nlichem Engagement, Interviews, detaillierten Illustrationen und hochwertigem Bild- und Anschauungsmaterial kommuniziert die Arbeit dabei ihre Vision ebenso in die Breite, wie sie durch Aufbau, thematische Entwicklung und Literatur ihre politische Relevanz und gesellschaftlichen Anspruch im aktuellen Kontext der tiefgreifenden Transformationsprozesse regionaler Strukturen belegt. Die spezifischen St\u00e4rken ebenso wie neu zu entwickelnde Kompetenzen der Architektur werden hier relevant, dringlich und vor allem konkret f\u00fcr Fragen nach nachhaltiger Raumentwicklung forschend eingebracht, indem sie M\u00f6glichkeitsr\u00e4ume rational und analytisch ebenso wie mit Anspruch an sinnlich-affizierende Qualit\u00e4ten formuliert und damit den notwendigen Transformationen gebauter Umwelt kulturelle Verantwortung \u2013 Architektur \u2013 abverlangt.<\/p>","protected":false},"excerpt":{"rendered":"<p class=\"qtranxs-available-languages-message qtranxs-available-languages-message-en\">Sorry, this entry is only available in <a href=\"https:\/\/tugraztestweb.asol.at\/de\/wp-json\/wp\/v2\/product\/30287\" class=\"qtranxs-available-language-link qtranxs-available-language-link-de\" title=\"Deutsch\">Deutsch<\/a>.<\/p>\n<p>Als die von Schrumpfung am st\u00e4rksten betroffene Stadt \u00d6sterreichs spannt die obersteirische Bergbaustadt Eisenerz ein Feld an Fragen auf, das sich erst durch die Entflechtung der Negativberichterstattung auch als basale Suche nach Identit\u00e4ten und Besonderheiten verstehen l\u00e4sst. Mit den ehemaligen Arbeiterwohnungen in den \u201eKastenh\u00e4usern\u201c identifiziert die Autorin eine stadtr\u00e4umlich und historisch signifikante Gro\u00dfstruktur in Eisenerz, die sie analysiert, bewertet und erz\u00e4hlerisch\/entwerferisch weiter entwickelt: Bauliche Eingriffe werden durch die Anpassung an die Lebens- und Arbeitsumst\u00e4nde ihrer potenziellen Bewohnerschaft variiert und als vielschichtige M\u00f6glichkeiten zur individuellen ebenso wie kollektiven Aneignung r\u00e4umlicher Ressourcen in Szenarien illustriert. \u201eLeerstand\u201c neu und positiv gelesen kann \u201eM\u00f6glichkeitsr\u00e4ume\u201c aufzeigen wie neue Energie entwickelt werden k\u00f6nnte, indem Vorhandenes ebenso rigoros \u2013 vom Abriss bis zum Ersatzneubau \u2013 wie gestalterisch \u00fcberzeugend neu bewertet wird. Mit pers\u00f6nlichem Engagement, Interviews, detaillierten Illustrationen und hochwertigem Bild- und Anschauungsmaterial kommuniziert die Arbeit dabei ihre Vision ebenso in die Breite, wie sie durch Aufbau, thematische Entwicklung und Literatur ihre politische Relevanz und gesellschaftlichen Anspruch im aktuellen Kontext der tiefgreifenden Transformationsprozesse regionaler Strukturen belegt. Die spezifischen St\u00e4rken ebenso wie neu zu entwickelnde Kompetenzen der Architektur werden hier relevant, dringlich und vor allem konkret f\u00fcr Fragen nach nachhaltiger Raumentwicklung forschend eingebracht, indem sie M\u00f6glichkeitsr\u00e4ume rational und analytisch ebenso wie mit Anspruch an sinnlich-affizierende Qualit\u00e4ten formuliert und damit den notwendigen Transformationen gebauter Umwelt kulturelle Verantwortung \u2013 Architektur \u2013 abverlangt.<\/p>\n","protected":false},"featured_media":39860,"comment_status":"open","ping_status":"closed","template":"","meta":[],"yoast_head":"<!-- This site is optimized with the Yoast SEO plugin v16.1.1 - https:\/\/yoast.com\/wordpress\/plugins\/seo\/ -->\n<link rel=\"canonical\" href=\"https:\/\/tugraztestweb.asol.at\/gesamtverzeichnis\/architektur\/stadthaeuser-ein-segment-von-eisenerz-als-moeglichkeitsraum\/\" \/>\n<meta property=\"og:locale\" content=\"en_US\" \/>\n<meta property=\"og:type\" content=\"article\" \/>\n<meta property=\"og:title\" content=\"Stadth\u00e4user - Ein Segment von Eisenerz als M\u00f6glichkeitsraum - Verlag der TU Graz\" \/>\n<meta property=\"og:description\" content=\"Als die von Schrumpfung am st\u00e4rksten betroffene Stadt \u00d6sterreichs spannt die obersteirische Bergbaustadt Eisenerz ein Feld an Fragen auf, das sich erst durch die Entflechtung der Negativberichterstattung auch als basale Suche nach Identit\u00e4ten und Besonderheiten verstehen l\u00e4sst. Mit den ehemaligen Arbeiterwohnungen in den \u201eKastenh\u00e4usern\u201c identifiziert die Autorin eine stadtr\u00e4umlich und historisch signifikante Gro\u00dfstruktur in Eisenerz, die sie analysiert, bewertet und erz\u00e4hlerisch\/entwerferisch weiter entwickelt: Bauliche Eingriffe werden durch die Anpassung an die Lebens- und Arbeitsumst\u00e4nde ihrer potenziellen Bewohnerschaft variiert und als vielschichtige M\u00f6glichkeiten zur individuellen ebenso wie kollektiven Aneignung r\u00e4umlicher Ressourcen in Szenarien illustriert. \u201eLeerstand\u201c neu und positiv gelesen kann \u201eM\u00f6glichkeitsr\u00e4ume\u201c aufzeigen wie neue Energie entwickelt werden k\u00f6nnte, indem Vorhandenes ebenso rigoros \u2013 vom Abriss bis zum Ersatzneubau \u2013 wie gestalterisch \u00fcberzeugend neu bewertet wird. Mit pers\u00f6nlichem Engagement, Interviews, detaillierten Illustrationen und hochwertigem Bild- und Anschauungsmaterial kommuniziert die Arbeit dabei ihre Vision ebenso in die Breite, wie sie durch Aufbau, thematische Entwicklung und Literatur ihre politische Relevanz und gesellschaftlichen Anspruch im aktuellen Kontext der tiefgreifenden Transformationsprozesse regionaler Strukturen belegt. Die spezifischen St\u00e4rken ebenso wie neu zu entwickelnde Kompetenzen der Architektur werden hier relevant, dringlich und vor allem konkret f\u00fcr Fragen nach nachhaltiger Raumentwicklung forschend eingebracht, indem sie M\u00f6glichkeitsr\u00e4ume rational und analytisch ebenso wie mit Anspruch an sinnlich-affizierende Qualit\u00e4ten formuliert und damit den notwendigen Transformationen gebauter Umwelt kulturelle Verantwortung \u2013 Architektur \u2013 abverlangt.\" \/>\n<meta property=\"og:url\" content=\"https:\/\/tugraztestweb.asol.at\/gesamtverzeichnis\/architektur\/stadthaeuser-ein-segment-von-eisenerz-als-moeglichkeitsraum\/\" \/>\n<meta property=\"og:site_name\" content=\"Verlag der TU Graz\" \/>\n<meta property=\"article:modified_time\" content=\"2020-08-21T12:55:35+00:00\" \/>\n<meta property=\"og:image\" content=\"https:\/\/tugraztestweb.asol.at\/wp-content\/uploads\/2020\/08\/image-978-3-85125-285-9.jpg\" \/>\n\t<meta property=\"og:image:width\" content=\"428\" \/>\n\t<meta property=\"og:image:height\" content=\"566\" \/>\n<meta name=\"twitter:card\" content=\"summary_large_image\" \/>\n<meta name=\"twitter:label1\" content=\"Est. reading time\">\n\t<meta name=\"twitter:data1\" content=\"1 minute\">\n<script type=\"application\/ld+json\" class=\"yoast-schema-graph\">{\"@context\":\"https:\/\/schema.org\",\"@graph\":[{\"@type\":\"WebSite\",\"@id\":\"https:\/\/tugraztestweb.asol.at\/#website\",\"url\":\"https:\/\/tugraztestweb.asol.at\/\",\"name\":\"Verlag der TU Graz\",\"description\":\"Verlag der Technischen Universit\\u00e4t Graz\",\"potentialAction\":[{\"@type\":\"SearchAction\",\"target\":\"https:\/\/tugraztestweb.asol.at\/?s={search_term_string}\",\"query-input\":\"required name=search_term_string\"}],\"inLanguage\":\"en-US\"},{\"@type\":\"ImageObject\",\"@id\":\"https:\/\/tugraztestweb.asol.at\/gesamtverzeichnis\/architektur\/stadthaeuser-ein-segment-von-eisenerz-als-moeglichkeitsraum\/#primaryimage\",\"inLanguage\":\"en-US\",\"url\":\"https:\/\/tugraztestweb.asol.at\/wp-content\/uploads\/2020\/08\/image-978-3-85125-285-9.jpg\",\"contentUrl\":\"https:\/\/tugraztestweb.asol.at\/wp-content\/uploads\/2020\/08\/image-978-3-85125-285-9.jpg\",\"width\":428,\"height\":566},{\"@type\":\"WebPage\",\"@id\":\"https:\/\/tugraztestweb.asol.at\/gesamtverzeichnis\/architektur\/stadthaeuser-ein-segment-von-eisenerz-als-moeglichkeitsraum\/#webpage\",\"url\":\"https:\/\/tugraztestweb.asol.at\/gesamtverzeichnis\/architektur\/stadthaeuser-ein-segment-von-eisenerz-als-moeglichkeitsraum\/\",\"name\":\"Stadth\\u00e4user - Ein Segment von Eisenerz als M\\u00f6glichkeitsraum - Verlag der TU Graz\",\"isPartOf\":{\"@id\":\"https:\/\/tugraztestweb.asol.at\/#website\"},\"primaryImageOfPage\":{\"@id\":\"https:\/\/tugraztestweb.asol.at\/gesamtverzeichnis\/architektur\/stadthaeuser-ein-segment-von-eisenerz-als-moeglichkeitsraum\/#primaryimage\"},\"datePublished\":\"2020-08-21T12:54:35+00:00\",\"dateModified\":\"2020-08-21T12:55:35+00:00\",\"breadcrumb\":{\"@id\":\"https:\/\/tugraztestweb.asol.at\/gesamtverzeichnis\/architektur\/stadthaeuser-ein-segment-von-eisenerz-als-moeglichkeitsraum\/#breadcrumb\"},\"inLanguage\":\"en-US\",\"potentialAction\":[{\"@type\":\"ReadAction\",\"target\":[\"https:\/\/tugraztestweb.asol.at\/gesamtverzeichnis\/architektur\/stadthaeuser-ein-segment-von-eisenerz-als-moeglichkeitsraum\/\"]}]},{\"@type\":\"BreadcrumbList\",\"@id\":\"https:\/\/tugraztestweb.asol.at\/gesamtverzeichnis\/architektur\/stadthaeuser-ein-segment-von-eisenerz-als-moeglichkeitsraum\/#breadcrumb\",\"itemListElement\":[{\"@type\":\"ListItem\",\"position\":1,\"item\":{\"@type\":\"WebPage\",\"@id\":\"https:\/\/tugraztestweb.asol.at\/\",\"url\":\"https:\/\/tugraztestweb.asol.at\/\",\"name\":\"Home\"}},{\"@type\":\"ListItem\",\"position\":2,\"item\":{\"@type\":\"WebPage\",\"@id\":\"https:\/\/tugraztestweb.asol.at\/gesamtverzeichnis\/\",\"url\":\"https:\/\/tugraztestweb.asol.at\/gesamtverzeichnis\/\",\"name\":\"Gesamtverzeichnis\"}},{\"@type\":\"ListItem\",\"position\":3,\"item\":{\"@type\":\"WebPage\",\"@id\":\"https:\/\/tugraztestweb.asol.at\/gesamtverzeichnis\/architektur\/stadthaeuser-ein-segment-von-eisenerz-als-moeglichkeitsraum\/\",\"url\":\"https:\/\/tugraztestweb.asol.at\/gesamtverzeichnis\/architektur\/stadthaeuser-ein-segment-von-eisenerz-als-moeglichkeitsraum\/\",\"name\":\"Stadth\\u00e4user &#8211; Ein Segment von Eisenerz als M\\u00f6glichkeitsraum\"}}]}]}<\/script>\n<!-- \/ Yoast SEO plugin. -->","_links":{"self":[{"href":"https:\/\/tugraztestweb.asol.at\/en\/wp-json\/wp\/v2\/product\/30287"}],"collection":[{"href":"https:\/\/tugraztestweb.asol.at\/en\/wp-json\/wp\/v2\/product"}],"about":[{"href":"https:\/\/tugraztestweb.asol.at\/en\/wp-json\/wp\/v2\/types\/product"}],"replies":[{"embeddable":true,"href":"https:\/\/tugraztestweb.asol.at\/en\/wp-json\/wp\/v2\/comments?post=30287"}],"wp:featuredmedia":[{"embeddable":true,"href":"https:\/\/tugraztestweb.asol.at\/en\/wp-json\/wp\/v2\/media\/39860"}],"wp:attachment":[{"href":"https:\/\/tugraztestweb.asol.at\/en\/wp-json\/wp\/v2\/media?parent=30287"}],"curies":[{"name":"wp","href":"https:\/\/api.w.org\/{rel}","templated":true}]}}