{"id":30295,"date":"2020-08-21T12:54:35","date_gmt":"2020-08-21T12:54:35","guid":{"rendered":"http:\/\/tugraztestweb.asol.at\/gesamtverzeichnis\/unkategorisiert\/15-juwi-treffen\/"},"modified":"2020-08-21T14:55:35","modified_gmt":"2020-08-21T12:55:35","slug":"15-juwi-treffen","status":"publish","type":"product","link":"https:\/\/tugraztestweb.asol.at\/en\/gesamtverzeichnis\/bauingenieurwissenschaften\/15-juwi-treffen\/","title":{"rendered":"15. JUWI Treffen"},"content":{"rendered":"<p class=\"qtranxs-available-languages-message qtranxs-available-languages-message-en\">Sorry, this entry is only available in <a href=\"https:\/\/tugraztestweb.asol.at\/de\/wp-json\/wp\/v2\/product\/30295\" class=\"qtranxs-available-language-link qtranxs-available-language-link-de\" title=\"Deutsch\">Deutsch<\/a>.<\/p><p>Vorwort zum 15. JUWI \u2013 Treffen<br \/>Seit dem ersten Treffen von jungen WissenschaftlerInnen an deutschsprachigen Wasserbauinstituten<br \/>1999 in Weimar sind inzwischen 15 bewegte Jahre vergangen. Wir freuen uns<br \/>sehr, zum zweiten Mal seit 2005 junge, forschende TeilnehmerInnen am Institut f\u00fcr<br \/>Wasserbau und Wasserwirtschaft der Technischen Universit\u00e4t Graz begr\u00fc\u00dfen zu d\u00fcrfen. Das<br \/>JUWI Treffen versteht sich als Forum von JungwissenschaftlerInnen, welche sich vorwiegend<br \/>im Prozess der Erstellung ihrer Dissertation befinden sowie engagierte Diplomanden oder<br \/>Post-Docs. In diesem Jahr wird auch die Kooperation mit dem ICOLD Young Engineers<br \/>Forum hervorgehoben.<br \/>Das Treffen wird traditionell in einem ungezwungenen, pers\u00f6nlichen Rahmen gehalten. Die<br \/>\u00dcberschaubarkeit der Gruppe beg\u00fcnstigt ein Kennenlernen aller Teilnehmer um den<br \/>fachlichen, sowie den individuellen Austausch zu vertiefen. Hierbei ist es das Ziel<br \/>dissertationsspezifische oder standortspezifische wasserbauliche Themen zu diskutieren.<br \/>S\u00fcdlich des Alpenhauptkammes gelegen wird in der s\u00fcd\u00f6sterreichischen Region Steiermark<br \/>und K\u00e4rnten ein wassertechnischer Schwerpunkt auf die Erzeugung von elektrischer Energie<br \/>durch Laufwasserkraft an den gr\u00f6\u00dferen Fl\u00fcssen Mur und Drau gelegt. In diesem<br \/>Spannungsfeld sind zunehmend wasserbauliche Forschungsfragen bez\u00fcglich des Geschiebe und<br \/>Schwebstoffmanagements sowie der Fischdurchg\u00e4ngigkeit zu bearbeiten. Ein weiterer<br \/>Fokus wird auf die Generierung von Spitzenstrom und Ausgleichsenergie in der s\u00fcdlichen<br \/>Ostalpenregion gelegt. Dazu f\u00fchrt uns die Exkursion am 02. August zur Kraftwerksanlage<br \/>Malta mit der K\u00f6lnbreinsperre zu einem der H\u00f6hepunkte der Veranstaltung. Derzeit werden<br \/>dort gro\u00dfe Bauma\u00dfnahmen durchgef\u00fchrt, um zwei bestehende Kraftwerksanlagen und<br \/>bestehende Wasserreservoire mit zus\u00e4tzlicher Turbinen- und Pumpleistung auszustatten.<br \/>Damit wird ein Beitrag geleistet um die zunehmende Volatilit\u00e4t des Stromdargebots<br \/>ausgleichen zu k\u00f6nnen. Daher ist sicherlich f\u00fcr gen\u00fcgend Diskussionsstoff gesorgt um das<br \/>derzeit sehr komplexe Thema Energiewende ausf\u00fchrlich zu er\u00f6rtern. Um den hohen<br \/>Anforderungen an Natur, Gesellschaft und Technik gerecht zu werden, welche im<br \/>Spannungsfeld Wasser stehen, sind fortw\u00e4hrende Forschung und Ausbildung sowie der<br \/>pers\u00f6nliche Austausch von Beteiligten stets erforderlich. Darum freuen wir uns diesen<br \/>evidenten Beitrag mit dem JUWI Treffen 2013 mit vielen begeisterten Teilnehmern leisten zu<br \/>k\u00f6nnen, und w\u00fcnschen viel Spa\u00df beim Lesen des vorliegenden Tagungsbandes.<\/p>","protected":false},"excerpt":{"rendered":"<p class=\"qtranxs-available-languages-message qtranxs-available-languages-message-en\">Sorry, this entry is only available in <a href=\"https:\/\/tugraztestweb.asol.at\/de\/wp-json\/wp\/v2\/product\/30295\" class=\"qtranxs-available-language-link qtranxs-available-language-link-de\" title=\"Deutsch\">Deutsch<\/a>.<\/p>\n<p>Vorwort zum 15. JUWI \u2013 Treffen<br \/>Seit dem ersten Treffen von jungen WissenschaftlerInnen an deutschsprachigen Wasserbauinstituten<br \/>1999 in Weimar sind inzwischen 15 bewegte Jahre vergangen. Wir freuen uns<br \/>sehr, zum zweiten Mal seit 2005 junge, forschende TeilnehmerInnen am Institut f\u00fcr<br \/>Wasserbau und Wasserwirtschaft der Technischen Universit\u00e4t Graz begr\u00fc\u00dfen zu d\u00fcrfen. Das<br \/>JUWI Treffen versteht sich als Forum von JungwissenschaftlerInnen, welche sich vorwiegend<br \/>im Prozess der Erstellung ihrer Dissertation befinden sowie engagierte Diplomanden oder<br \/>Post-Docs. In diesem Jahr wird auch die Kooperation mit dem ICOLD Young Engineers<br \/>Forum hervorgehoben.<br \/>Das Treffen wird traditionell in einem ungezwungenen, pers\u00f6nlichen Rahmen gehalten. Die<br \/>\u00dcberschaubarkeit der Gruppe beg\u00fcnstigt ein Kennenlernen aller Teilnehmer um den<br \/>fachlichen, sowie den individuellen Austausch zu vertiefen. Hierbei ist es das Ziel<br \/>dissertationsspezifische oder standortspezifische wasserbauliche Themen zu diskutieren.<br \/>S\u00fcdlich des Alpenhauptkammes gelegen wird in der s\u00fcd\u00f6sterreichischen Region Steiermark<br \/>und K\u00e4rnten ein wassertechnischer Schwerpunkt auf die Erzeugung von elektrischer Energie<br \/>durch Laufwasserkraft an den gr\u00f6\u00dferen Fl\u00fcssen Mur und Drau gelegt. In diesem<br \/>Spannungsfeld sind zunehmend wasserbauliche Forschungsfragen bez\u00fcglich des Geschiebe und<br \/>Schwebstoffmanagements sowie der Fischdurchg\u00e4ngigkeit zu bearbeiten. Ein weiterer<br \/>Fokus wird auf die Generierung von Spitzenstrom und Ausgleichsenergie in der s\u00fcdlichen<br \/>Ostalpenregion gelegt. Dazu f\u00fchrt uns die Exkursion am 02. August zur Kraftwerksanlage<br \/>Malta mit der K\u00f6lnbreinsperre zu einem der H\u00f6hepunkte der Veranstaltung. Derzeit werden<br \/>dort gro\u00dfe Bauma\u00dfnahmen durchgef\u00fchrt, um zwei bestehende Kraftwerksanlagen und<br \/>bestehende Wasserreservoire mit zus\u00e4tzlicher Turbinen- und Pumpleistung auszustatten.<br \/>Damit wird ein Beitrag geleistet um die zunehmende Volatilit\u00e4t des Stromdargebots<br \/>ausgleichen zu k\u00f6nnen. Daher ist sicherlich f\u00fcr gen\u00fcgend Diskussionsstoff gesorgt um das<br \/>derzeit sehr komplexe Thema Energiewende ausf\u00fchrlich zu er\u00f6rtern. Um den hohen<br \/>Anforderungen an Natur, Gesellschaft und Technik gerecht zu werden, welche im<br \/>Spannungsfeld Wasser stehen, sind fortw\u00e4hrende Forschung und Ausbildung sowie der<br \/>pers\u00f6nliche Austausch von Beteiligten stets erforderlich. Darum freuen wir uns diesen<br \/>evidenten Beitrag mit dem JUWI Treffen 2013 mit vielen begeisterten Teilnehmern leisten zu<br \/>k\u00f6nnen, und w\u00fcnschen viel Spa\u00df beim Lesen des vorliegenden Tagungsbandes.<\/p>\n","protected":false},"featured_media":39864,"comment_status":"open","ping_status":"closed","template":"","meta":[],"yoast_head":"<!-- This site is optimized with the Yoast SEO plugin v16.1.1 - https:\/\/yoast.com\/wordpress\/plugins\/seo\/ -->\n<link rel=\"canonical\" href=\"https:\/\/tugraztestweb.asol.at\/gesamtverzeichnis\/bauingenieurwissenschaften\/15-juwi-treffen\/\" \/>\n<meta property=\"og:locale\" content=\"en_US\" \/>\n<meta property=\"og:type\" content=\"article\" \/>\n<meta property=\"og:title\" content=\"15. JUWI Treffen - Verlag der TU Graz\" \/>\n<meta property=\"og:description\" content=\"Vorwort zum 15. JUWI \u2013 TreffenSeit dem ersten Treffen von jungen WissenschaftlerInnen an deutschsprachigen Wasserbauinstituten1999 in Weimar sind inzwischen 15 bewegte Jahre vergangen. Wir freuen unssehr, zum zweiten Mal seit 2005 junge, forschende TeilnehmerInnen am Institut f\u00fcrWasserbau und Wasserwirtschaft der Technischen Universit\u00e4t Graz begr\u00fc\u00dfen zu d\u00fcrfen. DasJUWI Treffen versteht sich als Forum von JungwissenschaftlerInnen, welche sich vorwiegendim Prozess der Erstellung ihrer Dissertation befinden sowie engagierte Diplomanden oderPost-Docs. In diesem Jahr wird auch die Kooperation mit dem ICOLD Young EngineersForum hervorgehoben.Das Treffen wird traditionell in einem ungezwungenen, pers\u00f6nlichen Rahmen gehalten. Die\u00dcberschaubarkeit der Gruppe beg\u00fcnstigt ein Kennenlernen aller Teilnehmer um denfachlichen, sowie den individuellen Austausch zu vertiefen. Hierbei ist es das Zieldissertationsspezifische oder standortspezifische wasserbauliche Themen zu diskutieren.S\u00fcdlich des Alpenhauptkammes gelegen wird in der s\u00fcd\u00f6sterreichischen Region Steiermarkund K\u00e4rnten ein wassertechnischer Schwerpunkt auf die Erzeugung von elektrischer Energiedurch Laufwasserkraft an den gr\u00f6\u00dferen Fl\u00fcssen Mur und Drau gelegt. In diesemSpannungsfeld sind zunehmend wasserbauliche Forschungsfragen bez\u00fcglich des Geschiebe undSchwebstoffmanagements sowie der Fischdurchg\u00e4ngigkeit zu bearbeiten. Ein weitererFokus wird auf die Generierung von Spitzenstrom und Ausgleichsenergie in der s\u00fcdlichenOstalpenregion gelegt. Dazu f\u00fchrt uns die Exkursion am 02. August zur KraftwerksanlageMalta mit der K\u00f6lnbreinsperre zu einem der H\u00f6hepunkte der Veranstaltung. Derzeit werdendort gro\u00dfe Bauma\u00dfnahmen durchgef\u00fchrt, um zwei bestehende Kraftwerksanlagen undbestehende Wasserreservoire mit zus\u00e4tzlicher Turbinen- und Pumpleistung auszustatten.Damit wird ein Beitrag geleistet um die zunehmende Volatilit\u00e4t des Stromdargebotsausgleichen zu k\u00f6nnen. Daher ist sicherlich f\u00fcr gen\u00fcgend Diskussionsstoff gesorgt um dasderzeit sehr komplexe Thema Energiewende ausf\u00fchrlich zu er\u00f6rtern. Um den hohenAnforderungen an Natur, Gesellschaft und Technik gerecht zu werden, welche imSpannungsfeld Wasser stehen, sind fortw\u00e4hrende Forschung und Ausbildung sowie derpers\u00f6nliche Austausch von Beteiligten stets erforderlich. Darum freuen wir uns diesenevidenten Beitrag mit dem JUWI Treffen 2013 mit vielen begeisterten Teilnehmern leisten zuk\u00f6nnen, und w\u00fcnschen viel Spa\u00df beim Lesen des vorliegenden Tagungsbandes.\" \/>\n<meta property=\"og:url\" content=\"https:\/\/tugraztestweb.asol.at\/gesamtverzeichnis\/bauingenieurwissenschaften\/15-juwi-treffen\/\" \/>\n<meta property=\"og:site_name\" content=\"Verlag der TU Graz\" \/>\n<meta property=\"article:modified_time\" content=\"2020-08-21T12:55:35+00:00\" \/>\n<meta property=\"og:image\" content=\"https:\/\/tugraztestweb.asol.at\/wp-content\/uploads\/2020\/08\/image-978-3-85125-289-7.jpg\" \/>\n\t<meta property=\"og:image:width\" content=\"514\" \/>\n\t<meta property=\"og:image:height\" content=\"706\" \/>\n<meta name=\"twitter:card\" content=\"summary_large_image\" \/>\n<meta name=\"twitter:label1\" content=\"Est. reading time\">\n\t<meta name=\"twitter:data1\" content=\"2 minutes\">\n<script type=\"application\/ld+json\" class=\"yoast-schema-graph\">{\"@context\":\"https:\/\/schema.org\",\"@graph\":[{\"@type\":\"WebSite\",\"@id\":\"https:\/\/tugraztestweb.asol.at\/#website\",\"url\":\"https:\/\/tugraztestweb.asol.at\/\",\"name\":\"Verlag der TU Graz\",\"description\":\"Verlag der Technischen Universit\\u00e4t Graz\",\"potentialAction\":[{\"@type\":\"SearchAction\",\"target\":\"https:\/\/tugraztestweb.asol.at\/?s={search_term_string}\",\"query-input\":\"required name=search_term_string\"}],\"inLanguage\":\"en-US\"},{\"@type\":\"ImageObject\",\"@id\":\"https:\/\/tugraztestweb.asol.at\/gesamtverzeichnis\/bauingenieurwissenschaften\/15-juwi-treffen\/#primaryimage\",\"inLanguage\":\"en-US\",\"url\":\"https:\/\/tugraztestweb.asol.at\/wp-content\/uploads\/2020\/08\/image-978-3-85125-289-7.jpg\",\"contentUrl\":\"https:\/\/tugraztestweb.asol.at\/wp-content\/uploads\/2020\/08\/image-978-3-85125-289-7.jpg\",\"width\":514,\"height\":706},{\"@type\":\"WebPage\",\"@id\":\"https:\/\/tugraztestweb.asol.at\/gesamtverzeichnis\/bauingenieurwissenschaften\/15-juwi-treffen\/#webpage\",\"url\":\"https:\/\/tugraztestweb.asol.at\/gesamtverzeichnis\/bauingenieurwissenschaften\/15-juwi-treffen\/\",\"name\":\"15. JUWI Treffen - Verlag der TU Graz\",\"isPartOf\":{\"@id\":\"https:\/\/tugraztestweb.asol.at\/#website\"},\"primaryImageOfPage\":{\"@id\":\"https:\/\/tugraztestweb.asol.at\/gesamtverzeichnis\/bauingenieurwissenschaften\/15-juwi-treffen\/#primaryimage\"},\"datePublished\":\"2020-08-21T12:54:35+00:00\",\"dateModified\":\"2020-08-21T12:55:35+00:00\",\"breadcrumb\":{\"@id\":\"https:\/\/tugraztestweb.asol.at\/gesamtverzeichnis\/bauingenieurwissenschaften\/15-juwi-treffen\/#breadcrumb\"},\"inLanguage\":\"en-US\",\"potentialAction\":[{\"@type\":\"ReadAction\",\"target\":[\"https:\/\/tugraztestweb.asol.at\/gesamtverzeichnis\/bauingenieurwissenschaften\/15-juwi-treffen\/\"]}]},{\"@type\":\"BreadcrumbList\",\"@id\":\"https:\/\/tugraztestweb.asol.at\/gesamtverzeichnis\/bauingenieurwissenschaften\/15-juwi-treffen\/#breadcrumb\",\"itemListElement\":[{\"@type\":\"ListItem\",\"position\":1,\"item\":{\"@type\":\"WebPage\",\"@id\":\"https:\/\/tugraztestweb.asol.at\/\",\"url\":\"https:\/\/tugraztestweb.asol.at\/\",\"name\":\"Home\"}},{\"@type\":\"ListItem\",\"position\":2,\"item\":{\"@type\":\"WebPage\",\"@id\":\"https:\/\/tugraztestweb.asol.at\/gesamtverzeichnis\/\",\"url\":\"https:\/\/tugraztestweb.asol.at\/gesamtverzeichnis\/\",\"name\":\"Gesamtverzeichnis\"}},{\"@type\":\"ListItem\",\"position\":3,\"item\":{\"@type\":\"WebPage\",\"@id\":\"https:\/\/tugraztestweb.asol.at\/gesamtverzeichnis\/bauingenieurwissenschaften\/15-juwi-treffen\/\",\"url\":\"https:\/\/tugraztestweb.asol.at\/gesamtverzeichnis\/bauingenieurwissenschaften\/15-juwi-treffen\/\",\"name\":\"15. JUWI Treffen\"}}]}]}<\/script>\n<!-- \/ Yoast SEO plugin. -->","_links":{"self":[{"href":"https:\/\/tugraztestweb.asol.at\/en\/wp-json\/wp\/v2\/product\/30295"}],"collection":[{"href":"https:\/\/tugraztestweb.asol.at\/en\/wp-json\/wp\/v2\/product"}],"about":[{"href":"https:\/\/tugraztestweb.asol.at\/en\/wp-json\/wp\/v2\/types\/product"}],"replies":[{"embeddable":true,"href":"https:\/\/tugraztestweb.asol.at\/en\/wp-json\/wp\/v2\/comments?post=30295"}],"wp:featuredmedia":[{"embeddable":true,"href":"https:\/\/tugraztestweb.asol.at\/en\/wp-json\/wp\/v2\/media\/39864"}],"wp:attachment":[{"href":"https:\/\/tugraztestweb.asol.at\/en\/wp-json\/wp\/v2\/media?parent=30295"}],"curies":[{"name":"wp","href":"https:\/\/api.w.org\/{rel}","templated":true}]}}