{"id":30341,"date":"2020-08-27T08:52:49","date_gmt":"2020-08-27T08:52:49","guid":{"rendered":"http:\/\/tugraztestweb.asol.at\/gesamtverzeichnis\/unkategorisiert\/gruenderzeitstadt-2-1\/"},"modified":"2020-08-27T10:53:49","modified_gmt":"2020-08-27T08:53:49","slug":"gruenderzeitstadt-2-1","status":"publish","type":"product","link":"https:\/\/tugraztestweb.asol.at\/en\/gesamtverzeichnis\/architektur\/gruenderzeitstadt-2-1\/","title":{"rendered":"Gr\u00fcnderzeitstadt 2.1"},"content":{"rendered":"<p class=\"qtranxs-available-languages-message qtranxs-available-languages-message-en\">Sorry, this entry is only available in <a href=\"https:\/\/tugraztestweb.asol.at\/de\/wp-json\/wp\/v2\/product\/30341\" class=\"qtranxs-available-language-link qtranxs-available-language-link-de\" title=\"Deutsch\">Deutsch<\/a>.<\/p><p>Aus \u00f6kologischen und volkswirtschaftlichen Gr\u00fcnden kann man die mitteleurop\u00e4ische Stadt der Zukunft als weitgehend bereits gebaut erachten. Bauen im Bestand und die Nachverdichtung bestehender urbaner Bauformen zur effizienteren Infrastrukturnutzung gelten international l\u00e4ngst als anerkannte Nachhaltigkeitsstrategien, werden aber bislang kaum \u00fcber das Einzelobjekt hinaus angewandt. Das mit diesem Buch vorliegende Nachverdichtungsmodell f\u00fcr Gr\u00fcnderzeitquartiere bietet hierf\u00fcr einen konkreten architektonischen und st\u00e4dtebaulichen L\u00f6sungsansatz, ohne das kulturelle Erbe der alten europ\u00e4ischen St\u00e4dte in Frage zu stellen.<br \/>\nMit einer Verschr\u00e4nkung von analytisch &#8211; empirischen und entwerferischen Methoden wird untersucht, ob und unter welchen Voraussetzungen die Stadterweiterungsgebiete der Gr\u00fcnderzeit eine ad\u00e4quate und auch quantitativ relevante Ressource zur nachhaltigen und gleichzeitig bestandsschonenden Stadtentwicklung darstellen und damit einen Beitrag zu einem zeitgem\u00e4\u00dfen und diversifizierten innerst\u00e4dtischen Wohnungsangebot leisten k\u00f6nnen. Im Zentrum der Betrachtung stehen nicht das einzelne Bauobjekt und seine Parzelle, sondern der gesamte Block und sein Quartier als st\u00e4dtebauliche und bautypologische Einheit. Gegen\u00fcber der Einzelbetrachtung bietet diese Herangehensweise nicht nur den Vorteil gr\u00f6\u00dferer technischer, infrastruktureller und energetischer Synergien, auf diese Weise l\u00e4sst sich auch dem bauk\u00fcnstlerischen Charakter der stadtbildpr\u00e4genden Blocktypologie wesentlich besser gerecht werden.<br \/>\nDabei wird nachgewiesen, dass das herausgearbeitete Nachverdichtungsmodell sowohl in quantitativer als auch qualitativer Hinsicht Potenziale aufzeigt, die eine echte Alternative zum Einfamilienhaus am Stadtrand bieten und sogar in stark wachsenden St\u00e4dten die Frage nach zus\u00e4tzlichem Bauland obsolet machen k\u00f6nnen.<\/p>","protected":false},"excerpt":{"rendered":"<p class=\"qtranxs-available-languages-message qtranxs-available-languages-message-en\">Sorry, this entry is only available in <a href=\"https:\/\/tugraztestweb.asol.at\/de\/wp-json\/wp\/v2\/product\/30341\" class=\"qtranxs-available-language-link qtranxs-available-language-link-de\" title=\"Deutsch\">Deutsch<\/a>.<\/p>\n<p>Aus \u00f6kologischen und volkswirtschaftlichen Gr\u00fcnden kann man die mitteleurop\u00e4ische Stadt der Zukunft als weitgehend bereits gebaut erachten. Bauen im Bestand und die Nachverdichtung bestehender urbaner Bauformen zur effizienteren Infrastrukturnutzung gelten international l\u00e4ngst als anerkannte Nachhaltigkeitsstrategien, werden aber bislang kaum \u00fcber das Einzelobjekt hinaus angewandt. Das mit diesem Buch vorliegende Nachverdichtungsmodell f\u00fcr Gr\u00fcnderzeitquartiere bietet hierf\u00fcr einen konkreten architektonischen und st\u00e4dtebaulichen L\u00f6sungsansatz, ohne das kulturelle Erbe der alten europ\u00e4ischen St\u00e4dte in Frage zu stellen.<br \/>\nMit einer Verschr\u00e4nkung von analytisch &#8211; empirischen und entwerferischen Methoden wird untersucht, ob und unter welchen Voraussetzungen die Stadterweiterungsgebiete der Gr\u00fcnderzeit eine ad\u00e4quate und auch quantitativ relevante Ressource zur nachhaltigen und gleichzeitig bestandsschonenden Stadtentwicklung darstellen und damit einen Beitrag zu einem zeitgem\u00e4\u00dfen und diversifizierten innerst\u00e4dtischen Wohnungsangebot leisten k\u00f6nnen. Im Zentrum der Betrachtung stehen nicht das einzelne Bauobjekt und seine Parzelle, sondern der gesamte Block und sein Quartier als st\u00e4dtebauliche und bautypologische Einheit. Gegen\u00fcber der Einzelbetrachtung bietet diese Herangehensweise nicht nur den Vorteil gr\u00f6\u00dferer technischer, infrastruktureller und energetischer Synergien, auf diese Weise l\u00e4sst sich auch dem bauk\u00fcnstlerischen Charakter der stadtbildpr\u00e4genden Blocktypologie wesentlich besser gerecht werden.<br \/>\nDabei wird nachgewiesen, dass das herausgearbeitete Nachverdichtungsmodell sowohl in quantitativer als auch qualitativer Hinsicht Potenziale aufzeigt, die eine echte Alternative zum Einfamilienhaus am Stadtrand bieten und sogar in stark wachsenden St\u00e4dten die Frage nach zus\u00e4tzlichem Bauland obsolet machen k\u00f6nnen.<\/p>\n","protected":false},"featured_media":39499,"comment_status":"open","ping_status":"closed","template":"","meta":[],"yoast_head":"<!-- This site is optimized with the Yoast SEO plugin v16.1.1 - https:\/\/yoast.com\/wordpress\/plugins\/seo\/ -->\n<link rel=\"canonical\" href=\"https:\/\/tugraztestweb.asol.at\/en\/gesamtverzeichnis\/architektur\/gruenderzeitstadt-2-1\/\" \/>\n<meta property=\"og:locale\" content=\"en_US\" \/>\n<meta property=\"og:type\" content=\"article\" \/>\n<meta property=\"og:title\" content=\"Gr\u00fcnderzeitstadt 2.1 - Verlag der TU Graz\" \/>\n<meta property=\"og:description\" content=\"Aus \u00f6kologischen und volkswirtschaftlichen Gr\u00fcnden kann man die mitteleurop\u00e4ische Stadt der Zukunft als weitgehend bereits gebaut erachten. Bauen im Bestand und die Nachverdichtung bestehender urbaner Bauformen zur effizienteren Infrastrukturnutzung gelten international l\u00e4ngst als anerkannte Nachhaltigkeitsstrategien, werden aber bislang kaum \u00fcber das Einzelobjekt hinaus angewandt. Das mit diesem Buch vorliegende Nachverdichtungsmodell f\u00fcr Gr\u00fcnderzeitquartiere bietet hierf\u00fcr einen konkreten architektonischen und st\u00e4dtebaulichen L\u00f6sungsansatz, ohne das kulturelle Erbe der alten europ\u00e4ischen St\u00e4dte in Frage zu stellen. Mit einer Verschr\u00e4nkung von analytisch - empirischen und entwerferischen Methoden wird untersucht, ob und unter welchen Voraussetzungen die Stadterweiterungsgebiete der Gr\u00fcnderzeit eine ad\u00e4quate und auch quantitativ relevante Ressource zur nachhaltigen und gleichzeitig bestandsschonenden Stadtentwicklung darstellen und damit einen Beitrag zu einem zeitgem\u00e4\u00dfen und diversifizierten innerst\u00e4dtischen Wohnungsangebot leisten k\u00f6nnen. Im Zentrum der Betrachtung stehen nicht das einzelne Bauobjekt und seine Parzelle, sondern der gesamte Block und sein Quartier als st\u00e4dtebauliche und bautypologische Einheit. Gegen\u00fcber der Einzelbetrachtung bietet diese Herangehensweise nicht nur den Vorteil gr\u00f6\u00dferer technischer, infrastruktureller und energetischer Synergien, auf diese Weise l\u00e4sst sich auch dem bauk\u00fcnstlerischen Charakter der stadtbildpr\u00e4genden Blocktypologie wesentlich besser gerecht werden. Dabei wird nachgewiesen, dass das herausgearbeitete Nachverdichtungsmodell sowohl in quantitativer als auch qualitativer Hinsicht Potenziale aufzeigt, die eine echte Alternative zum Einfamilienhaus am Stadtrand bieten und sogar in stark wachsenden St\u00e4dten die Frage nach zus\u00e4tzlichem Bauland obsolet machen k\u00f6nnen.\" \/>\n<meta property=\"og:url\" content=\"https:\/\/tugraztestweb.asol.at\/en\/gesamtverzeichnis\/architektur\/gruenderzeitstadt-2-1\/\" \/>\n<meta property=\"og:site_name\" content=\"Verlag der TU Graz\" \/>\n<meta property=\"article:modified_time\" content=\"2020-08-27T08:53:49+00:00\" \/>\n<meta property=\"og:image\" content=\"https:\/\/tugraztestweb.asol.at\/wp-content\/uploads\/2020\/08\/image-978-3-85125-366-5.jpg\" \/>\n\t<meta property=\"og:image:width\" content=\"579\" \/>\n\t<meta property=\"og:image:height\" content=\"820\" \/>\n<meta name=\"twitter:card\" content=\"summary_large_image\" \/>\n<meta name=\"twitter:label1\" content=\"Est. reading time\">\n\t<meta name=\"twitter:data1\" content=\"1 minute\">\n<script type=\"application\/ld+json\" class=\"yoast-schema-graph\">{\"@context\":\"https:\/\/schema.org\",\"@graph\":[{\"@type\":\"WebSite\",\"@id\":\"https:\/\/tugraztestweb.asol.at\/#website\",\"url\":\"https:\/\/tugraztestweb.asol.at\/\",\"name\":\"Verlag der TU Graz\",\"description\":\"Verlag der Technischen Universit\\u00e4t Graz\",\"potentialAction\":[{\"@type\":\"SearchAction\",\"target\":\"https:\/\/tugraztestweb.asol.at\/?s={search_term_string}\",\"query-input\":\"required name=search_term_string\"}],\"inLanguage\":\"en-US\"},{\"@type\":\"ImageObject\",\"@id\":\"https:\/\/tugraztestweb.asol.at\/en\/gesamtverzeichnis\/architektur\/gruenderzeitstadt-2-1\/#primaryimage\",\"inLanguage\":\"en-US\",\"url\":\"https:\/\/tugraztestweb.asol.at\/wp-content\/uploads\/2020\/08\/image-978-3-85125-366-5.jpg\",\"contentUrl\":\"https:\/\/tugraztestweb.asol.at\/wp-content\/uploads\/2020\/08\/image-978-3-85125-366-5.jpg\",\"width\":579,\"height\":820},{\"@type\":\"WebPage\",\"@id\":\"https:\/\/tugraztestweb.asol.at\/en\/gesamtverzeichnis\/architektur\/gruenderzeitstadt-2-1\/#webpage\",\"url\":\"https:\/\/tugraztestweb.asol.at\/en\/gesamtverzeichnis\/architektur\/gruenderzeitstadt-2-1\/\",\"name\":\"Gr\\u00fcnderzeitstadt 2.1 - Verlag der TU Graz\",\"isPartOf\":{\"@id\":\"https:\/\/tugraztestweb.asol.at\/#website\"},\"primaryImageOfPage\":{\"@id\":\"https:\/\/tugraztestweb.asol.at\/en\/gesamtverzeichnis\/architektur\/gruenderzeitstadt-2-1\/#primaryimage\"},\"datePublished\":\"2020-08-27T08:52:49+00:00\",\"dateModified\":\"2020-08-27T08:53:49+00:00\",\"breadcrumb\":{\"@id\":\"https:\/\/tugraztestweb.asol.at\/en\/gesamtverzeichnis\/architektur\/gruenderzeitstadt-2-1\/#breadcrumb\"},\"inLanguage\":\"en-US\",\"potentialAction\":[{\"@type\":\"ReadAction\",\"target\":[\"https:\/\/tugraztestweb.asol.at\/en\/gesamtverzeichnis\/architektur\/gruenderzeitstadt-2-1\/\"]}]},{\"@type\":\"BreadcrumbList\",\"@id\":\"https:\/\/tugraztestweb.asol.at\/en\/gesamtverzeichnis\/architektur\/gruenderzeitstadt-2-1\/#breadcrumb\",\"itemListElement\":[{\"@type\":\"ListItem\",\"position\":1,\"item\":{\"@type\":\"WebPage\",\"@id\":\"https:\/\/tugraztestweb.asol.at\/\",\"url\":\"https:\/\/tugraztestweb.asol.at\/\",\"name\":\"Home\"}},{\"@type\":\"ListItem\",\"position\":2,\"item\":{\"@type\":\"WebPage\",\"@id\":\"https:\/\/tugraztestweb.asol.at\/gesamtverzeichnis\/\",\"url\":\"https:\/\/tugraztestweb.asol.at\/gesamtverzeichnis\/\",\"name\":\"Gesamtverzeichnis\"}},{\"@type\":\"ListItem\",\"position\":3,\"item\":{\"@type\":\"WebPage\",\"@id\":\"https:\/\/tugraztestweb.asol.at\/en\/gesamtverzeichnis\/architektur\/gruenderzeitstadt-2-1\/\",\"url\":\"https:\/\/tugraztestweb.asol.at\/en\/gesamtverzeichnis\/architektur\/gruenderzeitstadt-2-1\/\",\"name\":\"Gr\\u00fcnderzeitstadt 2.1\"}}]}]}<\/script>\n<!-- \/ Yoast SEO plugin. -->","_links":{"self":[{"href":"https:\/\/tugraztestweb.asol.at\/en\/wp-json\/wp\/v2\/product\/30341"}],"collection":[{"href":"https:\/\/tugraztestweb.asol.at\/en\/wp-json\/wp\/v2\/product"}],"about":[{"href":"https:\/\/tugraztestweb.asol.at\/en\/wp-json\/wp\/v2\/types\/product"}],"replies":[{"embeddable":true,"href":"https:\/\/tugraztestweb.asol.at\/en\/wp-json\/wp\/v2\/comments?post=30341"}],"wp:featuredmedia":[{"embeddable":true,"href":"https:\/\/tugraztestweb.asol.at\/en\/wp-json\/wp\/v2\/media\/39499"}],"wp:attachment":[{"href":"https:\/\/tugraztestweb.asol.at\/en\/wp-json\/wp\/v2\/media?parent=30341"}],"curies":[{"name":"wp","href":"https:\/\/api.w.org\/{rel}","templated":true}]}}