{"id":30358,"date":"2020-08-21T12:54:40","date_gmt":"2020-08-21T12:54:40","guid":{"rendered":"http:\/\/tugraztestweb.asol.at\/gesamtverzeichnis\/unkategorisiert\/nachhaltiges-bauen-von-bueroimmobilien\/"},"modified":"2020-08-21T14:55:40","modified_gmt":"2020-08-21T12:55:40","slug":"nachhaltiges-bauen-von-bueroimmobilien","status":"publish","type":"product","link":"https:\/\/tugraztestweb.asol.at\/en\/gesamtverzeichnis\/bauingenieurwissenschaften\/nachhaltiges-bauen-von-bueroimmobilien\/","title":{"rendered":"Nachhaltiges Bauen [von B\u00fcroimmobilien]"},"content":{"rendered":"<p class=\"qtranxs-available-languages-message qtranxs-available-languages-message-en\">Sorry, this entry is only available in <a href=\"https:\/\/tugraztestweb.asol.at\/de\/wp-json\/wp\/v2\/product\/30358\" class=\"qtranxs-available-language-link qtranxs-available-language-link-de\" title=\"Deutsch\">Deutsch<\/a>.<\/p><p>Nachhaltiges Bauen [von B\u00fcroimmobilien]<br \/>Handlungsempfehlungen zur Anwendung der Leistungsbilder der HOAI<br \/>Die Umsetzung Nachhaltigen Bauens ist im deutschsprachigen Raum aus dem Experimentierstadium herausgetreten:<br \/>im Jahr 2012 lag der Anteil zertifizierter nachhaltiger B\u00fcroimmobilien bereits bei rund 25 % der genehmigten<br \/>Neubaufl\u00e4che.<br \/>Trotz der positiven Themenentwicklung besteht innerhalb der Branche ein Handlungs- und Abrechnungsdilemma<br \/>f\u00fcr Planungsleistungen zum Nachhaltigen Bauen. Dies, obwohl rund 50 % der Auftraggeber und Auftragnehmer<br \/>die Planung einer Immobilie nach Nachhaltigkeitskriterien als eine \u201eBesondere Leistung\u201c ansehen!<br \/>Mit dieser Ver\u00f6ffentlichung steht der Branche ein auf vertraglicher Ebene durchformuliertes Leistungsbild f\u00fcr<br \/>\u201enachhaltige Planung\u201c (LPH 1-9) auf Basis des Bewertungssystems Nachhaltiges Bauen (BNB-System) zur<br \/>Verf\u00fcgung.<br \/>Erreicht wird dies durch eine Konkretisierung, Zuordnung und Querverweisung der nachhaltigkeitswirksamen<br \/>Planungsleistungen zu und zwischen den Leistungsbildern und -phasen der HOAI 2013. Zur vollst\u00e4ndigen Abbildung<br \/>werden \u00fcber die Grund- und Besonderen Leistungen hinaus auch \u201eWeitere Besondere Leistungen\u201c<br \/>beschrieben.<br \/>Eine Anwendung dieser erweiterten Leistungsbilder im Rahmen einer Zertifizierung nach dem Deutschen G\u00fctesiegel<br \/>Nachhaltiges Bauen (DGNB) ist aufgrund des gleichen Entwicklungsursprungs von DGNB- und BNBSystem<br \/>in den derzeitigen Versionen auf Vertragsebene m\u00f6glich.<\/p>","protected":false},"excerpt":{"rendered":"<p class=\"qtranxs-available-languages-message qtranxs-available-languages-message-en\">Sorry, this entry is only available in <a href=\"https:\/\/tugraztestweb.asol.at\/de\/wp-json\/wp\/v2\/product\/30358\" class=\"qtranxs-available-language-link qtranxs-available-language-link-de\" title=\"Deutsch\">Deutsch<\/a>.<\/p>\n<p>Nachhaltiges Bauen [von B\u00fcroimmobilien]<br \/>Handlungsempfehlungen zur Anwendung der Leistungsbilder der HOAI<br \/>Die Umsetzung Nachhaltigen Bauens ist im deutschsprachigen Raum aus dem Experimentierstadium herausgetreten:<br \/>im Jahr 2012 lag der Anteil zertifizierter nachhaltiger B\u00fcroimmobilien bereits bei rund 25 % der genehmigten<br \/>Neubaufl\u00e4che.<br \/>Trotz der positiven Themenentwicklung besteht innerhalb der Branche ein Handlungs- und Abrechnungsdilemma<br \/>f\u00fcr Planungsleistungen zum Nachhaltigen Bauen. Dies, obwohl rund 50 % der Auftraggeber und Auftragnehmer<br \/>die Planung einer Immobilie nach Nachhaltigkeitskriterien als eine \u201eBesondere Leistung\u201c ansehen!<br \/>Mit dieser Ver\u00f6ffentlichung steht der Branche ein auf vertraglicher Ebene durchformuliertes Leistungsbild f\u00fcr<br \/>\u201enachhaltige Planung\u201c (LPH 1-9) auf Basis des Bewertungssystems Nachhaltiges Bauen (BNB-System) zur<br \/>Verf\u00fcgung.<br \/>Erreicht wird dies durch eine Konkretisierung, Zuordnung und Querverweisung der nachhaltigkeitswirksamen<br \/>Planungsleistungen zu und zwischen den Leistungsbildern und -phasen der HOAI 2013. Zur vollst\u00e4ndigen Abbildung<br \/>werden \u00fcber die Grund- und Besonderen Leistungen hinaus auch \u201eWeitere Besondere Leistungen\u201c<br \/>beschrieben.<br \/>Eine Anwendung dieser erweiterten Leistungsbilder im Rahmen einer Zertifizierung nach dem Deutschen G\u00fctesiegel<br \/>Nachhaltiges Bauen (DGNB) ist aufgrund des gleichen Entwicklungsursprungs von DGNB- und BNBSystem<br \/>in den derzeitigen Versionen auf Vertragsebene m\u00f6glich.<\/p>\n","protected":false},"featured_media":39892,"comment_status":"open","ping_status":"closed","template":"","meta":[],"yoast_head":"<!-- This site is optimized with the Yoast SEO plugin v16.1.1 - https:\/\/yoast.com\/wordpress\/plugins\/seo\/ -->\n<link rel=\"canonical\" href=\"https:\/\/tugraztestweb.asol.at\/en\/gesamtverzeichnis\/bauingenieurwissenschaften\/nachhaltiges-bauen-von-bueroimmobilien\/\" \/>\n<meta property=\"og:locale\" content=\"en_US\" \/>\n<meta property=\"og:type\" content=\"article\" \/>\n<meta property=\"og:title\" content=\"Nachhaltiges Bauen [von B\u00fcroimmobilien] - Verlag der TU Graz\" \/>\n<meta property=\"og:description\" content=\"Nachhaltiges Bauen [von B\u00fcroimmobilien]Handlungsempfehlungen zur Anwendung der Leistungsbilder der HOAIDie Umsetzung Nachhaltigen Bauens ist im deutschsprachigen Raum aus dem Experimentierstadium herausgetreten:im Jahr 2012 lag der Anteil zertifizierter nachhaltiger B\u00fcroimmobilien bereits bei rund 25 % der genehmigtenNeubaufl\u00e4che.Trotz der positiven Themenentwicklung besteht innerhalb der Branche ein Handlungs- und Abrechnungsdilemmaf\u00fcr Planungsleistungen zum Nachhaltigen Bauen. Dies, obwohl rund 50 % der Auftraggeber und Auftragnehmerdie Planung einer Immobilie nach Nachhaltigkeitskriterien als eine \u201eBesondere Leistung\u201c ansehen!Mit dieser Ver\u00f6ffentlichung steht der Branche ein auf vertraglicher Ebene durchformuliertes Leistungsbild f\u00fcr\u201enachhaltige Planung\u201c (LPH 1-9) auf Basis des Bewertungssystems Nachhaltiges Bauen (BNB-System) zurVerf\u00fcgung.Erreicht wird dies durch eine Konkretisierung, Zuordnung und Querverweisung der nachhaltigkeitswirksamenPlanungsleistungen zu und zwischen den Leistungsbildern und -phasen der HOAI 2013. Zur vollst\u00e4ndigen Abbildungwerden \u00fcber die Grund- und Besonderen Leistungen hinaus auch \u201eWeitere Besondere Leistungen\u201cbeschrieben.Eine Anwendung dieser erweiterten Leistungsbilder im Rahmen einer Zertifizierung nach dem Deutschen G\u00fctesiegelNachhaltiges Bauen (DGNB) ist aufgrund des gleichen Entwicklungsursprungs von DGNB- und BNBSystemin den derzeitigen Versionen auf Vertragsebene m\u00f6glich.\" \/>\n<meta property=\"og:url\" content=\"https:\/\/tugraztestweb.asol.at\/en\/gesamtverzeichnis\/bauingenieurwissenschaften\/nachhaltiges-bauen-von-bueroimmobilien\/\" \/>\n<meta property=\"og:site_name\" content=\"Verlag der TU Graz\" \/>\n<meta property=\"article:modified_time\" content=\"2020-08-21T12:55:40+00:00\" \/>\n<meta property=\"og:image\" content=\"https:\/\/tugraztestweb.asol.at\/wp-content\/uploads\/2020\/08\/image-978-3-85125-322-1.jpg\" \/>\n\t<meta property=\"og:image:width\" content=\"588\" \/>\n\t<meta property=\"og:image:height\" content=\"820\" \/>\n<meta name=\"twitter:card\" content=\"summary_large_image\" \/>\n<meta name=\"twitter:label1\" content=\"Est. reading time\">\n\t<meta name=\"twitter:data1\" content=\"1 minute\">\n<script type=\"application\/ld+json\" class=\"yoast-schema-graph\">{\"@context\":\"https:\/\/schema.org\",\"@graph\":[{\"@type\":\"WebSite\",\"@id\":\"https:\/\/tugraztestweb.asol.at\/#website\",\"url\":\"https:\/\/tugraztestweb.asol.at\/\",\"name\":\"Verlag der TU Graz\",\"description\":\"Verlag der Technischen Universit\\u00e4t Graz\",\"potentialAction\":[{\"@type\":\"SearchAction\",\"target\":\"https:\/\/tugraztestweb.asol.at\/?s={search_term_string}\",\"query-input\":\"required name=search_term_string\"}],\"inLanguage\":\"en-US\"},{\"@type\":\"ImageObject\",\"@id\":\"https:\/\/tugraztestweb.asol.at\/en\/gesamtverzeichnis\/bauingenieurwissenschaften\/nachhaltiges-bauen-von-bueroimmobilien\/#primaryimage\",\"inLanguage\":\"en-US\",\"url\":\"https:\/\/tugraztestweb.asol.at\/wp-content\/uploads\/2020\/08\/image-978-3-85125-322-1.jpg\",\"contentUrl\":\"https:\/\/tugraztestweb.asol.at\/wp-content\/uploads\/2020\/08\/image-978-3-85125-322-1.jpg\",\"width\":588,\"height\":820},{\"@type\":\"WebPage\",\"@id\":\"https:\/\/tugraztestweb.asol.at\/en\/gesamtverzeichnis\/bauingenieurwissenschaften\/nachhaltiges-bauen-von-bueroimmobilien\/#webpage\",\"url\":\"https:\/\/tugraztestweb.asol.at\/en\/gesamtverzeichnis\/bauingenieurwissenschaften\/nachhaltiges-bauen-von-bueroimmobilien\/\",\"name\":\"Nachhaltiges Bauen [von B\\u00fcroimmobilien] - Verlag der TU Graz\",\"isPartOf\":{\"@id\":\"https:\/\/tugraztestweb.asol.at\/#website\"},\"primaryImageOfPage\":{\"@id\":\"https:\/\/tugraztestweb.asol.at\/en\/gesamtverzeichnis\/bauingenieurwissenschaften\/nachhaltiges-bauen-von-bueroimmobilien\/#primaryimage\"},\"datePublished\":\"2020-08-21T12:54:40+00:00\",\"dateModified\":\"2020-08-21T12:55:40+00:00\",\"breadcrumb\":{\"@id\":\"https:\/\/tugraztestweb.asol.at\/en\/gesamtverzeichnis\/bauingenieurwissenschaften\/nachhaltiges-bauen-von-bueroimmobilien\/#breadcrumb\"},\"inLanguage\":\"en-US\",\"potentialAction\":[{\"@type\":\"ReadAction\",\"target\":[\"https:\/\/tugraztestweb.asol.at\/en\/gesamtverzeichnis\/bauingenieurwissenschaften\/nachhaltiges-bauen-von-bueroimmobilien\/\"]}]},{\"@type\":\"BreadcrumbList\",\"@id\":\"https:\/\/tugraztestweb.asol.at\/en\/gesamtverzeichnis\/bauingenieurwissenschaften\/nachhaltiges-bauen-von-bueroimmobilien\/#breadcrumb\",\"itemListElement\":[{\"@type\":\"ListItem\",\"position\":1,\"item\":{\"@type\":\"WebPage\",\"@id\":\"https:\/\/tugraztestweb.asol.at\/\",\"url\":\"https:\/\/tugraztestweb.asol.at\/\",\"name\":\"Home\"}},{\"@type\":\"ListItem\",\"position\":2,\"item\":{\"@type\":\"WebPage\",\"@id\":\"https:\/\/tugraztestweb.asol.at\/gesamtverzeichnis\/\",\"url\":\"https:\/\/tugraztestweb.asol.at\/gesamtverzeichnis\/\",\"name\":\"Gesamtverzeichnis\"}},{\"@type\":\"ListItem\",\"position\":3,\"item\":{\"@type\":\"WebPage\",\"@id\":\"https:\/\/tugraztestweb.asol.at\/en\/gesamtverzeichnis\/bauingenieurwissenschaften\/nachhaltiges-bauen-von-bueroimmobilien\/\",\"url\":\"https:\/\/tugraztestweb.asol.at\/en\/gesamtverzeichnis\/bauingenieurwissenschaften\/nachhaltiges-bauen-von-bueroimmobilien\/\",\"name\":\"Nachhaltiges Bauen [von B\\u00fcroimmobilien]\"}}]}]}<\/script>\n<!-- \/ Yoast SEO plugin. -->","_links":{"self":[{"href":"https:\/\/tugraztestweb.asol.at\/en\/wp-json\/wp\/v2\/product\/30358"}],"collection":[{"href":"https:\/\/tugraztestweb.asol.at\/en\/wp-json\/wp\/v2\/product"}],"about":[{"href":"https:\/\/tugraztestweb.asol.at\/en\/wp-json\/wp\/v2\/types\/product"}],"replies":[{"embeddable":true,"href":"https:\/\/tugraztestweb.asol.at\/en\/wp-json\/wp\/v2\/comments?post=30358"}],"wp:featuredmedia":[{"embeddable":true,"href":"https:\/\/tugraztestweb.asol.at\/en\/wp-json\/wp\/v2\/media\/39892"}],"wp:attachment":[{"href":"https:\/\/tugraztestweb.asol.at\/en\/wp-json\/wp\/v2\/media?parent=30358"}],"curies":[{"name":"wp","href":"https:\/\/api.w.org\/{rel}","templated":true}]}}