{"id":30364,"date":"2020-10-30T10:27:13","date_gmt":"2020-10-30T10:27:13","guid":{"rendered":"http:\/\/tugraztestweb.asol.at\/gesamtverzeichnis\/unkategorisiert\/lm-vm-2014-ein-vorschlag-fuer-leistungsmodelleverguetungsmodelle-fuer-planerleistungen\/"},"modified":"2020-10-30T13:28:13","modified_gmt":"2020-10-30T11:28:13","slug":"lm-vm-2014-ein-vorschlag-fuer-leistungsmodelleverguetungsmodelle-fuer-planerleistungen","status":"publish","type":"product","link":"https:\/\/tugraztestweb.asol.at\/en\/gesamtverzeichnis\/bauingenieurwissenschaften\/lm-vm-2014-ein-vorschlag-fuer-leistungsmodelleverguetungsmodelle-fuer-planerleistungen\/","title":{"rendered":"LM.VM.2014 Ein Vorschlag f\u00fcr Leistungsmodelle+Verg\u00fctungsmodelle f\u00fcr Planerleistungen"},"content":{"rendered":"<p class=\"qtranxs-available-languages-message qtranxs-available-languages-message-en\">Sorry, this entry is only available in <a href=\"https:\/\/tugraztestweb.asol.at\/de\/wp-json\/wp\/v2\/product\/30364\" class=\"qtranxs-available-language-link qtranxs-available-language-link-de\" title=\"Deutsch\">Deutsch<\/a>.<\/p><p>Ausgewogen formulierte Definitionen der Planerleistungen sind wesentlich, als Basis f\u00fcr Vergaben und Vertr\u00e4ge. Ziel dieser Arbeit war es, alle Fachbereiche f\u00fcr Planungsleistungen so kurz wie m\u00f6glich und strukturiert darzustellen, dass Auftraggeber und Planer mit je einem Band die wesentlichen Aspekte der jeweiligen Leistungen als Paket (Grundleistungen) mit einfach verst\u00e4ndlichen Kalkulationshilfen beurteilen und bestellen k\u00f6nnen.<\/p>","protected":false},"excerpt":{"rendered":"<p class=\"qtranxs-available-languages-message qtranxs-available-languages-message-en\">Sorry, this entry is only available in <a href=\"https:\/\/tugraztestweb.asol.at\/de\/wp-json\/wp\/v2\/product\/30364\" class=\"qtranxs-available-language-link qtranxs-available-language-link-de\" title=\"Deutsch\">Deutsch<\/a>.<\/p>\n<p>Ausgewogen formulierte Definitionen der Planerleistungen sind wesentlich, als Basis f\u00fcr Vergaben und Vertr\u00e4ge. Ziel dieser Arbeit war es, alle Fachbereiche f\u00fcr Planungsleistungen so kurz wie m\u00f6glich und strukturiert darzustellen, dass Auftraggeber und Planer mit je einem Band die wesentlichen Aspekte der jeweiligen Leistungen als Paket (Grundleistungen) mit einfach verst\u00e4ndlichen Kalkulationshilfen beurteilen und bestellen k\u00f6nnen.<\/p>\n","protected":false},"featured_media":39895,"comment_status":"open","ping_status":"closed","template":"","meta":[],"yoast_head":"<!-- This site is optimized with the Yoast SEO plugin v16.1.1 - https:\/\/yoast.com\/wordpress\/plugins\/seo\/ -->\n<link rel=\"canonical\" href=\"https:\/\/tugraztestweb.asol.at\/en\/gesamtverzeichnis\/bauingenieurwissenschaften\/lm-vm-2014-ein-vorschlag-fuer-leistungsmodelleverguetungsmodelle-fuer-planerleistungen\/\" \/>\n<meta property=\"og:locale\" content=\"en_US\" \/>\n<meta property=\"og:type\" content=\"article\" \/>\n<meta property=\"og:title\" content=\"LM.VM.2014 Ein Vorschlag f\u00fcr Leistungsmodelle+Verg\u00fctungsmodelle f\u00fcr Planerleistungen - Verlag der TU Graz\" \/>\n<meta property=\"og:description\" content=\"Ausgewogen formulierte Definitionen der Planerleistungen sind wesentlich, als Basis f\u00fcr Vergaben und Vertr\u00e4ge. Ziel dieser Arbeit war es, alle Fachbereiche f\u00fcr Planungsleistungen so kurz wie m\u00f6glich und strukturiert darzustellen, dass Auftraggeber und Planer mit je einem Band die wesentlichen Aspekte der jeweiligen Leistungen als Paket (Grundleistungen) mit einfach verst\u00e4ndlichen Kalkulationshilfen beurteilen und bestellen k\u00f6nnen.\" \/>\n<meta property=\"og:url\" content=\"https:\/\/tugraztestweb.asol.at\/en\/gesamtverzeichnis\/bauingenieurwissenschaften\/lm-vm-2014-ein-vorschlag-fuer-leistungsmodelleverguetungsmodelle-fuer-planerleistungen\/\" \/>\n<meta property=\"og:site_name\" content=\"Verlag der TU Graz\" \/>\n<meta property=\"article:modified_time\" content=\"2020-10-30T11:28:13+00:00\" \/>\n<meta property=\"og:image\" content=\"https:\/\/tugraztestweb.asol.at\/wp-content\/uploads\/2020\/10\/image-978-3-85125-324-5.jpg\" \/>\n\t<meta property=\"og:image:width\" content=\"634\" \/>\n\t<meta property=\"og:image:height\" content=\"895\" \/>\n<meta name=\"twitter:card\" content=\"summary_large_image\" \/>\n<script type=\"application\/ld+json\" class=\"yoast-schema-graph\">{\"@context\":\"https:\/\/schema.org\",\"@graph\":[{\"@type\":\"WebSite\",\"@id\":\"https:\/\/tugraztestweb.asol.at\/#website\",\"url\":\"https:\/\/tugraztestweb.asol.at\/\",\"name\":\"Verlag der TU Graz\",\"description\":\"Verlag der Technischen Universit\\u00e4t Graz\",\"potentialAction\":[{\"@type\":\"SearchAction\",\"target\":\"https:\/\/tugraztestweb.asol.at\/?s={search_term_string}\",\"query-input\":\"required name=search_term_string\"}],\"inLanguage\":\"en-US\"},{\"@type\":\"ImageObject\",\"@id\":\"https:\/\/tugraztestweb.asol.at\/en\/gesamtverzeichnis\/bauingenieurwissenschaften\/lm-vm-2014-ein-vorschlag-fuer-leistungsmodelleverguetungsmodelle-fuer-planerleistungen\/#primaryimage\",\"inLanguage\":\"en-US\",\"url\":\"https:\/\/tugraztestweb.asol.at\/wp-content\/uploads\/2020\/10\/image-978-3-85125-324-5.jpg\",\"contentUrl\":\"https:\/\/tugraztestweb.asol.at\/wp-content\/uploads\/2020\/10\/image-978-3-85125-324-5.jpg\",\"width\":634,\"height\":895},{\"@type\":\"WebPage\",\"@id\":\"https:\/\/tugraztestweb.asol.at\/en\/gesamtverzeichnis\/bauingenieurwissenschaften\/lm-vm-2014-ein-vorschlag-fuer-leistungsmodelleverguetungsmodelle-fuer-planerleistungen\/#webpage\",\"url\":\"https:\/\/tugraztestweb.asol.at\/en\/gesamtverzeichnis\/bauingenieurwissenschaften\/lm-vm-2014-ein-vorschlag-fuer-leistungsmodelleverguetungsmodelle-fuer-planerleistungen\/\",\"name\":\"LM.VM.2014 Ein Vorschlag f\\u00fcr Leistungsmodelle+Verg\\u00fctungsmodelle f\\u00fcr Planerleistungen - Verlag der TU Graz\",\"isPartOf\":{\"@id\":\"https:\/\/tugraztestweb.asol.at\/#website\"},\"primaryImageOfPage\":{\"@id\":\"https:\/\/tugraztestweb.asol.at\/en\/gesamtverzeichnis\/bauingenieurwissenschaften\/lm-vm-2014-ein-vorschlag-fuer-leistungsmodelleverguetungsmodelle-fuer-planerleistungen\/#primaryimage\"},\"datePublished\":\"2020-10-30T10:27:13+00:00\",\"dateModified\":\"2020-10-30T11:28:13+00:00\",\"breadcrumb\":{\"@id\":\"https:\/\/tugraztestweb.asol.at\/en\/gesamtverzeichnis\/bauingenieurwissenschaften\/lm-vm-2014-ein-vorschlag-fuer-leistungsmodelleverguetungsmodelle-fuer-planerleistungen\/#breadcrumb\"},\"inLanguage\":\"en-US\",\"potentialAction\":[{\"@type\":\"ReadAction\",\"target\":[\"https:\/\/tugraztestweb.asol.at\/en\/gesamtverzeichnis\/bauingenieurwissenschaften\/lm-vm-2014-ein-vorschlag-fuer-leistungsmodelleverguetungsmodelle-fuer-planerleistungen\/\"]}]},{\"@type\":\"BreadcrumbList\",\"@id\":\"https:\/\/tugraztestweb.asol.at\/en\/gesamtverzeichnis\/bauingenieurwissenschaften\/lm-vm-2014-ein-vorschlag-fuer-leistungsmodelleverguetungsmodelle-fuer-planerleistungen\/#breadcrumb\",\"itemListElement\":[{\"@type\":\"ListItem\",\"position\":1,\"item\":{\"@type\":\"WebPage\",\"@id\":\"https:\/\/tugraztestweb.asol.at\/\",\"url\":\"https:\/\/tugraztestweb.asol.at\/\",\"name\":\"Home\"}},{\"@type\":\"ListItem\",\"position\":2,\"item\":{\"@type\":\"WebPage\",\"@id\":\"https:\/\/tugraztestweb.asol.at\/gesamtverzeichnis\/\",\"url\":\"https:\/\/tugraztestweb.asol.at\/gesamtverzeichnis\/\",\"name\":\"Gesamtverzeichnis\"}},{\"@type\":\"ListItem\",\"position\":3,\"item\":{\"@type\":\"WebPage\",\"@id\":\"https:\/\/tugraztestweb.asol.at\/en\/gesamtverzeichnis\/bauingenieurwissenschaften\/lm-vm-2014-ein-vorschlag-fuer-leistungsmodelleverguetungsmodelle-fuer-planerleistungen\/\",\"url\":\"https:\/\/tugraztestweb.asol.at\/en\/gesamtverzeichnis\/bauingenieurwissenschaften\/lm-vm-2014-ein-vorschlag-fuer-leistungsmodelleverguetungsmodelle-fuer-planerleistungen\/\",\"name\":\"LM.VM.2014 Ein Vorschlag f\\u00fcr Leistungsmodelle+Verg\\u00fctungsmodelle f\\u00fcr Planerleistungen\"}}]}]}<\/script>\n<!-- \/ Yoast SEO plugin. -->","_links":{"self":[{"href":"https:\/\/tugraztestweb.asol.at\/en\/wp-json\/wp\/v2\/product\/30364"}],"collection":[{"href":"https:\/\/tugraztestweb.asol.at\/en\/wp-json\/wp\/v2\/product"}],"about":[{"href":"https:\/\/tugraztestweb.asol.at\/en\/wp-json\/wp\/v2\/types\/product"}],"replies":[{"embeddable":true,"href":"https:\/\/tugraztestweb.asol.at\/en\/wp-json\/wp\/v2\/comments?post=30364"}],"wp:featuredmedia":[{"embeddable":true,"href":"https:\/\/tugraztestweb.asol.at\/en\/wp-json\/wp\/v2\/media\/39895"}],"wp:attachment":[{"href":"https:\/\/tugraztestweb.asol.at\/en\/wp-json\/wp\/v2\/media?parent=30364"}],"curies":[{"name":"wp","href":"https:\/\/api.w.org\/{rel}","templated":true}]}}