{"id":30412,"date":"2020-08-21T12:54:44","date_gmt":"2020-08-21T12:54:44","guid":{"rendered":"http:\/\/tugraztestweb.asol.at\/gesamtverzeichnis\/unkategorisiert\/ausbildungslandschaft-berufsbild-karriereweg-und-qualifikationsprofil-von-wirtschaftsingenieuren\/"},"modified":"2020-08-21T14:55:45","modified_gmt":"2020-08-21T12:55:45","slug":"ausbildungslandschaft-berufsbild-karriereweg-und-qualifikationsprofil-von-wirtschaftsingenieuren-ebook","status":"publish","type":"product","link":"https:\/\/tugraztestweb.asol.at\/en\/gesamtverzeichnis\/maschinenbau-und-wirtschaftswissenschaften\/ausbildungslandschaft-berufsbild-karriereweg-und-qualifikationsprofil-von-wirtschaftsingenieuren-ebook\/","title":{"rendered":"Ausbildungslandschaft, Berufsbild, Karriereweg und Qualifikationsprofil von Wirtschaftsingenieuren"},"content":{"rendered":"<p class=\"qtranxs-available-languages-message qtranxs-available-languages-message-en\">Sorry, this entry is only available in <a href=\"https:\/\/tugraztestweb.asol.at\/de\/wp-json\/wp\/v2\/product\/30412\" class=\"qtranxs-available-language-link qtranxs-available-language-link-de\" title=\"Deutsch\">Deutsch<\/a>.<\/p><p>Vorwort<br \/>In den letzten Jahren nahm das Angebot an Wirtschaftsingenieurstudien an den Universit\u00e4ten und Fachhochschulen \u00d6sterreichs, Deutschlands und der Schweiz stark zu, wobei die Studienrichtungen ganz unterschiedliche Auspr\u00e4gungen in ihrer Gewichtung von technischen, wirtschaftlichen und integrativen F\u00e4chern aufweisen. Deshalb fassten die Wirtschaftsingenieurverb\u00e4nde aus \u00d6sterreich, Deutschland und der Schweiz in einer Dreil\u00e4ndererkl\u00e4rung folgenden Entschluss:<br \/>\u201eWir wollen eine hohe Qualit\u00e4t und das unverwechselbare Profil des Wirtschaftsingenieurs sicherstellen und seinen hohen Arbeitsmarktwert durch die Schaffung einer gemeinsamen Ausbildungsmarke f\u00f6rdern.\u201c<br \/>In einem ersten Schritt definierten die Verb\u00e4nde ihre Vorstellungen hinsichtlich der Mindestanteile von technischen, wirtschaftlichen und integrativen Studienf\u00e4chern f\u00fcr die Wirtschaftsingenieurausbildung sowie die Schritte zur gemeinsamen Markenbildung. Die vorliegende Studie \u00fcber die Ausbildungslandschaft, das Qualifikationsprofil und das Berufsbild des Wirtschaftsingenieurs wurde vom Institut f\u00fcr Betriebswirtschaftslehre und Betriebssoziologie der Technischen Universit\u00e4t Graz in Kooperation mit dem \u00d6sterreichischen Verband der Wirtschaftsingenieure erstellt. Sie erfasst den aktuellen Stand des Wirtschaftsingenieurwesens in \u00d6sterreich, zum einen hinsichtlich der Ausbildungsschwerpunkte an den Universit\u00e4ten und Fachhochschulen, zum anderen im Hinblick auf die Einsatzschwerpunkte, Qualifikationen, Kompetenzen und Karriereverl\u00e4ufe der im Beruf stehenden Wirtschaftsingenieure. Die Studie liefert wertvolle Erkenntnisse f\u00fcr die angestrebte Markenbildung und \u00d6ffentlichkeitsarbeit und gibt den Wirtschaftsingenieuren selbst sowie der interessierten \u00d6ffentlichkeit ein aktuelles und umfassendes Bild \u00fcber den Wirtschaftsingenieur in Ausbildung und Beruf.<\/p>","protected":false},"excerpt":{"rendered":"<p class=\"qtranxs-available-languages-message qtranxs-available-languages-message-en\">Sorry, this entry is only available in <a href=\"https:\/\/tugraztestweb.asol.at\/de\/wp-json\/wp\/v2\/product\/30412\" class=\"qtranxs-available-language-link qtranxs-available-language-link-de\" title=\"Deutsch\">Deutsch<\/a>.<\/p>\n<p>Vorwort<br \/>In den letzten Jahren nahm das Angebot an Wirtschaftsingenieurstudien an den Universit\u00e4ten und Fachhochschulen \u00d6sterreichs, Deutschlands und der Schweiz stark zu, wobei die Studienrichtungen ganz unterschiedliche Auspr\u00e4gungen in ihrer Gewichtung von technischen, wirtschaftlichen und integrativen F\u00e4chern aufweisen. Deshalb fassten die Wirtschaftsingenieurverb\u00e4nde aus \u00d6sterreich, Deutschland und der Schweiz in einer Dreil\u00e4ndererkl\u00e4rung folgenden Entschluss:<br \/>\u201eWir wollen eine hohe Qualit\u00e4t und das unverwechselbare Profil des Wirtschaftsingenieurs sicherstellen und seinen hohen Arbeitsmarktwert durch die Schaffung einer gemeinsamen Ausbildungsmarke f\u00f6rdern.\u201c<br \/>In einem ersten Schritt definierten die Verb\u00e4nde ihre Vorstellungen hinsichtlich der Mindestanteile von technischen, wirtschaftlichen und integrativen Studienf\u00e4chern f\u00fcr die Wirtschaftsingenieurausbildung sowie die Schritte zur gemeinsamen Markenbildung. Die vorliegende Studie \u00fcber die Ausbildungslandschaft, das Qualifikationsprofil und das Berufsbild des Wirtschaftsingenieurs wurde vom Institut f\u00fcr Betriebswirtschaftslehre und Betriebssoziologie der Technischen Universit\u00e4t Graz in Kooperation mit dem \u00d6sterreichischen Verband der Wirtschaftsingenieure erstellt. Sie erfasst den aktuellen Stand des Wirtschaftsingenieurwesens in \u00d6sterreich, zum einen hinsichtlich der Ausbildungsschwerpunkte an den Universit\u00e4ten und Fachhochschulen, zum anderen im Hinblick auf die Einsatzschwerpunkte, Qualifikationen, Kompetenzen und Karriereverl\u00e4ufe der im Beruf stehenden Wirtschaftsingenieure. Die Studie liefert wertvolle Erkenntnisse f\u00fcr die angestrebte Markenbildung und \u00d6ffentlichkeitsarbeit und gibt den Wirtschaftsingenieuren selbst sowie der interessierten \u00d6ffentlichkeit ein aktuelles und umfassendes Bild \u00fcber den Wirtschaftsingenieur in Ausbildung und Beruf.<\/p>\n","protected":false},"featured_media":39919,"comment_status":"open","ping_status":"closed","template":"","meta":[],"yoast_head":"<!-- This site is optimized with the Yoast SEO plugin v16.1.1 - https:\/\/yoast.com\/wordpress\/plugins\/seo\/ -->\n<link rel=\"canonical\" href=\"https:\/\/tugraztestweb.asol.at\/gesamtverzeichnis\/maschinenbau-und-wirtschaftswissenschaften\/ausbildungslandschaft-berufsbild-karriereweg-und-qualifikationsprofil-von-wirtschaftsingenieuren-ebook\/\" \/>\n<meta property=\"og:locale\" content=\"en_US\" \/>\n<meta property=\"og:type\" content=\"article\" \/>\n<meta property=\"og:title\" content=\"Ausbildungslandschaft, Berufsbild, Karriereweg und Qualifikationsprofil von Wirtschaftsingenieuren - Verlag der TU Graz\" \/>\n<meta property=\"og:description\" content=\"VorwortIn den letzten Jahren nahm das Angebot an Wirtschaftsingenieurstudien an den Universit\u00e4ten und Fachhochschulen \u00d6sterreichs, Deutschlands und der Schweiz stark zu, wobei die Studienrichtungen ganz unterschiedliche Auspr\u00e4gungen in ihrer Gewichtung von technischen, wirtschaftlichen und integrativen F\u00e4chern aufweisen. Deshalb fassten die Wirtschaftsingenieurverb\u00e4nde aus \u00d6sterreich, Deutschland und der Schweiz in einer Dreil\u00e4ndererkl\u00e4rung folgenden Entschluss:\u201eWir wollen eine hohe Qualit\u00e4t und das unverwechselbare Profil des Wirtschaftsingenieurs sicherstellen und seinen hohen Arbeitsmarktwert durch die Schaffung einer gemeinsamen Ausbildungsmarke f\u00f6rdern.\u201cIn einem ersten Schritt definierten die Verb\u00e4nde ihre Vorstellungen hinsichtlich der Mindestanteile von technischen, wirtschaftlichen und integrativen Studienf\u00e4chern f\u00fcr die Wirtschaftsingenieurausbildung sowie die Schritte zur gemeinsamen Markenbildung. Die vorliegende Studie \u00fcber die Ausbildungslandschaft, das Qualifikationsprofil und das Berufsbild des Wirtschaftsingenieurs wurde vom Institut f\u00fcr Betriebswirtschaftslehre und Betriebssoziologie der Technischen Universit\u00e4t Graz in Kooperation mit dem \u00d6sterreichischen Verband der Wirtschaftsingenieure erstellt. Sie erfasst den aktuellen Stand des Wirtschaftsingenieurwesens in \u00d6sterreich, zum einen hinsichtlich der Ausbildungsschwerpunkte an den Universit\u00e4ten und Fachhochschulen, zum anderen im Hinblick auf die Einsatzschwerpunkte, Qualifikationen, Kompetenzen und Karriereverl\u00e4ufe der im Beruf stehenden Wirtschaftsingenieure. Die Studie liefert wertvolle Erkenntnisse f\u00fcr die angestrebte Markenbildung und \u00d6ffentlichkeitsarbeit und gibt den Wirtschaftsingenieuren selbst sowie der interessierten \u00d6ffentlichkeit ein aktuelles und umfassendes Bild \u00fcber den Wirtschaftsingenieur in Ausbildung und Beruf.\" \/>\n<meta property=\"og:url\" content=\"https:\/\/tugraztestweb.asol.at\/gesamtverzeichnis\/maschinenbau-und-wirtschaftswissenschaften\/ausbildungslandschaft-berufsbild-karriereweg-und-qualifikationsprofil-von-wirtschaftsingenieuren-ebook\/\" \/>\n<meta property=\"og:site_name\" content=\"Verlag der TU Graz\" \/>\n<meta property=\"article:modified_time\" content=\"2020-08-21T12:55:45+00:00\" \/>\n<meta property=\"og:image\" content=\"https:\/\/tugraztestweb.asol.at\/wp-content\/uploads\/2020\/08\/image-978-3-85125-110-4.jpg\" \/>\n\t<meta property=\"og:image:width\" content=\"607\" \/>\n\t<meta property=\"og:image:height\" content=\"859\" \/>\n<meta name=\"twitter:card\" content=\"summary_large_image\" \/>\n<meta name=\"twitter:label1\" content=\"Est. reading time\">\n\t<meta name=\"twitter:data1\" content=\"1 minute\">\n<script type=\"application\/ld+json\" class=\"yoast-schema-graph\">{\"@context\":\"https:\/\/schema.org\",\"@graph\":[{\"@type\":\"WebSite\",\"@id\":\"https:\/\/tugraztestweb.asol.at\/#website\",\"url\":\"https:\/\/tugraztestweb.asol.at\/\",\"name\":\"Verlag der TU Graz\",\"description\":\"Verlag der Technischen Universit\\u00e4t Graz\",\"potentialAction\":[{\"@type\":\"SearchAction\",\"target\":\"https:\/\/tugraztestweb.asol.at\/?s={search_term_string}\",\"query-input\":\"required name=search_term_string\"}],\"inLanguage\":\"en-US\"},{\"@type\":\"ImageObject\",\"@id\":\"https:\/\/tugraztestweb.asol.at\/gesamtverzeichnis\/maschinenbau-und-wirtschaftswissenschaften\/ausbildungslandschaft-berufsbild-karriereweg-und-qualifikationsprofil-von-wirtschaftsingenieuren-ebook\/#primaryimage\",\"inLanguage\":\"en-US\",\"url\":\"https:\/\/tugraztestweb.asol.at\/wp-content\/uploads\/2020\/08\/image-978-3-85125-110-4.jpg\",\"contentUrl\":\"https:\/\/tugraztestweb.asol.at\/wp-content\/uploads\/2020\/08\/image-978-3-85125-110-4.jpg\",\"width\":607,\"height\":859},{\"@type\":\"WebPage\",\"@id\":\"https:\/\/tugraztestweb.asol.at\/gesamtverzeichnis\/maschinenbau-und-wirtschaftswissenschaften\/ausbildungslandschaft-berufsbild-karriereweg-und-qualifikationsprofil-von-wirtschaftsingenieuren-ebook\/#webpage\",\"url\":\"https:\/\/tugraztestweb.asol.at\/gesamtverzeichnis\/maschinenbau-und-wirtschaftswissenschaften\/ausbildungslandschaft-berufsbild-karriereweg-und-qualifikationsprofil-von-wirtschaftsingenieuren-ebook\/\",\"name\":\"Ausbildungslandschaft, Berufsbild, Karriereweg und Qualifikationsprofil von Wirtschaftsingenieuren - Verlag der TU Graz\",\"isPartOf\":{\"@id\":\"https:\/\/tugraztestweb.asol.at\/#website\"},\"primaryImageOfPage\":{\"@id\":\"https:\/\/tugraztestweb.asol.at\/gesamtverzeichnis\/maschinenbau-und-wirtschaftswissenschaften\/ausbildungslandschaft-berufsbild-karriereweg-und-qualifikationsprofil-von-wirtschaftsingenieuren-ebook\/#primaryimage\"},\"datePublished\":\"2020-08-21T12:54:44+00:00\",\"dateModified\":\"2020-08-21T12:55:45+00:00\",\"breadcrumb\":{\"@id\":\"https:\/\/tugraztestweb.asol.at\/gesamtverzeichnis\/maschinenbau-und-wirtschaftswissenschaften\/ausbildungslandschaft-berufsbild-karriereweg-und-qualifikationsprofil-von-wirtschaftsingenieuren-ebook\/#breadcrumb\"},\"inLanguage\":\"en-US\",\"potentialAction\":[{\"@type\":\"ReadAction\",\"target\":[\"https:\/\/tugraztestweb.asol.at\/gesamtverzeichnis\/maschinenbau-und-wirtschaftswissenschaften\/ausbildungslandschaft-berufsbild-karriereweg-und-qualifikationsprofil-von-wirtschaftsingenieuren-ebook\/\"]}]},{\"@type\":\"BreadcrumbList\",\"@id\":\"https:\/\/tugraztestweb.asol.at\/gesamtverzeichnis\/maschinenbau-und-wirtschaftswissenschaften\/ausbildungslandschaft-berufsbild-karriereweg-und-qualifikationsprofil-von-wirtschaftsingenieuren-ebook\/#breadcrumb\",\"itemListElement\":[{\"@type\":\"ListItem\",\"position\":1,\"item\":{\"@type\":\"WebPage\",\"@id\":\"https:\/\/tugraztestweb.asol.at\/\",\"url\":\"https:\/\/tugraztestweb.asol.at\/\",\"name\":\"Home\"}},{\"@type\":\"ListItem\",\"position\":2,\"item\":{\"@type\":\"WebPage\",\"@id\":\"https:\/\/tugraztestweb.asol.at\/gesamtverzeichnis\/\",\"url\":\"https:\/\/tugraztestweb.asol.at\/gesamtverzeichnis\/\",\"name\":\"Gesamtverzeichnis\"}},{\"@type\":\"ListItem\",\"position\":3,\"item\":{\"@type\":\"WebPage\",\"@id\":\"https:\/\/tugraztestweb.asol.at\/gesamtverzeichnis\/maschinenbau-und-wirtschaftswissenschaften\/ausbildungslandschaft-berufsbild-karriereweg-und-qualifikationsprofil-von-wirtschaftsingenieuren-ebook\/\",\"url\":\"https:\/\/tugraztestweb.asol.at\/gesamtverzeichnis\/maschinenbau-und-wirtschaftswissenschaften\/ausbildungslandschaft-berufsbild-karriereweg-und-qualifikationsprofil-von-wirtschaftsingenieuren-ebook\/\",\"name\":\"Ausbildungslandschaft, Berufsbild, Karriereweg und Qualifikationsprofil von Wirtschaftsingenieuren\"}}]}]}<\/script>\n<!-- \/ Yoast SEO plugin. -->","_links":{"self":[{"href":"https:\/\/tugraztestweb.asol.at\/en\/wp-json\/wp\/v2\/product\/30412"}],"collection":[{"href":"https:\/\/tugraztestweb.asol.at\/en\/wp-json\/wp\/v2\/product"}],"about":[{"href":"https:\/\/tugraztestweb.asol.at\/en\/wp-json\/wp\/v2\/types\/product"}],"replies":[{"embeddable":true,"href":"https:\/\/tugraztestweb.asol.at\/en\/wp-json\/wp\/v2\/comments?post=30412"}],"wp:featuredmedia":[{"embeddable":true,"href":"https:\/\/tugraztestweb.asol.at\/en\/wp-json\/wp\/v2\/media\/39919"}],"wp:attachment":[{"href":"https:\/\/tugraztestweb.asol.at\/en\/wp-json\/wp\/v2\/media?parent=30412"}],"curies":[{"name":"wp","href":"https:\/\/api.w.org\/{rel}","templated":true}]}}