{"id":30416,"date":"2020-08-21T12:54:45","date_gmt":"2020-08-21T12:54:45","guid":{"rendered":"http:\/\/tugraztestweb.asol.at\/gesamtverzeichnis\/unkategorisiert\/ausbildungslandschaft-kompetenzprofil-und-karriereweg-von-wirtschaftsingenieurinnen-2\/"},"modified":"2020-08-21T14:55:45","modified_gmt":"2020-08-21T12:55:45","slug":"ausbildungslandschaft-kompetenzprofil-und-karriereweg-von-wirtschaftsingenieurinnen-ebook","status":"publish","type":"product","link":"https:\/\/tugraztestweb.asol.at\/en\/gesamtverzeichnis\/maschinenbau-und-wirtschaftswissenschaften\/ausbildungslandschaft-kompetenzprofil-und-karriereweg-von-wirtschaftsingenieurinnen-ebook\/","title":{"rendered":"Ausbildungslandschaft, Kompetenzprofil und Karriereweg von WirtschaftsingenieurInnen"},"content":{"rendered":"<p class=\"qtranxs-available-languages-message qtranxs-available-languages-message-en\">Sorry, this entry is only available in <a href=\"https:\/\/tugraztestweb.asol.at\/de\/wp-json\/wp\/v2\/product\/30416\" class=\"qtranxs-available-language-link qtranxs-available-language-link-de\" title=\"Deutsch\">Deutsch<\/a>.<\/p><p>Vorwort<br \/>Sowohl das Studienangebot als auch die Anzahl der<br \/>\nStudierenden und AbsolventInnen des Wirtschaftsingenieurwesens an den<br \/>\nUniversit\u00e4ten und Fachhochschulen erfuhr in den letzten zehn bis 15<br \/>\nJahren eine signifikante Zunahme. In \u00d6sterreich wird das<br \/>\nWirtschaftsingenieurwesen bereits an f\u00fcnf Universit\u00e4ten und elf<br \/>\nFachhochschulen gelehrt, die Anzahl der derzeit Studierenden hat 6.000<br \/>\n\u00fcberschritten.<br \/>Diese Entwicklung erfolgte in Deutschland und in der<br \/>\nSchweiz gleicherma\u00dfen, sodass die drei nationalen<br \/>\nWirtschaftsingenieurverb\u00e4nde in einer Dreil\u00e4ndererkl\u00e4rung ihre<br \/>\nAnforderung an eine fachlich ad\u00e4quate Wirtschaftsingenieurausbildung<br \/>\nfestlegten. Unter Ber\u00fccksichtigung dieser Erkl\u00e4rung definiert der<br \/>\n\u00d6sterreichische Verband der Wirtschaftsingenieure:<br \/>\n\u201eWirtschaftsingenieurInnen sind wirtschaftswissenschaftlich ausgebildete<br \/>\n IngenieurInnen mit akademischem Studienabschluss, die in ihrer<br \/>\nberuflichen T\u00e4tigkeit ihre technische und \u00f6konomische Kompetenz<br \/>\nganzheitlich verkn\u00fcpfen. Ihre Ausbildung soll mehr als 50% technische<br \/>\nF\u00e4cher, mindestens 20% wirtschaftliche F\u00e4cher und mindestens 10%<br \/>\nintegrative F\u00e4cher beinhalten.\u201c Um die Ausbildungslandschaft, das<br \/>\nQualifikationsprofil und das Berufsbild des Wirtschaftsingenieurs bzw.<br \/>\nder Wirtschaftsingenieurin zu erfassen, f\u00fchren der \u00d6sterreichische<br \/>\nVerband der Wirtschaftsingenieure und das Institut f\u00fcr<br \/>\nBetriebswirtschaftslehre und Betriebssoziologie der TU Graz gemeinsam in<br \/>\n regelm\u00e4\u00dfigen Abst\u00e4nden eine Erhebung durch. Die aktuelle Studie gibt<br \/>\neinen \u00dcberblick \u00fcber die Hochschulen mit Wirtschaftsingenieurausbildung<br \/>\nund deren Ausbildungsschwerpunkte, berichtet \u00fcber die Aufgabenfelder,<br \/>\ndas Karriereprofil und die notwendigen Kernkompetenzen der<br \/>\nWirtschaftsingenieurInnen im Beruf und zeigt die Anforderungen von<br \/>\nPersonalmanagerInnen an die AbsolventInnen. Durch ihre umfassende<br \/>\nDarstellung ist die Studie gleicherma\u00dfen f\u00fcr die AbsolventInnen im<br \/>\nBeruf, f\u00fcr die Studierenden und die Ausbildungsinstitutionen sowie f\u00fcr<br \/>\nden Verband der Wirtschaftsingenieure von gro\u00dfem Wert. <br \/>Den<br \/>\nAutorInnen der Studie danke ich im Namen des Verbandes sehr herzlich und<br \/>\n w\u00fcnsche den Leserinnen und Lesern interessante Erkenntnisse und einen<br \/>\nhohen Nutzen aus der vermittelten Information.<br \/>Dipl.-Ing. Dr. Hans-J\u00f6rg Gress<br \/>Pr\u00e4sident des \u00d6sterreichischen Verbands der Wirtschaftsingenieure<\/p>","protected":false},"excerpt":{"rendered":"<p class=\"qtranxs-available-languages-message qtranxs-available-languages-message-en\">Sorry, this entry is only available in <a href=\"https:\/\/tugraztestweb.asol.at\/de\/wp-json\/wp\/v2\/product\/30416\" class=\"qtranxs-available-language-link qtranxs-available-language-link-de\" title=\"Deutsch\">Deutsch<\/a>.<\/p>\n<p>Vorwort<br \/>Sowohl das Studienangebot als auch die Anzahl der<br \/>\nStudierenden und AbsolventInnen des Wirtschaftsingenieurwesens an den<br \/>\nUniversit\u00e4ten und Fachhochschulen erfuhr in den letzten zehn bis 15<br \/>\nJahren eine signifikante Zunahme. In \u00d6sterreich wird das<br \/>\nWirtschaftsingenieurwesen bereits an f\u00fcnf Universit\u00e4ten und elf<br \/>\nFachhochschulen gelehrt, die Anzahl der derzeit Studierenden hat 6.000<br \/>\n\u00fcberschritten.<br \/>Diese Entwicklung erfolgte in Deutschland und in der<br \/>\nSchweiz gleicherma\u00dfen, sodass die drei nationalen<br \/>\nWirtschaftsingenieurverb\u00e4nde in einer Dreil\u00e4ndererkl\u00e4rung ihre<br \/>\nAnforderung an eine fachlich ad\u00e4quate Wirtschaftsingenieurausbildung<br \/>\nfestlegten. Unter Ber\u00fccksichtigung dieser Erkl\u00e4rung definiert der<br \/>\n\u00d6sterreichische Verband der Wirtschaftsingenieure:<br \/>\n\u201eWirtschaftsingenieurInnen sind wirtschaftswissenschaftlich ausgebildete<br \/>\n IngenieurInnen mit akademischem Studienabschluss, die in ihrer<br \/>\nberuflichen T\u00e4tigkeit ihre technische und \u00f6konomische Kompetenz<br \/>\nganzheitlich verkn\u00fcpfen. Ihre Ausbildung soll mehr als 50% technische<br \/>\nF\u00e4cher, mindestens 20% wirtschaftliche F\u00e4cher und mindestens 10%<br \/>\nintegrative F\u00e4cher beinhalten.\u201c Um die Ausbildungslandschaft, das<br \/>\nQualifikationsprofil und das Berufsbild des Wirtschaftsingenieurs bzw.<br \/>\nder Wirtschaftsingenieurin zu erfassen, f\u00fchren der \u00d6sterreichische<br \/>\nVerband der Wirtschaftsingenieure und das Institut f\u00fcr<br \/>\nBetriebswirtschaftslehre und Betriebssoziologie der TU Graz gemeinsam in<br \/>\n regelm\u00e4\u00dfigen Abst\u00e4nden eine Erhebung durch. Die aktuelle Studie gibt<br \/>\neinen \u00dcberblick \u00fcber die Hochschulen mit Wirtschaftsingenieurausbildung<br \/>\nund deren Ausbildungsschwerpunkte, berichtet \u00fcber die Aufgabenfelder,<br \/>\ndas Karriereprofil und die notwendigen Kernkompetenzen der<br \/>\nWirtschaftsingenieurInnen im Beruf und zeigt die Anforderungen von<br \/>\nPersonalmanagerInnen an die AbsolventInnen. Durch ihre umfassende<br \/>\nDarstellung ist die Studie gleicherma\u00dfen f\u00fcr die AbsolventInnen im<br \/>\nBeruf, f\u00fcr die Studierenden und die Ausbildungsinstitutionen sowie f\u00fcr<br \/>\nden Verband der Wirtschaftsingenieure von gro\u00dfem Wert. <br \/>Den<br \/>\nAutorInnen der Studie danke ich im Namen des Verbandes sehr herzlich und<br \/>\n w\u00fcnsche den Leserinnen und Lesern interessante Erkenntnisse und einen<br \/>\nhohen Nutzen aus der vermittelten Information.<br \/>Dipl.-Ing. Dr. Hans-J\u00f6rg Gress<br \/>Pr\u00e4sident des \u00d6sterreichischen Verbands der Wirtschaftsingenieure<\/p>\n","protected":false},"featured_media":39921,"comment_status":"open","ping_status":"closed","template":"","meta":[],"yoast_head":"<!-- This site is optimized with the Yoast SEO plugin v16.1.1 - https:\/\/yoast.com\/wordpress\/plugins\/seo\/ -->\n<link rel=\"canonical\" href=\"https:\/\/tugraztestweb.asol.at\/gesamtverzeichnis\/maschinenbau-und-wirtschaftswissenschaften\/ausbildungslandschaft-kompetenzprofil-und-karriereweg-von-wirtschaftsingenieurinnen-ebook\/\" \/>\n<meta property=\"og:locale\" content=\"en_US\" \/>\n<meta property=\"og:type\" content=\"article\" \/>\n<meta property=\"og:title\" content=\"Ausbildungslandschaft, Kompetenzprofil und Karriereweg von WirtschaftsingenieurInnen - Verlag der TU Graz\" \/>\n<meta property=\"og:description\" content=\"VorwortSowohl das Studienangebot als auch die Anzahl der Studierenden und AbsolventInnen des Wirtschaftsingenieurwesens an den Universit\u00e4ten und Fachhochschulen erfuhr in den letzten zehn bis 15 Jahren eine signifikante Zunahme. In \u00d6sterreich wird das Wirtschaftsingenieurwesen bereits an f\u00fcnf Universit\u00e4ten und elf Fachhochschulen gelehrt, die Anzahl der derzeit Studierenden hat 6.000 \u00fcberschritten.Diese Entwicklung erfolgte in Deutschland und in der Schweiz gleicherma\u00dfen, sodass die drei nationalen Wirtschaftsingenieurverb\u00e4nde in einer Dreil\u00e4ndererkl\u00e4rung ihre Anforderung an eine fachlich ad\u00e4quate Wirtschaftsingenieurausbildung festlegten. Unter Ber\u00fccksichtigung dieser Erkl\u00e4rung definiert der \u00d6sterreichische Verband der Wirtschaftsingenieure: \u201eWirtschaftsingenieurInnen sind wirtschaftswissenschaftlich ausgebildete IngenieurInnen mit akademischem Studienabschluss, die in ihrer beruflichen T\u00e4tigkeit ihre technische und \u00f6konomische Kompetenz ganzheitlich verkn\u00fcpfen. Ihre Ausbildung soll mehr als 50% technische F\u00e4cher, mindestens 20% wirtschaftliche F\u00e4cher und mindestens 10% integrative F\u00e4cher beinhalten.\u201c Um die Ausbildungslandschaft, das Qualifikationsprofil und das Berufsbild des Wirtschaftsingenieurs bzw. der Wirtschaftsingenieurin zu erfassen, f\u00fchren der \u00d6sterreichische Verband der Wirtschaftsingenieure und das Institut f\u00fcr Betriebswirtschaftslehre und Betriebssoziologie der TU Graz gemeinsam in regelm\u00e4\u00dfigen Abst\u00e4nden eine Erhebung durch. Die aktuelle Studie gibt einen \u00dcberblick \u00fcber die Hochschulen mit Wirtschaftsingenieurausbildung und deren Ausbildungsschwerpunkte, berichtet \u00fcber die Aufgabenfelder, das Karriereprofil und die notwendigen Kernkompetenzen der WirtschaftsingenieurInnen im Beruf und zeigt die Anforderungen von PersonalmanagerInnen an die AbsolventInnen. Durch ihre umfassende Darstellung ist die Studie gleicherma\u00dfen f\u00fcr die AbsolventInnen im Beruf, f\u00fcr die Studierenden und die Ausbildungsinstitutionen sowie f\u00fcr den Verband der Wirtschaftsingenieure von gro\u00dfem Wert. Den AutorInnen der Studie danke ich im Namen des Verbandes sehr herzlich und w\u00fcnsche den Leserinnen und Lesern interessante Erkenntnisse und einen hohen Nutzen aus der vermittelten Information.Dipl.-Ing. Dr. Hans-J\u00f6rg GressPr\u00e4sident des \u00d6sterreichischen Verbands der Wirtschaftsingenieure\" \/>\n<meta property=\"og:url\" content=\"https:\/\/tugraztestweb.asol.at\/gesamtverzeichnis\/maschinenbau-und-wirtschaftswissenschaften\/ausbildungslandschaft-kompetenzprofil-und-karriereweg-von-wirtschaftsingenieurinnen-ebook\/\" \/>\n<meta property=\"og:site_name\" content=\"Verlag der TU Graz\" \/>\n<meta property=\"article:modified_time\" content=\"2020-08-21T12:55:45+00:00\" \/>\n<meta property=\"og:image\" content=\"https:\/\/tugraztestweb.asol.at\/wp-content\/uploads\/2020\/08\/image-978-3-85125-349-8.jpg\" \/>\n\t<meta property=\"og:image:width\" content=\"577\" \/>\n\t<meta property=\"og:image:height\" content=\"818\" \/>\n<meta name=\"twitter:card\" content=\"summary_large_image\" \/>\n<meta name=\"twitter:label1\" content=\"Est. reading time\">\n\t<meta name=\"twitter:data1\" content=\"1 minute\">\n<script type=\"application\/ld+json\" class=\"yoast-schema-graph\">{\"@context\":\"https:\/\/schema.org\",\"@graph\":[{\"@type\":\"WebSite\",\"@id\":\"https:\/\/tugraztestweb.asol.at\/#website\",\"url\":\"https:\/\/tugraztestweb.asol.at\/\",\"name\":\"Verlag der TU Graz\",\"description\":\"Verlag der Technischen Universit\\u00e4t Graz\",\"potentialAction\":[{\"@type\":\"SearchAction\",\"target\":\"https:\/\/tugraztestweb.asol.at\/?s={search_term_string}\",\"query-input\":\"required name=search_term_string\"}],\"inLanguage\":\"en-US\"},{\"@type\":\"ImageObject\",\"@id\":\"https:\/\/tugraztestweb.asol.at\/gesamtverzeichnis\/maschinenbau-und-wirtschaftswissenschaften\/ausbildungslandschaft-kompetenzprofil-und-karriereweg-von-wirtschaftsingenieurinnen-ebook\/#primaryimage\",\"inLanguage\":\"en-US\",\"url\":\"https:\/\/tugraztestweb.asol.at\/wp-content\/uploads\/2020\/08\/image-978-3-85125-349-8.jpg\",\"contentUrl\":\"https:\/\/tugraztestweb.asol.at\/wp-content\/uploads\/2020\/08\/image-978-3-85125-349-8.jpg\",\"width\":577,\"height\":818},{\"@type\":\"WebPage\",\"@id\":\"https:\/\/tugraztestweb.asol.at\/gesamtverzeichnis\/maschinenbau-und-wirtschaftswissenschaften\/ausbildungslandschaft-kompetenzprofil-und-karriereweg-von-wirtschaftsingenieurinnen-ebook\/#webpage\",\"url\":\"https:\/\/tugraztestweb.asol.at\/gesamtverzeichnis\/maschinenbau-und-wirtschaftswissenschaften\/ausbildungslandschaft-kompetenzprofil-und-karriereweg-von-wirtschaftsingenieurinnen-ebook\/\",\"name\":\"Ausbildungslandschaft, Kompetenzprofil und Karriereweg von WirtschaftsingenieurInnen - Verlag der TU Graz\",\"isPartOf\":{\"@id\":\"https:\/\/tugraztestweb.asol.at\/#website\"},\"primaryImageOfPage\":{\"@id\":\"https:\/\/tugraztestweb.asol.at\/gesamtverzeichnis\/maschinenbau-und-wirtschaftswissenschaften\/ausbildungslandschaft-kompetenzprofil-und-karriereweg-von-wirtschaftsingenieurinnen-ebook\/#primaryimage\"},\"datePublished\":\"2020-08-21T12:54:45+00:00\",\"dateModified\":\"2020-08-21T12:55:45+00:00\",\"breadcrumb\":{\"@id\":\"https:\/\/tugraztestweb.asol.at\/gesamtverzeichnis\/maschinenbau-und-wirtschaftswissenschaften\/ausbildungslandschaft-kompetenzprofil-und-karriereweg-von-wirtschaftsingenieurinnen-ebook\/#breadcrumb\"},\"inLanguage\":\"en-US\",\"potentialAction\":[{\"@type\":\"ReadAction\",\"target\":[\"https:\/\/tugraztestweb.asol.at\/gesamtverzeichnis\/maschinenbau-und-wirtschaftswissenschaften\/ausbildungslandschaft-kompetenzprofil-und-karriereweg-von-wirtschaftsingenieurinnen-ebook\/\"]}]},{\"@type\":\"BreadcrumbList\",\"@id\":\"https:\/\/tugraztestweb.asol.at\/gesamtverzeichnis\/maschinenbau-und-wirtschaftswissenschaften\/ausbildungslandschaft-kompetenzprofil-und-karriereweg-von-wirtschaftsingenieurinnen-ebook\/#breadcrumb\",\"itemListElement\":[{\"@type\":\"ListItem\",\"position\":1,\"item\":{\"@type\":\"WebPage\",\"@id\":\"https:\/\/tugraztestweb.asol.at\/\",\"url\":\"https:\/\/tugraztestweb.asol.at\/\",\"name\":\"Home\"}},{\"@type\":\"ListItem\",\"position\":2,\"item\":{\"@type\":\"WebPage\",\"@id\":\"https:\/\/tugraztestweb.asol.at\/gesamtverzeichnis\/\",\"url\":\"https:\/\/tugraztestweb.asol.at\/gesamtverzeichnis\/\",\"name\":\"Gesamtverzeichnis\"}},{\"@type\":\"ListItem\",\"position\":3,\"item\":{\"@type\":\"WebPage\",\"@id\":\"https:\/\/tugraztestweb.asol.at\/gesamtverzeichnis\/maschinenbau-und-wirtschaftswissenschaften\/ausbildungslandschaft-kompetenzprofil-und-karriereweg-von-wirtschaftsingenieurinnen-ebook\/\",\"url\":\"https:\/\/tugraztestweb.asol.at\/gesamtverzeichnis\/maschinenbau-und-wirtschaftswissenschaften\/ausbildungslandschaft-kompetenzprofil-und-karriereweg-von-wirtschaftsingenieurinnen-ebook\/\",\"name\":\"Ausbildungslandschaft, Kompetenzprofil und Karriereweg von WirtschaftsingenieurInnen\"}}]}]}<\/script>\n<!-- \/ Yoast SEO plugin. -->","_links":{"self":[{"href":"https:\/\/tugraztestweb.asol.at\/en\/wp-json\/wp\/v2\/product\/30416"}],"collection":[{"href":"https:\/\/tugraztestweb.asol.at\/en\/wp-json\/wp\/v2\/product"}],"about":[{"href":"https:\/\/tugraztestweb.asol.at\/en\/wp-json\/wp\/v2\/types\/product"}],"replies":[{"embeddable":true,"href":"https:\/\/tugraztestweb.asol.at\/en\/wp-json\/wp\/v2\/comments?post=30416"}],"wp:featuredmedia":[{"embeddable":true,"href":"https:\/\/tugraztestweb.asol.at\/en\/wp-json\/wp\/v2\/media\/39921"}],"wp:attachment":[{"href":"https:\/\/tugraztestweb.asol.at\/en\/wp-json\/wp\/v2\/media?parent=30416"}],"curies":[{"name":"wp","href":"https:\/\/api.w.org\/{rel}","templated":true}]}}