{"id":30429,"date":"2020-08-21T12:54:45","date_gmt":"2020-08-21T12:54:45","guid":{"rendered":"http:\/\/tugraztestweb.asol.at\/gesamtverzeichnis\/unkategorisiert\/mass-customization-basierend-auf-wirtschaftlichen-modellen-und-die-parallelitaet-zur-kunst-als-unikum\/"},"modified":"2020-08-21T14:55:45","modified_gmt":"2020-08-21T12:55:45","slug":"mass-customization-basierend-auf-wirtschaftlichen-modellen-und-die-parallelitaet-zur-kunst-als-unikum","status":"publish","type":"product","link":"https:\/\/tugraztestweb.asol.at\/en\/gesamtverzeichnis\/architektur\/mass-customization-basierend-auf-wirtschaftlichen-modellen-und-die-parallelitaet-zur-kunst-als-unikum\/","title":{"rendered":"Mass Customization basierend auf wirtschaftlichen Modellen und die Parallelit\u00e4t zur Kunst als Unikum"},"content":{"rendered":"<p class=\"qtranxs-available-languages-message qtranxs-available-languages-message-en\">Sorry, this entry is only available in <a href=\"https:\/\/tugraztestweb.asol.at\/de\/wp-json\/wp\/v2\/product\/30429\" class=\"qtranxs-available-language-link qtranxs-available-language-link-de\" title=\"Deutsch\">Deutsch<\/a>.<\/p><p>Die Fragestellung dieser Arbeit handelt von philosophischer, sowie praktischer Art und Weise. Wie kann das Konzept der Mass Customization ein Unikat, also ein wirklich individuelles Produkt, herstellen?<br \/>\nSoziale, sowie technologische Randbedingungen, werden in das Rahmenkonstrukt einbezogen, um Mass Customization mit Hilfe von realen architektonischen Projekten und einer Fallstudie zu beschreiben. Dies bedarf im Vornhinein nat\u00fcrlich vieler Definitionen, wie beispielsweise der Definition vom Unikat, der zeitlichen Abgrenzung von Mass Customization, gegen\u00fcbergestellt zur Massenproduktion, auf welche in den anf\u00e4nglichen Kapiteln ausf\u00fchrlich eingegangen wird. Sind diese Definitionen einmal gekl\u00e4rt, k\u00f6nnen Aussagen \u00fcber die Fragestellung manifestiert werden.  Als ausgebildeter Architekt und leidenschaftlicher K\u00fcnstler, ist es mir ein Anliegen, sowie reges pers\u00f6nliches Interesse, Verkn\u00fcpfungen dieser Disziplinen blo\u00dfzustellen und diese nachtr\u00e4glich aus Fragmenten, die Variable der Mass Customization einbezogen, wieder zusammenzuf\u00fcgen und zu analysieren.<\/p>","protected":false},"excerpt":{"rendered":"<p class=\"qtranxs-available-languages-message qtranxs-available-languages-message-en\">Sorry, this entry is only available in <a href=\"https:\/\/tugraztestweb.asol.at\/de\/wp-json\/wp\/v2\/product\/30429\" class=\"qtranxs-available-language-link qtranxs-available-language-link-de\" title=\"Deutsch\">Deutsch<\/a>.<\/p>\n<p>Die Fragestellung dieser Arbeit handelt von philosophischer, sowie praktischer Art und Weise. Wie kann das Konzept der Mass Customization ein Unikat, also ein wirklich individuelles Produkt, herstellen?<br \/>\nSoziale, sowie technologische Randbedingungen, werden in das Rahmenkonstrukt einbezogen, um Mass Customization mit Hilfe von realen architektonischen Projekten und einer Fallstudie zu beschreiben. Dies bedarf im Vornhinein nat\u00fcrlich vieler Definitionen, wie beispielsweise der Definition vom Unikat, der zeitlichen Abgrenzung von Mass Customization, gegen\u00fcbergestellt zur Massenproduktion, auf welche in den anf\u00e4nglichen Kapiteln ausf\u00fchrlich eingegangen wird. Sind diese Definitionen einmal gekl\u00e4rt, k\u00f6nnen Aussagen \u00fcber die Fragestellung manifestiert werden.  Als ausgebildeter Architekt und leidenschaftlicher K\u00fcnstler, ist es mir ein Anliegen, sowie reges pers\u00f6nliches Interesse, Verkn\u00fcpfungen dieser Disziplinen blo\u00dfzustellen und diese nachtr\u00e4glich aus Fragmenten, die Variable der Mass Customization einbezogen, wieder zusammenzuf\u00fcgen und zu analysieren.<\/p>\n","protected":false},"featured_media":39926,"comment_status":"open","ping_status":"closed","template":"","meta":[],"yoast_head":"<!-- This site is optimized with the Yoast SEO plugin v16.1.1 - https:\/\/yoast.com\/wordpress\/plugins\/seo\/ -->\n<link rel=\"canonical\" href=\"https:\/\/tugraztestweb.asol.at\/en\/gesamtverzeichnis\/architektur\/mass-customization-basierend-auf-wirtschaftlichen-modellen-und-die-parallelitaet-zur-kunst-als-unikum\/\" \/>\n<meta property=\"og:locale\" content=\"en_US\" \/>\n<meta property=\"og:type\" content=\"article\" \/>\n<meta property=\"og:title\" content=\"Mass Customization basierend auf wirtschaftlichen Modellen und die Parallelit\u00e4t zur Kunst als Unikum - Verlag der TU Graz\" \/>\n<meta property=\"og:description\" content=\"Die Fragestellung dieser Arbeit handelt von philosophischer, sowie praktischer Art und Weise. Wie kann das Konzept der Mass Customization ein Unikat, also ein wirklich individuelles Produkt, herstellen? Soziale, sowie technologische Randbedingungen, werden in das Rahmenkonstrukt einbezogen, um Mass Customization mit Hilfe von realen architektonischen Projekten und einer Fallstudie zu beschreiben. Dies bedarf im Vornhinein nat\u00fcrlich vieler Definitionen, wie beispielsweise der Definition vom Unikat, der zeitlichen Abgrenzung von Mass Customization, gegen\u00fcbergestellt zur Massenproduktion, auf welche in den anf\u00e4nglichen Kapiteln ausf\u00fchrlich eingegangen wird. Sind diese Definitionen einmal gekl\u00e4rt, k\u00f6nnen Aussagen \u00fcber die Fragestellung manifestiert werden. Als ausgebildeter Architekt und leidenschaftlicher K\u00fcnstler, ist es mir ein Anliegen, sowie reges pers\u00f6nliches Interesse, Verkn\u00fcpfungen dieser Disziplinen blo\u00dfzustellen und diese nachtr\u00e4glich aus Fragmenten, die Variable der Mass Customization einbezogen, wieder zusammenzuf\u00fcgen und zu analysieren.\" \/>\n<meta property=\"og:url\" content=\"https:\/\/tugraztestweb.asol.at\/en\/gesamtverzeichnis\/architektur\/mass-customization-basierend-auf-wirtschaftlichen-modellen-und-die-parallelitaet-zur-kunst-als-unikum\/\" \/>\n<meta property=\"og:site_name\" content=\"Verlag der TU Graz\" \/>\n<meta property=\"article:modified_time\" content=\"2020-08-21T12:55:45+00:00\" \/>\n<meta property=\"og:image\" content=\"https:\/\/tugraztestweb.asol.at\/wp-content\/uploads\/2020\/08\/image-978-3-85125-362-7.jpg\" \/>\n\t<meta property=\"og:image:width\" content=\"440\" \/>\n\t<meta property=\"og:image:height\" content=\"609\" \/>\n<meta name=\"twitter:card\" content=\"summary_large_image\" \/>\n<meta name=\"twitter:label1\" content=\"Est. reading time\">\n\t<meta name=\"twitter:data1\" content=\"1 minute\">\n<script type=\"application\/ld+json\" class=\"yoast-schema-graph\">{\"@context\":\"https:\/\/schema.org\",\"@graph\":[{\"@type\":\"WebSite\",\"@id\":\"https:\/\/tugraztestweb.asol.at\/#website\",\"url\":\"https:\/\/tugraztestweb.asol.at\/\",\"name\":\"Verlag der TU Graz\",\"description\":\"Verlag der Technischen Universit\\u00e4t Graz\",\"potentialAction\":[{\"@type\":\"SearchAction\",\"target\":\"https:\/\/tugraztestweb.asol.at\/?s={search_term_string}\",\"query-input\":\"required name=search_term_string\"}],\"inLanguage\":\"en-US\"},{\"@type\":\"ImageObject\",\"@id\":\"https:\/\/tugraztestweb.asol.at\/en\/gesamtverzeichnis\/architektur\/mass-customization-basierend-auf-wirtschaftlichen-modellen-und-die-parallelitaet-zur-kunst-als-unikum\/#primaryimage\",\"inLanguage\":\"en-US\",\"url\":\"https:\/\/tugraztestweb.asol.at\/wp-content\/uploads\/2020\/08\/image-978-3-85125-362-7.jpg\",\"contentUrl\":\"https:\/\/tugraztestweb.asol.at\/wp-content\/uploads\/2020\/08\/image-978-3-85125-362-7.jpg\",\"width\":440,\"height\":609},{\"@type\":\"WebPage\",\"@id\":\"https:\/\/tugraztestweb.asol.at\/en\/gesamtverzeichnis\/architektur\/mass-customization-basierend-auf-wirtschaftlichen-modellen-und-die-parallelitaet-zur-kunst-als-unikum\/#webpage\",\"url\":\"https:\/\/tugraztestweb.asol.at\/en\/gesamtverzeichnis\/architektur\/mass-customization-basierend-auf-wirtschaftlichen-modellen-und-die-parallelitaet-zur-kunst-als-unikum\/\",\"name\":\"Mass Customization basierend auf wirtschaftlichen Modellen und die Parallelit\\u00e4t zur Kunst als Unikum - Verlag der TU Graz\",\"isPartOf\":{\"@id\":\"https:\/\/tugraztestweb.asol.at\/#website\"},\"primaryImageOfPage\":{\"@id\":\"https:\/\/tugraztestweb.asol.at\/en\/gesamtverzeichnis\/architektur\/mass-customization-basierend-auf-wirtschaftlichen-modellen-und-die-parallelitaet-zur-kunst-als-unikum\/#primaryimage\"},\"datePublished\":\"2020-08-21T12:54:45+00:00\",\"dateModified\":\"2020-08-21T12:55:45+00:00\",\"breadcrumb\":{\"@id\":\"https:\/\/tugraztestweb.asol.at\/en\/gesamtverzeichnis\/architektur\/mass-customization-basierend-auf-wirtschaftlichen-modellen-und-die-parallelitaet-zur-kunst-als-unikum\/#breadcrumb\"},\"inLanguage\":\"en-US\",\"potentialAction\":[{\"@type\":\"ReadAction\",\"target\":[\"https:\/\/tugraztestweb.asol.at\/en\/gesamtverzeichnis\/architektur\/mass-customization-basierend-auf-wirtschaftlichen-modellen-und-die-parallelitaet-zur-kunst-als-unikum\/\"]}]},{\"@type\":\"BreadcrumbList\",\"@id\":\"https:\/\/tugraztestweb.asol.at\/en\/gesamtverzeichnis\/architektur\/mass-customization-basierend-auf-wirtschaftlichen-modellen-und-die-parallelitaet-zur-kunst-als-unikum\/#breadcrumb\",\"itemListElement\":[{\"@type\":\"ListItem\",\"position\":1,\"item\":{\"@type\":\"WebPage\",\"@id\":\"https:\/\/tugraztestweb.asol.at\/\",\"url\":\"https:\/\/tugraztestweb.asol.at\/\",\"name\":\"Home\"}},{\"@type\":\"ListItem\",\"position\":2,\"item\":{\"@type\":\"WebPage\",\"@id\":\"https:\/\/tugraztestweb.asol.at\/gesamtverzeichnis\/\",\"url\":\"https:\/\/tugraztestweb.asol.at\/gesamtverzeichnis\/\",\"name\":\"Gesamtverzeichnis\"}},{\"@type\":\"ListItem\",\"position\":3,\"item\":{\"@type\":\"WebPage\",\"@id\":\"https:\/\/tugraztestweb.asol.at\/en\/gesamtverzeichnis\/architektur\/mass-customization-basierend-auf-wirtschaftlichen-modellen-und-die-parallelitaet-zur-kunst-als-unikum\/\",\"url\":\"https:\/\/tugraztestweb.asol.at\/en\/gesamtverzeichnis\/architektur\/mass-customization-basierend-auf-wirtschaftlichen-modellen-und-die-parallelitaet-zur-kunst-als-unikum\/\",\"name\":\"Mass Customization basierend auf wirtschaftlichen Modellen und die Parallelit\\u00e4t zur Kunst als Unikum\"}}]}]}<\/script>\n<!-- \/ Yoast SEO plugin. -->","_links":{"self":[{"href":"https:\/\/tugraztestweb.asol.at\/en\/wp-json\/wp\/v2\/product\/30429"}],"collection":[{"href":"https:\/\/tugraztestweb.asol.at\/en\/wp-json\/wp\/v2\/product"}],"about":[{"href":"https:\/\/tugraztestweb.asol.at\/en\/wp-json\/wp\/v2\/types\/product"}],"replies":[{"embeddable":true,"href":"https:\/\/tugraztestweb.asol.at\/en\/wp-json\/wp\/v2\/comments?post=30429"}],"wp:featuredmedia":[{"embeddable":true,"href":"https:\/\/tugraztestweb.asol.at\/en\/wp-json\/wp\/v2\/media\/39926"}],"wp:attachment":[{"href":"https:\/\/tugraztestweb.asol.at\/en\/wp-json\/wp\/v2\/media?parent=30429"}],"curies":[{"name":"wp","href":"https:\/\/api.w.org\/{rel}","templated":true}]}}